{"id":212323,"date":"2023-07-26T12:07:23","date_gmt":"2023-07-26T12:22:33","guid":{"rendered":"https:\/\/amaruantiques.com\/?post_type=product&#038;p=212323"},"modified":"2025-06-26T15:46:33","modified_gmt":"2025-06-26T15:46:33","slug":"ancien-frigo-ancienne-refrigerateur-pin-massif-france-c-1920","status":"publish","type":"product","link":"https:\/\/amaruoptim.stg.uzero.cat\/fr\/meubles-anciens\/commodes-anciennes\/ancien-frigo-ancienne-refrigerateur-pin-massif-france-c-1920\/","title":{"rendered":"R\u00e9frig\u00e9rateur ancienne en bois massif (France, vers 1920)"},"content":{"rendered":"<p><strong>R\u00e9frig\u00e9rateur ancienne<\/strong> en pin massif (France, vers 1920)<\/p>\n<ul>\n<li><strong>\u00c2ge approximatif:<\/strong> 100 ans<\/li>\n<li><strong>Mat\u00e9riau:<\/strong> zinc galvanis\u00e9 et bois de pin<\/li>\n<li><strong>Origine:<\/strong> France<\/li>\n<\/ul>\n<p>Notre <em>r\u00e9frig\u00e9rateur ancienne<\/em> est une pi\u00e8ce unique qui se distingue par:<\/p>\n<ol>\n<li>Ses dimensions sont parfaites pour continuer \u00e0 l&#8217;utiliser comme r\u00e9frig\u00e9rateur d&#8217;appoint sous un porche.<\/li>\n<li>Sa patine blanche s&#8217;est form\u00e9e au fil des ans.<\/li>\n<li>Il peut \u00e9galement \u00eatre utilis\u00e9 comme table d&#8217;appoint d\u00e9corative dans n&#8217;importe quelle pi\u00e8ce de la maison, ou comme tabouret.<\/li>\n<\/ol>\n<p>Il est en excellent \u00e9tat de conservation, \u00e0 l&#8217;exception des imperfections caract\u00e9ristiques de toute antiquit\u00e9, dues au passage du temps.<\/p>\n<p>Elle peut \u00eatre combin\u00e9e avec l&#8217;une de nos <a href=\"https:\/\/amaruantiques.com\/fr\/categoria-producto\/meubles-de-jardin-anciens\/\">tables d&#8217;ext\u00e9rieur<\/a>.<\/p>\n<p><em>PI\u00c8CE UNIQUE<\/em><\/p>\n","protected":false},"excerpt":{"rendered":"<p><strong>R\u00e9frig\u00e9rateur ancienne<\/strong> en bois massif (France, vers 1920).<\/p>\n<p><strong>Dimensions: <\/strong>52 x 38 x 60 cm (Largeur x Profondeur x Hauteur)<\/p>\n<p><em>PI\u00c8CE UNIQUE<\/em><\/p>\n","protected":false},"featured_media":227815,"template":"","meta":[],"product_brand":[],"product_cat":[610],"product_tag":[],"class_list":{"0":"post-212323","1":"product","2":"type-product","3":"status-publish","4":"has-post-thumbnail","6":"product_cat-commodes-anciennes","7":"product_shipping_class-extra-large-250-fr","8":"pa_estilo-style-rustique","10":"first","11":"instock","12":"taxable","13":"shipping-taxable","14":"purchasable","15":"product-type-simple"},"yoast_head":"<!-- This site is optimized with the Yoast SEO plugin v26.0 - https:\/\/yoast.com\/wordpress\/plugins\/seo\/ -->\n<title>Ancien frigo | R\u00e9frig\u00e9rateur vintage | ANTIQUES AMARU<\/title>\n<meta name=\"description\" content=\"R\u00e9frig\u00e9rateur ancienne en pin massif blanc (France, vers 1920). D\u00e9couvrez d&#039;autres buffets anciens sur notre site web...\" \/>\n<meta name=\"robots\" content=\"index, follow, max-snippet:-1, max-image-preview:large, max-video-preview:-1\" \/>\n<link rel=\"canonical\" href=\"https:\/\/amaruoptim.stg.uzero.cat\/fr\/meubles-anciens\/commodes-anciennes\/ancien-frigo-ancienne-refrigerateur-pin-massif-france-c-1920\/\" \/>\n<meta property=\"og:locale\" content=\"fr_FR\" \/>\n<meta property=\"og:type\" content=\"article\" \/>\n<meta property=\"og:title\" content=\"Ancien frigo | R\u00e9frig\u00e9rateur vintage | ANTIQUES AMARU\" \/>\n<meta property=\"og:description\" content=\"R\u00e9frig\u00e9rateur ancienne en pin massif blanc (France, vers 1920). D\u00e9couvrez d&#039;autres buffets anciens sur notre site web...\" \/>\n<meta property=\"og:url\" content=\"https:\/\/amaruoptim.stg.uzero.cat\/fr\/meubles-anciens\/commodes-anciennes\/ancien-frigo-ancienne-refrigerateur-pin-massif-france-c-1920\/\" \/>\n<meta property=\"og:site_name\" content=\"AMARU\" \/>\n<meta property=\"article:modified_time\" content=\"2025-06-26T15:46:33+00:00\" \/>\n<meta property=\"og:image\" content=\"https:\/\/amaruantiques.com\/wp-content\/uploads\/2025\/06\/AM06087-12-2.jpg\" \/>\n\t<meta property=\"og:image:width\" content=\"924\" \/>\n\t<meta property=\"og:image:height\" content=\"924\" \/>\n\t<meta property=\"og:image:type\" content=\"image\/jpeg\" \/>\n<meta name=\"twitter:card\" content=\"summary_large_image\" \/>\n<meta name=\"twitter:label1\" content=\"Dur\u00e9e de lecture estim\u00e9e\" \/>\n\t<meta name=\"twitter:data1\" content=\"1 minute\" \/>\n<!-- \/ Yoast SEO plugin. -->","yoast_head_json":{"title":"Ancien frigo | R\u00e9frig\u00e9rateur vintage | ANTIQUES AMARU","description":"R\u00e9frig\u00e9rateur ancienne en pin massif blanc (France, vers 1920). D\u00e9couvrez d'autres buffets anciens sur notre site web...","robots":{"index":"index","follow":"follow","max-snippet":"max-snippet:-1","max-image-preview":"max-image-preview:large","max-video-preview":"max-video-preview:-1"},"canonical":"https:\/\/amaruoptim.stg.uzero.cat\/fr\/meubles-anciens\/commodes-anciennes\/ancien-frigo-ancienne-refrigerateur-pin-massif-france-c-1920\/","og_locale":"fr_FR","og_type":"article","og_title":"Ancien frigo | R\u00e9frig\u00e9rateur vintage | ANTIQUES AMARU","og_description":"R\u00e9frig\u00e9rateur ancienne en pin massif blanc (France, vers 1920). D\u00e9couvrez d'autres buffets anciens sur notre site web...","og_url":"https:\/\/amaruoptim.stg.uzero.cat\/fr\/meubles-anciens\/commodes-anciennes\/ancien-frigo-ancienne-refrigerateur-pin-massif-france-c-1920\/","og_site_name":"AMARU","article_modified_time":"2025-06-26T15:46:33+00:00","og_image":[{"width":924,"height":924,"url":"https:\/\/amaruantiques.com\/wp-content\/uploads\/2025\/06\/AM06087-12-2.jpg","type":"image\/jpeg"}],"twitter_card":"summary_large_image","twitter_misc":{"Dur\u00e9e de lecture estim\u00e9e":"1 minute"},"schema":{"@context":"https:\/\/schema.org","@graph":[{"@type":"WebPage","@id":"https:\/\/amaruoptim.stg.uzero.cat\/fr\/meubles-anciens\/commodes-anciennes\/ancien-frigo-ancienne-refrigerateur-pin-massif-france-c-1920\/","url":"https:\/\/amaruoptim.stg.uzero.cat\/fr\/meubles-anciens\/commodes-anciennes\/ancien-frigo-ancienne-refrigerateur-pin-massif-france-c-1920\/","name":"Ancien frigo | R\u00e9frig\u00e9rateur vintage | ANTIQUES AMARU","isPartOf":{"@id":"https:\/\/amaruantiques.com\/#website"},"primaryImageOfPage":{"@id":"https:\/\/amaruoptim.stg.uzero.cat\/fr\/meubles-anciens\/commodes-anciennes\/ancien-frigo-ancienne-refrigerateur-pin-massif-france-c-1920\/#primaryimage"},"image":{"@id":"https:\/\/amaruoptim.stg.uzero.cat\/fr\/meubles-anciens\/commodes-anciennes\/ancien-frigo-ancienne-refrigerateur-pin-massif-france-c-1920\/#primaryimage"},"thumbnailUrl":"https:\/\/amaruoptim.stg.uzero.cat\/wp-content\/uploads\/2025\/06\/AM06087-12-2.jpg","datePublished":"2023-07-26T12:22:33+00:00","dateModified":"2025-06-26T15:46:33+00:00","description":"R\u00e9frig\u00e9rateur ancienne en pin massif blanc (France, vers 1920). D\u00e9couvrez d'autres buffets anciens sur notre site web...","breadcrumb":{"@id":"https:\/\/amaruoptim.stg.uzero.cat\/fr\/meubles-anciens\/commodes-anciennes\/ancien-frigo-ancienne-refrigerateur-pin-massif-france-c-1920\/#breadcrumb"},"inLanguage":"fr-FR","potentialAction":[{"@type":"ReadAction","target":["https:\/\/amaruoptim.stg.uzero.cat\/fr\/meubles-anciens\/commodes-anciennes\/ancien-frigo-ancienne-refrigerateur-pin-massif-france-c-1920\/"]}]},{"@type":"ImageObject","inLanguage":"fr-FR","@id":"https:\/\/amaruoptim.stg.uzero.cat\/fr\/meubles-anciens\/commodes-anciennes\/ancien-frigo-ancienne-refrigerateur-pin-massif-france-c-1920\/#primaryimage","url":"https:\/\/amaruoptim.stg.uzero.cat\/wp-content\/uploads\/2025\/06\/AM06087-12-2.jpg","contentUrl":"https:\/\/amaruoptim.stg.uzero.cat\/wp-content\/uploads\/2025\/06\/AM06087-12-2.jpg","width":924,"height":924},{"@type":"BreadcrumbList","@id":"https:\/\/amaruoptim.stg.uzero.cat\/fr\/meubles-anciens\/commodes-anciennes\/ancien-frigo-ancienne-refrigerateur-pin-massif-france-c-1920\/#breadcrumb","itemListElement":[{"@type":"ListItem","position":1,"name":"Accueil","item":"https:\/\/amaruantiques.com\/fr\/"},{"@type":"ListItem","position":2,"name":"Boutique","item":"https:\/\/amaruantiques.com\/fr\/boutique\/"},{"@type":"ListItem","position":3,"name":"R\u00e9frig\u00e9rateur ancienne en bois massif (France, vers 1920)"}]},{"@type":"WebSite","@id":"https:\/\/amaruantiques.com\/#website","url":"https:\/\/amaruantiques.com\/","name":"AMARU - Timeless Antiques","description":"Timeless antiques","publisher":{"@id":"https:\/\/amaruantiques.com\/#organization"},"potentialAction":[{"@type":"SearchAction","target":{"@type":"EntryPoint","urlTemplate":"https:\/\/amaruantiques.com\/?s={search_term_string}"},"query-input":{"@type":"PropertyValueSpecification","valueRequired":true,"valueName":"search_term_string"}}],"inLanguage":"fr-FR"},{"@type":"Organization","@id":"https:\/\/amaruantiques.com\/#organization","name":"AMARU","url":"https:\/\/amaruantiques.com\/","logo":{"@type":"ImageObject","inLanguage":"fr-FR","@id":"https:\/\/amaruantiques.com\/#\/schema\/logo\/image\/","url":"https:\/\/amaruoptim.stg.uzero.cat\/wp-content\/uploads\/2025\/04\/logo-AMARU.svg","contentUrl":"https:\/\/amaruoptim.stg.uzero.cat\/wp-content\/uploads\/2025\/04\/logo-AMARU.svg","caption":"AMARU"},"image":{"@id":"https:\/\/amaruantiques.com\/#\/schema\/logo\/image\/"}}]}},"_links":{"self":[{"href":"https:\/\/amaruoptim.stg.uzero.cat\/fr\/wp-json\/wp\/v2\/product\/212323","targetHints":{"allow":["GET"]}}],"collection":[{"href":"https:\/\/amaruoptim.stg.uzero.cat\/fr\/wp-json\/wp\/v2\/product"}],"about":[{"href":"https:\/\/amaruoptim.stg.uzero.cat\/fr\/wp-json\/wp\/v2\/types\/product"}],"wp:featuredmedia":[{"embeddable":true,"href":"https:\/\/amaruoptim.stg.uzero.cat\/fr\/wp-json\/wp\/v2\/media\/227815"}],"wp:attachment":[{"href":"https:\/\/amaruoptim.stg.uzero.cat\/fr\/wp-json\/wp\/v2\/media?parent=212323"}],"wp:term":[{"taxonomy":"product_brand","embeddable":true,"href":"https:\/\/amaruoptim.stg.uzero.cat\/fr\/wp-json\/wp\/v2\/product_brand?post=212323"},{"taxonomy":"product_cat","embeddable":true,"href":"https:\/\/amaruoptim.stg.uzero.cat\/fr\/wp-json\/wp\/v2\/product_cat?post=212323"},{"taxonomy":"product_tag","embeddable":true,"href":"https:\/\/amaruoptim.stg.uzero.cat\/fr\/wp-json\/wp\/v2\/product_tag?post=212323"}],"curies":[{"name":"wp","href":"https:\/\/api.w.org\/{rel}","templated":true}]}}