{"id":212252,"date":"2023-07-18T13:24:26","date_gmt":"2023-07-18T13:24:26","guid":{"rendered":"https:\/\/amaruantiques.com\/?post_type=product&#038;p=212252"},"modified":"2025-06-26T15:46:00","modified_gmt":"2025-06-26T15:46:00","slug":"cheval-a-bascule-ancien-france-vers-1920-am06023","status":"publish","type":"product","link":"https:\/\/amaruoptim.stg.uzero.cat\/fr\/meubles-anciens\/autres-objets-et-artefacts-anciens\/cheval-a-bascule-ancien-france-vers-1920-am06023\/","title":{"rendered":"Cheval \u00e0 bascule ancien (France, vers 1920)"},"content":{"rendered":"<p><strong>Cheval \u00e0 bascule ancien<\/strong> en papier cartonn\u00e9 (France, vers 1930)<\/p>\n<ul>\n<li><strong>\u00c2ge approximatif:<\/strong> 100 ans<\/li>\n<li><strong>Mat\u00e9riau :<\/strong> papier, carton et bois de pin<\/li>\n<li><strong>Origine :<\/strong> France<\/li>\n<\/ul>\n<p>Notre <em>cheval \u00e0 bascule ancien<\/em> est une pi\u00e8ce unique qui se distingue par:<\/p>\n<ol>\n<li>L&#8217;expression faciale du cheval, \u00e0 la fois affectueuse et dr\u00f4le.<\/li>\n<li>Il s&#8217;agit d&#8217;une construction artisanale r\u00e9alis\u00e9e pi\u00e8ce par pi\u00e8ce.<\/li>\n<li>La combinaison des couleurs est lumineuse et gaie.<\/li>\n<li>Il peut \u00eatre utilis\u00e9 comme objet d\u00e9coratif dans n&#8217;importe quelle pi\u00e8ce de votre maison.<\/li>\n<\/ol>\n<p>Il est en excellent \u00e9tat de conservation, \u00e0 l&#8217;exception des imperfections caract\u00e9ristiques de toute antiquit\u00e9, dues au passage du temps.<\/p>\n<p>Il est \u00e9galement parfait comme \u00e9l\u00e9ment d\u00e9coratif dans les entr\u00e9es et les couloirs, associ\u00e9 \u00e0 l&#8217;une de nos <a href=\"https:\/\/amaruantiques.com\/fr\/meubles-anciens\/chaises-anciennes\/chaise-vintage-en-bois-vers-1950-1\/\">chaises vintage color\u00e9es<\/a>.<br \/>\n<em>PI\u00c8CE UNIQUE<\/em><\/p>\n","protected":false},"excerpt":{"rendered":"<p><strong>Dimensions : <\/strong>99 x 33 x 68 cm (L x P x H)<\/p>\n<p><em>PI\u00c8CE UNIQUE<\/em><\/p>\n","protected":false},"featured_media":226966,"template":"","meta":[],"product_brand":[],"product_cat":[638],"product_tag":[],"class_list":{"0":"post-212252","1":"product","2":"type-product","3":"status-publish","4":"has-post-thumbnail","6":"product_cat-autres-objets-et-artefacts-anciens","7":"product_shipping_class-extra-large-250-fr","8":"pa_estilo-style-rustique","10":"first","11":"instock","12":"sale","13":"taxable","14":"shipping-taxable","15":"purchasable","16":"product-type-simple"},"yoast_head":"<!-- This site is optimized with the Yoast SEO plugin v26.0 - https:\/\/yoast.com\/wordpress\/plugins\/seo\/ -->\n<title>Cheval \u00e0 bascule ancien | Cheval \u00e0 bascule | AMARU<\/title>\n<meta name=\"description\" content=\"Cheval \u00e0 bascule ancien en papier cartonn\u00e9 (France, vers 1930). Retrouvez d&#039;autres objets anciens, tables et pi\u00e8ces uniques sur notre site.\" \/>\n<meta name=\"robots\" content=\"index, follow, max-snippet:-1, max-image-preview:large, max-video-preview:-1\" \/>\n<link rel=\"canonical\" href=\"https:\/\/amaruoptim.stg.uzero.cat\/fr\/meubles-anciens\/autres-objets-et-artefacts-anciens\/cheval-a-bascule-ancien-france-vers-1920-am06023\/\" \/>\n<meta property=\"og:locale\" content=\"fr_FR\" \/>\n<meta property=\"og:type\" content=\"article\" \/>\n<meta property=\"og:title\" content=\"Cheval \u00e0 bascule ancien | Cheval \u00e0 bascule | AMARU\" \/>\n<meta property=\"og:description\" content=\"Cheval \u00e0 bascule ancien en papier cartonn\u00e9 (France, vers 1930). Retrouvez d&#039;autres objets anciens, tables et pi\u00e8ces uniques sur notre site.\" \/>\n<meta property=\"og:url\" content=\"https:\/\/amaruoptim.stg.uzero.cat\/fr\/meubles-anciens\/autres-objets-et-artefacts-anciens\/cheval-a-bascule-ancien-france-vers-1920-am06023\/\" \/>\n<meta property=\"og:site_name\" content=\"AMARU\" \/>\n<meta property=\"article:modified_time\" content=\"2025-06-26T15:46:00+00:00\" \/>\n<meta property=\"og:image\" content=\"https:\/\/amaruantiques.com\/wp-content\/uploads\/2025\/06\/AM06023-D-1-4.jpg\" \/>\n\t<meta property=\"og:image:width\" content=\"1600\" \/>\n\t<meta property=\"og:image:height\" content=\"1600\" \/>\n\t<meta property=\"og:image:type\" content=\"image\/jpeg\" \/>\n<meta name=\"twitter:card\" content=\"summary_large_image\" \/>\n<meta name=\"twitter:label1\" content=\"Dur\u00e9e de lecture estim\u00e9e\" \/>\n\t<meta name=\"twitter:data1\" content=\"1 minute\" \/>\n<!-- \/ Yoast SEO plugin. -->","yoast_head_json":{"title":"Cheval \u00e0 bascule ancien | Cheval \u00e0 bascule | AMARU","description":"Cheval \u00e0 bascule ancien en papier cartonn\u00e9 (France, vers 1930). Retrouvez d'autres objets anciens, tables et pi\u00e8ces uniques sur notre site.","robots":{"index":"index","follow":"follow","max-snippet":"max-snippet:-1","max-image-preview":"max-image-preview:large","max-video-preview":"max-video-preview:-1"},"canonical":"https:\/\/amaruoptim.stg.uzero.cat\/fr\/meubles-anciens\/autres-objets-et-artefacts-anciens\/cheval-a-bascule-ancien-france-vers-1920-am06023\/","og_locale":"fr_FR","og_type":"article","og_title":"Cheval \u00e0 bascule ancien | Cheval \u00e0 bascule | AMARU","og_description":"Cheval \u00e0 bascule ancien en papier cartonn\u00e9 (France, vers 1930). Retrouvez d'autres objets anciens, tables et pi\u00e8ces uniques sur notre site.","og_url":"https:\/\/amaruoptim.stg.uzero.cat\/fr\/meubles-anciens\/autres-objets-et-artefacts-anciens\/cheval-a-bascule-ancien-france-vers-1920-am06023\/","og_site_name":"AMARU","article_modified_time":"2025-06-26T15:46:00+00:00","og_image":[{"width":1600,"height":1600,"url":"https:\/\/amaruantiques.com\/wp-content\/uploads\/2025\/06\/AM06023-D-1-4.jpg","type":"image\/jpeg"}],"twitter_card":"summary_large_image","twitter_misc":{"Dur\u00e9e de lecture estim\u00e9e":"1 minute"},"schema":{"@context":"https:\/\/schema.org","@graph":[{"@type":"WebPage","@id":"https:\/\/amaruoptim.stg.uzero.cat\/fr\/meubles-anciens\/autres-objets-et-artefacts-anciens\/cheval-a-bascule-ancien-france-vers-1920-am06023\/","url":"https:\/\/amaruoptim.stg.uzero.cat\/fr\/meubles-anciens\/autres-objets-et-artefacts-anciens\/cheval-a-bascule-ancien-france-vers-1920-am06023\/","name":"Cheval \u00e0 bascule ancien | Cheval \u00e0 bascule | AMARU","isPartOf":{"@id":"https:\/\/amaruantiques.com\/#website"},"primaryImageOfPage":{"@id":"https:\/\/amaruoptim.stg.uzero.cat\/fr\/meubles-anciens\/autres-objets-et-artefacts-anciens\/cheval-a-bascule-ancien-france-vers-1920-am06023\/#primaryimage"},"image":{"@id":"https:\/\/amaruoptim.stg.uzero.cat\/fr\/meubles-anciens\/autres-objets-et-artefacts-anciens\/cheval-a-bascule-ancien-france-vers-1920-am06023\/#primaryimage"},"thumbnailUrl":"https:\/\/amaruoptim.stg.uzero.cat\/wp-content\/uploads\/2025\/06\/AM06023-D-1-4.jpg","datePublished":"2023-07-18T13:24:26+00:00","dateModified":"2025-06-26T15:46:00+00:00","description":"Cheval \u00e0 bascule ancien en papier cartonn\u00e9 (France, vers 1930). Retrouvez d'autres objets anciens, tables et pi\u00e8ces uniques sur notre site.","breadcrumb":{"@id":"https:\/\/amaruoptim.stg.uzero.cat\/fr\/meubles-anciens\/autres-objets-et-artefacts-anciens\/cheval-a-bascule-ancien-france-vers-1920-am06023\/#breadcrumb"},"inLanguage":"fr-FR","potentialAction":[{"@type":"ReadAction","target":["https:\/\/amaruoptim.stg.uzero.cat\/fr\/meubles-anciens\/autres-objets-et-artefacts-anciens\/cheval-a-bascule-ancien-france-vers-1920-am06023\/"]}]},{"@type":"ImageObject","inLanguage":"fr-FR","@id":"https:\/\/amaruoptim.stg.uzero.cat\/fr\/meubles-anciens\/autres-objets-et-artefacts-anciens\/cheval-a-bascule-ancien-france-vers-1920-am06023\/#primaryimage","url":"https:\/\/amaruoptim.stg.uzero.cat\/wp-content\/uploads\/2025\/06\/AM06023-D-1-4.jpg","contentUrl":"https:\/\/amaruoptim.stg.uzero.cat\/wp-content\/uploads\/2025\/06\/AM06023-D-1-4.jpg","width":1600,"height":1600},{"@type":"BreadcrumbList","@id":"https:\/\/amaruoptim.stg.uzero.cat\/fr\/meubles-anciens\/autres-objets-et-artefacts-anciens\/cheval-a-bascule-ancien-france-vers-1920-am06023\/#breadcrumb","itemListElement":[{"@type":"ListItem","position":1,"name":"Accueil","item":"https:\/\/amaruantiques.com\/fr\/"},{"@type":"ListItem","position":2,"name":"Boutique","item":"https:\/\/amaruantiques.com\/fr\/boutique\/"},{"@type":"ListItem","position":3,"name":"Cheval \u00e0 bascule ancien (France, vers 1920)"}]},{"@type":"WebSite","@id":"https:\/\/amaruantiques.com\/#website","url":"https:\/\/amaruantiques.com\/","name":"AMARU - Timeless Antiques","description":"Timeless antiques","publisher":{"@id":"https:\/\/amaruantiques.com\/#organization"},"potentialAction":[{"@type":"SearchAction","target":{"@type":"EntryPoint","urlTemplate":"https:\/\/amaruantiques.com\/?s={search_term_string}"},"query-input":{"@type":"PropertyValueSpecification","valueRequired":true,"valueName":"search_term_string"}}],"inLanguage":"fr-FR"},{"@type":"Organization","@id":"https:\/\/amaruantiques.com\/#organization","name":"AMARU","url":"https:\/\/amaruantiques.com\/","logo":{"@type":"ImageObject","inLanguage":"fr-FR","@id":"https:\/\/amaruantiques.com\/#\/schema\/logo\/image\/","url":"https:\/\/amaruoptim.stg.uzero.cat\/wp-content\/uploads\/2025\/04\/logo-AMARU.svg","contentUrl":"https:\/\/amaruoptim.stg.uzero.cat\/wp-content\/uploads\/2025\/04\/logo-AMARU.svg","caption":"AMARU"},"image":{"@id":"https:\/\/amaruantiques.com\/#\/schema\/logo\/image\/"}}]}},"_links":{"self":[{"href":"https:\/\/amaruoptim.stg.uzero.cat\/fr\/wp-json\/wp\/v2\/product\/212252","targetHints":{"allow":["GET"]}}],"collection":[{"href":"https:\/\/amaruoptim.stg.uzero.cat\/fr\/wp-json\/wp\/v2\/product"}],"about":[{"href":"https:\/\/amaruoptim.stg.uzero.cat\/fr\/wp-json\/wp\/v2\/types\/product"}],"wp:featuredmedia":[{"embeddable":true,"href":"https:\/\/amaruoptim.stg.uzero.cat\/fr\/wp-json\/wp\/v2\/media\/226966"}],"wp:attachment":[{"href":"https:\/\/amaruoptim.stg.uzero.cat\/fr\/wp-json\/wp\/v2\/media?parent=212252"}],"wp:term":[{"taxonomy":"product_brand","embeddable":true,"href":"https:\/\/amaruoptim.stg.uzero.cat\/fr\/wp-json\/wp\/v2\/product_brand?post=212252"},{"taxonomy":"product_cat","embeddable":true,"href":"https:\/\/amaruoptim.stg.uzero.cat\/fr\/wp-json\/wp\/v2\/product_cat?post=212252"},{"taxonomy":"product_tag","embeddable":true,"href":"https:\/\/amaruoptim.stg.uzero.cat\/fr\/wp-json\/wp\/v2\/product_tag?post=212252"}],"curies":[{"name":"wp","href":"https:\/\/api.w.org\/{rel}","templated":true}]}}