{"id":212241,"date":"2023-07-11T15:01:25","date_gmt":"2023-07-18T08:54:59","guid":{"rendered":"https:\/\/amaruantiques.com\/?post_type=product&#038;p=212241"},"modified":"2025-06-26T15:45:58","modified_gmt":"2025-06-26T15:45:58","slug":"table-centre-ronde-avec-bord-metal-et-bois-massif","status":"publish","type":"product","link":"https:\/\/amaruoptim.stg.uzero.cat\/fr\/meubles-anciens\/tables-dappoint-tables-du-salon-et-tables-basses\/table-centre-ronde-avec-bord-metal-et-bois-massif\/","title":{"rendered":"Table basse ronde de bords m\u00e9talliques"},"content":{"rendered":"<p><strong>Table basse ronde <\/strong>de bords m\u00e9talliques en bois massif<\/p>\n<ul>\n<li><strong>Mat\u00e9riau :<\/strong> bois de pin massif et fer<\/li>\n<\/ul>\n<p>Notre <em>table basse ronde<\/em> est une pi\u00e8ce unique fabriqu\u00e9e \u00e0 partir de bois massif ancienne et de pi\u00e8ces m\u00e9talliques de vieilles roues de voitures. Notable pour :<\/p>\n<ol>\n<li>Sa couleur bois naturel int\u00e8gre les espaces avec des mat\u00e9riaux respectueux de la nature.<\/li>\n<li>Sa forme ronde est agr\u00e9able \u00e0 l&#8217;\u0153il et donne du mouvement aux espaces plus rectilignes qui sont courants dans la plupart de nos espaces quotidiens.<\/li>\n<li>Elle peut \u00eatre utilis\u00e9e comme table basse devant un canap\u00e9 ou comme table d&#8217;appoint d\u00e9corative dans n&#8217;importe quel coin de la maison.<\/li>\n<\/ol>\n<p>Il est en excellent \u00e9tat de conservation, \u00e0 l&#8217;exception des imperfections caract\u00e9ristiques de toute antiquit\u00e9, dues au passage du temps.<\/p>\n<p>Notre table basse ronde est id\u00e9ale comme <a href=\"https:\/\/amaruantiques.com\/fr\/meubles-anciens\/buffets-anciens\/buffet-a-pharmacie-ancien-en-bois-vers-1840\/\">meuble d\u00e9coratif<\/a> dans un coin d&#8217;une grande pi\u00e8ce lumineuse ou comme table basse dans une salle \u00e0 manger pour un usage quotidien. Vous pouvez \u00e9galement le combiner avec l&#8217;un de nos<a href=\"https:\/\/amaruantiques.com\/fr\/categoria-producto\/chaises-anciennes\/\"> chaises vintage<\/a> .<\/p>\n<p><em>PI\u00c8CE UNIQUE<\/em><\/p>\n","protected":false},"excerpt":{"rendered":"<p><strong>Table basse ronde <\/strong>de bords m\u00e9talliques<\/p>\n<p><strong>Dimensions: <\/strong>93 x 93 x 44 cm (L x L x H)<\/p>\n<p><em>PI\u00c8CE UNIQUE<\/em><\/p>\n","protected":false},"featured_media":226825,"template":"","meta":[],"product_brand":[],"product_cat":[622],"product_tag":[],"class_list":{"0":"post-212241","1":"product","2":"type-product","3":"status-publish","4":"has-post-thumbnail","6":"product_cat-tables-dappoint-tables-du-salon-et-tables-basses","7":"product_shipping_class-gran-cargo-625-fr","8":"pa_estilo-style-rustique","10":"first","11":"instock","12":"sold-individually","13":"taxable","14":"shipping-taxable","15":"purchasable","16":"product-type-simple"},"yoast_head":"<!-- This site is optimized with the Yoast SEO plugin v26.0 - https:\/\/yoast.com\/wordpress\/plugins\/seo\/ -->\n<title>Table basse ronde | Table ronde | AMARU<\/title>\n<meta name=\"description\" content=\"Table basse ronde en pin massif. D\u00e9couvrez d&#039;autres meubles anciens et pi\u00e8ces uniques sur notre site internet AMARU ANTIQUES...\" \/>\n<meta name=\"robots\" content=\"index, follow, max-snippet:-1, max-image-preview:large, max-video-preview:-1\" \/>\n<link rel=\"canonical\" href=\"https:\/\/amaruoptim.stg.uzero.cat\/fr\/meubles-anciens\/tables-dappoint-tables-du-salon-et-tables-basses\/table-centre-ronde-avec-bord-metal-et-bois-massif\/\" \/>\n<meta property=\"og:locale\" content=\"fr_FR\" \/>\n<meta property=\"og:type\" content=\"article\" \/>\n<meta property=\"og:title\" content=\"Table basse ronde | Table ronde | AMARU\" \/>\n<meta property=\"og:description\" content=\"Table basse ronde en pin massif. D\u00e9couvrez d&#039;autres meubles anciens et pi\u00e8ces uniques sur notre site internet AMARU ANTIQUES...\" \/>\n<meta property=\"og:url\" content=\"https:\/\/amaruoptim.stg.uzero.cat\/fr\/meubles-anciens\/tables-dappoint-tables-du-salon-et-tables-basses\/table-centre-ronde-avec-bord-metal-et-bois-massif\/\" \/>\n<meta property=\"og:site_name\" content=\"AMARU\" \/>\n<meta property=\"article:modified_time\" content=\"2025-06-26T15:45:58+00:00\" \/>\n<meta property=\"og:image\" content=\"https:\/\/amaruantiques.com\/wp-content\/uploads\/2025\/06\/AM06018-1-D-1-11.jpg\" \/>\n\t<meta property=\"og:image:width\" content=\"1600\" \/>\n\t<meta property=\"og:image:height\" content=\"1600\" \/>\n\t<meta property=\"og:image:type\" content=\"image\/jpeg\" \/>\n<meta name=\"twitter:card\" content=\"summary_large_image\" \/>\n<meta name=\"twitter:label1\" content=\"Dur\u00e9e de lecture estim\u00e9e\" \/>\n\t<meta name=\"twitter:data1\" content=\"1 minute\" \/>\n<!-- \/ Yoast SEO plugin. -->","yoast_head_json":{"title":"Table basse ronde | Table ronde | AMARU","description":"Table basse ronde en pin massif. D\u00e9couvrez d'autres meubles anciens et pi\u00e8ces uniques sur notre site internet AMARU ANTIQUES...","robots":{"index":"index","follow":"follow","max-snippet":"max-snippet:-1","max-image-preview":"max-image-preview:large","max-video-preview":"max-video-preview:-1"},"canonical":"https:\/\/amaruoptim.stg.uzero.cat\/fr\/meubles-anciens\/tables-dappoint-tables-du-salon-et-tables-basses\/table-centre-ronde-avec-bord-metal-et-bois-massif\/","og_locale":"fr_FR","og_type":"article","og_title":"Table basse ronde | Table ronde | AMARU","og_description":"Table basse ronde en pin massif. D\u00e9couvrez d'autres meubles anciens et pi\u00e8ces uniques sur notre site internet AMARU ANTIQUES...","og_url":"https:\/\/amaruoptim.stg.uzero.cat\/fr\/meubles-anciens\/tables-dappoint-tables-du-salon-et-tables-basses\/table-centre-ronde-avec-bord-metal-et-bois-massif\/","og_site_name":"AMARU","article_modified_time":"2025-06-26T15:45:58+00:00","og_image":[{"width":1600,"height":1600,"url":"https:\/\/amaruantiques.com\/wp-content\/uploads\/2025\/06\/AM06018-1-D-1-11.jpg","type":"image\/jpeg"}],"twitter_card":"summary_large_image","twitter_misc":{"Dur\u00e9e de lecture estim\u00e9e":"1 minute"},"schema":{"@context":"https:\/\/schema.org","@graph":[{"@type":"WebPage","@id":"https:\/\/amaruoptim.stg.uzero.cat\/fr\/meubles-anciens\/tables-dappoint-tables-du-salon-et-tables-basses\/table-centre-ronde-avec-bord-metal-et-bois-massif\/","url":"https:\/\/amaruoptim.stg.uzero.cat\/fr\/meubles-anciens\/tables-dappoint-tables-du-salon-et-tables-basses\/table-centre-ronde-avec-bord-metal-et-bois-massif\/","name":"Table basse ronde | Table ronde | AMARU","isPartOf":{"@id":"https:\/\/amaruantiques.com\/#website"},"primaryImageOfPage":{"@id":"https:\/\/amaruoptim.stg.uzero.cat\/fr\/meubles-anciens\/tables-dappoint-tables-du-salon-et-tables-basses\/table-centre-ronde-avec-bord-metal-et-bois-massif\/#primaryimage"},"image":{"@id":"https:\/\/amaruoptim.stg.uzero.cat\/fr\/meubles-anciens\/tables-dappoint-tables-du-salon-et-tables-basses\/table-centre-ronde-avec-bord-metal-et-bois-massif\/#primaryimage"},"thumbnailUrl":"https:\/\/amaruoptim.stg.uzero.cat\/wp-content\/uploads\/2025\/06\/AM06018-1-D-1-11.jpg","datePublished":"2023-07-18T08:54:59+00:00","dateModified":"2025-06-26T15:45:58+00:00","description":"Table basse ronde en pin massif. D\u00e9couvrez d'autres meubles anciens et pi\u00e8ces uniques sur notre site internet AMARU ANTIQUES...","breadcrumb":{"@id":"https:\/\/amaruoptim.stg.uzero.cat\/fr\/meubles-anciens\/tables-dappoint-tables-du-salon-et-tables-basses\/table-centre-ronde-avec-bord-metal-et-bois-massif\/#breadcrumb"},"inLanguage":"fr-FR","potentialAction":[{"@type":"ReadAction","target":["https:\/\/amaruoptim.stg.uzero.cat\/fr\/meubles-anciens\/tables-dappoint-tables-du-salon-et-tables-basses\/table-centre-ronde-avec-bord-metal-et-bois-massif\/"]}]},{"@type":"ImageObject","inLanguage":"fr-FR","@id":"https:\/\/amaruoptim.stg.uzero.cat\/fr\/meubles-anciens\/tables-dappoint-tables-du-salon-et-tables-basses\/table-centre-ronde-avec-bord-metal-et-bois-massif\/#primaryimage","url":"https:\/\/amaruoptim.stg.uzero.cat\/wp-content\/uploads\/2025\/06\/AM06018-1-D-1-11.jpg","contentUrl":"https:\/\/amaruoptim.stg.uzero.cat\/wp-content\/uploads\/2025\/06\/AM06018-1-D-1-11.jpg","width":1600,"height":1600},{"@type":"BreadcrumbList","@id":"https:\/\/amaruoptim.stg.uzero.cat\/fr\/meubles-anciens\/tables-dappoint-tables-du-salon-et-tables-basses\/table-centre-ronde-avec-bord-metal-et-bois-massif\/#breadcrumb","itemListElement":[{"@type":"ListItem","position":1,"name":"Accueil","item":"https:\/\/amaruantiques.com\/fr\/"},{"@type":"ListItem","position":2,"name":"Boutique","item":"https:\/\/amaruantiques.com\/fr\/boutique\/"},{"@type":"ListItem","position":3,"name":"Table basse ronde de bords m\u00e9talliques"}]},{"@type":"WebSite","@id":"https:\/\/amaruantiques.com\/#website","url":"https:\/\/amaruantiques.com\/","name":"AMARU - Timeless Antiques","description":"Timeless antiques","publisher":{"@id":"https:\/\/amaruantiques.com\/#organization"},"potentialAction":[{"@type":"SearchAction","target":{"@type":"EntryPoint","urlTemplate":"https:\/\/amaruantiques.com\/?s={search_term_string}"},"query-input":{"@type":"PropertyValueSpecification","valueRequired":true,"valueName":"search_term_string"}}],"inLanguage":"fr-FR"},{"@type":"Organization","@id":"https:\/\/amaruantiques.com\/#organization","name":"AMARU","url":"https:\/\/amaruantiques.com\/","logo":{"@type":"ImageObject","inLanguage":"fr-FR","@id":"https:\/\/amaruantiques.com\/#\/schema\/logo\/image\/","url":"https:\/\/amaruoptim.stg.uzero.cat\/wp-content\/uploads\/2025\/04\/logo-AMARU.svg","contentUrl":"https:\/\/amaruoptim.stg.uzero.cat\/wp-content\/uploads\/2025\/04\/logo-AMARU.svg","caption":"AMARU"},"image":{"@id":"https:\/\/amaruantiques.com\/#\/schema\/logo\/image\/"}}]}},"_links":{"self":[{"href":"https:\/\/amaruoptim.stg.uzero.cat\/fr\/wp-json\/wp\/v2\/product\/212241","targetHints":{"allow":["GET"]}}],"collection":[{"href":"https:\/\/amaruoptim.stg.uzero.cat\/fr\/wp-json\/wp\/v2\/product"}],"about":[{"href":"https:\/\/amaruoptim.stg.uzero.cat\/fr\/wp-json\/wp\/v2\/types\/product"}],"wp:featuredmedia":[{"embeddable":true,"href":"https:\/\/amaruoptim.stg.uzero.cat\/fr\/wp-json\/wp\/v2\/media\/226825"}],"wp:attachment":[{"href":"https:\/\/amaruoptim.stg.uzero.cat\/fr\/wp-json\/wp\/v2\/media?parent=212241"}],"wp:term":[{"taxonomy":"product_brand","embeddable":true,"href":"https:\/\/amaruoptim.stg.uzero.cat\/fr\/wp-json\/wp\/v2\/product_brand?post=212241"},{"taxonomy":"product_cat","embeddable":true,"href":"https:\/\/amaruoptim.stg.uzero.cat\/fr\/wp-json\/wp\/v2\/product_cat?post=212241"},{"taxonomy":"product_tag","embeddable":true,"href":"https:\/\/amaruoptim.stg.uzero.cat\/fr\/wp-json\/wp\/v2\/product_tag?post=212241"}],"curies":[{"name":"wp","href":"https:\/\/api.w.org\/{rel}","templated":true}]}}