{"id":212230,"date":"2023-07-03T15:21:26","date_gmt":"2023-07-05T11:48:34","guid":{"rendered":"https:\/\/amaruantiques.com\/?post_type=product&#038;p=212230"},"modified":"2025-06-26T15:45:52","modified_gmt":"2025-06-26T15:45:52","slug":"ancien-chaudron-antique-metal-couleur-bleu-c-1950-am05016-1","status":"publish","type":"product","link":"https:\/\/amaruoptim.stg.uzero.cat\/fr\/meubles-anciens\/seaux-metalliques-anciens\/ancien-chaudron-antique-metal-couleur-bleu-c-1950-am05016-1\/","title":{"rendered":"Chaudron ancien en m\u00e9tal bleu (c.1920) #1"},"content":{"rendered":"<p><strong>Ancien chaudron <\/strong>en m\u00e9tal utilis\u00e9 pour la cuisine (vers 1920). #1<\/p>\n<ul>\n<li><strong>\u00c2ge approximatif :<\/strong> 100 ans<\/li>\n<li><strong>Mat\u00e9riau :<\/strong> m\u00e9tal<\/li>\n<\/ul>\n<p>Notre <em>chaudron ancien <\/em>est une pi\u00e8ce unique qui se distingue par:<\/p>\n<ol>\n<li>Sa couleur bleut\u00e9e.<\/li>\n<li>Sa solidit\u00e9 due \u00e0 sa structure m\u00e9tallique.<\/li>\n<li>Il peut \u00eatre utilis\u00e9 comme grand bac \u00e0 plantes dans un jardin, comme pi\u00e8ce d\u00e9corative dans tout espace ext\u00e9rieur ou m\u00eame comme glaci\u00e8re ext\u00e9rieure pour l&#8217;\u00e9t\u00e9.<\/li>\n<\/ol>\n<p>Il est en excellent \u00e9tat de conservation, \u00e0 l&#8217;exception des imperfections caract\u00e9ristiques de toute antiquit\u00e9, dues au passage du temps.<\/p>\n<p>Id\u00e9al comme \u00e9l\u00e9ment d\u00e9coratif sur les patios et les porches combin\u00e9 avec l&#8217;une de nos <a href=\"https:\/\/amaruantiques.com\/fr\/categoria-producto\/tables-anciennes\/\">tables de jardin<\/a> .<\/p>\n<p><em>PI\u00c8CE UNIQUE<\/em><\/p>\n","protected":false},"excerpt":{"rendered":"<p><strong>Dimensions: <\/strong>57 cm de diam\u00e8tre x 37 cm de hauteur<\/p>\n<p><em>PI\u00c8CE UNIQUE<\/em><\/p>\n","protected":false},"featured_media":226351,"template":"","meta":[],"product_brand":[],"product_cat":[634],"product_tag":[],"class_list":{"0":"post-212230","1":"product","2":"type-product","3":"status-publish","4":"has-post-thumbnail","6":"product_cat-seaux-metalliques-anciens","7":"product_shipping_class-extra-large-250-fr","8":"pa_estilo-style-rustique","10":"first","11":"instock","12":"taxable","13":"shipping-taxable","14":"purchasable","15":"product-type-simple"},"yoast_head":"<!-- This site is optimized with the Yoast SEO plugin v26.0 - https:\/\/yoast.com\/wordpress\/plugins\/seo\/ -->\n<title>Chaudron ancien | Pot en m\u00e9tal ancien | AMARU ANTIQUES<\/title>\n<meta name=\"description\" content=\"Ancien chaudron en m\u00e9tal utilis\u00e9 pour la cuisine (vers 1950). D\u00e9couvrez d&#039;autres objets anciens et meubles vintage sur notre site internet...\" \/>\n<meta name=\"robots\" content=\"index, follow, max-snippet:-1, max-image-preview:large, max-video-preview:-1\" \/>\n<link rel=\"canonical\" href=\"https:\/\/amaruoptim.stg.uzero.cat\/fr\/meubles-anciens\/seaux-metalliques-anciens\/ancien-chaudron-antique-metal-couleur-bleu-c-1950-am05016-1\/\" \/>\n<meta property=\"og:locale\" content=\"fr_FR\" \/>\n<meta property=\"og:type\" content=\"article\" \/>\n<meta property=\"og:title\" content=\"Chaudron ancien | Pot en m\u00e9tal ancien | AMARU ANTIQUES\" \/>\n<meta property=\"og:description\" content=\"Ancien chaudron en m\u00e9tal utilis\u00e9 pour la cuisine (vers 1950). D\u00e9couvrez d&#039;autres objets anciens et meubles vintage sur notre site internet...\" \/>\n<meta property=\"og:url\" content=\"https:\/\/amaruoptim.stg.uzero.cat\/fr\/meubles-anciens\/seaux-metalliques-anciens\/ancien-chaudron-antique-metal-couleur-bleu-c-1950-am05016-1\/\" \/>\n<meta property=\"og:site_name\" content=\"AMARU\" \/>\n<meta property=\"article:modified_time\" content=\"2025-06-26T15:45:52+00:00\" \/>\n<meta property=\"og:image\" content=\"https:\/\/amaruantiques.com\/wp-content\/uploads\/2025\/06\/AM05016-1-2.jpg\" \/>\n\t<meta property=\"og:image:width\" content=\"924\" \/>\n\t<meta property=\"og:image:height\" content=\"924\" \/>\n\t<meta property=\"og:image:type\" content=\"image\/jpeg\" \/>\n<meta name=\"twitter:card\" content=\"summary_large_image\" \/>\n<meta name=\"twitter:label1\" content=\"Dur\u00e9e de lecture estim\u00e9e\" \/>\n\t<meta name=\"twitter:data1\" content=\"1 minute\" \/>\n<!-- \/ Yoast SEO plugin. -->","yoast_head_json":{"title":"Chaudron ancien | Pot en m\u00e9tal ancien | AMARU ANTIQUES","description":"Ancien chaudron en m\u00e9tal utilis\u00e9 pour la cuisine (vers 1950). D\u00e9couvrez d'autres objets anciens et meubles vintage sur notre site internet...","robots":{"index":"index","follow":"follow","max-snippet":"max-snippet:-1","max-image-preview":"max-image-preview:large","max-video-preview":"max-video-preview:-1"},"canonical":"https:\/\/amaruoptim.stg.uzero.cat\/fr\/meubles-anciens\/seaux-metalliques-anciens\/ancien-chaudron-antique-metal-couleur-bleu-c-1950-am05016-1\/","og_locale":"fr_FR","og_type":"article","og_title":"Chaudron ancien | Pot en m\u00e9tal ancien | AMARU ANTIQUES","og_description":"Ancien chaudron en m\u00e9tal utilis\u00e9 pour la cuisine (vers 1950). D\u00e9couvrez d'autres objets anciens et meubles vintage sur notre site internet...","og_url":"https:\/\/amaruoptim.stg.uzero.cat\/fr\/meubles-anciens\/seaux-metalliques-anciens\/ancien-chaudron-antique-metal-couleur-bleu-c-1950-am05016-1\/","og_site_name":"AMARU","article_modified_time":"2025-06-26T15:45:52+00:00","og_image":[{"width":924,"height":924,"url":"https:\/\/amaruantiques.com\/wp-content\/uploads\/2025\/06\/AM05016-1-2.jpg","type":"image\/jpeg"}],"twitter_card":"summary_large_image","twitter_misc":{"Dur\u00e9e de lecture estim\u00e9e":"1 minute"},"schema":{"@context":"https:\/\/schema.org","@graph":[{"@type":"WebPage","@id":"https:\/\/amaruoptim.stg.uzero.cat\/fr\/meubles-anciens\/seaux-metalliques-anciens\/ancien-chaudron-antique-metal-couleur-bleu-c-1950-am05016-1\/","url":"https:\/\/amaruoptim.stg.uzero.cat\/fr\/meubles-anciens\/seaux-metalliques-anciens\/ancien-chaudron-antique-metal-couleur-bleu-c-1950-am05016-1\/","name":"Chaudron ancien | Pot en m\u00e9tal ancien | AMARU ANTIQUES","isPartOf":{"@id":"https:\/\/amaruantiques.com\/#website"},"primaryImageOfPage":{"@id":"https:\/\/amaruoptim.stg.uzero.cat\/fr\/meubles-anciens\/seaux-metalliques-anciens\/ancien-chaudron-antique-metal-couleur-bleu-c-1950-am05016-1\/#primaryimage"},"image":{"@id":"https:\/\/amaruoptim.stg.uzero.cat\/fr\/meubles-anciens\/seaux-metalliques-anciens\/ancien-chaudron-antique-metal-couleur-bleu-c-1950-am05016-1\/#primaryimage"},"thumbnailUrl":"https:\/\/amaruoptim.stg.uzero.cat\/wp-content\/uploads\/2025\/06\/AM05016-1-2.jpg","datePublished":"2023-07-05T11:48:34+00:00","dateModified":"2025-06-26T15:45:52+00:00","description":"Ancien chaudron en m\u00e9tal utilis\u00e9 pour la cuisine (vers 1950). D\u00e9couvrez d'autres objets anciens et meubles vintage sur notre site internet...","breadcrumb":{"@id":"https:\/\/amaruoptim.stg.uzero.cat\/fr\/meubles-anciens\/seaux-metalliques-anciens\/ancien-chaudron-antique-metal-couleur-bleu-c-1950-am05016-1\/#breadcrumb"},"inLanguage":"fr-FR","potentialAction":[{"@type":"ReadAction","target":["https:\/\/amaruoptim.stg.uzero.cat\/fr\/meubles-anciens\/seaux-metalliques-anciens\/ancien-chaudron-antique-metal-couleur-bleu-c-1950-am05016-1\/"]}]},{"@type":"ImageObject","inLanguage":"fr-FR","@id":"https:\/\/amaruoptim.stg.uzero.cat\/fr\/meubles-anciens\/seaux-metalliques-anciens\/ancien-chaudron-antique-metal-couleur-bleu-c-1950-am05016-1\/#primaryimage","url":"https:\/\/amaruoptim.stg.uzero.cat\/wp-content\/uploads\/2025\/06\/AM05016-1-2.jpg","contentUrl":"https:\/\/amaruoptim.stg.uzero.cat\/wp-content\/uploads\/2025\/06\/AM05016-1-2.jpg","width":924,"height":924},{"@type":"BreadcrumbList","@id":"https:\/\/amaruoptim.stg.uzero.cat\/fr\/meubles-anciens\/seaux-metalliques-anciens\/ancien-chaudron-antique-metal-couleur-bleu-c-1950-am05016-1\/#breadcrumb","itemListElement":[{"@type":"ListItem","position":1,"name":"Accueil","item":"https:\/\/amaruantiques.com\/fr\/"},{"@type":"ListItem","position":2,"name":"Boutique","item":"https:\/\/amaruantiques.com\/fr\/boutique\/"},{"@type":"ListItem","position":3,"name":"Chaudron ancien en m\u00e9tal bleu (c.1920) #1"}]},{"@type":"WebSite","@id":"https:\/\/amaruantiques.com\/#website","url":"https:\/\/amaruantiques.com\/","name":"AMARU - Timeless Antiques","description":"Timeless antiques","publisher":{"@id":"https:\/\/amaruantiques.com\/#organization"},"potentialAction":[{"@type":"SearchAction","target":{"@type":"EntryPoint","urlTemplate":"https:\/\/amaruantiques.com\/?s={search_term_string}"},"query-input":{"@type":"PropertyValueSpecification","valueRequired":true,"valueName":"search_term_string"}}],"inLanguage":"fr-FR"},{"@type":"Organization","@id":"https:\/\/amaruantiques.com\/#organization","name":"AMARU","url":"https:\/\/amaruantiques.com\/","logo":{"@type":"ImageObject","inLanguage":"fr-FR","@id":"https:\/\/amaruantiques.com\/#\/schema\/logo\/image\/","url":"https:\/\/amaruoptim.stg.uzero.cat\/wp-content\/uploads\/2025\/04\/logo-AMARU.svg","contentUrl":"https:\/\/amaruoptim.stg.uzero.cat\/wp-content\/uploads\/2025\/04\/logo-AMARU.svg","caption":"AMARU"},"image":{"@id":"https:\/\/amaruantiques.com\/#\/schema\/logo\/image\/"}}]}},"_links":{"self":[{"href":"https:\/\/amaruoptim.stg.uzero.cat\/fr\/wp-json\/wp\/v2\/product\/212230","targetHints":{"allow":["GET"]}}],"collection":[{"href":"https:\/\/amaruoptim.stg.uzero.cat\/fr\/wp-json\/wp\/v2\/product"}],"about":[{"href":"https:\/\/amaruoptim.stg.uzero.cat\/fr\/wp-json\/wp\/v2\/types\/product"}],"wp:featuredmedia":[{"embeddable":true,"href":"https:\/\/amaruoptim.stg.uzero.cat\/fr\/wp-json\/wp\/v2\/media\/226351"}],"wp:attachment":[{"href":"https:\/\/amaruoptim.stg.uzero.cat\/fr\/wp-json\/wp\/v2\/media?parent=212230"}],"wp:term":[{"taxonomy":"product_brand","embeddable":true,"href":"https:\/\/amaruoptim.stg.uzero.cat\/fr\/wp-json\/wp\/v2\/product_brand?post=212230"},{"taxonomy":"product_cat","embeddable":true,"href":"https:\/\/amaruoptim.stg.uzero.cat\/fr\/wp-json\/wp\/v2\/product_cat?post=212230"},{"taxonomy":"product_tag","embeddable":true,"href":"https:\/\/amaruoptim.stg.uzero.cat\/fr\/wp-json\/wp\/v2\/product_tag?post=212230"}],"curies":[{"name":"wp","href":"https:\/\/api.w.org\/{rel}","templated":true}]}}