{"id":212215,"date":"2023-07-04T09:55:36","date_gmt":"2023-07-05T11:46:45","guid":{"rendered":"https:\/\/amaruantiques.com\/?post_type=product&#038;p=212215"},"modified":"2025-06-26T15:45:45","modified_gmt":"2025-06-26T15:45:45","slug":"ancien-bureau-enfant-bois-colore-vert-france-bureau-c-1930","status":"publish","type":"product","link":"https:\/\/amaruoptim.stg.uzero.cat\/fr\/meubles-anciens\/autres-objets-et-artefacts-anciens\/ancien-bureau-enfant-bois-colore-vert-france-bureau-c-1930\/","title":{"rendered":"Bureau d&#8217;enfant ancien en bois vert (France, vers 1930)"},"content":{"rendered":"<p><strong>Bureau d&#8217;enfant ancien<\/strong> en bois vert (France, vers 1930)<\/p>\n<ul>\n<li><strong>\u00c2ge approximatif :<\/strong> 90 ans<\/li>\n<li><strong>Mat\u00e9riel:<\/strong> Bois du pin<\/li>\n<li><strong>Origine :<\/strong> France<\/li>\n<\/ul>\n<p>Notre <em>bureau d&#8217;enfant ancien <\/em>est une pi\u00e8ce unique qui se distingue par son design :<\/p>\n<ol>\n<li>Sa patine verte&#8230; inimitable.<\/li>\n<li>Il nous ram\u00e8ne \u00e0 cette \u00e9poque r\u00e9volue o\u00f9 l&#8217;on apprenait et o\u00f9 l&#8217;on jouait.<\/li>\n<li>Il peut \u00e9galement \u00eatre utilis\u00e9 comme \u00e9l\u00e9ment d\u00e9coratif dans tout espace ext\u00e9rieur ou int\u00e9rieur, comme support de plantes \u00e0 d\u00e9corer avec des pots.<\/li>\n<\/ol>\n<p>Il est en excellent \u00e9tat de conservation, \u00e0 l&#8217;exception des imperfections caract\u00e9ristiques de toute antiquit\u00e9, dues au passage du temps.<\/p>\n<p>Nous recommandons \u00e9galement nos <a href=\"https:\/\/amaruantiques.com\/fr\/categoria-producto\/malles-anciennes\/\">bottes antiques<\/a> qui compl\u00e8tent parfaitement ce bureau antique.<\/p>\n<p><em>PI\u00c8CE UNIQUE<\/em><\/p>\n","protected":false},"excerpt":{"rendered":"<p><strong>Bureau d&#8217;enfant ancien<\/strong> en bois vert (France, vers 1930)<\/p>\n<p><strong>Dimensions: <\/strong>76 cm x 54 cm x 65 cm (L x L x H) et hauteur d&#8217;assise de 35 cm.<\/p>\n<p><em>PI\u00c8CE UNIQUE<\/em><\/p>\n","protected":false},"featured_media":226507,"template":"","meta":[],"product_brand":[],"product_cat":[638],"product_tag":[],"class_list":{"0":"post-212215","1":"product","2":"type-product","3":"status-publish","4":"has-post-thumbnail","6":"product_cat-autres-objets-et-artefacts-anciens","7":"product_shipping_class-extra-large-250-fr","8":"pa_estilo-provencal-francais","10":"first","11":"instock","12":"sale","13":"sold-individually","14":"taxable","15":"shipping-taxable","16":"purchasable","17":"product-type-simple"},"yoast_head":"<!-- This site is optimized with the Yoast SEO plugin v26.0 - https:\/\/yoast.com\/wordpress\/plugins\/seo\/ -->\n<title>Bureau d&#039;enfant ancien | Bureau ancien | AMARU ANTIQUES<\/title>\n<meta name=\"description\" content=\"Bureau d&#039;enfant ancien en bois vert (France, vers 1930). Envie de d\u00e9couvrir d&#039;autres pi\u00e8ces uniques et meubles anciens ? Visitez notre site web...\" \/>\n<meta name=\"robots\" content=\"index, follow, max-snippet:-1, max-image-preview:large, max-video-preview:-1\" \/>\n<link rel=\"canonical\" href=\"https:\/\/amaruoptim.stg.uzero.cat\/fr\/meubles-anciens\/autres-objets-et-artefacts-anciens\/ancien-bureau-enfant-bois-colore-vert-france-bureau-c-1930\/\" \/>\n<meta property=\"og:locale\" content=\"fr_FR\" \/>\n<meta property=\"og:type\" content=\"article\" \/>\n<meta property=\"og:title\" content=\"Bureau d&#039;enfant ancien | Bureau ancien | AMARU ANTIQUES\" \/>\n<meta property=\"og:description\" content=\"Bureau d&#039;enfant ancien en bois vert (France, vers 1930). Envie de d\u00e9couvrir d&#039;autres pi\u00e8ces uniques et meubles anciens ? Visitez notre site web...\" \/>\n<meta property=\"og:url\" content=\"https:\/\/amaruoptim.stg.uzero.cat\/fr\/meubles-anciens\/autres-objets-et-artefacts-anciens\/ancien-bureau-enfant-bois-colore-vert-france-bureau-c-1930\/\" \/>\n<meta property=\"og:site_name\" content=\"AMARU\" \/>\n<meta property=\"article:modified_time\" content=\"2025-06-26T15:45:45+00:00\" \/>\n<meta property=\"og:image\" content=\"https:\/\/amaruantiques.com\/wp-content\/uploads\/2025\/06\/AM05040-D-1-5.jpg\" \/>\n\t<meta property=\"og:image:width\" content=\"1600\" \/>\n\t<meta property=\"og:image:height\" content=\"1600\" \/>\n\t<meta property=\"og:image:type\" content=\"image\/jpeg\" \/>\n<meta name=\"twitter:card\" content=\"summary_large_image\" \/>\n<meta name=\"twitter:label1\" content=\"Dur\u00e9e de lecture estim\u00e9e\" \/>\n\t<meta name=\"twitter:data1\" content=\"1 minute\" \/>\n<!-- \/ Yoast SEO plugin. -->","yoast_head_json":{"title":"Bureau d'enfant ancien | Bureau ancien | AMARU ANTIQUES","description":"Bureau d'enfant ancien en bois vert (France, vers 1930). Envie de d\u00e9couvrir d'autres pi\u00e8ces uniques et meubles anciens ? Visitez notre site web...","robots":{"index":"index","follow":"follow","max-snippet":"max-snippet:-1","max-image-preview":"max-image-preview:large","max-video-preview":"max-video-preview:-1"},"canonical":"https:\/\/amaruoptim.stg.uzero.cat\/fr\/meubles-anciens\/autres-objets-et-artefacts-anciens\/ancien-bureau-enfant-bois-colore-vert-france-bureau-c-1930\/","og_locale":"fr_FR","og_type":"article","og_title":"Bureau d'enfant ancien | Bureau ancien | AMARU ANTIQUES","og_description":"Bureau d'enfant ancien en bois vert (France, vers 1930). Envie de d\u00e9couvrir d'autres pi\u00e8ces uniques et meubles anciens ? Visitez notre site web...","og_url":"https:\/\/amaruoptim.stg.uzero.cat\/fr\/meubles-anciens\/autres-objets-et-artefacts-anciens\/ancien-bureau-enfant-bois-colore-vert-france-bureau-c-1930\/","og_site_name":"AMARU","article_modified_time":"2025-06-26T15:45:45+00:00","og_image":[{"width":1600,"height":1600,"url":"https:\/\/amaruantiques.com\/wp-content\/uploads\/2025\/06\/AM05040-D-1-5.jpg","type":"image\/jpeg"}],"twitter_card":"summary_large_image","twitter_misc":{"Dur\u00e9e de lecture estim\u00e9e":"1 minute"},"schema":{"@context":"https:\/\/schema.org","@graph":[{"@type":"WebPage","@id":"https:\/\/amaruoptim.stg.uzero.cat\/fr\/meubles-anciens\/autres-objets-et-artefacts-anciens\/ancien-bureau-enfant-bois-colore-vert-france-bureau-c-1930\/","url":"https:\/\/amaruoptim.stg.uzero.cat\/fr\/meubles-anciens\/autres-objets-et-artefacts-anciens\/ancien-bureau-enfant-bois-colore-vert-france-bureau-c-1930\/","name":"Bureau d'enfant ancien | Bureau ancien | AMARU ANTIQUES","isPartOf":{"@id":"https:\/\/amaruantiques.com\/#website"},"primaryImageOfPage":{"@id":"https:\/\/amaruoptim.stg.uzero.cat\/fr\/meubles-anciens\/autres-objets-et-artefacts-anciens\/ancien-bureau-enfant-bois-colore-vert-france-bureau-c-1930\/#primaryimage"},"image":{"@id":"https:\/\/amaruoptim.stg.uzero.cat\/fr\/meubles-anciens\/autres-objets-et-artefacts-anciens\/ancien-bureau-enfant-bois-colore-vert-france-bureau-c-1930\/#primaryimage"},"thumbnailUrl":"https:\/\/amaruoptim.stg.uzero.cat\/wp-content\/uploads\/2025\/06\/AM05040-D-1-5.jpg","datePublished":"2023-07-05T11:46:45+00:00","dateModified":"2025-06-26T15:45:45+00:00","description":"Bureau d'enfant ancien en bois vert (France, vers 1930). Envie de d\u00e9couvrir d'autres pi\u00e8ces uniques et meubles anciens ? Visitez notre site web...","breadcrumb":{"@id":"https:\/\/amaruoptim.stg.uzero.cat\/fr\/meubles-anciens\/autres-objets-et-artefacts-anciens\/ancien-bureau-enfant-bois-colore-vert-france-bureau-c-1930\/#breadcrumb"},"inLanguage":"fr-FR","potentialAction":[{"@type":"ReadAction","target":["https:\/\/amaruoptim.stg.uzero.cat\/fr\/meubles-anciens\/autres-objets-et-artefacts-anciens\/ancien-bureau-enfant-bois-colore-vert-france-bureau-c-1930\/"]}]},{"@type":"ImageObject","inLanguage":"fr-FR","@id":"https:\/\/amaruoptim.stg.uzero.cat\/fr\/meubles-anciens\/autres-objets-et-artefacts-anciens\/ancien-bureau-enfant-bois-colore-vert-france-bureau-c-1930\/#primaryimage","url":"https:\/\/amaruoptim.stg.uzero.cat\/wp-content\/uploads\/2025\/06\/AM05040-D-1-5.jpg","contentUrl":"https:\/\/amaruoptim.stg.uzero.cat\/wp-content\/uploads\/2025\/06\/AM05040-D-1-5.jpg","width":1600,"height":1600},{"@type":"BreadcrumbList","@id":"https:\/\/amaruoptim.stg.uzero.cat\/fr\/meubles-anciens\/autres-objets-et-artefacts-anciens\/ancien-bureau-enfant-bois-colore-vert-france-bureau-c-1930\/#breadcrumb","itemListElement":[{"@type":"ListItem","position":1,"name":"Accueil","item":"https:\/\/amaruantiques.com\/fr\/"},{"@type":"ListItem","position":2,"name":"Boutique","item":"https:\/\/amaruantiques.com\/fr\/boutique\/"},{"@type":"ListItem","position":3,"name":"Bureau d&#8217;enfant ancien en bois vert (France, vers 1930)"}]},{"@type":"WebSite","@id":"https:\/\/amaruantiques.com\/#website","url":"https:\/\/amaruantiques.com\/","name":"AMARU - Timeless Antiques","description":"Timeless antiques","publisher":{"@id":"https:\/\/amaruantiques.com\/#organization"},"potentialAction":[{"@type":"SearchAction","target":{"@type":"EntryPoint","urlTemplate":"https:\/\/amaruantiques.com\/?s={search_term_string}"},"query-input":{"@type":"PropertyValueSpecification","valueRequired":true,"valueName":"search_term_string"}}],"inLanguage":"fr-FR"},{"@type":"Organization","@id":"https:\/\/amaruantiques.com\/#organization","name":"AMARU","url":"https:\/\/amaruantiques.com\/","logo":{"@type":"ImageObject","inLanguage":"fr-FR","@id":"https:\/\/amaruantiques.com\/#\/schema\/logo\/image\/","url":"https:\/\/amaruoptim.stg.uzero.cat\/wp-content\/uploads\/2025\/04\/logo-AMARU.svg","contentUrl":"https:\/\/amaruoptim.stg.uzero.cat\/wp-content\/uploads\/2025\/04\/logo-AMARU.svg","caption":"AMARU"},"image":{"@id":"https:\/\/amaruantiques.com\/#\/schema\/logo\/image\/"}}]}},"_links":{"self":[{"href":"https:\/\/amaruoptim.stg.uzero.cat\/fr\/wp-json\/wp\/v2\/product\/212215","targetHints":{"allow":["GET"]}}],"collection":[{"href":"https:\/\/amaruoptim.stg.uzero.cat\/fr\/wp-json\/wp\/v2\/product"}],"about":[{"href":"https:\/\/amaruoptim.stg.uzero.cat\/fr\/wp-json\/wp\/v2\/types\/product"}],"wp:featuredmedia":[{"embeddable":true,"href":"https:\/\/amaruoptim.stg.uzero.cat\/fr\/wp-json\/wp\/v2\/media\/226507"}],"wp:attachment":[{"href":"https:\/\/amaruoptim.stg.uzero.cat\/fr\/wp-json\/wp\/v2\/media?parent=212215"}],"wp:term":[{"taxonomy":"product_brand","embeddable":true,"href":"https:\/\/amaruoptim.stg.uzero.cat\/fr\/wp-json\/wp\/v2\/product_brand?post=212215"},{"taxonomy":"product_cat","embeddable":true,"href":"https:\/\/amaruoptim.stg.uzero.cat\/fr\/wp-json\/wp\/v2\/product_cat?post=212215"},{"taxonomy":"product_tag","embeddable":true,"href":"https:\/\/amaruoptim.stg.uzero.cat\/fr\/wp-json\/wp\/v2\/product_tag?post=212215"}],"curies":[{"name":"wp","href":"https:\/\/api.w.org\/{rel}","templated":true}]}}