{"id":212205,"date":"2023-06-20T12:13:55","date_gmt":"2023-06-20T12:25:30","guid":{"rendered":"https:\/\/amaruantiques.com\/?post_type=product&#038;p=212205"},"modified":"2025-06-26T15:45:42","modified_gmt":"2025-06-26T15:45:42","slug":"vintage-pequena-chaise-enfants-vintage-white-french-coloured-chair-c-1950","status":"publish","type":"product","link":"https:\/\/amaruoptim.stg.uzero.cat\/fr\/meubles-anciens\/chaises-anciennes\/vintage-pequena-chaise-enfants-vintage-white-french-coloured-chair-c-1950\/","title":{"rendered":"Petite chaise d&#8217;enfant vintage blanche (France, vers 1950)"},"content":{"rendered":"<p><strong>Petite chaise<\/strong> pliante vintage blanche pour <strong>enfant<\/strong> (France, vers 1950)<\/p>\n<ul>\n<li><strong>\u00c2ge approximatif:<\/strong> 70 ans<\/li>\n<li><strong>Mat\u00e9riel:<\/strong> Bois du pin<\/li>\n<li><strong>Origine :<\/strong> France<\/li>\n<\/ul>\n<p>Notre <em>chaise vintage pour enfants<\/em> est une pi\u00e8ce unique qui se distingue par son design :<\/p>\n<ol>\n<li>Le fait qu&#8217;il soit pliable.<\/li>\n<li>Il s&#8217;agit d&#8217;une construction artisanale r\u00e9alis\u00e9e pi\u00e8ce par pi\u00e8ce.<\/li>\n<li>Il peut \u00eatre utilis\u00e9 comme chaise d\u00e9corative dans n&#8217;importe quelle pi\u00e8ce de votre maison.<\/li>\n<\/ol>\n<p>Il est en excellent \u00e9tat de conservation, \u00e0 l&#8217;exception des imperfections caract\u00e9ristiques de toute antiquit\u00e9, dues au passage du temps.<\/p>\n<p>Il est \u00e9galement parfait comme \u00e9l\u00e9ment d\u00e9coratif dans les entr\u00e9es et les couloirs combin\u00e9 avec certains de nos autres<a href=\"https:\/\/amaruantiques.com\/fr\/meubles-anciens\/chaises-anciennes\/chaise-vintage-en-bois-vers-1950-1\/\"> chaises vintage color\u00e9es<\/a>.<br \/>\n&nbsp;<br \/>\n&nbsp;<\/p>\n","protected":false},"excerpt":{"rendered":"<p><strong>Petite chaise <\/strong>pliante vintage blanche pour <strong>enfant <\/strong>(France, vers 1950)<\/p>\n<p><strong>Dimensions : <\/strong>27 x 38 x 52 cm (L x P x H) et 28 cm de hauteur d&#8217;assise.<\/p>\n<p><em>PI\u00c8CE UNIQUE<\/em><\/p>\n","protected":false},"featured_media":226279,"template":"","meta":[],"product_brand":[],"product_cat":[618],"product_tag":[],"class_list":{"0":"post-212205","1":"product","2":"type-product","3":"status-publish","4":"has-post-thumbnail","6":"product_cat-chaises-anciennes","7":"product_shipping_class-medium-100-fr","8":"pa_estilo-style-vintage","10":"first","11":"instock","12":"taxable","13":"shipping-taxable","14":"purchasable","15":"product-type-simple"},"yoast_head":"<!-- This site is optimized with the Yoast SEO plugin v26.0 - https:\/\/yoast.com\/wordpress\/plugins\/seo\/ -->\n<title>Petite chaise d&#039;enfant : AMARU ANTIQUES : Chaise d&#039;enfant vintage<\/title>\n<meta name=\"description\" content=\"Petite chaise d&#039;enfant vintage en bois (France, vers 1950). Retrouvez plus de chaises anciennes, tables et pi\u00e8ces uniques sur notre site internet.\" \/>\n<meta name=\"robots\" content=\"index, follow, max-snippet:-1, max-image-preview:large, max-video-preview:-1\" \/>\n<link rel=\"canonical\" href=\"https:\/\/amaruoptim.stg.uzero.cat\/fr\/meubles-anciens\/chaises-anciennes\/vintage-pequena-chaise-enfants-vintage-white-french-coloured-chair-c-1950\/\" \/>\n<meta property=\"og:locale\" content=\"fr_FR\" \/>\n<meta property=\"og:type\" content=\"article\" \/>\n<meta property=\"og:title\" content=\"Petite chaise d&#039;enfant : AMARU ANTIQUES : Chaise d&#039;enfant vintage\" \/>\n<meta property=\"og:description\" content=\"Petite chaise d&#039;enfant vintage en bois (France, vers 1950). Retrouvez plus de chaises anciennes, tables et pi\u00e8ces uniques sur notre site internet.\" \/>\n<meta property=\"og:url\" content=\"https:\/\/amaruoptim.stg.uzero.cat\/fr\/meubles-anciens\/chaises-anciennes\/vintage-pequena-chaise-enfants-vintage-white-french-coloured-chair-c-1950\/\" \/>\n<meta property=\"og:site_name\" content=\"AMARU\" \/>\n<meta property=\"article:modified_time\" content=\"2025-06-26T15:45:42+00:00\" \/>\n<meta property=\"og:image\" content=\"https:\/\/amaruantiques.com\/wp-content\/uploads\/2025\/06\/AM04105-D-1-5.jpg\" \/>\n\t<meta property=\"og:image:width\" content=\"1600\" \/>\n\t<meta property=\"og:image:height\" content=\"1600\" \/>\n\t<meta property=\"og:image:type\" content=\"image\/jpeg\" \/>\n<meta name=\"twitter:card\" content=\"summary_large_image\" \/>\n<meta name=\"twitter:label1\" content=\"Dur\u00e9e de lecture estim\u00e9e\" \/>\n\t<meta name=\"twitter:data1\" content=\"1 minute\" \/>\n<!-- \/ Yoast SEO plugin. -->","yoast_head_json":{"title":"Petite chaise d'enfant : AMARU ANTIQUES : Chaise d'enfant vintage","description":"Petite chaise d'enfant vintage en bois (France, vers 1950). Retrouvez plus de chaises anciennes, tables et pi\u00e8ces uniques sur notre site internet.","robots":{"index":"index","follow":"follow","max-snippet":"max-snippet:-1","max-image-preview":"max-image-preview:large","max-video-preview":"max-video-preview:-1"},"canonical":"https:\/\/amaruoptim.stg.uzero.cat\/fr\/meubles-anciens\/chaises-anciennes\/vintage-pequena-chaise-enfants-vintage-white-french-coloured-chair-c-1950\/","og_locale":"fr_FR","og_type":"article","og_title":"Petite chaise d'enfant : AMARU ANTIQUES : Chaise d'enfant vintage","og_description":"Petite chaise d'enfant vintage en bois (France, vers 1950). Retrouvez plus de chaises anciennes, tables et pi\u00e8ces uniques sur notre site internet.","og_url":"https:\/\/amaruoptim.stg.uzero.cat\/fr\/meubles-anciens\/chaises-anciennes\/vintage-pequena-chaise-enfants-vintage-white-french-coloured-chair-c-1950\/","og_site_name":"AMARU","article_modified_time":"2025-06-26T15:45:42+00:00","og_image":[{"width":1600,"height":1600,"url":"https:\/\/amaruantiques.com\/wp-content\/uploads\/2025\/06\/AM04105-D-1-5.jpg","type":"image\/jpeg"}],"twitter_card":"summary_large_image","twitter_misc":{"Dur\u00e9e de lecture estim\u00e9e":"1 minute"},"schema":{"@context":"https:\/\/schema.org","@graph":[{"@type":"WebPage","@id":"https:\/\/amaruoptim.stg.uzero.cat\/fr\/meubles-anciens\/chaises-anciennes\/vintage-pequena-chaise-enfants-vintage-white-french-coloured-chair-c-1950\/","url":"https:\/\/amaruoptim.stg.uzero.cat\/fr\/meubles-anciens\/chaises-anciennes\/vintage-pequena-chaise-enfants-vintage-white-french-coloured-chair-c-1950\/","name":"Petite chaise d'enfant : AMARU ANTIQUES : Chaise d'enfant vintage","isPartOf":{"@id":"https:\/\/amaruantiques.com\/#website"},"primaryImageOfPage":{"@id":"https:\/\/amaruoptim.stg.uzero.cat\/fr\/meubles-anciens\/chaises-anciennes\/vintage-pequena-chaise-enfants-vintage-white-french-coloured-chair-c-1950\/#primaryimage"},"image":{"@id":"https:\/\/amaruoptim.stg.uzero.cat\/fr\/meubles-anciens\/chaises-anciennes\/vintage-pequena-chaise-enfants-vintage-white-french-coloured-chair-c-1950\/#primaryimage"},"thumbnailUrl":"https:\/\/amaruoptim.stg.uzero.cat\/wp-content\/uploads\/2025\/06\/AM04105-D-1-5.jpg","datePublished":"2023-06-20T12:25:30+00:00","dateModified":"2025-06-26T15:45:42+00:00","description":"Petite chaise d'enfant vintage en bois (France, vers 1950). Retrouvez plus de chaises anciennes, tables et pi\u00e8ces uniques sur notre site internet.","breadcrumb":{"@id":"https:\/\/amaruoptim.stg.uzero.cat\/fr\/meubles-anciens\/chaises-anciennes\/vintage-pequena-chaise-enfants-vintage-white-french-coloured-chair-c-1950\/#breadcrumb"},"inLanguage":"fr-FR","potentialAction":[{"@type":"ReadAction","target":["https:\/\/amaruoptim.stg.uzero.cat\/fr\/meubles-anciens\/chaises-anciennes\/vintage-pequena-chaise-enfants-vintage-white-french-coloured-chair-c-1950\/"]}]},{"@type":"ImageObject","inLanguage":"fr-FR","@id":"https:\/\/amaruoptim.stg.uzero.cat\/fr\/meubles-anciens\/chaises-anciennes\/vintage-pequena-chaise-enfants-vintage-white-french-coloured-chair-c-1950\/#primaryimage","url":"https:\/\/amaruoptim.stg.uzero.cat\/wp-content\/uploads\/2025\/06\/AM04105-D-1-5.jpg","contentUrl":"https:\/\/amaruoptim.stg.uzero.cat\/wp-content\/uploads\/2025\/06\/AM04105-D-1-5.jpg","width":1600,"height":1600},{"@type":"BreadcrumbList","@id":"https:\/\/amaruoptim.stg.uzero.cat\/fr\/meubles-anciens\/chaises-anciennes\/vintage-pequena-chaise-enfants-vintage-white-french-coloured-chair-c-1950\/#breadcrumb","itemListElement":[{"@type":"ListItem","position":1,"name":"Accueil","item":"https:\/\/amaruantiques.com\/fr\/"},{"@type":"ListItem","position":2,"name":"Boutique","item":"https:\/\/amaruantiques.com\/fr\/boutique\/"},{"@type":"ListItem","position":3,"name":"Petite chaise d&#8217;enfant vintage blanche (France, vers 1950)"}]},{"@type":"WebSite","@id":"https:\/\/amaruantiques.com\/#website","url":"https:\/\/amaruantiques.com\/","name":"AMARU - Timeless Antiques","description":"Timeless antiques","publisher":{"@id":"https:\/\/amaruantiques.com\/#organization"},"potentialAction":[{"@type":"SearchAction","target":{"@type":"EntryPoint","urlTemplate":"https:\/\/amaruantiques.com\/?s={search_term_string}"},"query-input":{"@type":"PropertyValueSpecification","valueRequired":true,"valueName":"search_term_string"}}],"inLanguage":"fr-FR"},{"@type":"Organization","@id":"https:\/\/amaruantiques.com\/#organization","name":"AMARU","url":"https:\/\/amaruantiques.com\/","logo":{"@type":"ImageObject","inLanguage":"fr-FR","@id":"https:\/\/amaruantiques.com\/#\/schema\/logo\/image\/","url":"https:\/\/amaruoptim.stg.uzero.cat\/wp-content\/uploads\/2025\/04\/logo-AMARU.svg","contentUrl":"https:\/\/amaruoptim.stg.uzero.cat\/wp-content\/uploads\/2025\/04\/logo-AMARU.svg","caption":"AMARU"},"image":{"@id":"https:\/\/amaruantiques.com\/#\/schema\/logo\/image\/"}}]}},"_links":{"self":[{"href":"https:\/\/amaruoptim.stg.uzero.cat\/fr\/wp-json\/wp\/v2\/product\/212205","targetHints":{"allow":["GET"]}}],"collection":[{"href":"https:\/\/amaruoptim.stg.uzero.cat\/fr\/wp-json\/wp\/v2\/product"}],"about":[{"href":"https:\/\/amaruoptim.stg.uzero.cat\/fr\/wp-json\/wp\/v2\/types\/product"}],"wp:featuredmedia":[{"embeddable":true,"href":"https:\/\/amaruoptim.stg.uzero.cat\/fr\/wp-json\/wp\/v2\/media\/226279"}],"wp:attachment":[{"href":"https:\/\/amaruoptim.stg.uzero.cat\/fr\/wp-json\/wp\/v2\/media?parent=212205"}],"wp:term":[{"taxonomy":"product_brand","embeddable":true,"href":"https:\/\/amaruoptim.stg.uzero.cat\/fr\/wp-json\/wp\/v2\/product_brand?post=212205"},{"taxonomy":"product_cat","embeddable":true,"href":"https:\/\/amaruoptim.stg.uzero.cat\/fr\/wp-json\/wp\/v2\/product_cat?post=212205"},{"taxonomy":"product_tag","embeddable":true,"href":"https:\/\/amaruoptim.stg.uzero.cat\/fr\/wp-json\/wp\/v2\/product_tag?post=212205"}],"curies":[{"name":"wp","href":"https:\/\/api.w.org\/{rel}","templated":true}]}}