{"id":212193,"date":"2023-06-16T20:34:33","date_gmt":"2023-06-16T20:34:33","guid":{"rendered":"https:\/\/amaruantiques.com\/?post_type=product&#038;p=212193"},"modified":"2025-06-26T15:45:35","modified_gmt":"2025-06-26T15:45:35","slug":"ancien-coffre-coleur-vert-c-1910-13","status":"publish","type":"product","link":"https:\/\/amaruoptim.stg.uzero.cat\/fr\/meubles-anciens\/malles-anciennes\/ancien-coffre-coleur-vert-c-1910-13\/","title":{"rendered":"Coffre vert ancien (c.1910) #13"},"content":{"rendered":"<p><strong>Coffre ancien <\/strong>en bois de pin \u00e0 patine verte (vers 1910).<\/p>\n<li><strong>Mat\u00e9riau :<\/strong> Bois de pin rouge<\/li>\n<li>\u00c2ge: 110 ans<\/li>\n<\/ul>\n<p>Notre <em>coffre ancien <\/em>est une pi\u00e8ce unique qui se distingue par son caract\u00e8re unique :<\/p>\n<ol>\n<li>Votre serrure d&#8217;origine.<\/li>\n<li>Sa patine verte inimitable.<\/li>\n<li>Id\u00e9al comme pi\u00e8ce d\u00e9corative dans n&#8217;importe quel coin de votre maison.<\/li>\n<\/ol>\n<p>Il est en excellent \u00e9tat de conservation, \u00e0 l&#8217;exception des imperfections caract\u00e9ristiques de toute antiquit\u00e9, dues au passage du temps.<\/p>\n<p>Nous le compl\u00e9tons avec une autre pi\u00e8ce unique comme l&#8217;un de nos<a href=\"https:\/\/amaruantiques.com\/fr\/categoria-producto\/buffets-anciens\/\"> buffets anciens<\/a> que nous proposons dans notre catalogue en ligne.<\/p>\n<p><em>PI\u00c8CE UNIQUE<\/em><\/p>\n","protected":false},"excerpt":{"rendered":"<p><strong>Coffre ancien vert<\/strong>(c.1910) #12<\/p>\n<p><strong>Dimensions: <\/strong>55 x 33 x 31 cm (Largeur x Profondeur x Hauteur)<\/p>\n<p><em>PI\u00c8CE UNIQUE<\/em><\/p>\n","protected":false},"featured_media":226138,"template":"","meta":[],"product_brand":[],"product_cat":[608],"product_tag":[748,749],"class_list":{"0":"post-212193","1":"product","2":"type-product","3":"status-publish","4":"has-post-thumbnail","6":"product_cat-malles-anciennes","7":"product_tag-coffres-anciens","8":"product_tag-malles-anciennes","9":"product_shipping_class-medium-100-fr","10":"pa_estilo-style-rustique","12":"first","13":"instock","14":"sold-individually","15":"taxable","16":"shipping-taxable","17":"purchasable","18":"product-type-simple"},"yoast_head":"<!-- This site is optimized with the Yoast SEO plugin v26.0 - https:\/\/yoast.com\/wordpress\/plugins\/seo\/ -->\n<title>Coffre ancien | Coffre unique | AMARU ANTIQUES<\/title>\n<meta name=\"description\" content=\"Coffre ancien \u00e0 patine verte (vers 1910). D\u00e9couvrez plus de coffres et malles anciennes sur notre site internet...\" \/>\n<meta name=\"robots\" content=\"index, follow, max-snippet:-1, max-image-preview:large, max-video-preview:-1\" \/>\n<link rel=\"canonical\" href=\"https:\/\/amaruoptim.stg.uzero.cat\/fr\/meubles-anciens\/malles-anciennes\/ancien-coffre-coleur-vert-c-1910-13\/\" \/>\n<meta property=\"og:locale\" content=\"fr_FR\" \/>\n<meta property=\"og:type\" content=\"article\" \/>\n<meta property=\"og:title\" content=\"Coffre ancien | Coffre unique | AMARU ANTIQUES\" \/>\n<meta property=\"og:description\" content=\"Coffre ancien \u00e0 patine verte (vers 1910). D\u00e9couvrez plus de coffres et malles anciennes sur notre site internet...\" \/>\n<meta property=\"og:url\" content=\"https:\/\/amaruoptim.stg.uzero.cat\/fr\/meubles-anciens\/malles-anciennes\/ancien-coffre-coleur-vert-c-1910-13\/\" \/>\n<meta property=\"og:site_name\" content=\"AMARU\" \/>\n<meta property=\"article:modified_time\" content=\"2025-06-26T15:45:35+00:00\" \/>\n<meta property=\"og:image\" content=\"https:\/\/amaruantiques.com\/wp-content\/uploads\/2025\/06\/AM04013-D-1-3.jpg\" \/>\n\t<meta property=\"og:image:width\" content=\"1200\" \/>\n\t<meta property=\"og:image:height\" content=\"1200\" \/>\n\t<meta property=\"og:image:type\" content=\"image\/jpeg\" \/>\n<meta name=\"twitter:card\" content=\"summary_large_image\" \/>\n<meta name=\"twitter:label1\" content=\"Dur\u00e9e de lecture estim\u00e9e\" \/>\n\t<meta name=\"twitter:data1\" content=\"1 minute\" \/>\n<!-- \/ Yoast SEO plugin. -->","yoast_head_json":{"title":"Coffre ancien | Coffre unique | AMARU ANTIQUES","description":"Coffre ancien \u00e0 patine verte (vers 1910). D\u00e9couvrez plus de coffres et malles anciennes sur notre site internet...","robots":{"index":"index","follow":"follow","max-snippet":"max-snippet:-1","max-image-preview":"max-image-preview:large","max-video-preview":"max-video-preview:-1"},"canonical":"https:\/\/amaruoptim.stg.uzero.cat\/fr\/meubles-anciens\/malles-anciennes\/ancien-coffre-coleur-vert-c-1910-13\/","og_locale":"fr_FR","og_type":"article","og_title":"Coffre ancien | Coffre unique | AMARU ANTIQUES","og_description":"Coffre ancien \u00e0 patine verte (vers 1910). D\u00e9couvrez plus de coffres et malles anciennes sur notre site internet...","og_url":"https:\/\/amaruoptim.stg.uzero.cat\/fr\/meubles-anciens\/malles-anciennes\/ancien-coffre-coleur-vert-c-1910-13\/","og_site_name":"AMARU","article_modified_time":"2025-06-26T15:45:35+00:00","og_image":[{"width":1200,"height":1200,"url":"https:\/\/amaruantiques.com\/wp-content\/uploads\/2025\/06\/AM04013-D-1-3.jpg","type":"image\/jpeg"}],"twitter_card":"summary_large_image","twitter_misc":{"Dur\u00e9e de lecture estim\u00e9e":"1 minute"},"schema":{"@context":"https:\/\/schema.org","@graph":[{"@type":"WebPage","@id":"https:\/\/amaruoptim.stg.uzero.cat\/fr\/meubles-anciens\/malles-anciennes\/ancien-coffre-coleur-vert-c-1910-13\/","url":"https:\/\/amaruoptim.stg.uzero.cat\/fr\/meubles-anciens\/malles-anciennes\/ancien-coffre-coleur-vert-c-1910-13\/","name":"Coffre ancien | Coffre unique | AMARU ANTIQUES","isPartOf":{"@id":"https:\/\/amaruantiques.com\/#website"},"primaryImageOfPage":{"@id":"https:\/\/amaruoptim.stg.uzero.cat\/fr\/meubles-anciens\/malles-anciennes\/ancien-coffre-coleur-vert-c-1910-13\/#primaryimage"},"image":{"@id":"https:\/\/amaruoptim.stg.uzero.cat\/fr\/meubles-anciens\/malles-anciennes\/ancien-coffre-coleur-vert-c-1910-13\/#primaryimage"},"thumbnailUrl":"https:\/\/amaruoptim.stg.uzero.cat\/wp-content\/uploads\/2025\/06\/AM04013-D-1-3.jpg","datePublished":"2023-06-16T20:34:33+00:00","dateModified":"2025-06-26T15:45:35+00:00","description":"Coffre ancien \u00e0 patine verte (vers 1910). D\u00e9couvrez plus de coffres et malles anciennes sur notre site internet...","breadcrumb":{"@id":"https:\/\/amaruoptim.stg.uzero.cat\/fr\/meubles-anciens\/malles-anciennes\/ancien-coffre-coleur-vert-c-1910-13\/#breadcrumb"},"inLanguage":"fr-FR","potentialAction":[{"@type":"ReadAction","target":["https:\/\/amaruoptim.stg.uzero.cat\/fr\/meubles-anciens\/malles-anciennes\/ancien-coffre-coleur-vert-c-1910-13\/"]}]},{"@type":"ImageObject","inLanguage":"fr-FR","@id":"https:\/\/amaruoptim.stg.uzero.cat\/fr\/meubles-anciens\/malles-anciennes\/ancien-coffre-coleur-vert-c-1910-13\/#primaryimage","url":"https:\/\/amaruoptim.stg.uzero.cat\/wp-content\/uploads\/2025\/06\/AM04013-D-1-3.jpg","contentUrl":"https:\/\/amaruoptim.stg.uzero.cat\/wp-content\/uploads\/2025\/06\/AM04013-D-1-3.jpg","width":1200,"height":1200},{"@type":"BreadcrumbList","@id":"https:\/\/amaruoptim.stg.uzero.cat\/fr\/meubles-anciens\/malles-anciennes\/ancien-coffre-coleur-vert-c-1910-13\/#breadcrumb","itemListElement":[{"@type":"ListItem","position":1,"name":"Accueil","item":"https:\/\/amaruantiques.com\/fr\/"},{"@type":"ListItem","position":2,"name":"Boutique","item":"https:\/\/amaruantiques.com\/fr\/boutique\/"},{"@type":"ListItem","position":3,"name":"Coffre vert ancien (c.1910) #13"}]},{"@type":"WebSite","@id":"https:\/\/amaruantiques.com\/#website","url":"https:\/\/amaruantiques.com\/","name":"AMARU - Timeless Antiques","description":"Timeless antiques","publisher":{"@id":"https:\/\/amaruantiques.com\/#organization"},"potentialAction":[{"@type":"SearchAction","target":{"@type":"EntryPoint","urlTemplate":"https:\/\/amaruantiques.com\/?s={search_term_string}"},"query-input":{"@type":"PropertyValueSpecification","valueRequired":true,"valueName":"search_term_string"}}],"inLanguage":"fr-FR"},{"@type":"Organization","@id":"https:\/\/amaruantiques.com\/#organization","name":"AMARU","url":"https:\/\/amaruantiques.com\/","logo":{"@type":"ImageObject","inLanguage":"fr-FR","@id":"https:\/\/amaruantiques.com\/#\/schema\/logo\/image\/","url":"https:\/\/amaruoptim.stg.uzero.cat\/wp-content\/uploads\/2025\/04\/logo-AMARU.svg","contentUrl":"https:\/\/amaruoptim.stg.uzero.cat\/wp-content\/uploads\/2025\/04\/logo-AMARU.svg","caption":"AMARU"},"image":{"@id":"https:\/\/amaruantiques.com\/#\/schema\/logo\/image\/"}}]}},"_links":{"self":[{"href":"https:\/\/amaruoptim.stg.uzero.cat\/fr\/wp-json\/wp\/v2\/product\/212193","targetHints":{"allow":["GET"]}}],"collection":[{"href":"https:\/\/amaruoptim.stg.uzero.cat\/fr\/wp-json\/wp\/v2\/product"}],"about":[{"href":"https:\/\/amaruoptim.stg.uzero.cat\/fr\/wp-json\/wp\/v2\/types\/product"}],"wp:featuredmedia":[{"embeddable":true,"href":"https:\/\/amaruoptim.stg.uzero.cat\/fr\/wp-json\/wp\/v2\/media\/226138"}],"wp:attachment":[{"href":"https:\/\/amaruoptim.stg.uzero.cat\/fr\/wp-json\/wp\/v2\/media?parent=212193"}],"wp:term":[{"taxonomy":"product_brand","embeddable":true,"href":"https:\/\/amaruoptim.stg.uzero.cat\/fr\/wp-json\/wp\/v2\/product_brand?post=212193"},{"taxonomy":"product_cat","embeddable":true,"href":"https:\/\/amaruoptim.stg.uzero.cat\/fr\/wp-json\/wp\/v2\/product_cat?post=212193"},{"taxonomy":"product_tag","embeddable":true,"href":"https:\/\/amaruoptim.stg.uzero.cat\/fr\/wp-json\/wp\/v2\/product_tag?post=212193"}],"curies":[{"name":"wp","href":"https:\/\/api.w.org\/{rel}","templated":true}]}}