{"id":212190,"date":"2023-05-12T14:05:27","date_gmt":"2023-05-12T14:05:27","guid":{"rendered":"https:\/\/amaruantiques.com\/?post_type=product&#038;p=212190"},"modified":"2025-06-26T15:45:35","modified_gmt":"2025-06-26T15:45:35","slug":"coffre-ancien-en-bois-avec-illustrations-vases-porcelaine-am08026-2","status":"publish","type":"product","link":"https:\/\/amaruoptim.stg.uzero.cat\/fr\/meubles-anciens\/malles-anciennes\/coffre-ancien-en-bois-avec-illustrations-vases-porcelaine-am08026-2\/","title":{"rendered":"Coffre ancien en bois avec illustrations de vases en porcelaine (Chine, vers 1900) #2"},"content":{"rendered":"<p><strong>Coffre ancien en bois<\/strong> avec illustrations de vases en porcelaine (Chine, vers 1900) #2<\/p>\n<ul>\n<li><strong>R\u00e9f.:<\/strong> AM08026-2<\/li>\n<li><strong>Dimensions: <\/strong>76 x 50 x 35 cm (Longueur x Largeur x Hauteur)<\/li>\n<li><strong>\u00c2ge:<\/strong> 120 ans<\/li>\n<li><strong>Mat\u00e9riel:<\/strong> Bois de pin massif<\/li>\n<li><strong>Origine:<\/strong> Chine<\/li>\n<\/ul>\n<p>Notre <em>coffre ancien en bois <\/em>est une pi\u00e8ce unique qui se distingue par:<\/p>\n<ol>\n<li>Sa patine d&#8217;origine est simplement inimitable.<\/li>\n<li>Son souci du d\u00e9tail dans chacun des objets repr\u00e9sent\u00e9s : vases, tables, fleurs&#8230;<\/li>\n<li>Il peut \u00eatre utilis\u00e9 comme pi\u00e8ce centrale d\u00e9corative devant le canap\u00e9 de la salle \u00e0 manger.<\/li>\n<\/ol>\n<p>Les illustrations sur chaque coffre chinois ancien repr\u00e9sentent souvent diff\u00e9rentes valeurs traditionnelles de la culture chinoise telles que la protection, la fertilit\u00e9, la prosp\u00e9rit\u00e9 et le statut de la famille qui le poss\u00e8de. Ce sont des objets appr\u00e9ci\u00e9s pour leur beaut\u00e9 artistique et leur lien avec l&#8217;histoire et la culture chinoises.<\/p>\n<p>Il est en excellent \u00e9tat de conservation, \u00e0 l&#8217;exception des imperfections caract\u00e9ristiques de toute antiquit\u00e9, dues au passage du temps.<\/p>\n<p>Il peut \u00eatre combin\u00e9 avec l&#8217;un de nos <a href=\"https:\/\/amaruantiques.com\/fr\/categoria-producto\/buffets-anciens\/\">buffets anciens<\/a>.<\/p>\n<p><em>PI\u00c8CE UNIQUE<\/em><\/p>\n","protected":false},"excerpt":{"rendered":"<p><strong>Coffre ancien en bois<\/strong> avec illustrations de vases en porcelaine (Chine, vers 1900) #2<\/p>\n<p><strong>Dimensions: <\/strong>76 x 50 x 35 cm (Longueur x Largeur x Hauteur)<\/p>\n<p><em>PI\u00c8CE UNIQUE<\/em><\/p>\n","protected":false},"featured_media":226099,"template":"","meta":[],"product_brand":[],"product_cat":[608],"product_tag":[748,749],"class_list":{"0":"post-212190","1":"product","2":"type-product","3":"status-publish","4":"has-post-thumbnail","6":"product_cat-malles-anciennes","7":"product_tag-coffres-anciens","8":"product_tag-malles-anciennes","9":"product_shipping_class-large-150-fr","10":"pa_estilo-dynastie-qing","12":"first","13":"instock","14":"taxable","15":"shipping-taxable","16":"purchasable","17":"product-type-simple"},"yoast_head":"<!-- This site is optimized with the Yoast SEO plugin v26.0 - https:\/\/yoast.com\/wordpress\/plugins\/seo\/ -->\n<title>Coffre ancien en bois | Coffre chinois | AMARU ANTIQUES<\/title>\n<meta name=\"description\" content=\"Coffre ancien en bois avec illustrations de vases en porcelaine (Chine, vers 1900). D\u00e9couvrez d&#039;autres malles anciennes et autres pi\u00e8ces uniques sur notre site internet...\" \/>\n<meta name=\"robots\" content=\"index, follow, max-snippet:-1, max-image-preview:large, max-video-preview:-1\" \/>\n<link rel=\"canonical\" href=\"https:\/\/amaruoptim.stg.uzero.cat\/fr\/meubles-anciens\/malles-anciennes\/coffre-ancien-en-bois-avec-illustrations-vases-porcelaine-am08026-2\/\" \/>\n<meta property=\"og:locale\" content=\"fr_FR\" \/>\n<meta property=\"og:type\" content=\"article\" \/>\n<meta property=\"og:title\" content=\"Coffre ancien en bois | Coffre chinois | AMARU ANTIQUES\" \/>\n<meta property=\"og:description\" content=\"Coffre ancien en bois avec illustrations de vases en porcelaine (Chine, vers 1900). D\u00e9couvrez d&#039;autres malles anciennes et autres pi\u00e8ces uniques sur notre site internet...\" \/>\n<meta property=\"og:url\" content=\"https:\/\/amaruoptim.stg.uzero.cat\/fr\/meubles-anciens\/malles-anciennes\/coffre-ancien-en-bois-avec-illustrations-vases-porcelaine-am08026-2\/\" \/>\n<meta property=\"og:site_name\" content=\"AMARU\" \/>\n<meta property=\"article:modified_time\" content=\"2025-06-26T15:45:35+00:00\" \/>\n<meta property=\"og:image\" content=\"https:\/\/amaruantiques.com\/wp-content\/uploads\/2025\/06\/AM08026-2-D-2-1-2.jpg\" \/>\n\t<meta property=\"og:image:width\" content=\"924\" \/>\n\t<meta property=\"og:image:height\" content=\"924\" \/>\n\t<meta property=\"og:image:type\" content=\"image\/jpeg\" \/>\n<meta name=\"twitter:card\" content=\"summary_large_image\" \/>\n<meta name=\"twitter:label1\" content=\"Dur\u00e9e de lecture estim\u00e9e\" \/>\n\t<meta name=\"twitter:data1\" content=\"2 minutes\" \/>\n<!-- \/ Yoast SEO plugin. -->","yoast_head_json":{"title":"Coffre ancien en bois | Coffre chinois | AMARU ANTIQUES","description":"Coffre ancien en bois avec illustrations de vases en porcelaine (Chine, vers 1900). D\u00e9couvrez d'autres malles anciennes et autres pi\u00e8ces uniques sur notre site internet...","robots":{"index":"index","follow":"follow","max-snippet":"max-snippet:-1","max-image-preview":"max-image-preview:large","max-video-preview":"max-video-preview:-1"},"canonical":"https:\/\/amaruoptim.stg.uzero.cat\/fr\/meubles-anciens\/malles-anciennes\/coffre-ancien-en-bois-avec-illustrations-vases-porcelaine-am08026-2\/","og_locale":"fr_FR","og_type":"article","og_title":"Coffre ancien en bois | Coffre chinois | AMARU ANTIQUES","og_description":"Coffre ancien en bois avec illustrations de vases en porcelaine (Chine, vers 1900). D\u00e9couvrez d'autres malles anciennes et autres pi\u00e8ces uniques sur notre site internet...","og_url":"https:\/\/amaruoptim.stg.uzero.cat\/fr\/meubles-anciens\/malles-anciennes\/coffre-ancien-en-bois-avec-illustrations-vases-porcelaine-am08026-2\/","og_site_name":"AMARU","article_modified_time":"2025-06-26T15:45:35+00:00","og_image":[{"width":924,"height":924,"url":"https:\/\/amaruantiques.com\/wp-content\/uploads\/2025\/06\/AM08026-2-D-2-1-2.jpg","type":"image\/jpeg"}],"twitter_card":"summary_large_image","twitter_misc":{"Dur\u00e9e de lecture estim\u00e9e":"2 minutes"},"schema":{"@context":"https:\/\/schema.org","@graph":[{"@type":"WebPage","@id":"https:\/\/amaruoptim.stg.uzero.cat\/fr\/meubles-anciens\/malles-anciennes\/coffre-ancien-en-bois-avec-illustrations-vases-porcelaine-am08026-2\/","url":"https:\/\/amaruoptim.stg.uzero.cat\/fr\/meubles-anciens\/malles-anciennes\/coffre-ancien-en-bois-avec-illustrations-vases-porcelaine-am08026-2\/","name":"Coffre ancien en bois | Coffre chinois | AMARU ANTIQUES","isPartOf":{"@id":"https:\/\/amaruantiques.com\/#website"},"primaryImageOfPage":{"@id":"https:\/\/amaruoptim.stg.uzero.cat\/fr\/meubles-anciens\/malles-anciennes\/coffre-ancien-en-bois-avec-illustrations-vases-porcelaine-am08026-2\/#primaryimage"},"image":{"@id":"https:\/\/amaruoptim.stg.uzero.cat\/fr\/meubles-anciens\/malles-anciennes\/coffre-ancien-en-bois-avec-illustrations-vases-porcelaine-am08026-2\/#primaryimage"},"thumbnailUrl":"https:\/\/amaruoptim.stg.uzero.cat\/wp-content\/uploads\/2025\/06\/AM08026-2-D-2-1-2.jpg","datePublished":"2023-05-12T14:05:27+00:00","dateModified":"2025-06-26T15:45:35+00:00","description":"Coffre ancien en bois avec illustrations de vases en porcelaine (Chine, vers 1900). D\u00e9couvrez d'autres malles anciennes et autres pi\u00e8ces uniques sur notre site internet...","breadcrumb":{"@id":"https:\/\/amaruoptim.stg.uzero.cat\/fr\/meubles-anciens\/malles-anciennes\/coffre-ancien-en-bois-avec-illustrations-vases-porcelaine-am08026-2\/#breadcrumb"},"inLanguage":"fr-FR","potentialAction":[{"@type":"ReadAction","target":["https:\/\/amaruoptim.stg.uzero.cat\/fr\/meubles-anciens\/malles-anciennes\/coffre-ancien-en-bois-avec-illustrations-vases-porcelaine-am08026-2\/"]}]},{"@type":"ImageObject","inLanguage":"fr-FR","@id":"https:\/\/amaruoptim.stg.uzero.cat\/fr\/meubles-anciens\/malles-anciennes\/coffre-ancien-en-bois-avec-illustrations-vases-porcelaine-am08026-2\/#primaryimage","url":"https:\/\/amaruoptim.stg.uzero.cat\/wp-content\/uploads\/2025\/06\/AM08026-2-D-2-1-2.jpg","contentUrl":"https:\/\/amaruoptim.stg.uzero.cat\/wp-content\/uploads\/2025\/06\/AM08026-2-D-2-1-2.jpg","width":924,"height":924},{"@type":"BreadcrumbList","@id":"https:\/\/amaruoptim.stg.uzero.cat\/fr\/meubles-anciens\/malles-anciennes\/coffre-ancien-en-bois-avec-illustrations-vases-porcelaine-am08026-2\/#breadcrumb","itemListElement":[{"@type":"ListItem","position":1,"name":"Accueil","item":"https:\/\/amaruantiques.com\/fr\/"},{"@type":"ListItem","position":2,"name":"Boutique","item":"https:\/\/amaruantiques.com\/fr\/boutique\/"},{"@type":"ListItem","position":3,"name":"Coffre ancien en bois avec illustrations de vases en porcelaine (Chine, vers 1900) #2"}]},{"@type":"WebSite","@id":"https:\/\/amaruantiques.com\/#website","url":"https:\/\/amaruantiques.com\/","name":"AMARU - Timeless Antiques","description":"Timeless antiques","publisher":{"@id":"https:\/\/amaruantiques.com\/#organization"},"potentialAction":[{"@type":"SearchAction","target":{"@type":"EntryPoint","urlTemplate":"https:\/\/amaruantiques.com\/?s={search_term_string}"},"query-input":{"@type":"PropertyValueSpecification","valueRequired":true,"valueName":"search_term_string"}}],"inLanguage":"fr-FR"},{"@type":"Organization","@id":"https:\/\/amaruantiques.com\/#organization","name":"AMARU","url":"https:\/\/amaruantiques.com\/","logo":{"@type":"ImageObject","inLanguage":"fr-FR","@id":"https:\/\/amaruantiques.com\/#\/schema\/logo\/image\/","url":"https:\/\/amaruoptim.stg.uzero.cat\/wp-content\/uploads\/2025\/04\/logo-AMARU.svg","contentUrl":"https:\/\/amaruoptim.stg.uzero.cat\/wp-content\/uploads\/2025\/04\/logo-AMARU.svg","caption":"AMARU"},"image":{"@id":"https:\/\/amaruantiques.com\/#\/schema\/logo\/image\/"}}]}},"_links":{"self":[{"href":"https:\/\/amaruoptim.stg.uzero.cat\/fr\/wp-json\/wp\/v2\/product\/212190","targetHints":{"allow":["GET"]}}],"collection":[{"href":"https:\/\/amaruoptim.stg.uzero.cat\/fr\/wp-json\/wp\/v2\/product"}],"about":[{"href":"https:\/\/amaruoptim.stg.uzero.cat\/fr\/wp-json\/wp\/v2\/types\/product"}],"wp:featuredmedia":[{"embeddable":true,"href":"https:\/\/amaruoptim.stg.uzero.cat\/fr\/wp-json\/wp\/v2\/media\/226099"}],"wp:attachment":[{"href":"https:\/\/amaruoptim.stg.uzero.cat\/fr\/wp-json\/wp\/v2\/media?parent=212190"}],"wp:term":[{"taxonomy":"product_brand","embeddable":true,"href":"https:\/\/amaruoptim.stg.uzero.cat\/fr\/wp-json\/wp\/v2\/product_brand?post=212190"},{"taxonomy":"product_cat","embeddable":true,"href":"https:\/\/amaruoptim.stg.uzero.cat\/fr\/wp-json\/wp\/v2\/product_cat?post=212190"},{"taxonomy":"product_tag","embeddable":true,"href":"https:\/\/amaruoptim.stg.uzero.cat\/fr\/wp-json\/wp\/v2\/product_tag?post=212190"}],"curies":[{"name":"wp","href":"https:\/\/api.w.org\/{rel}","templated":true}]}}