{"id":212174,"date":"2023-05-11T13:43:07","date_gmt":"2023-05-11T13:43:07","guid":{"rendered":"https:\/\/amaruantiques.com\/?post_type=product&#038;p=212174"},"modified":"2025-06-26T15:45:26","modified_gmt":"2025-06-26T15:45:26","slug":"coffre-d-opera-ancien-avec-illustrations-pies-am08024-25","status":"publish","type":"product","link":"https:\/\/amaruoptim.stg.uzero.cat\/fr\/meubles-anciens\/malles-anciennes\/coffre-d-opera-ancien-avec-illustrations-pies-am08024-25\/","title":{"rendered":"Coffre d&#8217;op\u00e9ra ancien avec illustrations de pies (Chine, vers 1900) #25"},"content":{"rendered":"<p><strong>Coffre d&#8217;op\u00e9ra ancien<\/strong> avec illustrations de pies (Chine, vers 1900) #25<\/p>\n<ul>\n<li><strong>R\u00e9f.:<\/strong> AM08024-25<\/li>\n<li><strong>Dimensions: <\/strong>86 x 53 x 56 cm (Longueur x Largeur x Hauteur)<\/li>\n<li><strong>\u00c2ge:<\/strong> 120 ans<\/li>\n<li><strong>Mat\u00e9riel:<\/strong> Bois de pin massif<\/li>\n<li><strong>Origine:<\/strong> Chine<\/li>\n<\/ul>\n<p>Notre <em>coffre d&#8217;op\u00e9ra ancien <\/em>est une pi\u00e8ce unique qui se distingue par:<\/p>\n<ol>\n<li>Ses d\u00e9tails dans le contour de la v\u00e9g\u00e9tation repr\u00e9sent\u00e9e sur les c\u00f4t\u00e9s.<\/li>\n<li>L&#8217;apparition de la pie dans la botte, en langue chinoise et en dessin. Dans la po\u00e9sie et la litt\u00e9rature chinoises, la pie est mentionn\u00e9e comme un symbole de beaut\u00e9 et d&#8217;\u00e9l\u00e9gance en raison de son plumage noir et blanc saisissant. En outre, dans certaines r\u00e9gions de Chine, la pie a \u00e9t\u00e9 utilis\u00e9e comme symbole de chance et de fortune.<\/li>\n<li>Il peut \u00eatre utilis\u00e9 comme pi\u00e8ce centrale d\u00e9corative devant le canap\u00e9 de la salle \u00e0 manger.<\/li>\n<\/ol>\n<p>Le coffre d&#8217;op\u00e9ra chinois ancien est un meuble traditionnel qui servait \u00e0 ranger et \u00e0 transporter les costumes et les accessoires utilis\u00e9s lors des repr\u00e9sentations d&#8217;op\u00e9ra.<span class=\"Apple-converted-space\"> <\/span><\/p>\n<p>La plupart des malles d&#8217;op\u00e9ra anciennes repr\u00e9sentent des sc\u00e8nes de la vie quotidienne, des paysages ou des personnages d&#8217;histoires populaires, le tout avec beaucoup de d\u00e9tails et de pr\u00e9cision.<\/p>\n<p>Ces malles d&#8217;op\u00e9ra anciennes sont consid\u00e9r\u00e9es comme des tr\u00e9sors culturels pr\u00e9cieux en Chine et sont devenues des objets de collection tr\u00e8s pris\u00e9s des amateurs d&#8217;art et d&#8217;histoire. En outre, leur beaut\u00e9 et la qualit\u00e9 de leur fabrication en font des objets de d\u00e9coration tr\u00e8s pris\u00e9s dans les maisons et les espaces culturels.<\/p>\n<p>Il est en excellent \u00e9tat de conservation, \u00e0 l&#8217;exception des imperfections caract\u00e9ristiques de toute antiquit\u00e9, dues au passage du temps.<\/p>\n<p>Il peut \u00eatre combin\u00e9 avec l&#8217;un de nos <a href=\"https:\/\/amaruantiques.com\/fr\/categoria-producto\/buffets-anciens\/\">buffets anciens<\/a>.<\/p>\n<p><em>PI\u00c8CE UNIQUE<\/em><\/p>\n","protected":false},"excerpt":{"rendered":"<p><strong>Coffre d&#8217;op\u00e9ra ancien<\/strong> avec illustrations de pies (Chine, vers 1900) #25<\/p>\n<p><strong>Dimensions: <\/strong>86 x 53 x 56 cm (Longueur x Largeur x Hauteur)<\/p>\n<p><em>PI\u00c8CE UNIQUE<\/em><\/p>\n","protected":false},"featured_media":225838,"template":"","meta":[],"product_brand":[],"product_cat":[608],"product_tag":[748,749],"class_list":{"0":"post-212174","1":"product","2":"type-product","3":"status-publish","4":"has-post-thumbnail","6":"product_cat-malles-anciennes","7":"product_tag-coffres-anciens","8":"product_tag-malles-anciennes","9":"product_shipping_class-gran-cargo-400-fr","10":"pa_estilo-dynastie-qing","12":"first","13":"instock","14":"taxable","15":"shipping-taxable","16":"purchasable","17":"product-type-simple"},"yoast_head":"<!-- This site is optimized with the Yoast SEO plugin v26.0 - https:\/\/yoast.com\/wordpress\/plugins\/seo\/ -->\n<title>Coffre d&#039;op\u00e9ra ancien | Malle illustr\u00e9e | AMARU ANTIQUES<\/title>\n<meta name=\"description\" content=\"Coffre d&#039;op\u00e9ra ancien avec illustrations de pies (Chine, vers 1900). D\u00e9couvrez d&#039;autres malles anciennes et autres pi\u00e8ces uniques sur notre site internet...\" \/>\n<meta name=\"robots\" content=\"index, follow, max-snippet:-1, max-image-preview:large, max-video-preview:-1\" \/>\n<link rel=\"canonical\" href=\"https:\/\/amaruoptim.stg.uzero.cat\/fr\/meubles-anciens\/malles-anciennes\/coffre-d-opera-ancien-avec-illustrations-pies-am08024-25\/\" \/>\n<meta property=\"og:locale\" content=\"fr_FR\" \/>\n<meta property=\"og:type\" content=\"article\" \/>\n<meta property=\"og:title\" content=\"Coffre d&#039;op\u00e9ra ancien | Malle illustr\u00e9e | AMARU ANTIQUES\" \/>\n<meta property=\"og:description\" content=\"Coffre d&#039;op\u00e9ra ancien avec illustrations de pies (Chine, vers 1900). D\u00e9couvrez d&#039;autres malles anciennes et autres pi\u00e8ces uniques sur notre site internet...\" \/>\n<meta property=\"og:url\" content=\"https:\/\/amaruoptim.stg.uzero.cat\/fr\/meubles-anciens\/malles-anciennes\/coffre-d-opera-ancien-avec-illustrations-pies-am08024-25\/\" \/>\n<meta property=\"og:site_name\" content=\"AMARU\" \/>\n<meta property=\"article:modified_time\" content=\"2025-06-26T15:45:26+00:00\" \/>\n<meta property=\"og:image\" content=\"https:\/\/amaruantiques.com\/wp-content\/uploads\/2025\/06\/AM08024-25-D-1-1-2.jpg\" \/>\n\t<meta property=\"og:image:width\" content=\"924\" \/>\n\t<meta property=\"og:image:height\" content=\"924\" \/>\n\t<meta property=\"og:image:type\" content=\"image\/jpeg\" \/>\n<meta name=\"twitter:card\" content=\"summary_large_image\" \/>\n<meta name=\"twitter:label1\" content=\"Dur\u00e9e de lecture estim\u00e9e\" \/>\n\t<meta name=\"twitter:data1\" content=\"2 minutes\" \/>\n<!-- \/ Yoast SEO plugin. -->","yoast_head_json":{"title":"Coffre d'op\u00e9ra ancien | Malle illustr\u00e9e | AMARU ANTIQUES","description":"Coffre d'op\u00e9ra ancien avec illustrations de pies (Chine, vers 1900). D\u00e9couvrez d'autres malles anciennes et autres pi\u00e8ces uniques sur notre site internet...","robots":{"index":"index","follow":"follow","max-snippet":"max-snippet:-1","max-image-preview":"max-image-preview:large","max-video-preview":"max-video-preview:-1"},"canonical":"https:\/\/amaruoptim.stg.uzero.cat\/fr\/meubles-anciens\/malles-anciennes\/coffre-d-opera-ancien-avec-illustrations-pies-am08024-25\/","og_locale":"fr_FR","og_type":"article","og_title":"Coffre d'op\u00e9ra ancien | Malle illustr\u00e9e | AMARU ANTIQUES","og_description":"Coffre d'op\u00e9ra ancien avec illustrations de pies (Chine, vers 1900). D\u00e9couvrez d'autres malles anciennes et autres pi\u00e8ces uniques sur notre site internet...","og_url":"https:\/\/amaruoptim.stg.uzero.cat\/fr\/meubles-anciens\/malles-anciennes\/coffre-d-opera-ancien-avec-illustrations-pies-am08024-25\/","og_site_name":"AMARU","article_modified_time":"2025-06-26T15:45:26+00:00","og_image":[{"width":924,"height":924,"url":"https:\/\/amaruantiques.com\/wp-content\/uploads\/2025\/06\/AM08024-25-D-1-1-2.jpg","type":"image\/jpeg"}],"twitter_card":"summary_large_image","twitter_misc":{"Dur\u00e9e de lecture estim\u00e9e":"2 minutes"},"schema":{"@context":"https:\/\/schema.org","@graph":[{"@type":"WebPage","@id":"https:\/\/amaruoptim.stg.uzero.cat\/fr\/meubles-anciens\/malles-anciennes\/coffre-d-opera-ancien-avec-illustrations-pies-am08024-25\/","url":"https:\/\/amaruoptim.stg.uzero.cat\/fr\/meubles-anciens\/malles-anciennes\/coffre-d-opera-ancien-avec-illustrations-pies-am08024-25\/","name":"Coffre d'op\u00e9ra ancien | Malle illustr\u00e9e | AMARU ANTIQUES","isPartOf":{"@id":"https:\/\/amaruantiques.com\/#website"},"primaryImageOfPage":{"@id":"https:\/\/amaruoptim.stg.uzero.cat\/fr\/meubles-anciens\/malles-anciennes\/coffre-d-opera-ancien-avec-illustrations-pies-am08024-25\/#primaryimage"},"image":{"@id":"https:\/\/amaruoptim.stg.uzero.cat\/fr\/meubles-anciens\/malles-anciennes\/coffre-d-opera-ancien-avec-illustrations-pies-am08024-25\/#primaryimage"},"thumbnailUrl":"https:\/\/amaruoptim.stg.uzero.cat\/wp-content\/uploads\/2025\/06\/AM08024-25-D-1-1-2.jpg","datePublished":"2023-05-11T13:43:07+00:00","dateModified":"2025-06-26T15:45:26+00:00","description":"Coffre d'op\u00e9ra ancien avec illustrations de pies (Chine, vers 1900). D\u00e9couvrez d'autres malles anciennes et autres pi\u00e8ces uniques sur notre site internet...","breadcrumb":{"@id":"https:\/\/amaruoptim.stg.uzero.cat\/fr\/meubles-anciens\/malles-anciennes\/coffre-d-opera-ancien-avec-illustrations-pies-am08024-25\/#breadcrumb"},"inLanguage":"fr-FR","potentialAction":[{"@type":"ReadAction","target":["https:\/\/amaruoptim.stg.uzero.cat\/fr\/meubles-anciens\/malles-anciennes\/coffre-d-opera-ancien-avec-illustrations-pies-am08024-25\/"]}]},{"@type":"ImageObject","inLanguage":"fr-FR","@id":"https:\/\/amaruoptim.stg.uzero.cat\/fr\/meubles-anciens\/malles-anciennes\/coffre-d-opera-ancien-avec-illustrations-pies-am08024-25\/#primaryimage","url":"https:\/\/amaruoptim.stg.uzero.cat\/wp-content\/uploads\/2025\/06\/AM08024-25-D-1-1-2.jpg","contentUrl":"https:\/\/amaruoptim.stg.uzero.cat\/wp-content\/uploads\/2025\/06\/AM08024-25-D-1-1-2.jpg","width":924,"height":924},{"@type":"BreadcrumbList","@id":"https:\/\/amaruoptim.stg.uzero.cat\/fr\/meubles-anciens\/malles-anciennes\/coffre-d-opera-ancien-avec-illustrations-pies-am08024-25\/#breadcrumb","itemListElement":[{"@type":"ListItem","position":1,"name":"Accueil","item":"https:\/\/amaruantiques.com\/fr\/"},{"@type":"ListItem","position":2,"name":"Boutique","item":"https:\/\/amaruantiques.com\/fr\/boutique\/"},{"@type":"ListItem","position":3,"name":"Coffre d&#8217;op\u00e9ra ancien avec illustrations de pies (Chine, vers 1900) #25"}]},{"@type":"WebSite","@id":"https:\/\/amaruantiques.com\/#website","url":"https:\/\/amaruantiques.com\/","name":"AMARU - Timeless Antiques","description":"Timeless antiques","publisher":{"@id":"https:\/\/amaruantiques.com\/#organization"},"potentialAction":[{"@type":"SearchAction","target":{"@type":"EntryPoint","urlTemplate":"https:\/\/amaruantiques.com\/?s={search_term_string}"},"query-input":{"@type":"PropertyValueSpecification","valueRequired":true,"valueName":"search_term_string"}}],"inLanguage":"fr-FR"},{"@type":"Organization","@id":"https:\/\/amaruantiques.com\/#organization","name":"AMARU","url":"https:\/\/amaruantiques.com\/","logo":{"@type":"ImageObject","inLanguage":"fr-FR","@id":"https:\/\/amaruantiques.com\/#\/schema\/logo\/image\/","url":"https:\/\/amaruoptim.stg.uzero.cat\/wp-content\/uploads\/2025\/04\/logo-AMARU.svg","contentUrl":"https:\/\/amaruoptim.stg.uzero.cat\/wp-content\/uploads\/2025\/04\/logo-AMARU.svg","caption":"AMARU"},"image":{"@id":"https:\/\/amaruantiques.com\/#\/schema\/logo\/image\/"}}]}},"_links":{"self":[{"href":"https:\/\/amaruoptim.stg.uzero.cat\/fr\/wp-json\/wp\/v2\/product\/212174","targetHints":{"allow":["GET"]}}],"collection":[{"href":"https:\/\/amaruoptim.stg.uzero.cat\/fr\/wp-json\/wp\/v2\/product"}],"about":[{"href":"https:\/\/amaruoptim.stg.uzero.cat\/fr\/wp-json\/wp\/v2\/types\/product"}],"wp:featuredmedia":[{"embeddable":true,"href":"https:\/\/amaruoptim.stg.uzero.cat\/fr\/wp-json\/wp\/v2\/media\/225838"}],"wp:attachment":[{"href":"https:\/\/amaruoptim.stg.uzero.cat\/fr\/wp-json\/wp\/v2\/media?parent=212174"}],"wp:term":[{"taxonomy":"product_brand","embeddable":true,"href":"https:\/\/amaruoptim.stg.uzero.cat\/fr\/wp-json\/wp\/v2\/product_brand?post=212174"},{"taxonomy":"product_cat","embeddable":true,"href":"https:\/\/amaruoptim.stg.uzero.cat\/fr\/wp-json\/wp\/v2\/product_cat?post=212174"},{"taxonomy":"product_tag","embeddable":true,"href":"https:\/\/amaruoptim.stg.uzero.cat\/fr\/wp-json\/wp\/v2\/product_tag?post=212174"}],"curies":[{"name":"wp","href":"https:\/\/api.w.org\/{rel}","templated":true}]}}