{"id":212114,"date":"2022-08-19T14:08:03","date_gmt":"2022-08-19T14:08:04","guid":{"rendered":"https:\/\/amaruantiques.com\/?post_type=product&#038;p=212114"},"modified":"2025-06-26T15:45:01","modified_gmt":"2025-06-26T15:45:01","slug":"ilot-de-cuisine-ancien-en-bois-avec-portes-sur-les-deux-cotes-vers-1850","status":"publish","type":"product","link":"https:\/\/amaruoptim.stg.uzero.cat\/fr\/meubles-anciens\/ilots-de-cuisine-anciennes\/ilot-de-cuisine-ancien-en-bois-avec-portes-sur-les-deux-cotes-vers-1850\/","title":{"rendered":"\u00celot de cuisine ancien en bois avec portes sur les deux c\u00f4t\u00e9s (vers 1850)"},"content":{"rendered":"<p style=\"text-align: left\"><strong>\u00celot de cuisine ancien<\/strong> en bois avec portes sur les deux c\u00f4t\u00e9s et des compartiments centraux partag\u00e9s (vers 1850).<\/p>\n<p>Notre <em>\u00eelot de cuisine ancien <\/em>est une pi\u00e8ce unique originale qui se d\u00e9marque par:<\/p>\n<ol>\n<li>Sa patine brune et dor\u00e9e qui lui apporte une irr\u00e9sistible allure intemporelle.<\/li>\n<li>Son grand espace de rangement int\u00e9rieur accessible par les portes situ\u00e9es des deux c\u00f4t\u00e9s du meuble.<\/li>\n<li>Sa fonctionnalit\u00e9 et sa facilit\u00e9 \u00e0 devenir la pi\u00e8ce maitresse de votre cuisine ou espace de vie commune.<\/li>\n<\/ol>\n<p style=\"text-align: left\">L&#8217;\u00e9tat de conservation du bois est excellent et nous avons pr\u00e9serv\u00e9 sa patine d&#8217;origine \u00e9lim\u00e9e.<\/p>\n<p style=\"text-align: left\">Cet \u00eelot se compose de trois paires de portes de chaque c\u00f4t\u00e9 qui donnent sur le m\u00eame vaste espace int\u00e9rieur.<\/p>\n<ul>\n<li><strong>R\u00e9f. :<\/strong> AM06008<\/li>\n<li><strong>Dimensions: <\/strong>180 x 80 x 80 cm (Largeur x Profondeur x Hauteur)<\/li>\n<li><strong>Mat\u00e9riau:<\/strong> Bois du pin<\/li>\n<li><strong>Provenance:<\/strong> France<\/li>\n<\/ul>\n<p>Donnez \u00e0 votre maison une touche d&#8217;originalit\u00e9 et d&#8217;authenticit\u00e9 avec ce meuble ancien, cette <a href=\"https:\/\/amaruantiques.com\/fr\/meubles-anciens\/buffets-anciens\/ilot-de-cuisine-ancien-en-bois-avec-portes-sur-les-deux-cotes-vers-1850\/\">pi\u00e8ce unique<\/a> (comme nous en avons tant d&#8217;autres \u00e0 vous proposer) qui s&#8217;int\u00e8grera au style contemporain de votre environnement. Cet \u00eelot de cuisine en bois peut \u00e9galement servir de comptoir dans un magasin ou de banque dans un espace d&#8217;accueil. Il peut \u00eatre accompagn\u00e9 d&#8217;autres pi\u00e8ces vintage uniques disponibles dans notre catalogue en ligne.<\/p>\n<p><em>PI\u00c8CE UNIQUE<\/em><\/p>\n","protected":false},"excerpt":{"rendered":"<p><strong>\u00celot de cuisine ancien<\/strong> en bois avec portes sur les deux c\u00f4t\u00e9s et des compartiments centraux partag\u00e9s (vers 1850).<\/p>\n<p><strong>Dimensions: <\/strong>180 x 80 x 80 cm (Largeur x Profondeur x Hauteur)<\/p>\n<p><em>PI\u00c8CE UNIQUE<\/em><\/p>\n","protected":false},"featured_media":224971,"template":"","meta":[],"product_brand":[],"product_cat":[631],"product_tag":[76],"class_list":{"0":"post-212114","1":"product","2":"type-product","3":"status-publish","4":"has-post-thumbnail","6":"product_cat-ilots-de-cuisine-anciennes","7":"product_tag-buffet-ancien","8":"product_shipping_class-gran-cargo-1200-fr","9":"pa_estilo-style-rustique","11":"first","12":"instock","13":"sale","14":"sold-individually","15":"taxable","16":"shipping-taxable","17":"purchasable","18":"product-type-simple"},"yoast_head":"<!-- This site is optimized with the Yoast SEO plugin v26.0 - https:\/\/yoast.com\/wordpress\/plugins\/seo\/ -->\n<title>\u00celot de cuisine ancien | \u00celot de cuisine en bois | AMARU<\/title>\n<meta name=\"description\" content=\"\u00celot de cuisine ancien en bois avec portes sur les deux c\u00f4t\u00e9s (vers 1850). D\u00e9couvrez plus de pi\u00e8ces uniques et de meubles anciens sur notre site\" \/>\n<meta name=\"robots\" content=\"index, follow, max-snippet:-1, max-image-preview:large, max-video-preview:-1\" \/>\n<link rel=\"canonical\" href=\"https:\/\/amaruoptim.stg.uzero.cat\/fr\/meubles-anciens\/ilots-de-cuisine-anciennes\/ilot-de-cuisine-ancien-en-bois-avec-portes-sur-les-deux-cotes-vers-1850\/\" \/>\n<meta property=\"og:locale\" content=\"fr_FR\" \/>\n<meta property=\"og:type\" content=\"article\" \/>\n<meta property=\"og:title\" content=\"\u00celot de cuisine ancien | \u00celot de cuisine en bois | AMARU\" \/>\n<meta property=\"og:description\" content=\"\u00celot de cuisine ancien en bois avec portes sur les deux c\u00f4t\u00e9s (vers 1850). D\u00e9couvrez plus de pi\u00e8ces uniques et de meubles anciens sur notre site\" \/>\n<meta property=\"og:url\" content=\"https:\/\/amaruoptim.stg.uzero.cat\/fr\/meubles-anciens\/ilots-de-cuisine-anciennes\/ilot-de-cuisine-ancien-en-bois-avec-portes-sur-les-deux-cotes-vers-1850\/\" \/>\n<meta property=\"og:site_name\" content=\"AMARU\" \/>\n<meta property=\"article:modified_time\" content=\"2025-06-26T15:45:01+00:00\" \/>\n<meta property=\"og:image\" content=\"https:\/\/amaruantiques.com\/wp-content\/uploads\/2025\/06\/AM06008-10-2.jpg\" \/>\n\t<meta property=\"og:image:width\" content=\"924\" \/>\n\t<meta property=\"og:image:height\" content=\"924\" \/>\n\t<meta property=\"og:image:type\" content=\"image\/jpeg\" \/>\n<meta name=\"twitter:card\" content=\"summary_large_image\" \/>\n<meta name=\"twitter:label1\" content=\"Dur\u00e9e de lecture estim\u00e9e\" \/>\n\t<meta name=\"twitter:data1\" content=\"2 minutes\" \/>\n<!-- \/ Yoast SEO plugin. -->","yoast_head_json":{"title":"\u00celot de cuisine ancien | \u00celot de cuisine en bois | AMARU","description":"\u00celot de cuisine ancien en bois avec portes sur les deux c\u00f4t\u00e9s (vers 1850). D\u00e9couvrez plus de pi\u00e8ces uniques et de meubles anciens sur notre site","robots":{"index":"index","follow":"follow","max-snippet":"max-snippet:-1","max-image-preview":"max-image-preview:large","max-video-preview":"max-video-preview:-1"},"canonical":"https:\/\/amaruoptim.stg.uzero.cat\/fr\/meubles-anciens\/ilots-de-cuisine-anciennes\/ilot-de-cuisine-ancien-en-bois-avec-portes-sur-les-deux-cotes-vers-1850\/","og_locale":"fr_FR","og_type":"article","og_title":"\u00celot de cuisine ancien | \u00celot de cuisine en bois | AMARU","og_description":"\u00celot de cuisine ancien en bois avec portes sur les deux c\u00f4t\u00e9s (vers 1850). D\u00e9couvrez plus de pi\u00e8ces uniques et de meubles anciens sur notre site","og_url":"https:\/\/amaruoptim.stg.uzero.cat\/fr\/meubles-anciens\/ilots-de-cuisine-anciennes\/ilot-de-cuisine-ancien-en-bois-avec-portes-sur-les-deux-cotes-vers-1850\/","og_site_name":"AMARU","article_modified_time":"2025-06-26T15:45:01+00:00","og_image":[{"width":924,"height":924,"url":"https:\/\/amaruantiques.com\/wp-content\/uploads\/2025\/06\/AM06008-10-2.jpg","type":"image\/jpeg"}],"twitter_card":"summary_large_image","twitter_misc":{"Dur\u00e9e de lecture estim\u00e9e":"2 minutes"},"schema":{"@context":"https:\/\/schema.org","@graph":[{"@type":"WebPage","@id":"https:\/\/amaruoptim.stg.uzero.cat\/fr\/meubles-anciens\/ilots-de-cuisine-anciennes\/ilot-de-cuisine-ancien-en-bois-avec-portes-sur-les-deux-cotes-vers-1850\/","url":"https:\/\/amaruoptim.stg.uzero.cat\/fr\/meubles-anciens\/ilots-de-cuisine-anciennes\/ilot-de-cuisine-ancien-en-bois-avec-portes-sur-les-deux-cotes-vers-1850\/","name":"\u00celot de cuisine ancien | \u00celot de cuisine en bois | AMARU","isPartOf":{"@id":"https:\/\/amaruantiques.com\/#website"},"primaryImageOfPage":{"@id":"https:\/\/amaruoptim.stg.uzero.cat\/fr\/meubles-anciens\/ilots-de-cuisine-anciennes\/ilot-de-cuisine-ancien-en-bois-avec-portes-sur-les-deux-cotes-vers-1850\/#primaryimage"},"image":{"@id":"https:\/\/amaruoptim.stg.uzero.cat\/fr\/meubles-anciens\/ilots-de-cuisine-anciennes\/ilot-de-cuisine-ancien-en-bois-avec-portes-sur-les-deux-cotes-vers-1850\/#primaryimage"},"thumbnailUrl":"https:\/\/amaruoptim.stg.uzero.cat\/wp-content\/uploads\/2025\/06\/AM06008-10-2.jpg","datePublished":"2022-08-19T14:08:04+00:00","dateModified":"2025-06-26T15:45:01+00:00","description":"\u00celot de cuisine ancien en bois avec portes sur les deux c\u00f4t\u00e9s (vers 1850). D\u00e9couvrez plus de pi\u00e8ces uniques et de meubles anciens sur notre site","breadcrumb":{"@id":"https:\/\/amaruoptim.stg.uzero.cat\/fr\/meubles-anciens\/ilots-de-cuisine-anciennes\/ilot-de-cuisine-ancien-en-bois-avec-portes-sur-les-deux-cotes-vers-1850\/#breadcrumb"},"inLanguage":"fr-FR","potentialAction":[{"@type":"ReadAction","target":["https:\/\/amaruoptim.stg.uzero.cat\/fr\/meubles-anciens\/ilots-de-cuisine-anciennes\/ilot-de-cuisine-ancien-en-bois-avec-portes-sur-les-deux-cotes-vers-1850\/"]}]},{"@type":"ImageObject","inLanguage":"fr-FR","@id":"https:\/\/amaruoptim.stg.uzero.cat\/fr\/meubles-anciens\/ilots-de-cuisine-anciennes\/ilot-de-cuisine-ancien-en-bois-avec-portes-sur-les-deux-cotes-vers-1850\/#primaryimage","url":"https:\/\/amaruoptim.stg.uzero.cat\/wp-content\/uploads\/2025\/06\/AM06008-10-2.jpg","contentUrl":"https:\/\/amaruoptim.stg.uzero.cat\/wp-content\/uploads\/2025\/06\/AM06008-10-2.jpg","width":924,"height":924},{"@type":"BreadcrumbList","@id":"https:\/\/amaruoptim.stg.uzero.cat\/fr\/meubles-anciens\/ilots-de-cuisine-anciennes\/ilot-de-cuisine-ancien-en-bois-avec-portes-sur-les-deux-cotes-vers-1850\/#breadcrumb","itemListElement":[{"@type":"ListItem","position":1,"name":"Accueil","item":"https:\/\/amaruantiques.com\/fr\/"},{"@type":"ListItem","position":2,"name":"Boutique","item":"https:\/\/amaruantiques.com\/fr\/boutique\/"},{"@type":"ListItem","position":3,"name":"\u00celot de cuisine ancien en bois avec portes sur les deux c\u00f4t\u00e9s (vers 1850)"}]},{"@type":"WebSite","@id":"https:\/\/amaruantiques.com\/#website","url":"https:\/\/amaruantiques.com\/","name":"AMARU - Timeless Antiques","description":"Timeless antiques","publisher":{"@id":"https:\/\/amaruantiques.com\/#organization"},"potentialAction":[{"@type":"SearchAction","target":{"@type":"EntryPoint","urlTemplate":"https:\/\/amaruantiques.com\/?s={search_term_string}"},"query-input":{"@type":"PropertyValueSpecification","valueRequired":true,"valueName":"search_term_string"}}],"inLanguage":"fr-FR"},{"@type":"Organization","@id":"https:\/\/amaruantiques.com\/#organization","name":"AMARU","url":"https:\/\/amaruantiques.com\/","logo":{"@type":"ImageObject","inLanguage":"fr-FR","@id":"https:\/\/amaruantiques.com\/#\/schema\/logo\/image\/","url":"https:\/\/amaruoptim.stg.uzero.cat\/wp-content\/uploads\/2025\/04\/logo-AMARU.svg","contentUrl":"https:\/\/amaruoptim.stg.uzero.cat\/wp-content\/uploads\/2025\/04\/logo-AMARU.svg","caption":"AMARU"},"image":{"@id":"https:\/\/amaruantiques.com\/#\/schema\/logo\/image\/"}}]}},"_links":{"self":[{"href":"https:\/\/amaruoptim.stg.uzero.cat\/fr\/wp-json\/wp\/v2\/product\/212114","targetHints":{"allow":["GET"]}}],"collection":[{"href":"https:\/\/amaruoptim.stg.uzero.cat\/fr\/wp-json\/wp\/v2\/product"}],"about":[{"href":"https:\/\/amaruoptim.stg.uzero.cat\/fr\/wp-json\/wp\/v2\/types\/product"}],"wp:featuredmedia":[{"embeddable":true,"href":"https:\/\/amaruoptim.stg.uzero.cat\/fr\/wp-json\/wp\/v2\/media\/224971"}],"wp:attachment":[{"href":"https:\/\/amaruoptim.stg.uzero.cat\/fr\/wp-json\/wp\/v2\/media?parent=212114"}],"wp:term":[{"taxonomy":"product_brand","embeddable":true,"href":"https:\/\/amaruoptim.stg.uzero.cat\/fr\/wp-json\/wp\/v2\/product_brand?post=212114"},{"taxonomy":"product_cat","embeddable":true,"href":"https:\/\/amaruoptim.stg.uzero.cat\/fr\/wp-json\/wp\/v2\/product_cat?post=212114"},{"taxonomy":"product_tag","embeddable":true,"href":"https:\/\/amaruoptim.stg.uzero.cat\/fr\/wp-json\/wp\/v2\/product_tag?post=212114"}],"curies":[{"name":"wp","href":"https:\/\/api.w.org\/{rel}","templated":true}]}}