{"id":212093,"date":"2022-06-13T11:10:47","date_gmt":"2022-06-13T11:10:47","guid":{"rendered":"https:\/\/amaruantiques.com\/?post_type=product&#038;p=212093"},"modified":"2025-09-17T12:09:47","modified_gmt":"2025-09-17T10:09:47","slug":"armoire-ancienne-rouge-vermillon-chine-vers-1900","status":"publish","type":"product","link":"https:\/\/amaruoptim.stg.uzero.cat\/fr\/meubles-anciens\/armoires-anciennes\/armoire-ancienne-rouge-vermillon-chine-vers-1900\/","title":{"rendered":"Armoire ancienne rouge vermillon (Chine, vers 1900)"},"content":{"rendered":"<p><strong>Armoire ancienne rouge vermillon <\/strong>avec patine d&#8217;origine (Chine, vers 1900).<\/p>\n<p>Notre ancienne armoire rouge est en bois massif, et a conserv\u00e9 sa couleur rouge d&#8217;origine, d\u00e9pos\u00e9e sur le bois il y a de nombreuses ann\u00e9es.<\/p>\n<p>Ce type d&#8217;armoires \u00e9tait autrefois produit par paire, et faisait partie de la dot que la femme donnait en mariage \u00e0 son futur mari.<\/p>\n<p>Nous l&#8217;avons r\u00e9cup\u00e9r\u00e9e dans une vieille maison du centre de la Chine, et elle a \u00e9t\u00e9 minutieusement restaur\u00e9e en suivant le processus de restauration artisanal de l&#8217;\u00e9poque.<\/p>\n<p>Elle poss\u00e8de deux grandes portes qui s&#8217;ouvrent sur un tr\u00e8s grand espace pour ranger toutes sortes de v\u00eatements ou accessoires. Vous avez \u00e9galement trois tiroirs pratiques en bas.<\/p>\n<p>On aime particuli\u00e8rement la teinte sp\u00e9cifique de ce meuble, et aussi sa solidit\u00e9 apport\u00e9e par l&#8217;\u00e9paisseur du bois massif&#8230; Ce meuble sera la garde-robe qui durera dans le temps&#8230; \u00e9l\u00e9gante.<\/p>\n<ul>\n<li><strong>R\u00e9f. :<\/strong> AM03056<\/li>\n<li><strong>Dimensions :<\/strong> 133 x 59 x 175 cm (Largeur x Profondeur x Hauteur)<\/li>\n<li><strong>Age:<\/strong> 120 ans<\/li>\n<li><strong>Mat\u00e9riau:<\/strong> Bois de pin massif<\/li>\n<li><strong>Provenance :<\/strong> Chine<\/li>\n<\/ul>\n<p>Donnez une touche d&#8217;originalit\u00e9 et d&#8217;exotisme \u00e0 votre int\u00e9rieur avec cette armoire ancienne rouge vermillon, qui se mariera avec tout style d&#8217;int\u00e9rieur: contemporain ou plus traditionnel, et qui ajoutera une identit\u00e9 forte \u00e0 votre environnement. Cette armoire en bois massif peut \u00eatre associ\u00e9e avec l&#8217;un de nos <a href=\"https:\/\/amaruantiques.com\/muebles-antiguos\/aparadores-antiguos\/aparador-con-puerta-antigua-de-madera-de-pino-am01081\/\">buffets \u00e0 portes anciennes ou malles anciennes <\/a>disponibles et visibles sur notre site.<\/p>\n","protected":false},"excerpt":{"rendered":"<p><strong>Armoire ancienne rouge vermillon <\/strong>avec patine d&#8217;origine (Chine, vers 1900)<\/p>\n<p><strong>Dimensions :<\/strong> 133 x 59 x 175 cm (Largeur x Profondeur x Hauteur)<\/p>\n","protected":false},"featured_media":224734,"template":"","meta":[],"product_brand":[],"product_cat":[607,623],"product_tag":[94],"class_list":{"0":"post-212093","1":"product","2":"type-product","3":"status-publish","4":"has-post-thumbnail","6":"product_cat-armoires-anciennes","7":"product_cat-meubles-anciens-meubles-vintage","8":"product_tag-armoires-anciens","9":"product_shipping_class-gran-cargo-1600-fr","10":"pa_estilo-dynastie-qing","12":"first","13":"instock","14":"taxable","15":"shipping-taxable","16":"purchasable","17":"product-type-simple"},"yoast_head":"<!-- This site is optimized with the Yoast SEO plugin v26.0 - https:\/\/yoast.com\/wordpress\/plugins\/seo\/ -->\n<title>Armoire ancienne rouge vermillon | Armoire \u00e0 deux portes | AMARU<\/title>\n<meta name=\"description\" content=\"Armoire ancienne rouge vermillon (Chine, vers 1900). D\u00e9couvrez plus d&#039;armoires anciennes et autres pi\u00e8ces uniques sur notre site...\" \/>\n<meta name=\"robots\" content=\"index, follow, max-snippet:-1, max-image-preview:large, max-video-preview:-1\" \/>\n<link rel=\"canonical\" href=\"https:\/\/amaruoptim.stg.uzero.cat\/fr\/meubles-anciens\/armoires-anciennes\/armoire-ancienne-rouge-vermillon-chine-vers-1900\/\" \/>\n<meta property=\"og:locale\" content=\"fr_FR\" \/>\n<meta property=\"og:type\" content=\"article\" \/>\n<meta property=\"og:title\" content=\"Armoire ancienne rouge vermillon | Armoire \u00e0 deux portes | AMARU\" \/>\n<meta property=\"og:description\" content=\"Armoire ancienne rouge vermillon (Chine, vers 1900). D\u00e9couvrez plus d&#039;armoires anciennes et autres pi\u00e8ces uniques sur notre site...\" \/>\n<meta property=\"og:url\" content=\"https:\/\/amaruoptim.stg.uzero.cat\/fr\/meubles-anciens\/armoires-anciennes\/armoire-ancienne-rouge-vermillon-chine-vers-1900\/\" \/>\n<meta property=\"og:site_name\" content=\"AMARU\" \/>\n<meta property=\"article:modified_time\" content=\"2025-09-17T10:09:47+00:00\" \/>\n<meta property=\"og:image\" content=\"https:\/\/amaruantiques.com\/wp-content\/uploads\/2025\/06\/AM03056-1-2.jpg\" \/>\n\t<meta property=\"og:image:width\" content=\"924\" \/>\n\t<meta property=\"og:image:height\" content=\"924\" \/>\n\t<meta property=\"og:image:type\" content=\"image\/jpeg\" \/>\n<meta name=\"twitter:card\" content=\"summary_large_image\" \/>\n<meta name=\"twitter:label1\" content=\"Dur\u00e9e de lecture estim\u00e9e\" \/>\n\t<meta name=\"twitter:data1\" content=\"2 minutes\" \/>\n<!-- \/ Yoast SEO plugin. -->","yoast_head_json":{"title":"Armoire ancienne rouge vermillon | Armoire \u00e0 deux portes | AMARU","description":"Armoire ancienne rouge vermillon (Chine, vers 1900). D\u00e9couvrez plus d'armoires anciennes et autres pi\u00e8ces uniques sur notre site...","robots":{"index":"index","follow":"follow","max-snippet":"max-snippet:-1","max-image-preview":"max-image-preview:large","max-video-preview":"max-video-preview:-1"},"canonical":"https:\/\/amaruoptim.stg.uzero.cat\/fr\/meubles-anciens\/armoires-anciennes\/armoire-ancienne-rouge-vermillon-chine-vers-1900\/","og_locale":"fr_FR","og_type":"article","og_title":"Armoire ancienne rouge vermillon | Armoire \u00e0 deux portes | AMARU","og_description":"Armoire ancienne rouge vermillon (Chine, vers 1900). D\u00e9couvrez plus d'armoires anciennes et autres pi\u00e8ces uniques sur notre site...","og_url":"https:\/\/amaruoptim.stg.uzero.cat\/fr\/meubles-anciens\/armoires-anciennes\/armoire-ancienne-rouge-vermillon-chine-vers-1900\/","og_site_name":"AMARU","article_modified_time":"2025-09-17T10:09:47+00:00","og_image":[{"width":924,"height":924,"url":"https:\/\/amaruantiques.com\/wp-content\/uploads\/2025\/06\/AM03056-1-2.jpg","type":"image\/jpeg"}],"twitter_card":"summary_large_image","twitter_misc":{"Dur\u00e9e de lecture estim\u00e9e":"2 minutes"},"schema":{"@context":"https:\/\/schema.org","@graph":[{"@type":"WebPage","@id":"https:\/\/amaruoptim.stg.uzero.cat\/fr\/meubles-anciens\/armoires-anciennes\/armoire-ancienne-rouge-vermillon-chine-vers-1900\/","url":"https:\/\/amaruoptim.stg.uzero.cat\/fr\/meubles-anciens\/armoires-anciennes\/armoire-ancienne-rouge-vermillon-chine-vers-1900\/","name":"Armoire ancienne rouge vermillon | Armoire \u00e0 deux portes | AMARU","isPartOf":{"@id":"https:\/\/amaruantiques.com\/#website"},"primaryImageOfPage":{"@id":"https:\/\/amaruoptim.stg.uzero.cat\/fr\/meubles-anciens\/armoires-anciennes\/armoire-ancienne-rouge-vermillon-chine-vers-1900\/#primaryimage"},"image":{"@id":"https:\/\/amaruoptim.stg.uzero.cat\/fr\/meubles-anciens\/armoires-anciennes\/armoire-ancienne-rouge-vermillon-chine-vers-1900\/#primaryimage"},"thumbnailUrl":"https:\/\/amaruoptim.stg.uzero.cat\/wp-content\/uploads\/2025\/06\/AM03056-1-2.jpg","datePublished":"2022-06-13T11:10:47+00:00","dateModified":"2025-09-17T10:09:47+00:00","description":"Armoire ancienne rouge vermillon (Chine, vers 1900). D\u00e9couvrez plus d'armoires anciennes et autres pi\u00e8ces uniques sur notre site...","breadcrumb":{"@id":"https:\/\/amaruoptim.stg.uzero.cat\/fr\/meubles-anciens\/armoires-anciennes\/armoire-ancienne-rouge-vermillon-chine-vers-1900\/#breadcrumb"},"inLanguage":"fr-FR","potentialAction":[{"@type":"ReadAction","target":["https:\/\/amaruoptim.stg.uzero.cat\/fr\/meubles-anciens\/armoires-anciennes\/armoire-ancienne-rouge-vermillon-chine-vers-1900\/"]}]},{"@type":"ImageObject","inLanguage":"fr-FR","@id":"https:\/\/amaruoptim.stg.uzero.cat\/fr\/meubles-anciens\/armoires-anciennes\/armoire-ancienne-rouge-vermillon-chine-vers-1900\/#primaryimage","url":"https:\/\/amaruoptim.stg.uzero.cat\/wp-content\/uploads\/2025\/06\/AM03056-1-2.jpg","contentUrl":"https:\/\/amaruoptim.stg.uzero.cat\/wp-content\/uploads\/2025\/06\/AM03056-1-2.jpg","width":924,"height":924},{"@type":"BreadcrumbList","@id":"https:\/\/amaruoptim.stg.uzero.cat\/fr\/meubles-anciens\/armoires-anciennes\/armoire-ancienne-rouge-vermillon-chine-vers-1900\/#breadcrumb","itemListElement":[{"@type":"ListItem","position":1,"name":"Accueil","item":"https:\/\/amaruantiques.com\/fr\/"},{"@type":"ListItem","position":2,"name":"Boutique","item":"https:\/\/amaruantiques.com\/fr\/boutique\/"},{"@type":"ListItem","position":3,"name":"Armoire ancienne rouge vermillon (Chine, vers 1900)"}]},{"@type":"WebSite","@id":"https:\/\/amaruantiques.com\/#website","url":"https:\/\/amaruantiques.com\/","name":"AMARU - Timeless Antiques","description":"Timeless antiques","publisher":{"@id":"https:\/\/amaruantiques.com\/#organization"},"potentialAction":[{"@type":"SearchAction","target":{"@type":"EntryPoint","urlTemplate":"https:\/\/amaruantiques.com\/?s={search_term_string}"},"query-input":{"@type":"PropertyValueSpecification","valueRequired":true,"valueName":"search_term_string"}}],"inLanguage":"fr-FR"},{"@type":"Organization","@id":"https:\/\/amaruantiques.com\/#organization","name":"AMARU","url":"https:\/\/amaruantiques.com\/","logo":{"@type":"ImageObject","inLanguage":"fr-FR","@id":"https:\/\/amaruantiques.com\/#\/schema\/logo\/image\/","url":"https:\/\/amaruoptim.stg.uzero.cat\/wp-content\/uploads\/2025\/04\/logo-AMARU.svg","contentUrl":"https:\/\/amaruoptim.stg.uzero.cat\/wp-content\/uploads\/2025\/04\/logo-AMARU.svg","caption":"AMARU"},"image":{"@id":"https:\/\/amaruantiques.com\/#\/schema\/logo\/image\/"}}]}},"_links":{"self":[{"href":"https:\/\/amaruoptim.stg.uzero.cat\/fr\/wp-json\/wp\/v2\/product\/212093","targetHints":{"allow":["GET"]}}],"collection":[{"href":"https:\/\/amaruoptim.stg.uzero.cat\/fr\/wp-json\/wp\/v2\/product"}],"about":[{"href":"https:\/\/amaruoptim.stg.uzero.cat\/fr\/wp-json\/wp\/v2\/types\/product"}],"wp:featuredmedia":[{"embeddable":true,"href":"https:\/\/amaruoptim.stg.uzero.cat\/fr\/wp-json\/wp\/v2\/media\/224734"}],"wp:attachment":[{"href":"https:\/\/amaruoptim.stg.uzero.cat\/fr\/wp-json\/wp\/v2\/media?parent=212093"}],"wp:term":[{"taxonomy":"product_brand","embeddable":true,"href":"https:\/\/amaruoptim.stg.uzero.cat\/fr\/wp-json\/wp\/v2\/product_brand?post=212093"},{"taxonomy":"product_cat","embeddable":true,"href":"https:\/\/amaruoptim.stg.uzero.cat\/fr\/wp-json\/wp\/v2\/product_cat?post=212093"},{"taxonomy":"product_tag","embeddable":true,"href":"https:\/\/amaruoptim.stg.uzero.cat\/fr\/wp-json\/wp\/v2\/product_tag?post=212093"}],"curies":[{"name":"wp","href":"https:\/\/api.w.org\/{rel}","templated":true}]}}