{"id":212064,"date":"2022-05-09T16:57:54","date_gmt":"2022-05-09T16:57:57","guid":{"rendered":"https:\/\/amaruantiques.com\/?post_type=product&#038;p=212064"},"modified":"2025-06-26T15:44:46","modified_gmt":"2025-06-26T15:44:46","slug":"lot-de-4-chaises-de-jardin-vintage-de-couleur-verte-france-vers-1950","status":"publish","type":"product","link":"https:\/\/amaruoptim.stg.uzero.cat\/fr\/meubles-anciens\/meubles-de-jardin-anciens\/lot-de-4-chaises-de-jardin-vintage-de-couleur-verte-france-vers-1950\/","title":{"rendered":"Lot de 4 chaises de jardin vintage de couleur verte (France, vers 1950)"},"content":{"rendered":"<p><strong>Lot de 4 chaises de jardin vintage <\/strong>de couleur verte\u00a0en bois de bouleau massif et m\u00e9tal (France, vers 1950).<\/p>\n<p>On estime qu&#8217;elles datent des ann\u00e9es 1950. Notre set de quatre chaises de jardin r\u00e9tro d\u00e9note par son bon \u00e9tat de conservation au moment de l&#8217;achat. Sa patine faite de diff\u00e9rentes nuances de verts a \u00e9t\u00e9 pr\u00e9serv\u00e9e par choix esth\u00e9tique. On aime leur caract\u00e8re franc dans le pur style vintage de ces ann\u00e9es-l\u00e0.<\/p>\n<p>Notre lot de 4 chaises de jardin vintage provient du sud de la France. Elles sont en m\u00e9tal donc tr\u00e8s solides et con\u00e7ues pour durer \u00e9ternellement, et ce, m\u00eame en ext\u00e9rieur&#8230;<\/p>\n<p>Id\u00e9ales comme pi\u00e8ces de mobilier fonctionnelles et d\u00e9coratives dans un patio ou sous un porche, en particulier associ\u00e9es avec l&#8217;une de nos tables de jardin ou d&#8217;autres<a href=\"https:\/\/amaruantiques.com\/fr\/categoria-producto\/chaises-anciennes\/\"> chaises de jardin anciennes<\/a>.<\/p>\n<ul>\n<li><strong>R\u00e9f. :<\/strong> AM05013SET<\/li>\n<li><strong>Dimensions approximatives de chaque chaise :<\/strong> 44 x 40 x 86 cm (Largeur x Profondeur x Hauteur) et 45 cm de hauteur d&#8217;assise<\/li>\n<li><strong>\u00c2ge approximatif\u00a0:<\/strong> 70 ans<\/li>\n<li><strong>Mat\u00e9riaux:<\/strong> bois de bouleau et fer<\/li>\n<li><strong>Provenance:<\/strong> Sud de la France<\/li>\n<\/ul>\n<p>&nbsp;<\/p>\n","protected":false},"excerpt":{"rendered":"<p><strong>Lot de 4 chaises de jardin vintage <\/strong>de couleur verte\u00a0en bois de bouleau massif et m\u00e9tal (France, vers 1950).<\/p>\n<p><strong>Dimensions approximatives de chaque chaise :<\/strong> 44 x 40 x 86 cm (Largeur x Profondeur x Hauteur) et 45 cm de hauteur d&#8217;assise<\/p>\n<p><em>PI\u00c8CE UNIQUE<\/em><\/p>\n","protected":false},"featured_media":224479,"template":"","meta":[],"product_brand":[],"product_cat":[625,621],"product_tag":[],"class_list":{"0":"post-212064","1":"product","2":"type-product","3":"status-publish","4":"has-post-thumbnail","6":"product_cat-chaises-exterieures-anciennes","7":"product_cat-meubles-de-jardin-anciens","8":"product_shipping_class-gran-cargo-625-fr","9":"pa_estilo-provencal-francais","11":"first","12":"instock","13":"taxable","14":"shipping-taxable","15":"purchasable","16":"product-type-simple"},"yoast_head":"<!-- This site is optimized with the Yoast SEO plugin v26.0 - https:\/\/yoast.com\/wordpress\/plugins\/seo\/ -->\n<title>Lot de 4 chaises de jardin vintage | Chaise de jardin verte | AMARU<\/title>\n<meta name=\"description\" content=\"Lot de 4 chaises de jardin vintage (France, vers 1950). Retrouvez d&#039;autres chaises anciennes de diff\u00e9rents coloris sur notre site...\" \/>\n<meta name=\"robots\" content=\"index, follow, max-snippet:-1, max-image-preview:large, max-video-preview:-1\" \/>\n<link rel=\"canonical\" href=\"https:\/\/amaruoptim.stg.uzero.cat\/fr\/meubles-anciens\/meubles-de-jardin-anciens\/lot-de-4-chaises-de-jardin-vintage-de-couleur-verte-france-vers-1950\/\" \/>\n<meta property=\"og:locale\" content=\"fr_FR\" \/>\n<meta property=\"og:type\" content=\"article\" \/>\n<meta property=\"og:title\" content=\"Lot de 4 chaises de jardin vintage | Chaise de jardin verte | AMARU\" \/>\n<meta property=\"og:description\" content=\"Lot de 4 chaises de jardin vintage (France, vers 1950). Retrouvez d&#039;autres chaises anciennes de diff\u00e9rents coloris sur notre site...\" \/>\n<meta property=\"og:url\" content=\"https:\/\/amaruoptim.stg.uzero.cat\/fr\/meubles-anciens\/meubles-de-jardin-anciens\/lot-de-4-chaises-de-jardin-vintage-de-couleur-verte-france-vers-1950\/\" \/>\n<meta property=\"og:site_name\" content=\"AMARU\" \/>\n<meta property=\"article:modified_time\" content=\"2025-06-26T15:44:46+00:00\" \/>\n<meta property=\"og:image\" content=\"https:\/\/amaruantiques.com\/wp-content\/uploads\/2025\/06\/AM05013-S4-D-1-2.jpg\" \/>\n\t<meta property=\"og:image:width\" content=\"924\" \/>\n\t<meta property=\"og:image:height\" content=\"924\" \/>\n\t<meta property=\"og:image:type\" content=\"image\/jpeg\" \/>\n<meta name=\"twitter:card\" content=\"summary_large_image\" \/>\n<meta name=\"twitter:label1\" content=\"Dur\u00e9e de lecture estim\u00e9e\" \/>\n\t<meta name=\"twitter:data1\" content=\"1 minute\" \/>\n<!-- \/ Yoast SEO plugin. -->","yoast_head_json":{"title":"Lot de 4 chaises de jardin vintage | Chaise de jardin verte | AMARU","description":"Lot de 4 chaises de jardin vintage (France, vers 1950). Retrouvez d'autres chaises anciennes de diff\u00e9rents coloris sur notre site...","robots":{"index":"index","follow":"follow","max-snippet":"max-snippet:-1","max-image-preview":"max-image-preview:large","max-video-preview":"max-video-preview:-1"},"canonical":"https:\/\/amaruoptim.stg.uzero.cat\/fr\/meubles-anciens\/meubles-de-jardin-anciens\/lot-de-4-chaises-de-jardin-vintage-de-couleur-verte-france-vers-1950\/","og_locale":"fr_FR","og_type":"article","og_title":"Lot de 4 chaises de jardin vintage | Chaise de jardin verte | AMARU","og_description":"Lot de 4 chaises de jardin vintage (France, vers 1950). Retrouvez d'autres chaises anciennes de diff\u00e9rents coloris sur notre site...","og_url":"https:\/\/amaruoptim.stg.uzero.cat\/fr\/meubles-anciens\/meubles-de-jardin-anciens\/lot-de-4-chaises-de-jardin-vintage-de-couleur-verte-france-vers-1950\/","og_site_name":"AMARU","article_modified_time":"2025-06-26T15:44:46+00:00","og_image":[{"width":924,"height":924,"url":"https:\/\/amaruantiques.com\/wp-content\/uploads\/2025\/06\/AM05013-S4-D-1-2.jpg","type":"image\/jpeg"}],"twitter_card":"summary_large_image","twitter_misc":{"Dur\u00e9e de lecture estim\u00e9e":"1 minute"},"schema":{"@context":"https:\/\/schema.org","@graph":[{"@type":"WebPage","@id":"https:\/\/amaruoptim.stg.uzero.cat\/fr\/meubles-anciens\/meubles-de-jardin-anciens\/lot-de-4-chaises-de-jardin-vintage-de-couleur-verte-france-vers-1950\/","url":"https:\/\/amaruoptim.stg.uzero.cat\/fr\/meubles-anciens\/meubles-de-jardin-anciens\/lot-de-4-chaises-de-jardin-vintage-de-couleur-verte-france-vers-1950\/","name":"Lot de 4 chaises de jardin vintage | Chaise de jardin verte | AMARU","isPartOf":{"@id":"https:\/\/amaruantiques.com\/#website"},"primaryImageOfPage":{"@id":"https:\/\/amaruoptim.stg.uzero.cat\/fr\/meubles-anciens\/meubles-de-jardin-anciens\/lot-de-4-chaises-de-jardin-vintage-de-couleur-verte-france-vers-1950\/#primaryimage"},"image":{"@id":"https:\/\/amaruoptim.stg.uzero.cat\/fr\/meubles-anciens\/meubles-de-jardin-anciens\/lot-de-4-chaises-de-jardin-vintage-de-couleur-verte-france-vers-1950\/#primaryimage"},"thumbnailUrl":"https:\/\/amaruoptim.stg.uzero.cat\/wp-content\/uploads\/2025\/06\/AM05013-S4-D-1-2.jpg","datePublished":"2022-05-09T16:57:57+00:00","dateModified":"2025-06-26T15:44:46+00:00","description":"Lot de 4 chaises de jardin vintage (France, vers 1950). Retrouvez d'autres chaises anciennes de diff\u00e9rents coloris sur notre site...","breadcrumb":{"@id":"https:\/\/amaruoptim.stg.uzero.cat\/fr\/meubles-anciens\/meubles-de-jardin-anciens\/lot-de-4-chaises-de-jardin-vintage-de-couleur-verte-france-vers-1950\/#breadcrumb"},"inLanguage":"fr-FR","potentialAction":[{"@type":"ReadAction","target":["https:\/\/amaruoptim.stg.uzero.cat\/fr\/meubles-anciens\/meubles-de-jardin-anciens\/lot-de-4-chaises-de-jardin-vintage-de-couleur-verte-france-vers-1950\/"]}]},{"@type":"ImageObject","inLanguage":"fr-FR","@id":"https:\/\/amaruoptim.stg.uzero.cat\/fr\/meubles-anciens\/meubles-de-jardin-anciens\/lot-de-4-chaises-de-jardin-vintage-de-couleur-verte-france-vers-1950\/#primaryimage","url":"https:\/\/amaruoptim.stg.uzero.cat\/wp-content\/uploads\/2025\/06\/AM05013-S4-D-1-2.jpg","contentUrl":"https:\/\/amaruoptim.stg.uzero.cat\/wp-content\/uploads\/2025\/06\/AM05013-S4-D-1-2.jpg","width":924,"height":924},{"@type":"BreadcrumbList","@id":"https:\/\/amaruoptim.stg.uzero.cat\/fr\/meubles-anciens\/meubles-de-jardin-anciens\/lot-de-4-chaises-de-jardin-vintage-de-couleur-verte-france-vers-1950\/#breadcrumb","itemListElement":[{"@type":"ListItem","position":1,"name":"Accueil","item":"https:\/\/amaruantiques.com\/fr\/"},{"@type":"ListItem","position":2,"name":"Boutique","item":"https:\/\/amaruantiques.com\/fr\/boutique\/"},{"@type":"ListItem","position":3,"name":"Lot de 4 chaises de jardin vintage de couleur verte (France, vers 1950)"}]},{"@type":"WebSite","@id":"https:\/\/amaruantiques.com\/#website","url":"https:\/\/amaruantiques.com\/","name":"AMARU - Timeless Antiques","description":"Timeless antiques","publisher":{"@id":"https:\/\/amaruantiques.com\/#organization"},"potentialAction":[{"@type":"SearchAction","target":{"@type":"EntryPoint","urlTemplate":"https:\/\/amaruantiques.com\/?s={search_term_string}"},"query-input":{"@type":"PropertyValueSpecification","valueRequired":true,"valueName":"search_term_string"}}],"inLanguage":"fr-FR"},{"@type":"Organization","@id":"https:\/\/amaruantiques.com\/#organization","name":"AMARU","url":"https:\/\/amaruantiques.com\/","logo":{"@type":"ImageObject","inLanguage":"fr-FR","@id":"https:\/\/amaruantiques.com\/#\/schema\/logo\/image\/","url":"https:\/\/amaruoptim.stg.uzero.cat\/wp-content\/uploads\/2025\/04\/logo-AMARU.svg","contentUrl":"https:\/\/amaruoptim.stg.uzero.cat\/wp-content\/uploads\/2025\/04\/logo-AMARU.svg","caption":"AMARU"},"image":{"@id":"https:\/\/amaruantiques.com\/#\/schema\/logo\/image\/"}}]}},"_links":{"self":[{"href":"https:\/\/amaruoptim.stg.uzero.cat\/fr\/wp-json\/wp\/v2\/product\/212064","targetHints":{"allow":["GET"]}}],"collection":[{"href":"https:\/\/amaruoptim.stg.uzero.cat\/fr\/wp-json\/wp\/v2\/product"}],"about":[{"href":"https:\/\/amaruoptim.stg.uzero.cat\/fr\/wp-json\/wp\/v2\/types\/product"}],"wp:featuredmedia":[{"embeddable":true,"href":"https:\/\/amaruoptim.stg.uzero.cat\/fr\/wp-json\/wp\/v2\/media\/224479"}],"wp:attachment":[{"href":"https:\/\/amaruoptim.stg.uzero.cat\/fr\/wp-json\/wp\/v2\/media?parent=212064"}],"wp:term":[{"taxonomy":"product_brand","embeddable":true,"href":"https:\/\/amaruoptim.stg.uzero.cat\/fr\/wp-json\/wp\/v2\/product_brand?post=212064"},{"taxonomy":"product_cat","embeddable":true,"href":"https:\/\/amaruoptim.stg.uzero.cat\/fr\/wp-json\/wp\/v2\/product_cat?post=212064"},{"taxonomy":"product_tag","embeddable":true,"href":"https:\/\/amaruoptim.stg.uzero.cat\/fr\/wp-json\/wp\/v2\/product_tag?post=212064"}],"curies":[{"name":"wp","href":"https:\/\/api.w.org\/{rel}","templated":true}]}}