{"id":212058,"date":"2022-04-26T10:09:33","date_gmt":"2022-04-26T10:09:34","guid":{"rendered":"https:\/\/amaruantiques.com\/?post_type=product&#038;p=212058"},"modified":"2025-06-26T15:44:43","modified_gmt":"2025-06-26T15:44:43","slug":"table-kang-carree-en-bois-ancien","status":"publish","type":"product","link":"https:\/\/amaruoptim.stg.uzero.cat\/fr\/meubles-anciens\/tables-dappoint-tables-du-salon-et-tables-basses\/table-kang-carree-en-bois-ancien\/","title":{"rendered":"Table Kang carr\u00e9e en bois ancien"},"content":{"rendered":"<p><strong>Table Kang carr\u00e9e en bois ancien<\/strong><\/p>\n<p>Nous avons fabriqu\u00e9 notre table basse avec du bois ancien que nous avons chin\u00e9. Nous avons utilis\u00e9 pour ce faire des planches de bois d&#8217;orme massif \u00e2g\u00e9 de plus de cent ans. Nous avions pour id\u00e9e de r\u00e9aliser une table qui respecte le mod\u00e8le de conception d&#8217;antan. Nous avons donc fa\u00e7onn\u00e9 plusieurs exemplaires de nos tables Kang, \u00e0 des dimensions similaires, bien que chacun des rendus restent diff\u00e9rents. Chaque planche de bois ancienne a \u00e9t\u00e9 restaur\u00e9e selon des processus de restauration distincts en fonction de ses besoins.<\/p>\n<p>Certaines vieilles planches de bois avaient encore des couches de peinture initiales et nous les avons d\u00e9cap\u00e9es pour en faire ressortir la couleur naturelle du bois d&#8217;orme. Par la suite, elles ont \u00e9t\u00e9 pass\u00e9es \u00e0 la cire d&#8217;abeille afin de prot\u00e9ger les pores du bois, et ainsi pouvoir r\u00e9sister davantage. D\u00e9nicher et faire la meilleure s\u00e9lection possible du bois de fabrication de nos tables basses anciennes a \u00e9t\u00e9 un travail de longue haleine.<\/p>\n<p>Chaque table basse Kang est unique, avec ses imperfections et ses marques du temps propres.<\/p>\n<ul>\n<li><strong>R\u00e9f. :<\/strong> AM03036<\/li>\n<li><strong>Dimensions :<\/strong> 100 x 100 x 45 cm (Largeur x Profondeur x Hauteur)<\/li>\n<li><strong>\u00c2ge du bois:<\/strong> 100 ans<\/li>\n<li><strong>Mat\u00e9riau:<\/strong> bois d&#8217;orme massif<\/li>\n<\/ul>\n<p>Cette table basse carr\u00e9e en bois ancien est de couleur bois brut aux l\u00e9gers tons dor\u00e9s, et elle sera peut-\u00eatre la table basse id\u00e9ale o\u00f9 prendre votre caf\u00e9 dans le salon.<\/p>\n<p>On imagine diff\u00e9rents lieux o\u00f9 installer notre pi\u00e8ce unique. Son style intemporel peut \u00eatre associ\u00e9 \u00e0 des d\u00e9corations int\u00e9rieures modernes et contemporaines&#8230; Cette table apportera dans tous les cas une touche ethnique \u00e0 votre pi\u00e8ce de vie.<\/p>\n<p>Nous vous recommandons \u00e9galement nos<a href=\"https:\/\/amaruantiques.com\/fr\/categoria-producto\/malles-anciennes\/\"> malles anciennes<\/a> et notre<a href=\"https:\/\/amaruantiques.com\/fr\/meubles-anciens\/tabourets-anciens\/tabouret-en-bois-naturel-ancien-rectangulaire-vers-1900\/\"> tabourets anciens<\/a> comme articles de compl\u00e9ments parfaits \u00e0 assortir \u00e0 cette table Kang.<\/p>\n<p>&nbsp;<\/p>\n","protected":false},"excerpt":{"rendered":"<p><strong>Table Kang carr\u00e9e en bois ancien <\/strong>de couleur bois naturel aux reflets dor\u00e9s<\/p>\n<p><strong>Dimensions :<\/strong> 100 x 100 x 45 cm (Largeur x Profondeur x Hauteur)<\/p>\n","protected":false},"featured_media":224317,"template":"","meta":[],"product_brand":[],"product_cat":[622],"product_tag":[],"class_list":{"0":"post-212058","1":"product","2":"type-product","3":"status-publish","4":"has-post-thumbnail","6":"product_cat-tables-dappoint-tables-du-salon-et-tables-basses","7":"product_shipping_class-gran-cargo-625-fr","8":"pa_estilo-wabi-sabi-fr","10":"first","11":"instock","12":"sale","13":"taxable","14":"shipping-taxable","15":"purchasable","16":"product-type-simple"},"yoast_head":"<!-- This site is optimized with the Yoast SEO plugin v26.0 - https:\/\/yoast.com\/wordpress\/plugins\/seo\/ -->\n<title>Table Kang | Table basse Kang | AMARU ANTIQUES<\/title>\n<meta name=\"description\" content=\"Table Kang carr\u00e9e en bois ancien. D\u00e9couvrez d&#039;autres tables basses anciennes, tabourets, buffets uniques sur notre site...\" \/>\n<meta name=\"robots\" content=\"index, follow, max-snippet:-1, max-image-preview:large, max-video-preview:-1\" \/>\n<link rel=\"canonical\" href=\"https:\/\/amaruoptim.stg.uzero.cat\/fr\/meubles-anciens\/tables-dappoint-tables-du-salon-et-tables-basses\/table-kang-carree-en-bois-ancien\/\" \/>\n<meta property=\"og:locale\" content=\"fr_FR\" \/>\n<meta property=\"og:type\" content=\"article\" \/>\n<meta property=\"og:title\" content=\"Table Kang | Table basse Kang | AMARU ANTIQUES\" \/>\n<meta property=\"og:description\" content=\"Table Kang carr\u00e9e en bois ancien. D\u00e9couvrez d&#039;autres tables basses anciennes, tabourets, buffets uniques sur notre site...\" \/>\n<meta property=\"og:url\" content=\"https:\/\/amaruoptim.stg.uzero.cat\/fr\/meubles-anciens\/tables-dappoint-tables-du-salon-et-tables-basses\/table-kang-carree-en-bois-ancien\/\" \/>\n<meta property=\"og:site_name\" content=\"AMARU\" \/>\n<meta property=\"article:modified_time\" content=\"2025-06-26T15:44:43+00:00\" \/>\n<meta property=\"og:image\" content=\"https:\/\/amaruantiques.com\/wp-content\/uploads\/2025\/06\/AM03036-D-1-1-2.jpg\" \/>\n\t<meta property=\"og:image:width\" content=\"924\" \/>\n\t<meta property=\"og:image:height\" content=\"924\" \/>\n\t<meta property=\"og:image:type\" content=\"image\/jpeg\" \/>\n<meta name=\"twitter:card\" content=\"summary_large_image\" \/>\n<meta name=\"twitter:label1\" content=\"Dur\u00e9e de lecture estim\u00e9e\" \/>\n\t<meta name=\"twitter:data1\" content=\"2 minutes\" \/>\n<!-- \/ Yoast SEO plugin. -->","yoast_head_json":{"title":"Table Kang | Table basse Kang | AMARU ANTIQUES","description":"Table Kang carr\u00e9e en bois ancien. D\u00e9couvrez d'autres tables basses anciennes, tabourets, buffets uniques sur notre site...","robots":{"index":"index","follow":"follow","max-snippet":"max-snippet:-1","max-image-preview":"max-image-preview:large","max-video-preview":"max-video-preview:-1"},"canonical":"https:\/\/amaruoptim.stg.uzero.cat\/fr\/meubles-anciens\/tables-dappoint-tables-du-salon-et-tables-basses\/table-kang-carree-en-bois-ancien\/","og_locale":"fr_FR","og_type":"article","og_title":"Table Kang | Table basse Kang | AMARU ANTIQUES","og_description":"Table Kang carr\u00e9e en bois ancien. D\u00e9couvrez d'autres tables basses anciennes, tabourets, buffets uniques sur notre site...","og_url":"https:\/\/amaruoptim.stg.uzero.cat\/fr\/meubles-anciens\/tables-dappoint-tables-du-salon-et-tables-basses\/table-kang-carree-en-bois-ancien\/","og_site_name":"AMARU","article_modified_time":"2025-06-26T15:44:43+00:00","og_image":[{"width":924,"height":924,"url":"https:\/\/amaruantiques.com\/wp-content\/uploads\/2025\/06\/AM03036-D-1-1-2.jpg","type":"image\/jpeg"}],"twitter_card":"summary_large_image","twitter_misc":{"Dur\u00e9e de lecture estim\u00e9e":"2 minutes"},"schema":{"@context":"https:\/\/schema.org","@graph":[{"@type":"WebPage","@id":"https:\/\/amaruoptim.stg.uzero.cat\/fr\/meubles-anciens\/tables-dappoint-tables-du-salon-et-tables-basses\/table-kang-carree-en-bois-ancien\/","url":"https:\/\/amaruoptim.stg.uzero.cat\/fr\/meubles-anciens\/tables-dappoint-tables-du-salon-et-tables-basses\/table-kang-carree-en-bois-ancien\/","name":"Table Kang | Table basse Kang | AMARU ANTIQUES","isPartOf":{"@id":"https:\/\/amaruantiques.com\/#website"},"primaryImageOfPage":{"@id":"https:\/\/amaruoptim.stg.uzero.cat\/fr\/meubles-anciens\/tables-dappoint-tables-du-salon-et-tables-basses\/table-kang-carree-en-bois-ancien\/#primaryimage"},"image":{"@id":"https:\/\/amaruoptim.stg.uzero.cat\/fr\/meubles-anciens\/tables-dappoint-tables-du-salon-et-tables-basses\/table-kang-carree-en-bois-ancien\/#primaryimage"},"thumbnailUrl":"https:\/\/amaruoptim.stg.uzero.cat\/wp-content\/uploads\/2025\/06\/AM03036-D-1-1-2.jpg","datePublished":"2022-04-26T10:09:34+00:00","dateModified":"2025-06-26T15:44:43+00:00","description":"Table Kang carr\u00e9e en bois ancien. D\u00e9couvrez d'autres tables basses anciennes, tabourets, buffets uniques sur notre site...","breadcrumb":{"@id":"https:\/\/amaruoptim.stg.uzero.cat\/fr\/meubles-anciens\/tables-dappoint-tables-du-salon-et-tables-basses\/table-kang-carree-en-bois-ancien\/#breadcrumb"},"inLanguage":"fr-FR","potentialAction":[{"@type":"ReadAction","target":["https:\/\/amaruoptim.stg.uzero.cat\/fr\/meubles-anciens\/tables-dappoint-tables-du-salon-et-tables-basses\/table-kang-carree-en-bois-ancien\/"]}]},{"@type":"ImageObject","inLanguage":"fr-FR","@id":"https:\/\/amaruoptim.stg.uzero.cat\/fr\/meubles-anciens\/tables-dappoint-tables-du-salon-et-tables-basses\/table-kang-carree-en-bois-ancien\/#primaryimage","url":"https:\/\/amaruoptim.stg.uzero.cat\/wp-content\/uploads\/2025\/06\/AM03036-D-1-1-2.jpg","contentUrl":"https:\/\/amaruoptim.stg.uzero.cat\/wp-content\/uploads\/2025\/06\/AM03036-D-1-1-2.jpg","width":924,"height":924},{"@type":"BreadcrumbList","@id":"https:\/\/amaruoptim.stg.uzero.cat\/fr\/meubles-anciens\/tables-dappoint-tables-du-salon-et-tables-basses\/table-kang-carree-en-bois-ancien\/#breadcrumb","itemListElement":[{"@type":"ListItem","position":1,"name":"Accueil","item":"https:\/\/amaruantiques.com\/fr\/"},{"@type":"ListItem","position":2,"name":"Boutique","item":"https:\/\/amaruantiques.com\/fr\/boutique\/"},{"@type":"ListItem","position":3,"name":"Table Kang carr\u00e9e en bois ancien"}]},{"@type":"WebSite","@id":"https:\/\/amaruantiques.com\/#website","url":"https:\/\/amaruantiques.com\/","name":"AMARU - Timeless Antiques","description":"Timeless antiques","publisher":{"@id":"https:\/\/amaruantiques.com\/#organization"},"potentialAction":[{"@type":"SearchAction","target":{"@type":"EntryPoint","urlTemplate":"https:\/\/amaruantiques.com\/?s={search_term_string}"},"query-input":{"@type":"PropertyValueSpecification","valueRequired":true,"valueName":"search_term_string"}}],"inLanguage":"fr-FR"},{"@type":"Organization","@id":"https:\/\/amaruantiques.com\/#organization","name":"AMARU","url":"https:\/\/amaruantiques.com\/","logo":{"@type":"ImageObject","inLanguage":"fr-FR","@id":"https:\/\/amaruantiques.com\/#\/schema\/logo\/image\/","url":"https:\/\/amaruoptim.stg.uzero.cat\/wp-content\/uploads\/2025\/04\/logo-AMARU.svg","contentUrl":"https:\/\/amaruoptim.stg.uzero.cat\/wp-content\/uploads\/2025\/04\/logo-AMARU.svg","caption":"AMARU"},"image":{"@id":"https:\/\/amaruantiques.com\/#\/schema\/logo\/image\/"}}]}},"_links":{"self":[{"href":"https:\/\/amaruoptim.stg.uzero.cat\/fr\/wp-json\/wp\/v2\/product\/212058","targetHints":{"allow":["GET"]}}],"collection":[{"href":"https:\/\/amaruoptim.stg.uzero.cat\/fr\/wp-json\/wp\/v2\/product"}],"about":[{"href":"https:\/\/amaruoptim.stg.uzero.cat\/fr\/wp-json\/wp\/v2\/types\/product"}],"wp:featuredmedia":[{"embeddable":true,"href":"https:\/\/amaruoptim.stg.uzero.cat\/fr\/wp-json\/wp\/v2\/media\/224317"}],"wp:attachment":[{"href":"https:\/\/amaruoptim.stg.uzero.cat\/fr\/wp-json\/wp\/v2\/media?parent=212058"}],"wp:term":[{"taxonomy":"product_brand","embeddable":true,"href":"https:\/\/amaruoptim.stg.uzero.cat\/fr\/wp-json\/wp\/v2\/product_brand?post=212058"},{"taxonomy":"product_cat","embeddable":true,"href":"https:\/\/amaruoptim.stg.uzero.cat\/fr\/wp-json\/wp\/v2\/product_cat?post=212058"},{"taxonomy":"product_tag","embeddable":true,"href":"https:\/\/amaruoptim.stg.uzero.cat\/fr\/wp-json\/wp\/v2\/product_tag?post=212058"}],"curies":[{"name":"wp","href":"https:\/\/api.w.org\/{rel}","templated":true}]}}