{"id":212042,"date":"2022-01-19T15:06:02","date_gmt":"2022-01-19T15:06:04","guid":{"rendered":"https:\/\/amaruantiques.com\/?post_type=product&#038;p=212042"},"modified":"2025-06-26T15:44:38","modified_gmt":"2025-06-26T15:44:38","slug":"refrigerateur-ancien-en-bois-massif-budapest-vers-1900","status":"publish","type":"product","link":"https:\/\/amaruoptim.stg.uzero.cat\/fr\/meubles-anciens\/commodes-anciennes\/refrigerateur-ancien-en-bois-massif-budapest-vers-1900\/","title":{"rendered":"R\u00e9frig\u00e9rateur ancien en bois massif (Budapest, vers 1900)"},"content":{"rendered":"<p><strong>R\u00e9frig\u00e9rateur ancien en bois massif<\/strong> (Budapest, vers 1900).<\/p>\n<p>Nous avons trouv\u00e9 ce vieux frigidaire\u00a0chez un antiquaire en Autriche. Il a \u00e9t\u00e9 fabriqu\u00e9 \u00e0 Budapest pendant la p\u00e9riode de l&#8217;empire austro-hongrois. Il se compose d&#8217;un grand espace int\u00e9rieur qui s&#8217;ouvre par deux portes en bois de pin massif. A l&#8217;int\u00e9rieur se trouve une structure m\u00e9tallique id\u00e9ale pour mieux conserver au froid.<\/p>\n<p>Il est \u00e0 noter que cet ancien frigidaire a \u00e9t\u00e9 retrouv\u00e9 en parfait \u00e9tat. Actuellement il peut \u00eatre utilis\u00e9 comme meuble d\u00e9coratif dans un salon ou dans un local commercial. Il peut \u00e9galement \u00eatre utilis\u00e9 comme une commode dans n&#8217;importe quelle pi\u00e8ce de la maison, une chambre d&#8217;enfant ou une salle de bain&#8230;<\/p>\n<p>Sa conception s&#8217;inspire directement des m\u00eames lignes de certains \u00e9difices de l&#8217;\u00e9poque, o\u00f9 ils m\u00e9langeaient un certain classicisme avec leurs\u00a0 lignes jumel\u00e9es, \u00e0 des colonnes grecques antiques.<\/p>\n<p>Ce meuble nous semble id\u00e9al pour raviver des int\u00e9rieurs plus contemporains avec une touche originale d&#8217;une autre \u00e9poque.<\/p>\n<p>On appr\u00e9cie particuli\u00e8rement la robustesse de cette &#8220;commode&#8221;, son caract\u00e8re et son histoire puis \u00e9videmment son inimitable style vintage&#8230;<\/p>\n<ul>\n<li><strong>R\u00e9f. :<\/strong> AM05041<\/li>\n<li><strong>Dimensions :<\/strong> 85 x 59 x 100 cm (Largeur x Profondeur x Hauteur)<\/li>\n<li><strong>Mat\u00e9riau :<\/strong> bois de pin massif, aluminium et fer<\/li>\n<li><strong>\u00c2ge :<\/strong> environ 120 ans<\/li>\n<li><strong>Provenance :<\/strong> Budapest (Hongrie)<\/li>\n<\/ul>\n<p>Ce r\u00e9frig\u00e9rateur ancien en bois massif se mariera sans nul doute avec l&#8217;une de nos <a href=\"https:\/\/amaruantiques.com\/fr\/categoria-producto\/armoires-anciennes\/\">armoires vintage<\/a> ou <a href=\"https:\/\/amaruantiques.com\/fr\/meubles-anciens\/tabourets-anciens\/tabouret-bas-rectangulaire-blanc-ancien\/\">tabourets blancs<\/a>.<\/p>\n<p>Si vous souhaitez donner \u00e0 votre maison une touche exotique et ethnique d&#8217;antan, n&#8217;h\u00e9sitez pas et ajoutez ce r\u00e9frig\u00e9rateur de style vintage dans votre espace pr\u00e9f\u00e9r\u00e9 et de l&#8217;assortir \u00e0 l&#8217;un d&#8217;un de nos autres tr\u00e9sors anciens.<\/p>\n<p><em>PI\u00c8CE UNIQUE<\/em><\/p>\n","protected":false},"excerpt":{"rendered":"<p><strong>R\u00e9frig\u00e9rateur ancien<\/strong> <strong>en bois massif<\/strong> (Budapest, vers 1900)<\/p>\n<p><strong>Dimensions :<\/strong> 85 x 59 x 100 cm (Largeur x Profondeur x Hauteur)<\/p>\n<p><em>PI\u00c8CE UNIQUE<\/em><\/p>\n","protected":false},"featured_media":224104,"template":"","meta":[],"product_brand":[],"product_cat":[610],"product_tag":[76],"class_list":{"0":"post-212042","1":"product","2":"type-product","3":"status-publish","4":"has-post-thumbnail","6":"product_cat-commodes-anciennes","7":"product_tag-buffet-ancien","8":"product_shipping_class-gran-cargo-625-fr","9":"pa_estilo-style-rustique","11":"first","12":"instock","13":"sale","14":"taxable","15":"shipping-taxable","16":"purchasable","17":"product-type-simple"},"yoast_head":"<!-- This site is optimized with the Yoast SEO plugin v26.0 - https:\/\/yoast.com\/wordpress\/plugins\/seo\/ -->\n<title>R\u00e9frig\u00e9rateur ancien | R\u00e9frig\u00e9rateur vintage | AMARU ANTIQUES<\/title>\n<meta name=\"description\" content=\"R\u00e9frig\u00e9rateur ancien en bois massif (Budapest, vers 1900). D\u00e9couvrez d&#039;autres buffets et pi\u00e8ces uniques sur notre site...\" \/>\n<meta name=\"robots\" content=\"index, follow, max-snippet:-1, max-image-preview:large, max-video-preview:-1\" \/>\n<link rel=\"canonical\" href=\"https:\/\/amaruoptim.stg.uzero.cat\/fr\/meubles-anciens\/commodes-anciennes\/refrigerateur-ancien-en-bois-massif-budapest-vers-1900\/\" \/>\n<meta property=\"og:locale\" content=\"fr_FR\" \/>\n<meta property=\"og:type\" content=\"article\" \/>\n<meta property=\"og:title\" content=\"R\u00e9frig\u00e9rateur ancien | R\u00e9frig\u00e9rateur vintage | AMARU ANTIQUES\" \/>\n<meta property=\"og:description\" content=\"R\u00e9frig\u00e9rateur ancien en bois massif (Budapest, vers 1900). D\u00e9couvrez d&#039;autres buffets et pi\u00e8ces uniques sur notre site...\" \/>\n<meta property=\"og:url\" content=\"https:\/\/amaruoptim.stg.uzero.cat\/fr\/meubles-anciens\/commodes-anciennes\/refrigerateur-ancien-en-bois-massif-budapest-vers-1900\/\" \/>\n<meta property=\"og:site_name\" content=\"AMARU\" \/>\n<meta property=\"article:modified_time\" content=\"2025-06-26T15:44:38+00:00\" \/>\n<meta property=\"og:image\" content=\"https:\/\/amaruantiques.com\/wp-content\/uploads\/2025\/06\/AM05041-1-2.jpg\" \/>\n\t<meta property=\"og:image:width\" content=\"924\" \/>\n\t<meta property=\"og:image:height\" content=\"924\" \/>\n\t<meta property=\"og:image:type\" content=\"image\/jpeg\" \/>\n<meta name=\"twitter:card\" content=\"summary_large_image\" \/>\n<meta name=\"twitter:label1\" content=\"Dur\u00e9e de lecture estim\u00e9e\" \/>\n\t<meta name=\"twitter:data1\" content=\"2 minutes\" \/>\n<!-- \/ Yoast SEO plugin. -->","yoast_head_json":{"title":"R\u00e9frig\u00e9rateur ancien | R\u00e9frig\u00e9rateur vintage | AMARU ANTIQUES","description":"R\u00e9frig\u00e9rateur ancien en bois massif (Budapest, vers 1900). D\u00e9couvrez d'autres buffets et pi\u00e8ces uniques sur notre site...","robots":{"index":"index","follow":"follow","max-snippet":"max-snippet:-1","max-image-preview":"max-image-preview:large","max-video-preview":"max-video-preview:-1"},"canonical":"https:\/\/amaruoptim.stg.uzero.cat\/fr\/meubles-anciens\/commodes-anciennes\/refrigerateur-ancien-en-bois-massif-budapest-vers-1900\/","og_locale":"fr_FR","og_type":"article","og_title":"R\u00e9frig\u00e9rateur ancien | R\u00e9frig\u00e9rateur vintage | AMARU ANTIQUES","og_description":"R\u00e9frig\u00e9rateur ancien en bois massif (Budapest, vers 1900). D\u00e9couvrez d'autres buffets et pi\u00e8ces uniques sur notre site...","og_url":"https:\/\/amaruoptim.stg.uzero.cat\/fr\/meubles-anciens\/commodes-anciennes\/refrigerateur-ancien-en-bois-massif-budapest-vers-1900\/","og_site_name":"AMARU","article_modified_time":"2025-06-26T15:44:38+00:00","og_image":[{"width":924,"height":924,"url":"https:\/\/amaruantiques.com\/wp-content\/uploads\/2025\/06\/AM05041-1-2.jpg","type":"image\/jpeg"}],"twitter_card":"summary_large_image","twitter_misc":{"Dur\u00e9e de lecture estim\u00e9e":"2 minutes"},"schema":{"@context":"https:\/\/schema.org","@graph":[{"@type":"WebPage","@id":"https:\/\/amaruoptim.stg.uzero.cat\/fr\/meubles-anciens\/commodes-anciennes\/refrigerateur-ancien-en-bois-massif-budapest-vers-1900\/","url":"https:\/\/amaruoptim.stg.uzero.cat\/fr\/meubles-anciens\/commodes-anciennes\/refrigerateur-ancien-en-bois-massif-budapest-vers-1900\/","name":"R\u00e9frig\u00e9rateur ancien | R\u00e9frig\u00e9rateur vintage | AMARU ANTIQUES","isPartOf":{"@id":"https:\/\/amaruantiques.com\/#website"},"primaryImageOfPage":{"@id":"https:\/\/amaruoptim.stg.uzero.cat\/fr\/meubles-anciens\/commodes-anciennes\/refrigerateur-ancien-en-bois-massif-budapest-vers-1900\/#primaryimage"},"image":{"@id":"https:\/\/amaruoptim.stg.uzero.cat\/fr\/meubles-anciens\/commodes-anciennes\/refrigerateur-ancien-en-bois-massif-budapest-vers-1900\/#primaryimage"},"thumbnailUrl":"https:\/\/amaruoptim.stg.uzero.cat\/wp-content\/uploads\/2025\/06\/AM05041-1-2.jpg","datePublished":"2022-01-19T15:06:04+00:00","dateModified":"2025-06-26T15:44:38+00:00","description":"R\u00e9frig\u00e9rateur ancien en bois massif (Budapest, vers 1900). D\u00e9couvrez d'autres buffets et pi\u00e8ces uniques sur notre site...","breadcrumb":{"@id":"https:\/\/amaruoptim.stg.uzero.cat\/fr\/meubles-anciens\/commodes-anciennes\/refrigerateur-ancien-en-bois-massif-budapest-vers-1900\/#breadcrumb"},"inLanguage":"fr-FR","potentialAction":[{"@type":"ReadAction","target":["https:\/\/amaruoptim.stg.uzero.cat\/fr\/meubles-anciens\/commodes-anciennes\/refrigerateur-ancien-en-bois-massif-budapest-vers-1900\/"]}]},{"@type":"ImageObject","inLanguage":"fr-FR","@id":"https:\/\/amaruoptim.stg.uzero.cat\/fr\/meubles-anciens\/commodes-anciennes\/refrigerateur-ancien-en-bois-massif-budapest-vers-1900\/#primaryimage","url":"https:\/\/amaruoptim.stg.uzero.cat\/wp-content\/uploads\/2025\/06\/AM05041-1-2.jpg","contentUrl":"https:\/\/amaruoptim.stg.uzero.cat\/wp-content\/uploads\/2025\/06\/AM05041-1-2.jpg","width":924,"height":924},{"@type":"BreadcrumbList","@id":"https:\/\/amaruoptim.stg.uzero.cat\/fr\/meubles-anciens\/commodes-anciennes\/refrigerateur-ancien-en-bois-massif-budapest-vers-1900\/#breadcrumb","itemListElement":[{"@type":"ListItem","position":1,"name":"Accueil","item":"https:\/\/amaruantiques.com\/fr\/"},{"@type":"ListItem","position":2,"name":"Boutique","item":"https:\/\/amaruantiques.com\/fr\/boutique\/"},{"@type":"ListItem","position":3,"name":"R\u00e9frig\u00e9rateur ancien en bois massif (Budapest, vers 1900)"}]},{"@type":"WebSite","@id":"https:\/\/amaruantiques.com\/#website","url":"https:\/\/amaruantiques.com\/","name":"AMARU - Timeless Antiques","description":"Timeless antiques","publisher":{"@id":"https:\/\/amaruantiques.com\/#organization"},"potentialAction":[{"@type":"SearchAction","target":{"@type":"EntryPoint","urlTemplate":"https:\/\/amaruantiques.com\/?s={search_term_string}"},"query-input":{"@type":"PropertyValueSpecification","valueRequired":true,"valueName":"search_term_string"}}],"inLanguage":"fr-FR"},{"@type":"Organization","@id":"https:\/\/amaruantiques.com\/#organization","name":"AMARU","url":"https:\/\/amaruantiques.com\/","logo":{"@type":"ImageObject","inLanguage":"fr-FR","@id":"https:\/\/amaruantiques.com\/#\/schema\/logo\/image\/","url":"https:\/\/amaruoptim.stg.uzero.cat\/wp-content\/uploads\/2025\/04\/logo-AMARU.svg","contentUrl":"https:\/\/amaruoptim.stg.uzero.cat\/wp-content\/uploads\/2025\/04\/logo-AMARU.svg","caption":"AMARU"},"image":{"@id":"https:\/\/amaruantiques.com\/#\/schema\/logo\/image\/"}}]}},"_links":{"self":[{"href":"https:\/\/amaruoptim.stg.uzero.cat\/fr\/wp-json\/wp\/v2\/product\/212042","targetHints":{"allow":["GET"]}}],"collection":[{"href":"https:\/\/amaruoptim.stg.uzero.cat\/fr\/wp-json\/wp\/v2\/product"}],"about":[{"href":"https:\/\/amaruoptim.stg.uzero.cat\/fr\/wp-json\/wp\/v2\/types\/product"}],"wp:featuredmedia":[{"embeddable":true,"href":"https:\/\/amaruoptim.stg.uzero.cat\/fr\/wp-json\/wp\/v2\/media\/224104"}],"wp:attachment":[{"href":"https:\/\/amaruoptim.stg.uzero.cat\/fr\/wp-json\/wp\/v2\/media?parent=212042"}],"wp:term":[{"taxonomy":"product_brand","embeddable":true,"href":"https:\/\/amaruoptim.stg.uzero.cat\/fr\/wp-json\/wp\/v2\/product_brand?post=212042"},{"taxonomy":"product_cat","embeddable":true,"href":"https:\/\/amaruoptim.stg.uzero.cat\/fr\/wp-json\/wp\/v2\/product_cat?post=212042"},{"taxonomy":"product_tag","embeddable":true,"href":"https:\/\/amaruoptim.stg.uzero.cat\/fr\/wp-json\/wp\/v2\/product_tag?post=212042"}],"curies":[{"name":"wp","href":"https:\/\/api.w.org\/{rel}","templated":true}]}}