{"id":212036,"date":"2021-12-28T17:01:08","date_gmt":"2021-12-28T17:01:08","guid":{"rendered":"https:\/\/amaruantiques.com\/?post_type=product&#038;p=212036"},"modified":"2025-06-26T15:44:33","modified_gmt":"2025-06-26T15:44:33","slug":"table-dappoint-carree-en-bois-massif-ancien","status":"publish","type":"product","link":"https:\/\/amaruoptim.stg.uzero.cat\/fr\/meubles-anciens\/tables-dappoint-tables-du-salon-et-tables-basses\/table-dappoint-carree-en-bois-massif-ancien\/","title":{"rendered":"Table d&#8217;appoint carr\u00e9e en bois massif ancien"},"content":{"rendered":"<p><strong>Table d&#8217;appoint carr\u00e9e<\/strong> en bois d&#8217;orme massif ancien.<\/p>\n<p>Nous avons r\u00e9alis\u00e9 notre table d&#8217;appoint \u00e0 partir du dessus d&#8217;une vieille table en bois et avec d&#8217;anciens pieds de table qui ont plus de cent ans. Nous avons utilis\u00e9 du bois d&#8217;orme ancien massif restaur\u00e9 manuellement. Nous avions en t\u00eate l&#8217;id\u00e9e de fabriquer une table basse de 45 cm de haut qui reproduit le style d&#8217;antan. Nous en avons r\u00e9alis\u00e9 plusieurs exemplaires aux dimensions similaires bien qu&#8217;il n&#8217;y ait pas une seule pi\u00e8ce exactement identique.<\/p>\n<p>Le bois ancien a \u00e9t\u00e9 remis en \u00e9tat gr\u00e2ce \u00e0 un processus de restauration respectueux. Certaines vieilles planches de bois que nous avons chin\u00e9es avaient encore des couches de peinture et nous les avons d\u00e9cap\u00e9es pour en faire ressortir la couleur naturelle du bois. Par la suite, elles ont \u00e9t\u00e9 cir\u00e9es avec de la cire d&#8217;abeille pour recouvrir les pores du bois et ainsi pouvoir rallonger sa dur\u00e9e de vie.<\/p>\n<p>Chaque table d&#8217;appoint carr\u00e9e est unique, avec ses propres imperfections et marques du temps.<\/p>\n<ul>\n<li><strong>R\u00e9f.:<\/strong> AM03032<\/li>\n<li><strong>Dimensions approximatives :<\/strong> 50 x 50 x 45 cm (Longueur x Largeur x Hauteur)<\/li>\n<li><strong>\u00c2ge du bois:<\/strong> 100 ans<\/li>\n<li><strong>Mat\u00e9riau:<\/strong> bois d&#8217;orme massif<\/li>\n<\/ul>\n<p>Cette table d&#8217;appoint carr\u00e9e en bois ancien peut \u00eatre la petite table o\u00f9 vous pourrez prendre votre caf\u00e9 dans la salle \u00e0 manger ou le salon.<\/p>\n<p>On l&#8217;imagine dans mille espaces. Son style intemporel peut se fondre dans des d\u00e9cors modernes et contemporains, dans un bureau ou un commerce&#8230;<\/p>\n<p>Nous recommandons \u00e9galement notre<a href=\"https:\/\/amaruantiques.com\/fr\/categoria-producto\/malles-anciennes\/\"> malles anciennes<\/a> et notre<a href=\"https:\/\/amaruantiques.com\/fr\/meubles-anciens\/tabourets-anciens\/tabouret-en-bois-naturel-ancien-rectangulaire-vers-1900\/\"> tabourets anciens<\/a> comme assortiment parfait \u00e0 cette table basse.<\/p>\n<p>&nbsp;<\/p>\n","protected":false},"excerpt":{"rendered":"<p><strong>Table d&#8217;appoint carr\u00e9e<\/strong> en bois d&#8217;orme massif ancien.<\/p>\n<p><strong>Dimensions approximatives :<\/strong> 50 x 50 x 45 cm (Longueur x Largeur x Hauteur)<\/p>\n","protected":false},"featured_media":224020,"template":"","meta":[],"product_brand":[],"product_cat":[622],"product_tag":[],"class_list":{"0":"post-212036","1":"product","2":"type-product","3":"status-publish","4":"has-post-thumbnail","6":"product_cat-tables-dappoint-tables-du-salon-et-tables-basses","7":"product_shipping_class-large-150-fr","8":"pa_estilo-dynastie-qing","10":"first","11":"instock","12":"sale","13":"taxable","14":"shipping-taxable","15":"purchasable","16":"product-type-simple"},"yoast_head":"<!-- This site is optimized with the Yoast SEO plugin v26.0 - https:\/\/yoast.com\/wordpress\/plugins\/seo\/ -->\n<title>Table d&#039;appoint carr\u00e9e | Table d&#039;appoint ancienne| AMARU<\/title>\n<meta name=\"description\" content=\"Table d&#039;appoint carr\u00e9e en bois d&#039;orme ancien. D\u00e9couvrez plus de tables anciennes, tabourets, buffets anciens sur notre site...\" \/>\n<meta name=\"robots\" content=\"index, follow, max-snippet:-1, max-image-preview:large, max-video-preview:-1\" \/>\n<link rel=\"canonical\" href=\"https:\/\/amaruoptim.stg.uzero.cat\/fr\/meubles-anciens\/tables-dappoint-tables-du-salon-et-tables-basses\/table-dappoint-carree-en-bois-massif-ancien\/\" \/>\n<meta property=\"og:locale\" content=\"fr_FR\" \/>\n<meta property=\"og:type\" content=\"article\" \/>\n<meta property=\"og:title\" content=\"Table d&#039;appoint carr\u00e9e | Table d&#039;appoint ancienne| AMARU\" \/>\n<meta property=\"og:description\" content=\"Table d&#039;appoint carr\u00e9e en bois d&#039;orme ancien. D\u00e9couvrez plus de tables anciennes, tabourets, buffets anciens sur notre site...\" \/>\n<meta property=\"og:url\" content=\"https:\/\/amaruoptim.stg.uzero.cat\/fr\/meubles-anciens\/tables-dappoint-tables-du-salon-et-tables-basses\/table-dappoint-carree-en-bois-massif-ancien\/\" \/>\n<meta property=\"og:site_name\" content=\"AMARU\" \/>\n<meta property=\"article:modified_time\" content=\"2025-06-26T15:44:33+00:00\" \/>\n<meta property=\"og:image\" content=\"https:\/\/amaruantiques.com\/wp-content\/uploads\/2025\/06\/AM03032-1-5.jpg\" \/>\n\t<meta property=\"og:image:width\" content=\"1600\" \/>\n\t<meta property=\"og:image:height\" content=\"1600\" \/>\n\t<meta property=\"og:image:type\" content=\"image\/jpeg\" \/>\n<meta name=\"twitter:card\" content=\"summary_large_image\" \/>\n<meta name=\"twitter:label1\" content=\"Dur\u00e9e de lecture estim\u00e9e\" \/>\n\t<meta name=\"twitter:data1\" content=\"2 minutes\" \/>\n<!-- \/ Yoast SEO plugin. -->","yoast_head_json":{"title":"Table d'appoint carr\u00e9e | Table d'appoint ancienne| AMARU","description":"Table d'appoint carr\u00e9e en bois d'orme ancien. D\u00e9couvrez plus de tables anciennes, tabourets, buffets anciens sur notre site...","robots":{"index":"index","follow":"follow","max-snippet":"max-snippet:-1","max-image-preview":"max-image-preview:large","max-video-preview":"max-video-preview:-1"},"canonical":"https:\/\/amaruoptim.stg.uzero.cat\/fr\/meubles-anciens\/tables-dappoint-tables-du-salon-et-tables-basses\/table-dappoint-carree-en-bois-massif-ancien\/","og_locale":"fr_FR","og_type":"article","og_title":"Table d'appoint carr\u00e9e | Table d'appoint ancienne| AMARU","og_description":"Table d'appoint carr\u00e9e en bois d'orme ancien. D\u00e9couvrez plus de tables anciennes, tabourets, buffets anciens sur notre site...","og_url":"https:\/\/amaruoptim.stg.uzero.cat\/fr\/meubles-anciens\/tables-dappoint-tables-du-salon-et-tables-basses\/table-dappoint-carree-en-bois-massif-ancien\/","og_site_name":"AMARU","article_modified_time":"2025-06-26T15:44:33+00:00","og_image":[{"width":1600,"height":1600,"url":"https:\/\/amaruantiques.com\/wp-content\/uploads\/2025\/06\/AM03032-1-5.jpg","type":"image\/jpeg"}],"twitter_card":"summary_large_image","twitter_misc":{"Dur\u00e9e de lecture estim\u00e9e":"2 minutes"},"schema":{"@context":"https:\/\/schema.org","@graph":[{"@type":"WebPage","@id":"https:\/\/amaruoptim.stg.uzero.cat\/fr\/meubles-anciens\/tables-dappoint-tables-du-salon-et-tables-basses\/table-dappoint-carree-en-bois-massif-ancien\/","url":"https:\/\/amaruoptim.stg.uzero.cat\/fr\/meubles-anciens\/tables-dappoint-tables-du-salon-et-tables-basses\/table-dappoint-carree-en-bois-massif-ancien\/","name":"Table d'appoint carr\u00e9e | Table d'appoint ancienne| AMARU","isPartOf":{"@id":"https:\/\/amaruantiques.com\/#website"},"primaryImageOfPage":{"@id":"https:\/\/amaruoptim.stg.uzero.cat\/fr\/meubles-anciens\/tables-dappoint-tables-du-salon-et-tables-basses\/table-dappoint-carree-en-bois-massif-ancien\/#primaryimage"},"image":{"@id":"https:\/\/amaruoptim.stg.uzero.cat\/fr\/meubles-anciens\/tables-dappoint-tables-du-salon-et-tables-basses\/table-dappoint-carree-en-bois-massif-ancien\/#primaryimage"},"thumbnailUrl":"https:\/\/amaruoptim.stg.uzero.cat\/wp-content\/uploads\/2025\/06\/AM03032-1-5.jpg","datePublished":"2021-12-28T17:01:08+00:00","dateModified":"2025-06-26T15:44:33+00:00","description":"Table d'appoint carr\u00e9e en bois d'orme ancien. D\u00e9couvrez plus de tables anciennes, tabourets, buffets anciens sur notre site...","breadcrumb":{"@id":"https:\/\/amaruoptim.stg.uzero.cat\/fr\/meubles-anciens\/tables-dappoint-tables-du-salon-et-tables-basses\/table-dappoint-carree-en-bois-massif-ancien\/#breadcrumb"},"inLanguage":"fr-FR","potentialAction":[{"@type":"ReadAction","target":["https:\/\/amaruoptim.stg.uzero.cat\/fr\/meubles-anciens\/tables-dappoint-tables-du-salon-et-tables-basses\/table-dappoint-carree-en-bois-massif-ancien\/"]}]},{"@type":"ImageObject","inLanguage":"fr-FR","@id":"https:\/\/amaruoptim.stg.uzero.cat\/fr\/meubles-anciens\/tables-dappoint-tables-du-salon-et-tables-basses\/table-dappoint-carree-en-bois-massif-ancien\/#primaryimage","url":"https:\/\/amaruoptim.stg.uzero.cat\/wp-content\/uploads\/2025\/06\/AM03032-1-5.jpg","contentUrl":"https:\/\/amaruoptim.stg.uzero.cat\/wp-content\/uploads\/2025\/06\/AM03032-1-5.jpg","width":1600,"height":1600},{"@type":"BreadcrumbList","@id":"https:\/\/amaruoptim.stg.uzero.cat\/fr\/meubles-anciens\/tables-dappoint-tables-du-salon-et-tables-basses\/table-dappoint-carree-en-bois-massif-ancien\/#breadcrumb","itemListElement":[{"@type":"ListItem","position":1,"name":"Accueil","item":"https:\/\/amaruantiques.com\/fr\/"},{"@type":"ListItem","position":2,"name":"Boutique","item":"https:\/\/amaruantiques.com\/fr\/boutique\/"},{"@type":"ListItem","position":3,"name":"Table d&#8217;appoint carr\u00e9e en bois massif ancien"}]},{"@type":"WebSite","@id":"https:\/\/amaruantiques.com\/#website","url":"https:\/\/amaruantiques.com\/","name":"AMARU - Timeless Antiques","description":"Timeless antiques","publisher":{"@id":"https:\/\/amaruantiques.com\/#organization"},"potentialAction":[{"@type":"SearchAction","target":{"@type":"EntryPoint","urlTemplate":"https:\/\/amaruantiques.com\/?s={search_term_string}"},"query-input":{"@type":"PropertyValueSpecification","valueRequired":true,"valueName":"search_term_string"}}],"inLanguage":"fr-FR"},{"@type":"Organization","@id":"https:\/\/amaruantiques.com\/#organization","name":"AMARU","url":"https:\/\/amaruantiques.com\/","logo":{"@type":"ImageObject","inLanguage":"fr-FR","@id":"https:\/\/amaruantiques.com\/#\/schema\/logo\/image\/","url":"https:\/\/amaruoptim.stg.uzero.cat\/wp-content\/uploads\/2025\/04\/logo-AMARU.svg","contentUrl":"https:\/\/amaruoptim.stg.uzero.cat\/wp-content\/uploads\/2025\/04\/logo-AMARU.svg","caption":"AMARU"},"image":{"@id":"https:\/\/amaruantiques.com\/#\/schema\/logo\/image\/"}}]}},"_links":{"self":[{"href":"https:\/\/amaruoptim.stg.uzero.cat\/fr\/wp-json\/wp\/v2\/product\/212036","targetHints":{"allow":["GET"]}}],"collection":[{"href":"https:\/\/amaruoptim.stg.uzero.cat\/fr\/wp-json\/wp\/v2\/product"}],"about":[{"href":"https:\/\/amaruoptim.stg.uzero.cat\/fr\/wp-json\/wp\/v2\/types\/product"}],"wp:featuredmedia":[{"embeddable":true,"href":"https:\/\/amaruoptim.stg.uzero.cat\/fr\/wp-json\/wp\/v2\/media\/224020"}],"wp:attachment":[{"href":"https:\/\/amaruoptim.stg.uzero.cat\/fr\/wp-json\/wp\/v2\/media?parent=212036"}],"wp:term":[{"taxonomy":"product_brand","embeddable":true,"href":"https:\/\/amaruoptim.stg.uzero.cat\/fr\/wp-json\/wp\/v2\/product_brand?post=212036"},{"taxonomy":"product_cat","embeddable":true,"href":"https:\/\/amaruoptim.stg.uzero.cat\/fr\/wp-json\/wp\/v2\/product_cat?post=212036"},{"taxonomy":"product_tag","embeddable":true,"href":"https:\/\/amaruoptim.stg.uzero.cat\/fr\/wp-json\/wp\/v2\/product_tag?post=212036"}],"curies":[{"name":"wp","href":"https:\/\/api.w.org\/{rel}","templated":true}]}}