{"id":212031,"date":"2021-12-15T18:02:31","date_gmt":"2021-12-15T18:02:33","guid":{"rendered":"https:\/\/amaruantiques.com\/?post_type=product&#038;p=212031"},"modified":"2025-06-26T15:44:31","modified_gmt":"2025-06-26T15:44:31","slug":"tabouret-en-metal-et-bois-style-industriel-50-cm-france-vers-1950","status":"publish","type":"product","link":"https:\/\/amaruoptim.stg.uzero.cat\/fr\/meubles-anciens\/tabourets-anciens\/tabouret-en-metal-et-bois-style-industriel-50-cm-france-vers-1950\/","title":{"rendered":"Tabouret en m\u00e9tal et bois style industriel 50 cm (France, vers 1950)"},"content":{"rendered":"<p><strong>Tabouret en m\u00e9tal et bois<\/strong> style industriel avec pieds en fer et assise carr\u00e9e en bois massif de 50 cm de haut (France, vers 1950).<\/p>\n<p>Nous avons r\u00e9cup\u00e9r\u00e9 plusieurs tabourets de style industriel en m\u00e9tal et bois d&#8217;une usine de m\u00e9tallurgie en France.<\/p>\n<p>Il a un style 100% industriel avec sa patine bleue typique des ateliers de l&#8217;\u00e9poque. Les imperfections qu&#8217;il a accumul\u00e9es au fil du temps le rendent unique et font de lui un authentique produit vintage.<\/p>\n<p>\u00c0 l&#8217;origine, le si\u00e8ge \u00e9tait en plastique PP et \u00e0 cause de son mauvais \u00e9tat de conservation, il a \u00e9t\u00e9 remplac\u00e9 par un si\u00e8ge en bois massif avec un effet vieilli.<\/p>\n<p>On l&#8217;aime pour sa patine bleue m\u00e9canique.<\/p>\n<ul>\n<li><strong>R\u00e9f.:<\/strong> AM05049<\/li>\n<li><strong>Dimensions :<\/strong> 34 cm de longueur x 34 cm de largeur x 50 cm de hauteur<\/li>\n<li><strong>Age:<\/strong> 70 ans environ<\/li>\n<li><strong>Mat\u00e9riaux:<\/strong> Bois de pin massif et m\u00e9tal<\/li>\n<li><strong>Provenance<\/strong>: France<\/li>\n<\/ul>\n<p>Ce tabouret en m\u00e9tal et bois de forme carr\u00e9e peut \u00eatre l&#8217;\u00e9l\u00e9ment de d\u00e9coration parfait \u00e0 placer autour de votre table de cuisine. On l&#8217;imagine m\u00eame comme un tabouret de bureau.<\/p>\n<p>Nous avons plusieurs tabourets industriels du m\u00eame style avec des hauteurs diff\u00e9rentes pour s&#8217;adapter \u00e0 vos besoins : 80 cm, 70 cm et 50 cm.<\/p>\n<p>Nous tenons \u00e0 vous faire remarquer son intemporalit\u00e9 qui lui permet de se fondre harmonieusement dans autant de genres de d\u00e9corations diff\u00e9rentes : de la plus excentrique \u00e0 la plus classique.<\/p>\n<p>Ses petites dimensions le rendent maniable et fonctionnel pour toutes les situations de la vie quotidienne, et lui permettent d&#8217;\u00eatre dispos\u00e9 dans n&#8217;importe quel endroit. Nous vous recommandons \u00e9galement l&#8217;une de nos<a href=\"https:\/\/amaruantiques.com\/fr\/categoria-producto\/tables-anciennes\/\">\u00a0tables anciennes<\/a> comme meuble de compl\u00e9ment parfait \u00e0 ce tabouret industriel vintage.<\/p>\n<p>&nbsp;<\/p>\n","protected":false},"excerpt":{"rendered":"<p><strong>Tabouret en m\u00e9tal et bois<\/strong> style industriel avec pieds en fer et assise carr\u00e9e en bois massif de 50 cm de haut (France, vers 1950).<\/p>\n<p><strong>Dimensions :<\/strong> 34 cm de longueur x 34 cm de largeur x 50 cm de hauteur<\/p>\n","protected":false},"featured_media":223888,"template":"","meta":[],"product_brand":[],"product_cat":[614],"product_tag":[],"class_list":{"0":"post-212031","1":"product","2":"type-product","3":"status-publish","4":"has-post-thumbnail","6":"product_cat-tabourets-anciens","7":"product_shipping_class-large-150-fr","8":"pa_estilo-style-industriel","10":"first","11":"instock","12":"sale","13":"taxable","14":"shipping-taxable","15":"purchasable","16":"product-type-simple"},"yoast_head":"<!-- This site is optimized with the Yoast SEO plugin v26.0 - https:\/\/yoast.com\/wordpress\/plugins\/seo\/ -->\n<title>Tabouret en bois et m\u00e9tal | Tabouret industriel | AMARU ANTIQUES<\/title>\n<meta name=\"description\" content=\"Tabouret en m\u00e9tal et bois de style industriel hauteur 50 cm (France, vers 1950). D\u00e9couvrez l&#039;histoire de ce tabouret industriel ici!\" \/>\n<meta name=\"robots\" content=\"index, follow, max-snippet:-1, max-image-preview:large, max-video-preview:-1\" \/>\n<link rel=\"canonical\" href=\"https:\/\/amaruoptim.stg.uzero.cat\/fr\/meubles-anciens\/tabourets-anciens\/tabouret-en-metal-et-bois-style-industriel-50-cm-france-vers-1950\/\" \/>\n<meta property=\"og:locale\" content=\"fr_FR\" \/>\n<meta property=\"og:type\" content=\"article\" \/>\n<meta property=\"og:title\" content=\"Tabouret en bois et m\u00e9tal | Tabouret industriel | AMARU ANTIQUES\" \/>\n<meta property=\"og:description\" content=\"Tabouret en m\u00e9tal et bois de style industriel hauteur 50 cm (France, vers 1950). D\u00e9couvrez l&#039;histoire de ce tabouret industriel ici!\" \/>\n<meta property=\"og:url\" content=\"https:\/\/amaruoptim.stg.uzero.cat\/fr\/meubles-anciens\/tabourets-anciens\/tabouret-en-metal-et-bois-style-industriel-50-cm-france-vers-1950\/\" \/>\n<meta property=\"og:site_name\" content=\"AMARU\" \/>\n<meta property=\"article:modified_time\" content=\"2025-06-26T15:44:31+00:00\" \/>\n<meta property=\"og:image\" content=\"https:\/\/amaruantiques.com\/wp-content\/uploads\/2025\/06\/AM05049-D-1-5.jpg\" \/>\n\t<meta property=\"og:image:width\" content=\"1600\" \/>\n\t<meta property=\"og:image:height\" content=\"1600\" \/>\n\t<meta property=\"og:image:type\" content=\"image\/jpeg\" \/>\n<meta name=\"twitter:card\" content=\"summary_large_image\" \/>\n<meta name=\"twitter:label1\" content=\"Dur\u00e9e de lecture estim\u00e9e\" \/>\n\t<meta name=\"twitter:data1\" content=\"2 minutes\" \/>\n<!-- \/ Yoast SEO plugin. -->","yoast_head_json":{"title":"Tabouret en bois et m\u00e9tal | Tabouret industriel | AMARU ANTIQUES","description":"Tabouret en m\u00e9tal et bois de style industriel hauteur 50 cm (France, vers 1950). D\u00e9couvrez l'histoire de ce tabouret industriel ici!","robots":{"index":"index","follow":"follow","max-snippet":"max-snippet:-1","max-image-preview":"max-image-preview:large","max-video-preview":"max-video-preview:-1"},"canonical":"https:\/\/amaruoptim.stg.uzero.cat\/fr\/meubles-anciens\/tabourets-anciens\/tabouret-en-metal-et-bois-style-industriel-50-cm-france-vers-1950\/","og_locale":"fr_FR","og_type":"article","og_title":"Tabouret en bois et m\u00e9tal | Tabouret industriel | AMARU ANTIQUES","og_description":"Tabouret en m\u00e9tal et bois de style industriel hauteur 50 cm (France, vers 1950). D\u00e9couvrez l'histoire de ce tabouret industriel ici!","og_url":"https:\/\/amaruoptim.stg.uzero.cat\/fr\/meubles-anciens\/tabourets-anciens\/tabouret-en-metal-et-bois-style-industriel-50-cm-france-vers-1950\/","og_site_name":"AMARU","article_modified_time":"2025-06-26T15:44:31+00:00","og_image":[{"width":1600,"height":1600,"url":"https:\/\/amaruantiques.com\/wp-content\/uploads\/2025\/06\/AM05049-D-1-5.jpg","type":"image\/jpeg"}],"twitter_card":"summary_large_image","twitter_misc":{"Dur\u00e9e de lecture estim\u00e9e":"2 minutes"},"schema":{"@context":"https:\/\/schema.org","@graph":[{"@type":"WebPage","@id":"https:\/\/amaruoptim.stg.uzero.cat\/fr\/meubles-anciens\/tabourets-anciens\/tabouret-en-metal-et-bois-style-industriel-50-cm-france-vers-1950\/","url":"https:\/\/amaruoptim.stg.uzero.cat\/fr\/meubles-anciens\/tabourets-anciens\/tabouret-en-metal-et-bois-style-industriel-50-cm-france-vers-1950\/","name":"Tabouret en bois et m\u00e9tal | Tabouret industriel | AMARU ANTIQUES","isPartOf":{"@id":"https:\/\/amaruantiques.com\/#website"},"primaryImageOfPage":{"@id":"https:\/\/amaruoptim.stg.uzero.cat\/fr\/meubles-anciens\/tabourets-anciens\/tabouret-en-metal-et-bois-style-industriel-50-cm-france-vers-1950\/#primaryimage"},"image":{"@id":"https:\/\/amaruoptim.stg.uzero.cat\/fr\/meubles-anciens\/tabourets-anciens\/tabouret-en-metal-et-bois-style-industriel-50-cm-france-vers-1950\/#primaryimage"},"thumbnailUrl":"https:\/\/amaruoptim.stg.uzero.cat\/wp-content\/uploads\/2025\/06\/AM05049-D-1-5.jpg","datePublished":"2021-12-15T18:02:33+00:00","dateModified":"2025-06-26T15:44:31+00:00","description":"Tabouret en m\u00e9tal et bois de style industriel hauteur 50 cm (France, vers 1950). D\u00e9couvrez l'histoire de ce tabouret industriel ici!","breadcrumb":{"@id":"https:\/\/amaruoptim.stg.uzero.cat\/fr\/meubles-anciens\/tabourets-anciens\/tabouret-en-metal-et-bois-style-industriel-50-cm-france-vers-1950\/#breadcrumb"},"inLanguage":"fr-FR","potentialAction":[{"@type":"ReadAction","target":["https:\/\/amaruoptim.stg.uzero.cat\/fr\/meubles-anciens\/tabourets-anciens\/tabouret-en-metal-et-bois-style-industriel-50-cm-france-vers-1950\/"]}]},{"@type":"ImageObject","inLanguage":"fr-FR","@id":"https:\/\/amaruoptim.stg.uzero.cat\/fr\/meubles-anciens\/tabourets-anciens\/tabouret-en-metal-et-bois-style-industriel-50-cm-france-vers-1950\/#primaryimage","url":"https:\/\/amaruoptim.stg.uzero.cat\/wp-content\/uploads\/2025\/06\/AM05049-D-1-5.jpg","contentUrl":"https:\/\/amaruoptim.stg.uzero.cat\/wp-content\/uploads\/2025\/06\/AM05049-D-1-5.jpg","width":1600,"height":1600},{"@type":"BreadcrumbList","@id":"https:\/\/amaruoptim.stg.uzero.cat\/fr\/meubles-anciens\/tabourets-anciens\/tabouret-en-metal-et-bois-style-industriel-50-cm-france-vers-1950\/#breadcrumb","itemListElement":[{"@type":"ListItem","position":1,"name":"Accueil","item":"https:\/\/amaruantiques.com\/fr\/"},{"@type":"ListItem","position":2,"name":"Boutique","item":"https:\/\/amaruantiques.com\/fr\/boutique\/"},{"@type":"ListItem","position":3,"name":"Tabouret en m\u00e9tal et bois style industriel 50 cm (France, vers 1950)"}]},{"@type":"WebSite","@id":"https:\/\/amaruantiques.com\/#website","url":"https:\/\/amaruantiques.com\/","name":"AMARU - Timeless Antiques","description":"Timeless antiques","publisher":{"@id":"https:\/\/amaruantiques.com\/#organization"},"potentialAction":[{"@type":"SearchAction","target":{"@type":"EntryPoint","urlTemplate":"https:\/\/amaruantiques.com\/?s={search_term_string}"},"query-input":{"@type":"PropertyValueSpecification","valueRequired":true,"valueName":"search_term_string"}}],"inLanguage":"fr-FR"},{"@type":"Organization","@id":"https:\/\/amaruantiques.com\/#organization","name":"AMARU","url":"https:\/\/amaruantiques.com\/","logo":{"@type":"ImageObject","inLanguage":"fr-FR","@id":"https:\/\/amaruantiques.com\/#\/schema\/logo\/image\/","url":"https:\/\/amaruoptim.stg.uzero.cat\/wp-content\/uploads\/2025\/04\/logo-AMARU.svg","contentUrl":"https:\/\/amaruoptim.stg.uzero.cat\/wp-content\/uploads\/2025\/04\/logo-AMARU.svg","caption":"AMARU"},"image":{"@id":"https:\/\/amaruantiques.com\/#\/schema\/logo\/image\/"}}]}},"_links":{"self":[{"href":"https:\/\/amaruoptim.stg.uzero.cat\/fr\/wp-json\/wp\/v2\/product\/212031","targetHints":{"allow":["GET"]}}],"collection":[{"href":"https:\/\/amaruoptim.stg.uzero.cat\/fr\/wp-json\/wp\/v2\/product"}],"about":[{"href":"https:\/\/amaruoptim.stg.uzero.cat\/fr\/wp-json\/wp\/v2\/types\/product"}],"wp:featuredmedia":[{"embeddable":true,"href":"https:\/\/amaruoptim.stg.uzero.cat\/fr\/wp-json\/wp\/v2\/media\/223888"}],"wp:attachment":[{"href":"https:\/\/amaruoptim.stg.uzero.cat\/fr\/wp-json\/wp\/v2\/media?parent=212031"}],"wp:term":[{"taxonomy":"product_brand","embeddable":true,"href":"https:\/\/amaruoptim.stg.uzero.cat\/fr\/wp-json\/wp\/v2\/product_brand?post=212031"},{"taxonomy":"product_cat","embeddable":true,"href":"https:\/\/amaruoptim.stg.uzero.cat\/fr\/wp-json\/wp\/v2\/product_cat?post=212031"},{"taxonomy":"product_tag","embeddable":true,"href":"https:\/\/amaruoptim.stg.uzero.cat\/fr\/wp-json\/wp\/v2\/product_tag?post=212031"}],"curies":[{"name":"wp","href":"https:\/\/api.w.org\/{rel}","templated":true}]}}