{"id":212000,"date":"2021-11-30T11:27:06","date_gmt":"2021-11-30T11:27:07","guid":{"rendered":"https:\/\/amaruantiques.com\/?post_type=product&#038;p=212000"},"modified":"2025-06-26T15:44:17","modified_gmt":"2025-06-26T15:44:17","slug":"vase-decoratif-ancien-en-ceramique-turquie-vers-1850","status":"publish","type":"product","link":"https:\/\/amaruoptim.stg.uzero.cat\/fr\/meubles-anciens\/anciens-vases\/vase-decoratif-ancien-en-ceramique-turquie-vers-1850\/","title":{"rendered":"Vase d\u00e9coratif ancien en c\u00e9ramique (Turquie, vers 1850)"},"content":{"rendered":"<p><strong>Vase d\u00e9coratif<\/strong> <strong>ancien<\/strong> en c\u00e9ramique (Turquie, vers 1850)<\/p>\n<p>Ce vase en c\u00e9ramique d\u00e9coratif\u00a0 est estim\u00e9 \u00e0 environ 170 ans, donc tr\u00e8s ancien. Il \u00e9tait principalement utilis\u00e9 initialement\u00a0 pour le stockage de l&#8217;huile. Notre vase vient de Turquie et a une hauteur de 33 cm et un diam\u00e8tre d&#8217;environ 18 cm.<\/p>\n<p>Ce vase a \u00e9t\u00e9 r\u00e9cup\u00e9r\u00e9 dans un parfait \u00e9tat de conservation.<\/p>\n<p>C&#8217;est une pi\u00e8ce unique de c\u00e9ramique, fabriqu\u00e9e \u00e0 la main selon la tradition artisanale de l&#8217;\u00e9poque.<\/p>\n<p>Actuellement il est difficile de trouver des pi\u00e8ces de cet \u00e2ge avec ce bon \u00e9tat de conservation.<\/p>\n<p>On appr\u00e9cie tout sp\u00e9cifiquement sa couleur terre cuite associ\u00e9e aux reliefs et liser\u00e9s de couleur blanche r\u00e9alis\u00e9es \u00e0 la main avec ces motifs traditionnels de la r\u00e9gion (des fleurs).<\/p>\n<ul>\n<li><strong>R\u00e9f.:<\/strong> AM04150<\/li>\n<li><strong>Dimensions :<\/strong> 18 cm de diam\u00e8tre x 33 cm de hauteur<\/li>\n<li><strong>Age:<\/strong> 170 ans<\/li>\n<li><strong>Mat\u00e9riau:<\/strong> C\u00e9ramique<\/li>\n<li><strong>Provenance:<\/strong> Turquie<\/li>\n<\/ul>\n<p>Ce vase d\u00e9coratif ancien est une pi\u00e8ce exceptionnelle, que vous ne trouverez nulle part ailleurs, et qui peut d\u00e9corer n&#8217;importe quel meuble de votre maison avec son caract\u00e8re et son identit\u00e9 unique.<\/p>\n<p>Nos vases sont des pi\u00e8ces uniques sp\u00e9cialement s\u00e9lectionn\u00e9es pour vous et se fondre dans nos espaces contemporains puis s&#8217;associer parfaitement avec nos<a href=\"https:\/\/amaruantiques.com\/fr\/categoria-producto\/buffets-anciens\/\"> buffets<\/a> ou <a href=\"https:\/\/amaruantiques.com\/fr\/categoria-producto\/armoires-anciennes\/\">armoires anciennes<\/a>.<\/p>\n","protected":false},"excerpt":{"rendered":"<p><strong>Vase d\u00e9coratif ancien <\/strong>en c\u00e9ramique (Turquie, vers 1850)<\/p>\n<p><strong>Dimensions :<\/strong> 18 cm de diam\u00e8tre x 33 cm de hauteur<\/p>\n<p><em>PI\u00c8CE UNIQUE<\/em><\/p>\n","protected":false},"featured_media":223570,"template":"","meta":[],"product_brand":[],"product_cat":[635],"product_tag":[112],"class_list":{"0":"post-212000","1":"product","2":"type-product","3":"status-publish","4":"has-post-thumbnail","6":"product_cat-anciens-vases","7":"product_tag-vase","8":"product_shipping_class-small-50-fr","9":"pa_estilo-art-populaire","11":"first","12":"instock","13":"taxable","14":"shipping-taxable","15":"purchasable","16":"product-type-simple"},"yoast_head":"<!-- This site is optimized with the Yoast SEO plugin v26.0 - https:\/\/yoast.com\/wordpress\/plugins\/seo\/ -->\n<title>Vase d\u00e9coratif ancien | Vase d\u00e9coratif | AMARU ANTIQUES<\/title>\n<meta name=\"description\" content=\"Vase d\u00e9coratif ancien en c\u00e9ramique (Turquie, vers 1850). D\u00e9couvrez d&#039;autres vases et dames-jeannes anciennes sur notre site...\" \/>\n<meta name=\"robots\" content=\"index, follow, max-snippet:-1, max-image-preview:large, max-video-preview:-1\" \/>\n<link rel=\"canonical\" href=\"https:\/\/amaruoptim.stg.uzero.cat\/fr\/meubles-anciens\/anciens-vases\/vase-decoratif-ancien-en-ceramique-turquie-vers-1850\/\" \/>\n<meta property=\"og:locale\" content=\"fr_FR\" \/>\n<meta property=\"og:type\" content=\"article\" \/>\n<meta property=\"og:title\" content=\"Vase d\u00e9coratif ancien | Vase d\u00e9coratif | AMARU ANTIQUES\" \/>\n<meta property=\"og:description\" content=\"Vase d\u00e9coratif ancien en c\u00e9ramique (Turquie, vers 1850). D\u00e9couvrez d&#039;autres vases et dames-jeannes anciennes sur notre site...\" \/>\n<meta property=\"og:url\" content=\"https:\/\/amaruoptim.stg.uzero.cat\/fr\/meubles-anciens\/anciens-vases\/vase-decoratif-ancien-en-ceramique-turquie-vers-1850\/\" \/>\n<meta property=\"og:site_name\" content=\"AMARU\" \/>\n<meta property=\"article:modified_time\" content=\"2025-06-26T15:44:17+00:00\" \/>\n<meta property=\"og:image\" content=\"https:\/\/amaruantiques.com\/wp-content\/uploads\/2025\/06\/AM04150-2.jpg\" \/>\n\t<meta property=\"og:image:width\" content=\"924\" \/>\n\t<meta property=\"og:image:height\" content=\"924\" \/>\n\t<meta property=\"og:image:type\" content=\"image\/jpeg\" \/>\n<meta name=\"twitter:card\" content=\"summary_large_image\" \/>\n<meta name=\"twitter:label1\" content=\"Dur\u00e9e de lecture estim\u00e9e\" \/>\n\t<meta name=\"twitter:data1\" content=\"2 minutes\" \/>\n<!-- \/ Yoast SEO plugin. -->","yoast_head_json":{"title":"Vase d\u00e9coratif ancien | Vase d\u00e9coratif | AMARU ANTIQUES","description":"Vase d\u00e9coratif ancien en c\u00e9ramique (Turquie, vers 1850). D\u00e9couvrez d'autres vases et dames-jeannes anciennes sur notre site...","robots":{"index":"index","follow":"follow","max-snippet":"max-snippet:-1","max-image-preview":"max-image-preview:large","max-video-preview":"max-video-preview:-1"},"canonical":"https:\/\/amaruoptim.stg.uzero.cat\/fr\/meubles-anciens\/anciens-vases\/vase-decoratif-ancien-en-ceramique-turquie-vers-1850\/","og_locale":"fr_FR","og_type":"article","og_title":"Vase d\u00e9coratif ancien | Vase d\u00e9coratif | AMARU ANTIQUES","og_description":"Vase d\u00e9coratif ancien en c\u00e9ramique (Turquie, vers 1850). D\u00e9couvrez d'autres vases et dames-jeannes anciennes sur notre site...","og_url":"https:\/\/amaruoptim.stg.uzero.cat\/fr\/meubles-anciens\/anciens-vases\/vase-decoratif-ancien-en-ceramique-turquie-vers-1850\/","og_site_name":"AMARU","article_modified_time":"2025-06-26T15:44:17+00:00","og_image":[{"width":924,"height":924,"url":"https:\/\/amaruantiques.com\/wp-content\/uploads\/2025\/06\/AM04150-2.jpg","type":"image\/jpeg"}],"twitter_card":"summary_large_image","twitter_misc":{"Dur\u00e9e de lecture estim\u00e9e":"2 minutes"},"schema":{"@context":"https:\/\/schema.org","@graph":[{"@type":"WebPage","@id":"https:\/\/amaruoptim.stg.uzero.cat\/fr\/meubles-anciens\/anciens-vases\/vase-decoratif-ancien-en-ceramique-turquie-vers-1850\/","url":"https:\/\/amaruoptim.stg.uzero.cat\/fr\/meubles-anciens\/anciens-vases\/vase-decoratif-ancien-en-ceramique-turquie-vers-1850\/","name":"Vase d\u00e9coratif ancien | Vase d\u00e9coratif | AMARU ANTIQUES","isPartOf":{"@id":"https:\/\/amaruantiques.com\/#website"},"primaryImageOfPage":{"@id":"https:\/\/amaruoptim.stg.uzero.cat\/fr\/meubles-anciens\/anciens-vases\/vase-decoratif-ancien-en-ceramique-turquie-vers-1850\/#primaryimage"},"image":{"@id":"https:\/\/amaruoptim.stg.uzero.cat\/fr\/meubles-anciens\/anciens-vases\/vase-decoratif-ancien-en-ceramique-turquie-vers-1850\/#primaryimage"},"thumbnailUrl":"https:\/\/amaruoptim.stg.uzero.cat\/wp-content\/uploads\/2025\/06\/AM04150-2.jpg","datePublished":"2021-11-30T11:27:07+00:00","dateModified":"2025-06-26T15:44:17+00:00","description":"Vase d\u00e9coratif ancien en c\u00e9ramique (Turquie, vers 1850). D\u00e9couvrez d'autres vases et dames-jeannes anciennes sur notre site...","breadcrumb":{"@id":"https:\/\/amaruoptim.stg.uzero.cat\/fr\/meubles-anciens\/anciens-vases\/vase-decoratif-ancien-en-ceramique-turquie-vers-1850\/#breadcrumb"},"inLanguage":"fr-FR","potentialAction":[{"@type":"ReadAction","target":["https:\/\/amaruoptim.stg.uzero.cat\/fr\/meubles-anciens\/anciens-vases\/vase-decoratif-ancien-en-ceramique-turquie-vers-1850\/"]}]},{"@type":"ImageObject","inLanguage":"fr-FR","@id":"https:\/\/amaruoptim.stg.uzero.cat\/fr\/meubles-anciens\/anciens-vases\/vase-decoratif-ancien-en-ceramique-turquie-vers-1850\/#primaryimage","url":"https:\/\/amaruoptim.stg.uzero.cat\/wp-content\/uploads\/2025\/06\/AM04150-2.jpg","contentUrl":"https:\/\/amaruoptim.stg.uzero.cat\/wp-content\/uploads\/2025\/06\/AM04150-2.jpg","width":924,"height":924},{"@type":"BreadcrumbList","@id":"https:\/\/amaruoptim.stg.uzero.cat\/fr\/meubles-anciens\/anciens-vases\/vase-decoratif-ancien-en-ceramique-turquie-vers-1850\/#breadcrumb","itemListElement":[{"@type":"ListItem","position":1,"name":"Accueil","item":"https:\/\/amaruantiques.com\/fr\/"},{"@type":"ListItem","position":2,"name":"Boutique","item":"https:\/\/amaruantiques.com\/fr\/boutique\/"},{"@type":"ListItem","position":3,"name":"Vase d\u00e9coratif ancien en c\u00e9ramique (Turquie, vers 1850)"}]},{"@type":"WebSite","@id":"https:\/\/amaruantiques.com\/#website","url":"https:\/\/amaruantiques.com\/","name":"AMARU - Timeless Antiques","description":"Timeless antiques","publisher":{"@id":"https:\/\/amaruantiques.com\/#organization"},"potentialAction":[{"@type":"SearchAction","target":{"@type":"EntryPoint","urlTemplate":"https:\/\/amaruantiques.com\/?s={search_term_string}"},"query-input":{"@type":"PropertyValueSpecification","valueRequired":true,"valueName":"search_term_string"}}],"inLanguage":"fr-FR"},{"@type":"Organization","@id":"https:\/\/amaruantiques.com\/#organization","name":"AMARU","url":"https:\/\/amaruantiques.com\/","logo":{"@type":"ImageObject","inLanguage":"fr-FR","@id":"https:\/\/amaruantiques.com\/#\/schema\/logo\/image\/","url":"https:\/\/amaruoptim.stg.uzero.cat\/wp-content\/uploads\/2025\/04\/logo-AMARU.svg","contentUrl":"https:\/\/amaruoptim.stg.uzero.cat\/wp-content\/uploads\/2025\/04\/logo-AMARU.svg","caption":"AMARU"},"image":{"@id":"https:\/\/amaruantiques.com\/#\/schema\/logo\/image\/"}}]}},"_links":{"self":[{"href":"https:\/\/amaruoptim.stg.uzero.cat\/fr\/wp-json\/wp\/v2\/product\/212000","targetHints":{"allow":["GET"]}}],"collection":[{"href":"https:\/\/amaruoptim.stg.uzero.cat\/fr\/wp-json\/wp\/v2\/product"}],"about":[{"href":"https:\/\/amaruoptim.stg.uzero.cat\/fr\/wp-json\/wp\/v2\/types\/product"}],"wp:featuredmedia":[{"embeddable":true,"href":"https:\/\/amaruoptim.stg.uzero.cat\/fr\/wp-json\/wp\/v2\/media\/223570"}],"wp:attachment":[{"href":"https:\/\/amaruoptim.stg.uzero.cat\/fr\/wp-json\/wp\/v2\/media?parent=212000"}],"wp:term":[{"taxonomy":"product_brand","embeddable":true,"href":"https:\/\/amaruoptim.stg.uzero.cat\/fr\/wp-json\/wp\/v2\/product_brand?post=212000"},{"taxonomy":"product_cat","embeddable":true,"href":"https:\/\/amaruoptim.stg.uzero.cat\/fr\/wp-json\/wp\/v2\/product_cat?post=212000"},{"taxonomy":"product_tag","embeddable":true,"href":"https:\/\/amaruoptim.stg.uzero.cat\/fr\/wp-json\/wp\/v2\/product_tag?post=212000"}],"curies":[{"name":"wp","href":"https:\/\/api.w.org\/{rel}","templated":true}]}}