{"id":211986,"date":"2021-11-25T17:13:50","date_gmt":"2021-11-25T17:13:53","guid":{"rendered":"https:\/\/amaruantiques.com\/?post_type=product&#038;p=211986"},"modified":"2025-06-26T15:44:13","modified_gmt":"2025-06-26T15:44:13","slug":"table-de-jardin-blanche-vintage-france-vers-1950-7","status":"publish","type":"product","link":"https:\/\/amaruoptim.stg.uzero.cat\/fr\/meubles-anciens\/tables-de-jardin-et-de-terrasse-anciennes\/table-de-jardin-blanche-vintage-france-vers-1950-7\/","title":{"rendered":"Table de jardin blanche vintage (France, vers 1950) # 7"},"content":{"rendered":"<p><strong>Table de jardin blanche<\/strong> vintage en m\u00e9tal (France, vers 1950).<\/p>\n<p>Cette table de jardin en m\u00e9tal est dat\u00e9e d&#8217;environ 70 ans. On l&#8217;a chin\u00e9e en France et elle est en fer. C&#8217;\u00e9tait une table faite pour durer et qui peut se transmettre d&#8217;une g\u00e9n\u00e9ration \u00e0 une autre.<\/p>\n<p>On aime ce m\u00e9lange de la peinture blanche d&#8217;origine avec la couleur rouille qui s&#8217;est cr\u00e9\u00e9e au fil des ann\u00e9es. Cette patine de tons diverses est inimitable.<\/p>\n<p>Le processus de vieillissement de cette table a fa\u00e7onn\u00e9 ses propres imperfections, et rend unique chacune des tables que nous avons s\u00e9lectionn\u00e9es pour vous.<\/p>\n<ul>\n<li><strong>R\u00e9f.:<\/strong> AM05021<\/li>\n<li><strong>Dimensions :<\/strong> 80 x 80 x 72 cm (Largeur x Profondeur x Hauteur)<\/li>\n<li><strong>\u00c2ge:<\/strong> 70 ans<\/li>\n<li><strong>Mat\u00e9riau:<\/strong> Fer<\/li>\n<li><strong>Provenance:<\/strong> France<\/li>\n<\/ul>\n<p>Cette table de jardin blanche peut servir aussi de table de cuisine ou de table d&#8217;ext\u00e9rieure o\u00f9 prendre son caf\u00e9 le matin. Elle peut \u00eatre la pi\u00e8ce ma\u00eetresse et centrale de votre terrasse, de votre jardin, balcon ou cour. Elle peut trouver sa place dans une maison mais \u00e9galement dans un appartement plus petit. Gr\u00e2ce \u00e0 ses dimensions elle peut s&#8217;adapter \u00e0 tous les espaces de votre habitation.<\/p>\n<p>Son style intemporel peut s&#8217;allier parfaitement avec des d\u00e9cors plus modernes et contemporains. Nous vous recommandons \u00e9galement nos <a href=\"https:\/\/amaruantiques.com\/fr\/categoria-producto\/chaises-anciennes\/\">chaises de jardin anciennes<\/a> comme mobilier \u00e0 combiner avec cette table de jardin carr\u00e9e.<\/p>\n<p>&nbsp;<\/p>\n","protected":false},"excerpt":{"rendered":"<p><strong>Table de jardin blanche<\/strong> vintage en m\u00e9tal (France, vers 1950)<\/p>\n<p><strong>Dimensions:<\/strong> 80 x 80 x 72 cm (Largeur x Profondeur x Hauteur)<\/p>\n","protected":false},"featured_media":223453,"template":"","meta":[],"product_brand":[],"product_cat":[626],"product_tag":[],"class_list":{"0":"post-211986","1":"product","2":"type-product","3":"status-publish","4":"has-post-thumbnail","6":"product_cat-tables-de-jardin-et-de-terrasse-anciennes","7":"product_shipping_class-gran-cargo-625-fr","8":"pa_estilo-provencal-francais","10":"first","11":"instock","12":"sale","13":"taxable","14":"shipping-taxable","15":"purchasable","16":"product-type-simple"},"yoast_head":"<!-- This site is optimized with the Yoast SEO plugin v26.0 - https:\/\/yoast.com\/wordpress\/plugins\/seo\/ -->\n<title>Table de jardin blanche | Table de jardin en m\u00e9tal | AMARU<\/title>\n<meta name=\"description\" content=\"Table de jardin blanche vintage en m\u00e9tal carr\u00e9e (France, vers 1950). Venez d\u00e9couvrir plus de tables et chaises de jardin sur notre site.\" \/>\n<meta name=\"robots\" content=\"index, follow, max-snippet:-1, max-image-preview:large, max-video-preview:-1\" \/>\n<link rel=\"canonical\" href=\"https:\/\/amaruoptim.stg.uzero.cat\/fr\/meubles-anciens\/tables-de-jardin-et-de-terrasse-anciennes\/table-de-jardin-blanche-vintage-france-vers-1950-7\/\" \/>\n<meta property=\"og:locale\" content=\"fr_FR\" \/>\n<meta property=\"og:type\" content=\"article\" \/>\n<meta property=\"og:title\" content=\"Table de jardin blanche | Table de jardin en m\u00e9tal | AMARU\" \/>\n<meta property=\"og:description\" content=\"Table de jardin blanche vintage en m\u00e9tal carr\u00e9e (France, vers 1950). Venez d\u00e9couvrir plus de tables et chaises de jardin sur notre site.\" \/>\n<meta property=\"og:url\" content=\"https:\/\/amaruoptim.stg.uzero.cat\/fr\/meubles-anciens\/tables-de-jardin-et-de-terrasse-anciennes\/table-de-jardin-blanche-vintage-france-vers-1950-7\/\" \/>\n<meta property=\"og:site_name\" content=\"AMARU\" \/>\n<meta property=\"article:modified_time\" content=\"2025-06-26T15:44:13+00:00\" \/>\n<meta property=\"og:image\" content=\"https:\/\/amaruantiques.com\/wp-content\/uploads\/2025\/06\/AM05021-D-1-5.jpg\" \/>\n\t<meta property=\"og:image:width\" content=\"1600\" \/>\n\t<meta property=\"og:image:height\" content=\"1600\" \/>\n\t<meta property=\"og:image:type\" content=\"image\/jpeg\" \/>\n<meta name=\"twitter:card\" content=\"summary_large_image\" \/>\n<meta name=\"twitter:label1\" content=\"Dur\u00e9e de lecture estim\u00e9e\" \/>\n\t<meta name=\"twitter:data1\" content=\"2 minutes\" \/>\n<!-- \/ Yoast SEO plugin. -->","yoast_head_json":{"title":"Table de jardin blanche | Table de jardin en m\u00e9tal | AMARU","description":"Table de jardin blanche vintage en m\u00e9tal carr\u00e9e (France, vers 1950). Venez d\u00e9couvrir plus de tables et chaises de jardin sur notre site.","robots":{"index":"index","follow":"follow","max-snippet":"max-snippet:-1","max-image-preview":"max-image-preview:large","max-video-preview":"max-video-preview:-1"},"canonical":"https:\/\/amaruoptim.stg.uzero.cat\/fr\/meubles-anciens\/tables-de-jardin-et-de-terrasse-anciennes\/table-de-jardin-blanche-vintage-france-vers-1950-7\/","og_locale":"fr_FR","og_type":"article","og_title":"Table de jardin blanche | Table de jardin en m\u00e9tal | AMARU","og_description":"Table de jardin blanche vintage en m\u00e9tal carr\u00e9e (France, vers 1950). Venez d\u00e9couvrir plus de tables et chaises de jardin sur notre site.","og_url":"https:\/\/amaruoptim.stg.uzero.cat\/fr\/meubles-anciens\/tables-de-jardin-et-de-terrasse-anciennes\/table-de-jardin-blanche-vintage-france-vers-1950-7\/","og_site_name":"AMARU","article_modified_time":"2025-06-26T15:44:13+00:00","og_image":[{"width":1600,"height":1600,"url":"https:\/\/amaruantiques.com\/wp-content\/uploads\/2025\/06\/AM05021-D-1-5.jpg","type":"image\/jpeg"}],"twitter_card":"summary_large_image","twitter_misc":{"Dur\u00e9e de lecture estim\u00e9e":"2 minutes"},"schema":{"@context":"https:\/\/schema.org","@graph":[{"@type":"WebPage","@id":"https:\/\/amaruoptim.stg.uzero.cat\/fr\/meubles-anciens\/tables-de-jardin-et-de-terrasse-anciennes\/table-de-jardin-blanche-vintage-france-vers-1950-7\/","url":"https:\/\/amaruoptim.stg.uzero.cat\/fr\/meubles-anciens\/tables-de-jardin-et-de-terrasse-anciennes\/table-de-jardin-blanche-vintage-france-vers-1950-7\/","name":"Table de jardin blanche | Table de jardin en m\u00e9tal | AMARU","isPartOf":{"@id":"https:\/\/amaruantiques.com\/#website"},"primaryImageOfPage":{"@id":"https:\/\/amaruoptim.stg.uzero.cat\/fr\/meubles-anciens\/tables-de-jardin-et-de-terrasse-anciennes\/table-de-jardin-blanche-vintage-france-vers-1950-7\/#primaryimage"},"image":{"@id":"https:\/\/amaruoptim.stg.uzero.cat\/fr\/meubles-anciens\/tables-de-jardin-et-de-terrasse-anciennes\/table-de-jardin-blanche-vintage-france-vers-1950-7\/#primaryimage"},"thumbnailUrl":"https:\/\/amaruoptim.stg.uzero.cat\/wp-content\/uploads\/2025\/06\/AM05021-D-1-5.jpg","datePublished":"2021-11-25T17:13:53+00:00","dateModified":"2025-06-26T15:44:13+00:00","description":"Table de jardin blanche vintage en m\u00e9tal carr\u00e9e (France, vers 1950). Venez d\u00e9couvrir plus de tables et chaises de jardin sur notre site.","breadcrumb":{"@id":"https:\/\/amaruoptim.stg.uzero.cat\/fr\/meubles-anciens\/tables-de-jardin-et-de-terrasse-anciennes\/table-de-jardin-blanche-vintage-france-vers-1950-7\/#breadcrumb"},"inLanguage":"fr-FR","potentialAction":[{"@type":"ReadAction","target":["https:\/\/amaruoptim.stg.uzero.cat\/fr\/meubles-anciens\/tables-de-jardin-et-de-terrasse-anciennes\/table-de-jardin-blanche-vintage-france-vers-1950-7\/"]}]},{"@type":"ImageObject","inLanguage":"fr-FR","@id":"https:\/\/amaruoptim.stg.uzero.cat\/fr\/meubles-anciens\/tables-de-jardin-et-de-terrasse-anciennes\/table-de-jardin-blanche-vintage-france-vers-1950-7\/#primaryimage","url":"https:\/\/amaruoptim.stg.uzero.cat\/wp-content\/uploads\/2025\/06\/AM05021-D-1-5.jpg","contentUrl":"https:\/\/amaruoptim.stg.uzero.cat\/wp-content\/uploads\/2025\/06\/AM05021-D-1-5.jpg","width":1600,"height":1600},{"@type":"BreadcrumbList","@id":"https:\/\/amaruoptim.stg.uzero.cat\/fr\/meubles-anciens\/tables-de-jardin-et-de-terrasse-anciennes\/table-de-jardin-blanche-vintage-france-vers-1950-7\/#breadcrumb","itemListElement":[{"@type":"ListItem","position":1,"name":"Accueil","item":"https:\/\/amaruantiques.com\/fr\/"},{"@type":"ListItem","position":2,"name":"Boutique","item":"https:\/\/amaruantiques.com\/fr\/boutique\/"},{"@type":"ListItem","position":3,"name":"Table de jardin blanche vintage (France, vers 1950) # 7"}]},{"@type":"WebSite","@id":"https:\/\/amaruantiques.com\/#website","url":"https:\/\/amaruantiques.com\/","name":"AMARU - Timeless Antiques","description":"Timeless antiques","publisher":{"@id":"https:\/\/amaruantiques.com\/#organization"},"potentialAction":[{"@type":"SearchAction","target":{"@type":"EntryPoint","urlTemplate":"https:\/\/amaruantiques.com\/?s={search_term_string}"},"query-input":{"@type":"PropertyValueSpecification","valueRequired":true,"valueName":"search_term_string"}}],"inLanguage":"fr-FR"},{"@type":"Organization","@id":"https:\/\/amaruantiques.com\/#organization","name":"AMARU","url":"https:\/\/amaruantiques.com\/","logo":{"@type":"ImageObject","inLanguage":"fr-FR","@id":"https:\/\/amaruantiques.com\/#\/schema\/logo\/image\/","url":"https:\/\/amaruoptim.stg.uzero.cat\/wp-content\/uploads\/2025\/04\/logo-AMARU.svg","contentUrl":"https:\/\/amaruoptim.stg.uzero.cat\/wp-content\/uploads\/2025\/04\/logo-AMARU.svg","caption":"AMARU"},"image":{"@id":"https:\/\/amaruantiques.com\/#\/schema\/logo\/image\/"}}]}},"_links":{"self":[{"href":"https:\/\/amaruoptim.stg.uzero.cat\/fr\/wp-json\/wp\/v2\/product\/211986","targetHints":{"allow":["GET"]}}],"collection":[{"href":"https:\/\/amaruoptim.stg.uzero.cat\/fr\/wp-json\/wp\/v2\/product"}],"about":[{"href":"https:\/\/amaruoptim.stg.uzero.cat\/fr\/wp-json\/wp\/v2\/types\/product"}],"wp:featuredmedia":[{"embeddable":true,"href":"https:\/\/amaruoptim.stg.uzero.cat\/fr\/wp-json\/wp\/v2\/media\/223453"}],"wp:attachment":[{"href":"https:\/\/amaruoptim.stg.uzero.cat\/fr\/wp-json\/wp\/v2\/media?parent=211986"}],"wp:term":[{"taxonomy":"product_brand","embeddable":true,"href":"https:\/\/amaruoptim.stg.uzero.cat\/fr\/wp-json\/wp\/v2\/product_brand?post=211986"},{"taxonomy":"product_cat","embeddable":true,"href":"https:\/\/amaruoptim.stg.uzero.cat\/fr\/wp-json\/wp\/v2\/product_cat?post=211986"},{"taxonomy":"product_tag","embeddable":true,"href":"https:\/\/amaruoptim.stg.uzero.cat\/fr\/wp-json\/wp\/v2\/product_tag?post=211986"}],"curies":[{"name":"wp","href":"https:\/\/api.w.org\/{rel}","templated":true}]}}