{"id":211985,"date":"2021-11-25T17:00:10","date_gmt":"2021-11-25T17:00:13","guid":{"rendered":"https:\/\/amaruantiques.com\/?post_type=product&#038;p=211985"},"modified":"2025-06-26T15:44:13","modified_gmt":"2025-06-26T15:44:13","slug":"table-de-jardin-vintage-verte-france-vers-1950-6","status":"publish","type":"product","link":"https:\/\/amaruoptim.stg.uzero.cat\/fr\/meubles-anciens\/tables-de-jardin-et-de-terrasse-anciennes\/table-de-jardin-vintage-verte-france-vers-1950-6\/","title":{"rendered":"Table de jardin vintage verte (France, vers 1950) #6"},"content":{"rendered":"<p><strong>Table de jardin vintage <\/strong>verte en m\u00e9tal (France, vers 1930).<\/p>\n<p>Cette table de jardin verte date d&#8217;environ 90 ans. Nous l&#8217;avons trouv\u00e9e en France, et elle est fabriqu\u00e9e en fer. Ce mat\u00e9riau solide lui permet de durer dans le temps.<\/p>\n<p>Notre table de jardin vintage \u00e9tait peinte en vert. La patine qui subsiste sur le m\u00e9tal semble s&#8217;\u00eatre r\u00e9v\u00e9l\u00e9e en m\u00eame temps que la mousse parfum\u00e9e de votre jardin ne se soit r\u00e9pandue. Cette couleur sp\u00e9cifique d&#8217;un vert franc lumineux apporte une note v\u00e9g\u00e9tale \u00e0 votre environnement.<\/p>\n<p>Chacune des tables de jardin anciennes que nous vous proposons \u00e0 la vente sont uniques. Toutes ses marques du temps qu&#8217;elles ont subies, si on les regarde attentivement, cr\u00e9ent une esth\u00e9tique d&#8217;exception.<\/p>\n<ul>\n<li><strong>R\u00e9f.:<\/strong> AM05014<\/li>\n<li><strong>Dimensions :<\/strong> 77 x 77 x 75 cm (Largeur x Profondeur x Hauteur)<\/li>\n<li><strong>\u00c2ge:<\/strong> 70 ans<\/li>\n<li><strong>Mat\u00e9riau:<\/strong> fer<\/li>\n<li><strong>Provenance:<\/strong> France<\/li>\n<\/ul>\n<p>Cette table de jardin en m\u00e9tal peut \u00eatre \u00eatre install\u00e9e sur votre terrasse ou dans votre jardin. On peut l&#8217;imaginer aussi comme une table d&#8217;appoint dans une v\u00e9randa ou une cour, et m\u00eame \u00e0 tout endroit de la maison.<\/p>\n<p>Son style intemporel peut s&#8217;associer sans aucun probl\u00e8me \u00e0 des d\u00e9cors plus modernes et contemporains. Nous recommandons \u00e9galement nos <a href=\"https:\/\/amaruantiques.com\/fr\/categoria-producto\/chaises-anciennes\/\">chaises de jardin anciennes<\/a> comme alli\u00e9es parfaites \u00e0 cette table.<\/p>\n<p>&nbsp;<\/p>\n","protected":false},"excerpt":{"rendered":"<p><strong>Table de jardin vintage <\/strong>verte en m\u00e9tal (France, vers 1930).<\/p>\n<p><strong>Dimensions approximatives :<\/strong> 77 x 77 x 74 cm (Largeur x Profondeur x Hauteur)<\/p>\n","protected":false},"featured_media":223441,"template":"","meta":[],"product_brand":[],"product_cat":[626],"product_tag":[],"class_list":{"0":"post-211985","1":"product","2":"type-product","3":"status-publish","4":"has-post-thumbnail","6":"product_cat-tables-de-jardin-et-de-terrasse-anciennes","7":"product_shipping_class-gran-cargo-625-fr","8":"pa_estilo-provencal-francais","10":"first","11":"instock","12":"sale","13":"taxable","14":"shipping-taxable","15":"purchasable","16":"product-type-simple"},"yoast_head":"<!-- This site is optimized with the Yoast SEO plugin v26.0 - https:\/\/yoast.com\/wordpress\/plugins\/seo\/ -->\n<title>Table de jardin vintage | Table de jardin verte | AMARU ANTIQUES<\/title>\n<meta name=\"description\" content=\"Table de jardin vintage verte en m\u00e9tal (France, vers 1950). Venez d\u00e9couvrir plus de tables et chaises de jardin sur notre site AMARU.\" \/>\n<meta name=\"robots\" content=\"index, follow, max-snippet:-1, max-image-preview:large, max-video-preview:-1\" \/>\n<link rel=\"canonical\" href=\"https:\/\/amaruoptim.stg.uzero.cat\/fr\/meubles-anciens\/tables-de-jardin-et-de-terrasse-anciennes\/table-de-jardin-vintage-verte-france-vers-1950-6\/\" \/>\n<meta property=\"og:locale\" content=\"fr_FR\" \/>\n<meta property=\"og:type\" content=\"article\" \/>\n<meta property=\"og:title\" content=\"Table de jardin vintage | Table de jardin verte | AMARU ANTIQUES\" \/>\n<meta property=\"og:description\" content=\"Table de jardin vintage verte en m\u00e9tal (France, vers 1950). Venez d\u00e9couvrir plus de tables et chaises de jardin sur notre site AMARU.\" \/>\n<meta property=\"og:url\" content=\"https:\/\/amaruoptim.stg.uzero.cat\/fr\/meubles-anciens\/tables-de-jardin-et-de-terrasse-anciennes\/table-de-jardin-vintage-verte-france-vers-1950-6\/\" \/>\n<meta property=\"og:site_name\" content=\"AMARU\" \/>\n<meta property=\"article:modified_time\" content=\"2025-06-26T15:44:13+00:00\" \/>\n<meta property=\"og:image\" content=\"https:\/\/amaruantiques.com\/wp-content\/uploads\/2025\/06\/AM05014-2-D-1-3.jpg\" \/>\n\t<meta property=\"og:image:width\" content=\"924\" \/>\n\t<meta property=\"og:image:height\" content=\"924\" \/>\n\t<meta property=\"og:image:type\" content=\"image\/jpeg\" \/>\n<meta name=\"twitter:card\" content=\"summary_large_image\" \/>\n<meta name=\"twitter:label1\" content=\"Dur\u00e9e de lecture estim\u00e9e\" \/>\n\t<meta name=\"twitter:data1\" content=\"2 minutes\" \/>\n<!-- \/ Yoast SEO plugin. -->","yoast_head_json":{"title":"Table de jardin vintage | Table de jardin verte | AMARU ANTIQUES","description":"Table de jardin vintage verte en m\u00e9tal (France, vers 1950). Venez d\u00e9couvrir plus de tables et chaises de jardin sur notre site AMARU.","robots":{"index":"index","follow":"follow","max-snippet":"max-snippet:-1","max-image-preview":"max-image-preview:large","max-video-preview":"max-video-preview:-1"},"canonical":"https:\/\/amaruoptim.stg.uzero.cat\/fr\/meubles-anciens\/tables-de-jardin-et-de-terrasse-anciennes\/table-de-jardin-vintage-verte-france-vers-1950-6\/","og_locale":"fr_FR","og_type":"article","og_title":"Table de jardin vintage | Table de jardin verte | AMARU ANTIQUES","og_description":"Table de jardin vintage verte en m\u00e9tal (France, vers 1950). Venez d\u00e9couvrir plus de tables et chaises de jardin sur notre site AMARU.","og_url":"https:\/\/amaruoptim.stg.uzero.cat\/fr\/meubles-anciens\/tables-de-jardin-et-de-terrasse-anciennes\/table-de-jardin-vintage-verte-france-vers-1950-6\/","og_site_name":"AMARU","article_modified_time":"2025-06-26T15:44:13+00:00","og_image":[{"width":924,"height":924,"url":"https:\/\/amaruantiques.com\/wp-content\/uploads\/2025\/06\/AM05014-2-D-1-3.jpg","type":"image\/jpeg"}],"twitter_card":"summary_large_image","twitter_misc":{"Dur\u00e9e de lecture estim\u00e9e":"2 minutes"},"schema":{"@context":"https:\/\/schema.org","@graph":[{"@type":"WebPage","@id":"https:\/\/amaruoptim.stg.uzero.cat\/fr\/meubles-anciens\/tables-de-jardin-et-de-terrasse-anciennes\/table-de-jardin-vintage-verte-france-vers-1950-6\/","url":"https:\/\/amaruoptim.stg.uzero.cat\/fr\/meubles-anciens\/tables-de-jardin-et-de-terrasse-anciennes\/table-de-jardin-vintage-verte-france-vers-1950-6\/","name":"Table de jardin vintage | Table de jardin verte | AMARU ANTIQUES","isPartOf":{"@id":"https:\/\/amaruantiques.com\/#website"},"primaryImageOfPage":{"@id":"https:\/\/amaruoptim.stg.uzero.cat\/fr\/meubles-anciens\/tables-de-jardin-et-de-terrasse-anciennes\/table-de-jardin-vintage-verte-france-vers-1950-6\/#primaryimage"},"image":{"@id":"https:\/\/amaruoptim.stg.uzero.cat\/fr\/meubles-anciens\/tables-de-jardin-et-de-terrasse-anciennes\/table-de-jardin-vintage-verte-france-vers-1950-6\/#primaryimage"},"thumbnailUrl":"https:\/\/amaruoptim.stg.uzero.cat\/wp-content\/uploads\/2025\/06\/AM05014-2-D-1-3.jpg","datePublished":"2021-11-25T17:00:13+00:00","dateModified":"2025-06-26T15:44:13+00:00","description":"Table de jardin vintage verte en m\u00e9tal (France, vers 1950). Venez d\u00e9couvrir plus de tables et chaises de jardin sur notre site AMARU.","breadcrumb":{"@id":"https:\/\/amaruoptim.stg.uzero.cat\/fr\/meubles-anciens\/tables-de-jardin-et-de-terrasse-anciennes\/table-de-jardin-vintage-verte-france-vers-1950-6\/#breadcrumb"},"inLanguage":"fr-FR","potentialAction":[{"@type":"ReadAction","target":["https:\/\/amaruoptim.stg.uzero.cat\/fr\/meubles-anciens\/tables-de-jardin-et-de-terrasse-anciennes\/table-de-jardin-vintage-verte-france-vers-1950-6\/"]}]},{"@type":"ImageObject","inLanguage":"fr-FR","@id":"https:\/\/amaruoptim.stg.uzero.cat\/fr\/meubles-anciens\/tables-de-jardin-et-de-terrasse-anciennes\/table-de-jardin-vintage-verte-france-vers-1950-6\/#primaryimage","url":"https:\/\/amaruoptim.stg.uzero.cat\/wp-content\/uploads\/2025\/06\/AM05014-2-D-1-3.jpg","contentUrl":"https:\/\/amaruoptim.stg.uzero.cat\/wp-content\/uploads\/2025\/06\/AM05014-2-D-1-3.jpg","width":924,"height":924},{"@type":"BreadcrumbList","@id":"https:\/\/amaruoptim.stg.uzero.cat\/fr\/meubles-anciens\/tables-de-jardin-et-de-terrasse-anciennes\/table-de-jardin-vintage-verte-france-vers-1950-6\/#breadcrumb","itemListElement":[{"@type":"ListItem","position":1,"name":"Accueil","item":"https:\/\/amaruantiques.com\/fr\/"},{"@type":"ListItem","position":2,"name":"Boutique","item":"https:\/\/amaruantiques.com\/fr\/boutique\/"},{"@type":"ListItem","position":3,"name":"Table de jardin vintage verte (France, vers 1950) #6"}]},{"@type":"WebSite","@id":"https:\/\/amaruantiques.com\/#website","url":"https:\/\/amaruantiques.com\/","name":"AMARU - Timeless Antiques","description":"Timeless antiques","publisher":{"@id":"https:\/\/amaruantiques.com\/#organization"},"potentialAction":[{"@type":"SearchAction","target":{"@type":"EntryPoint","urlTemplate":"https:\/\/amaruantiques.com\/?s={search_term_string}"},"query-input":{"@type":"PropertyValueSpecification","valueRequired":true,"valueName":"search_term_string"}}],"inLanguage":"fr-FR"},{"@type":"Organization","@id":"https:\/\/amaruantiques.com\/#organization","name":"AMARU","url":"https:\/\/amaruantiques.com\/","logo":{"@type":"ImageObject","inLanguage":"fr-FR","@id":"https:\/\/amaruantiques.com\/#\/schema\/logo\/image\/","url":"https:\/\/amaruoptim.stg.uzero.cat\/wp-content\/uploads\/2025\/04\/logo-AMARU.svg","contentUrl":"https:\/\/amaruoptim.stg.uzero.cat\/wp-content\/uploads\/2025\/04\/logo-AMARU.svg","caption":"AMARU"},"image":{"@id":"https:\/\/amaruantiques.com\/#\/schema\/logo\/image\/"}}]}},"_links":{"self":[{"href":"https:\/\/amaruoptim.stg.uzero.cat\/fr\/wp-json\/wp\/v2\/product\/211985","targetHints":{"allow":["GET"]}}],"collection":[{"href":"https:\/\/amaruoptim.stg.uzero.cat\/fr\/wp-json\/wp\/v2\/product"}],"about":[{"href":"https:\/\/amaruoptim.stg.uzero.cat\/fr\/wp-json\/wp\/v2\/types\/product"}],"wp:featuredmedia":[{"embeddable":true,"href":"https:\/\/amaruoptim.stg.uzero.cat\/fr\/wp-json\/wp\/v2\/media\/223441"}],"wp:attachment":[{"href":"https:\/\/amaruoptim.stg.uzero.cat\/fr\/wp-json\/wp\/v2\/media?parent=211985"}],"wp:term":[{"taxonomy":"product_brand","embeddable":true,"href":"https:\/\/amaruoptim.stg.uzero.cat\/fr\/wp-json\/wp\/v2\/product_brand?post=211985"},{"taxonomy":"product_cat","embeddable":true,"href":"https:\/\/amaruoptim.stg.uzero.cat\/fr\/wp-json\/wp\/v2\/product_cat?post=211985"},{"taxonomy":"product_tag","embeddable":true,"href":"https:\/\/amaruoptim.stg.uzero.cat\/fr\/wp-json\/wp\/v2\/product_tag?post=211985"}],"curies":[{"name":"wp","href":"https:\/\/api.w.org\/{rel}","templated":true}]}}