{"id":211943,"date":"2021-10-27T18:59:21","date_gmt":"2021-10-27T18:59:22","guid":{"rendered":"https:\/\/amaruantiques.com\/?post_type=product&#038;p=211943"},"modified":"2025-06-26T15:43:53","modified_gmt":"2025-06-26T15:43:53","slug":"etui-a-fusil-vintage-en-bois-rouge-vers-1940-15","status":"publish","type":"product","link":"https:\/\/amaruoptim.stg.uzero.cat\/fr\/meubles-anciens\/malles-anciennes\/etui-a-fusil-vintage-en-bois-rouge-vers-1940-15\/","title":{"rendered":"\u00c9tui \u00e0 fusil vintage en bois rouge (vers 1940) #15"},"content":{"rendered":"<p><strong>\u00c9tui \u00e0 fusil vintage\u00a0<\/strong>en bois couleur rouge (vers 1940) #15.<\/p>\n<p>Cet \u00e9tui \u00e0 fusil\u00a0en bois rouge servait initialement de mallette pour ranger un fusil Kalachnikov de l&#8217;\u00e9poque sovi\u00e9tique. Les mots &#8220;Made in USSR&#8221; peuvent sont encore inscrits sur le devant de la mallette. Nous l&#8217;avons d\u00e9couvert en Pologne. Nous pensons que le fermoir en m\u00e9tal est d&#8217;origine, et donc il est intact.<\/p>\n<p>Naturellement nous appr\u00e9cions la patine de tons rouges de cette boite ancienne.<\/p>\n<p>Cet \u00e9tui \u00e0 fusil vintage est une pi\u00e8ce unique. C&#8217;est une pi\u00e8ce sp\u00e9cifiquement destin\u00e9e aux amateurs d&#8217;histoire contemporaine et aux collectionneurs. Pour autant cet \u00e9tui peut \u00eatre d\u00e9tourn\u00e9 de sa fonction premi\u00e8re et trouver une autre place et un autre usage dans n&#8217;importe quel foyer.<\/p>\n<p>Vous pouvez d\u00e9couvrir d&#8217;autres <a href=\"https:\/\/amaruantiques.com\/fr\/categoria-producto\/malles-anciennes\/\">coffres anciens<\/a> ou malles de tailles diff\u00e9rentes sur notre catalogue en ligne d&#8217;antiquit\u00e9s.<\/p>\n<ul>\n<li><strong>R\u00e9f.\u00a0:<\/strong> AM04015<\/li>\n<li><strong>Dimensions:<\/strong> 74 x 23 x 15 cm (Largeur x Profondeur x Hauteur)<\/li>\n<li><strong>\u00c2ge:<\/strong> 80 ans<\/li>\n<li><strong>Mat\u00e9riau:<\/strong> bois de pin massif<\/li>\n<li><strong>Origine:<\/strong> Pologne<\/li>\n<\/ul>\n<p><em>PI\u00c8CE UNIQUE<\/em><\/p>\n","protected":false},"excerpt":{"rendered":"<p><strong>\u00c9tui \u00e0 fusil vintage\u00a0<\/strong>en bois couleur rouge (vers 1940) #15.<\/p>\n<p><strong>Dimensions:<\/strong> 74 x 23 x 15 cm (Largeur x Profondeur x Hauteur)<\/p>\n<p><em>PI\u00c8CE UNIQUE<\/em><\/p>\n","protected":false},"featured_media":222883,"template":"","meta":[],"product_brand":[],"product_cat":[608],"product_tag":[748,749],"class_list":{"0":"post-211943","1":"product","2":"type-product","3":"status-publish","4":"has-post-thumbnail","6":"product_cat-malles-anciennes","7":"product_tag-coffres-anciens","8":"product_tag-malles-anciennes","9":"product_shipping_class-small-50-fr","10":"pa_estilo-style-rustique","12":"first","13":"instock","14":"sold-individually","15":"taxable","16":"shipping-taxable","17":"purchasable","18":"product-type-simple"},"yoast_head":"<!-- This site is optimized with the Yoast SEO plugin v26.0 - https:\/\/yoast.com\/wordpress\/plugins\/seo\/ -->\n<title>\u00c9tui \u00e0 fusil vintage | \u00c9tui a fusil en bois | AMARU ANTIQUES<\/title>\n<meta name=\"description\" content=\"\u00c9tui \u00e0 fusil vintage en bois rouge (vers 1940). D\u00e9couvrez plus de coffres anciens et accessoires sur notre site AMARU ANTIQUES.\" \/>\n<meta name=\"robots\" content=\"index, follow, max-snippet:-1, max-image-preview:large, max-video-preview:-1\" \/>\n<link rel=\"canonical\" href=\"https:\/\/amaruoptim.stg.uzero.cat\/fr\/meubles-anciens\/malles-anciennes\/etui-a-fusil-vintage-en-bois-rouge-vers-1940-15\/\" \/>\n<meta property=\"og:locale\" content=\"fr_FR\" \/>\n<meta property=\"og:type\" content=\"article\" \/>\n<meta property=\"og:title\" content=\"\u00c9tui \u00e0 fusil vintage | \u00c9tui a fusil en bois | AMARU ANTIQUES\" \/>\n<meta property=\"og:description\" content=\"\u00c9tui \u00e0 fusil vintage en bois rouge (vers 1940). D\u00e9couvrez plus de coffres anciens et accessoires sur notre site AMARU ANTIQUES.\" \/>\n<meta property=\"og:url\" content=\"https:\/\/amaruoptim.stg.uzero.cat\/fr\/meubles-anciens\/malles-anciennes\/etui-a-fusil-vintage-en-bois-rouge-vers-1940-15\/\" \/>\n<meta property=\"og:site_name\" content=\"AMARU\" \/>\n<meta property=\"article:modified_time\" content=\"2025-06-26T15:43:53+00:00\" \/>\n<meta property=\"og:image\" content=\"https:\/\/amaruantiques.com\/wp-content\/uploads\/2025\/06\/AM04015-D-3-2.jpg\" \/>\n\t<meta property=\"og:image:width\" content=\"1200\" \/>\n\t<meta property=\"og:image:height\" content=\"1200\" \/>\n\t<meta property=\"og:image:type\" content=\"image\/jpeg\" \/>\n<meta name=\"twitter:card\" content=\"summary_large_image\" \/>\n<meta name=\"twitter:label1\" content=\"Dur\u00e9e de lecture estim\u00e9e\" \/>\n\t<meta name=\"twitter:data1\" content=\"1 minute\" \/>\n<!-- \/ Yoast SEO plugin. -->","yoast_head_json":{"title":"\u00c9tui \u00e0 fusil vintage | \u00c9tui a fusil en bois | AMARU ANTIQUES","description":"\u00c9tui \u00e0 fusil vintage en bois rouge (vers 1940). D\u00e9couvrez plus de coffres anciens et accessoires sur notre site AMARU ANTIQUES.","robots":{"index":"index","follow":"follow","max-snippet":"max-snippet:-1","max-image-preview":"max-image-preview:large","max-video-preview":"max-video-preview:-1"},"canonical":"https:\/\/amaruoptim.stg.uzero.cat\/fr\/meubles-anciens\/malles-anciennes\/etui-a-fusil-vintage-en-bois-rouge-vers-1940-15\/","og_locale":"fr_FR","og_type":"article","og_title":"\u00c9tui \u00e0 fusil vintage | \u00c9tui a fusil en bois | AMARU ANTIQUES","og_description":"\u00c9tui \u00e0 fusil vintage en bois rouge (vers 1940). D\u00e9couvrez plus de coffres anciens et accessoires sur notre site AMARU ANTIQUES.","og_url":"https:\/\/amaruoptim.stg.uzero.cat\/fr\/meubles-anciens\/malles-anciennes\/etui-a-fusil-vintage-en-bois-rouge-vers-1940-15\/","og_site_name":"AMARU","article_modified_time":"2025-06-26T15:43:53+00:00","og_image":[{"width":1200,"height":1200,"url":"https:\/\/amaruantiques.com\/wp-content\/uploads\/2025\/06\/AM04015-D-3-2.jpg","type":"image\/jpeg"}],"twitter_card":"summary_large_image","twitter_misc":{"Dur\u00e9e de lecture estim\u00e9e":"1 minute"},"schema":{"@context":"https:\/\/schema.org","@graph":[{"@type":"WebPage","@id":"https:\/\/amaruoptim.stg.uzero.cat\/fr\/meubles-anciens\/malles-anciennes\/etui-a-fusil-vintage-en-bois-rouge-vers-1940-15\/","url":"https:\/\/amaruoptim.stg.uzero.cat\/fr\/meubles-anciens\/malles-anciennes\/etui-a-fusil-vintage-en-bois-rouge-vers-1940-15\/","name":"\u00c9tui \u00e0 fusil vintage | \u00c9tui a fusil en bois | AMARU ANTIQUES","isPartOf":{"@id":"https:\/\/amaruantiques.com\/#website"},"primaryImageOfPage":{"@id":"https:\/\/amaruoptim.stg.uzero.cat\/fr\/meubles-anciens\/malles-anciennes\/etui-a-fusil-vintage-en-bois-rouge-vers-1940-15\/#primaryimage"},"image":{"@id":"https:\/\/amaruoptim.stg.uzero.cat\/fr\/meubles-anciens\/malles-anciennes\/etui-a-fusil-vintage-en-bois-rouge-vers-1940-15\/#primaryimage"},"thumbnailUrl":"https:\/\/amaruoptim.stg.uzero.cat\/wp-content\/uploads\/2025\/06\/AM04015-D-3-2.jpg","datePublished":"2021-10-27T18:59:22+00:00","dateModified":"2025-06-26T15:43:53+00:00","description":"\u00c9tui \u00e0 fusil vintage en bois rouge (vers 1940). D\u00e9couvrez plus de coffres anciens et accessoires sur notre site AMARU ANTIQUES.","breadcrumb":{"@id":"https:\/\/amaruoptim.stg.uzero.cat\/fr\/meubles-anciens\/malles-anciennes\/etui-a-fusil-vintage-en-bois-rouge-vers-1940-15\/#breadcrumb"},"inLanguage":"fr-FR","potentialAction":[{"@type":"ReadAction","target":["https:\/\/amaruoptim.stg.uzero.cat\/fr\/meubles-anciens\/malles-anciennes\/etui-a-fusil-vintage-en-bois-rouge-vers-1940-15\/"]}]},{"@type":"ImageObject","inLanguage":"fr-FR","@id":"https:\/\/amaruoptim.stg.uzero.cat\/fr\/meubles-anciens\/malles-anciennes\/etui-a-fusil-vintage-en-bois-rouge-vers-1940-15\/#primaryimage","url":"https:\/\/amaruoptim.stg.uzero.cat\/wp-content\/uploads\/2025\/06\/AM04015-D-3-2.jpg","contentUrl":"https:\/\/amaruoptim.stg.uzero.cat\/wp-content\/uploads\/2025\/06\/AM04015-D-3-2.jpg","width":1200,"height":1200},{"@type":"BreadcrumbList","@id":"https:\/\/amaruoptim.stg.uzero.cat\/fr\/meubles-anciens\/malles-anciennes\/etui-a-fusil-vintage-en-bois-rouge-vers-1940-15\/#breadcrumb","itemListElement":[{"@type":"ListItem","position":1,"name":"Accueil","item":"https:\/\/amaruantiques.com\/fr\/"},{"@type":"ListItem","position":2,"name":"Boutique","item":"https:\/\/amaruantiques.com\/fr\/boutique\/"},{"@type":"ListItem","position":3,"name":"\u00c9tui \u00e0 fusil vintage en bois rouge (vers 1940) #15"}]},{"@type":"WebSite","@id":"https:\/\/amaruantiques.com\/#website","url":"https:\/\/amaruantiques.com\/","name":"AMARU - Timeless Antiques","description":"Timeless antiques","publisher":{"@id":"https:\/\/amaruantiques.com\/#organization"},"potentialAction":[{"@type":"SearchAction","target":{"@type":"EntryPoint","urlTemplate":"https:\/\/amaruantiques.com\/?s={search_term_string}"},"query-input":{"@type":"PropertyValueSpecification","valueRequired":true,"valueName":"search_term_string"}}],"inLanguage":"fr-FR"},{"@type":"Organization","@id":"https:\/\/amaruantiques.com\/#organization","name":"AMARU","url":"https:\/\/amaruantiques.com\/","logo":{"@type":"ImageObject","inLanguage":"fr-FR","@id":"https:\/\/amaruantiques.com\/#\/schema\/logo\/image\/","url":"https:\/\/amaruoptim.stg.uzero.cat\/wp-content\/uploads\/2025\/04\/logo-AMARU.svg","contentUrl":"https:\/\/amaruoptim.stg.uzero.cat\/wp-content\/uploads\/2025\/04\/logo-AMARU.svg","caption":"AMARU"},"image":{"@id":"https:\/\/amaruantiques.com\/#\/schema\/logo\/image\/"}}]}},"_links":{"self":[{"href":"https:\/\/amaruoptim.stg.uzero.cat\/fr\/wp-json\/wp\/v2\/product\/211943","targetHints":{"allow":["GET"]}}],"collection":[{"href":"https:\/\/amaruoptim.stg.uzero.cat\/fr\/wp-json\/wp\/v2\/product"}],"about":[{"href":"https:\/\/amaruoptim.stg.uzero.cat\/fr\/wp-json\/wp\/v2\/types\/product"}],"wp:featuredmedia":[{"embeddable":true,"href":"https:\/\/amaruoptim.stg.uzero.cat\/fr\/wp-json\/wp\/v2\/media\/222883"}],"wp:attachment":[{"href":"https:\/\/amaruoptim.stg.uzero.cat\/fr\/wp-json\/wp\/v2\/media?parent=211943"}],"wp:term":[{"taxonomy":"product_brand","embeddable":true,"href":"https:\/\/amaruoptim.stg.uzero.cat\/fr\/wp-json\/wp\/v2\/product_brand?post=211943"},{"taxonomy":"product_cat","embeddable":true,"href":"https:\/\/amaruoptim.stg.uzero.cat\/fr\/wp-json\/wp\/v2\/product_cat?post=211943"},{"taxonomy":"product_tag","embeddable":true,"href":"https:\/\/amaruoptim.stg.uzero.cat\/fr\/wp-json\/wp\/v2\/product_tag?post=211943"}],"curies":[{"name":"wp","href":"https:\/\/api.w.org\/{rel}","templated":true}]}}