{"id":211913,"date":"2021-10-27T14:50:34","date_gmt":"2021-10-27T14:50:35","guid":{"rendered":"https:\/\/amaruantiques.com\/?post_type=product&#038;p=211913"},"modified":"2025-06-26T15:43:48","modified_gmt":"2025-06-26T15:43:48","slug":"coffre-ancien-petit-en-bois-de-couleur-verte-vers-1910-6","status":"publish","type":"product","link":"https:\/\/amaruoptim.stg.uzero.cat\/fr\/meubles-anciens\/malles-anciennes\/coffre-ancien-petit-en-bois-de-couleur-verte-vers-1910-6\/","title":{"rendered":"Coffre ancien petit en bois de couleur verte (vers 1910) #6"},"content":{"rendered":"<p><strong>Coffre ancien petit<\/strong> en bois massif de couleur verte (France, vers 1910) #6<\/p>\n<p>Ce vieux coffre a \u00e9t\u00e9 fa\u00e7onn\u00e9 en bois de pin massif selon la technique de la queue d&#8217;aronde. C&#8217;est une technique d&#8217;autrefois pris\u00e9e qui permettait d&#8217;assembler et de faire tenir entre elles les diff\u00e9rentes parties d&#8217;un meuble sans utiliser de colle. Le fermoir en m\u00e9tal semble d&#8217;origine et est donc rest\u00e9 intact. Ce coffret provient de France o\u00f9 nous l&#8217;avons chin\u00e9.<\/p>\n<p>On adore sa patine verte tendre et lumineuse, r\u00e9ellement inimitable.<\/p>\n<ul>\n<li><strong>R\u00e9f.\u00a0:<\/strong> AM04006<\/li>\n<li><strong>Dimensions:<\/strong> 69 x 29 x 28 cm (Largeur x Profondeur x Hauteur)<\/li>\n<li><strong>\u00c2ge:<\/strong> 110 ans<\/li>\n<li><strong>Mat\u00e9riau:<\/strong> bois de pin massif<\/li>\n<li><strong>Origine:<\/strong> France<\/li>\n<\/ul>\n<p>Si vous d\u00e9sirez apporter une touche d&#8217;exotisme ou ethnique \u00e0 votre maison ou votre bureau, notre boite peut se r\u00e9v\u00e9ler \u00eatre l&#8217;accessoire d\u00e9co indispensable.<\/p>\n<p>Ce coffre ancien petit aux teintes pass\u00e9es, qui laissent appara\u00eetre le bois brut, est une pi\u00e8ce unique, r\u00e9alis\u00e9e par des artisans il y a plus de cent ans. Il peut mettre en valeur n&#8217;importe quel meuble type buffet ou commode, ou table, sur lequel il sera install\u00e9. D&#8217;ailleurs vous pouvez d&#8217;ores et d\u00e9j\u00e0 trouver dans notre catalogue en ligne nos<a href=\"https:\/\/amaruantiques.com\/fr\/categoria-producto\/buffets-anciens\/\"> buffets anciens<\/a> par exemple avec lesquels l&#8217;accorder.<\/p>\n<p>&nbsp;<\/p>\n<p><em>PI\u00c8CE UNIQUE<\/em><\/p>\n","protected":false},"excerpt":{"rendered":"<p><strong>Coffre ancien petit<\/strong> en bois massif de couleur verte (France, vers 1910) #6<\/p>\n<p><strong>Dimensions:<\/strong> 69 x 29 x 28 cm (Largeur x Profondeur x Hauteur)<\/p>\n<p><em>PI\u00c8CE UNIQUE<\/em><\/p>\n","protected":false},"featured_media":222769,"template":"","meta":[],"product_brand":[],"product_cat":[608],"product_tag":[748,749],"class_list":{"0":"post-211913","1":"product","2":"type-product","3":"status-publish","4":"has-post-thumbnail","6":"product_cat-malles-anciennes","7":"product_tag-coffres-anciens","8":"product_tag-malles-anciennes","9":"product_shipping_class-medium-100-fr","10":"pa_estilo-style-rustique","12":"first","13":"instock","14":"sold-individually","15":"taxable","16":"shipping-taxable","17":"purchasable","18":"product-type-simple"},"yoast_head":"<!-- This site is optimized with the Yoast SEO plugin v26.0 - https:\/\/yoast.com\/wordpress\/plugins\/seo\/ -->\n<title>Coffre ancien petit | Coffret | AMARU ANTIQUES<\/title>\n<meta name=\"description\" content=\"Coffre ancien petit en bois de couleur verte (France, vers 1910). D\u00e9couvrez plus de coffres et malles anciennes sur notre site.\" \/>\n<meta name=\"robots\" content=\"index, follow, max-snippet:-1, max-image-preview:large, max-video-preview:-1\" \/>\n<link rel=\"canonical\" href=\"https:\/\/amaruoptim.stg.uzero.cat\/fr\/meubles-anciens\/malles-anciennes\/coffre-ancien-petit-en-bois-de-couleur-verte-vers-1910-6\/\" \/>\n<meta property=\"og:locale\" content=\"fr_FR\" \/>\n<meta property=\"og:type\" content=\"article\" \/>\n<meta property=\"og:title\" content=\"Coffre ancien petit | Coffret | AMARU ANTIQUES\" \/>\n<meta property=\"og:description\" content=\"Coffre ancien petit en bois de couleur verte (France, vers 1910). D\u00e9couvrez plus de coffres et malles anciennes sur notre site.\" \/>\n<meta property=\"og:url\" content=\"https:\/\/amaruoptim.stg.uzero.cat\/fr\/meubles-anciens\/malles-anciennes\/coffre-ancien-petit-en-bois-de-couleur-verte-vers-1910-6\/\" \/>\n<meta property=\"og:site_name\" content=\"AMARU\" \/>\n<meta property=\"article:modified_time\" content=\"2025-06-26T15:43:48+00:00\" \/>\n<meta property=\"og:image\" content=\"https:\/\/amaruantiques.com\/wp-content\/uploads\/2025\/06\/AM04006-D-1-3.jpg\" \/>\n\t<meta property=\"og:image:width\" content=\"1200\" \/>\n\t<meta property=\"og:image:height\" content=\"1200\" \/>\n\t<meta property=\"og:image:type\" content=\"image\/jpeg\" \/>\n<meta name=\"twitter:card\" content=\"summary_large_image\" \/>\n<meta name=\"twitter:label1\" content=\"Dur\u00e9e de lecture estim\u00e9e\" \/>\n\t<meta name=\"twitter:data1\" content=\"1 minute\" \/>\n<!-- \/ Yoast SEO plugin. -->","yoast_head_json":{"title":"Coffre ancien petit | Coffret | AMARU ANTIQUES","description":"Coffre ancien petit en bois de couleur verte (France, vers 1910). D\u00e9couvrez plus de coffres et malles anciennes sur notre site.","robots":{"index":"index","follow":"follow","max-snippet":"max-snippet:-1","max-image-preview":"max-image-preview:large","max-video-preview":"max-video-preview:-1"},"canonical":"https:\/\/amaruoptim.stg.uzero.cat\/fr\/meubles-anciens\/malles-anciennes\/coffre-ancien-petit-en-bois-de-couleur-verte-vers-1910-6\/","og_locale":"fr_FR","og_type":"article","og_title":"Coffre ancien petit | Coffret | AMARU ANTIQUES","og_description":"Coffre ancien petit en bois de couleur verte (France, vers 1910). D\u00e9couvrez plus de coffres et malles anciennes sur notre site.","og_url":"https:\/\/amaruoptim.stg.uzero.cat\/fr\/meubles-anciens\/malles-anciennes\/coffre-ancien-petit-en-bois-de-couleur-verte-vers-1910-6\/","og_site_name":"AMARU","article_modified_time":"2025-06-26T15:43:48+00:00","og_image":[{"width":1200,"height":1200,"url":"https:\/\/amaruantiques.com\/wp-content\/uploads\/2025\/06\/AM04006-D-1-3.jpg","type":"image\/jpeg"}],"twitter_card":"summary_large_image","twitter_misc":{"Dur\u00e9e de lecture estim\u00e9e":"1 minute"},"schema":{"@context":"https:\/\/schema.org","@graph":[{"@type":"WebPage","@id":"https:\/\/amaruoptim.stg.uzero.cat\/fr\/meubles-anciens\/malles-anciennes\/coffre-ancien-petit-en-bois-de-couleur-verte-vers-1910-6\/","url":"https:\/\/amaruoptim.stg.uzero.cat\/fr\/meubles-anciens\/malles-anciennes\/coffre-ancien-petit-en-bois-de-couleur-verte-vers-1910-6\/","name":"Coffre ancien petit | Coffret | AMARU ANTIQUES","isPartOf":{"@id":"https:\/\/amaruantiques.com\/#website"},"primaryImageOfPage":{"@id":"https:\/\/amaruoptim.stg.uzero.cat\/fr\/meubles-anciens\/malles-anciennes\/coffre-ancien-petit-en-bois-de-couleur-verte-vers-1910-6\/#primaryimage"},"image":{"@id":"https:\/\/amaruoptim.stg.uzero.cat\/fr\/meubles-anciens\/malles-anciennes\/coffre-ancien-petit-en-bois-de-couleur-verte-vers-1910-6\/#primaryimage"},"thumbnailUrl":"https:\/\/amaruoptim.stg.uzero.cat\/wp-content\/uploads\/2025\/06\/AM04006-D-1-3.jpg","datePublished":"2021-10-27T14:50:35+00:00","dateModified":"2025-06-26T15:43:48+00:00","description":"Coffre ancien petit en bois de couleur verte (France, vers 1910). D\u00e9couvrez plus de coffres et malles anciennes sur notre site.","breadcrumb":{"@id":"https:\/\/amaruoptim.stg.uzero.cat\/fr\/meubles-anciens\/malles-anciennes\/coffre-ancien-petit-en-bois-de-couleur-verte-vers-1910-6\/#breadcrumb"},"inLanguage":"fr-FR","potentialAction":[{"@type":"ReadAction","target":["https:\/\/amaruoptim.stg.uzero.cat\/fr\/meubles-anciens\/malles-anciennes\/coffre-ancien-petit-en-bois-de-couleur-verte-vers-1910-6\/"]}]},{"@type":"ImageObject","inLanguage":"fr-FR","@id":"https:\/\/amaruoptim.stg.uzero.cat\/fr\/meubles-anciens\/malles-anciennes\/coffre-ancien-petit-en-bois-de-couleur-verte-vers-1910-6\/#primaryimage","url":"https:\/\/amaruoptim.stg.uzero.cat\/wp-content\/uploads\/2025\/06\/AM04006-D-1-3.jpg","contentUrl":"https:\/\/amaruoptim.stg.uzero.cat\/wp-content\/uploads\/2025\/06\/AM04006-D-1-3.jpg","width":1200,"height":1200},{"@type":"BreadcrumbList","@id":"https:\/\/amaruoptim.stg.uzero.cat\/fr\/meubles-anciens\/malles-anciennes\/coffre-ancien-petit-en-bois-de-couleur-verte-vers-1910-6\/#breadcrumb","itemListElement":[{"@type":"ListItem","position":1,"name":"Accueil","item":"https:\/\/amaruantiques.com\/fr\/"},{"@type":"ListItem","position":2,"name":"Boutique","item":"https:\/\/amaruantiques.com\/fr\/boutique\/"},{"@type":"ListItem","position":3,"name":"Coffre ancien petit en bois de couleur verte (vers 1910) #6"}]},{"@type":"WebSite","@id":"https:\/\/amaruantiques.com\/#website","url":"https:\/\/amaruantiques.com\/","name":"AMARU - Timeless Antiques","description":"Timeless antiques","publisher":{"@id":"https:\/\/amaruantiques.com\/#organization"},"potentialAction":[{"@type":"SearchAction","target":{"@type":"EntryPoint","urlTemplate":"https:\/\/amaruantiques.com\/?s={search_term_string}"},"query-input":{"@type":"PropertyValueSpecification","valueRequired":true,"valueName":"search_term_string"}}],"inLanguage":"fr-FR"},{"@type":"Organization","@id":"https:\/\/amaruantiques.com\/#organization","name":"AMARU","url":"https:\/\/amaruantiques.com\/","logo":{"@type":"ImageObject","inLanguage":"fr-FR","@id":"https:\/\/amaruantiques.com\/#\/schema\/logo\/image\/","url":"https:\/\/amaruoptim.stg.uzero.cat\/wp-content\/uploads\/2025\/04\/logo-AMARU.svg","contentUrl":"https:\/\/amaruoptim.stg.uzero.cat\/wp-content\/uploads\/2025\/04\/logo-AMARU.svg","caption":"AMARU"},"image":{"@id":"https:\/\/amaruantiques.com\/#\/schema\/logo\/image\/"}}]}},"_links":{"self":[{"href":"https:\/\/amaruoptim.stg.uzero.cat\/fr\/wp-json\/wp\/v2\/product\/211913","targetHints":{"allow":["GET"]}}],"collection":[{"href":"https:\/\/amaruoptim.stg.uzero.cat\/fr\/wp-json\/wp\/v2\/product"}],"about":[{"href":"https:\/\/amaruoptim.stg.uzero.cat\/fr\/wp-json\/wp\/v2\/types\/product"}],"wp:featuredmedia":[{"embeddable":true,"href":"https:\/\/amaruoptim.stg.uzero.cat\/fr\/wp-json\/wp\/v2\/media\/222769"}],"wp:attachment":[{"href":"https:\/\/amaruoptim.stg.uzero.cat\/fr\/wp-json\/wp\/v2\/media?parent=211913"}],"wp:term":[{"taxonomy":"product_brand","embeddable":true,"href":"https:\/\/amaruoptim.stg.uzero.cat\/fr\/wp-json\/wp\/v2\/product_brand?post=211913"},{"taxonomy":"product_cat","embeddable":true,"href":"https:\/\/amaruoptim.stg.uzero.cat\/fr\/wp-json\/wp\/v2\/product_cat?post=211913"},{"taxonomy":"product_tag","embeddable":true,"href":"https:\/\/amaruoptim.stg.uzero.cat\/fr\/wp-json\/wp\/v2\/product_tag?post=211913"}],"curies":[{"name":"wp","href":"https:\/\/api.w.org\/{rel}","templated":true}]}}