{"id":211882,"date":"2021-10-23T08:49:50","date_gmt":"2021-10-23T08:49:51","guid":{"rendered":"https:\/\/amaruantiques.com\/?post_type=product&#038;p=211882"},"modified":"2025-06-26T15:43:34","modified_gmt":"2025-06-26T15:43:34","slug":"chaise-vintage-tapissee-en-laine-naturelle","status":"publish","type":"product","link":"https:\/\/amaruoptim.stg.uzero.cat\/fr\/meubles-anciens\/chaises-anciennes\/chaises-vintage-chaises-retro\/chaise-vintage-tapissee-en-laine-naturelle\/","title":{"rendered":"Chaise vintage tapiss\u00e9e en laine naturelle (vers 1960)"},"content":{"rendered":"<p><strong>Chaise vintage<\/strong> tapiss\u00e9e de laine naturelle de couleur verte fabriqu\u00e9e avec du bois de bouleau massif. On estime qu&#8217;elle a \u00e9t\u00e9 r\u00e9alis\u00e9e vers les ann\u00e9es 1960.<\/p>\n<p>Cette chaise verte vintage se d\u00e9marque par son bon \u00e9tat de conservation. Sa rev\u00eatement vert a \u00e9t\u00e9 pr\u00e9serv\u00e9. On aime son allure dans le pur style vintage de ces ann\u00e9es-l\u00e0.<\/p>\n<p>Le si\u00e8ge ne pr\u00e9sente aucun dommage malgr\u00e9 une utilisation continue pendant plusieurs dizaines d&#8217;ann\u00e9es. Vous pouvez voir le d\u00e9tail du rembourrage et du tissu de la chaise sur nos photos jointes.<\/p>\n<p>Notre chaise vintage vient d&#8217;Autriche. C&#8217;est une chaise avec une couleur verte difficile \u00e0 pr\u00e9ciser, puisque selon la lumi\u00e8re, une nuance de vert ou d&#8217;autre couleur plus claire pr\u00e9domine. En effet des fibres de laine avec diff\u00e9rentes teintes vertes ont \u00e9t\u00e9 utilis\u00e9es, et parfois leur reflet tire sur la couleur ocre.<\/p>\n<p>Sa forme incurv\u00e9e s&#8217;adapte au corps dans sa posture d&#8217;assise. Cette chaise \u00e0 la teinte si particuli\u00e8re d\u00e9gagera une identit\u00e9 unique l\u00e0 o\u00f9 vous choisirez de l&#8217;installer. Id\u00e9ale pour d\u00e9corer une chambre ou un coin de salon cette chaise saura s&#8217;assembler \u00e9galement avec l&#8217;une de nos<a href=\"https:\/\/amaruantiques.com\/fr\/categoria-producto\/tables-anciennes\/\"> tables d&#8217;appoint.<\/a><\/p>\n<ul>\n<li><strong>R\u00e9f.:<\/strong> AM04079<\/li>\n<li><strong>Dimensions approximatives:<\/strong> 48 x 52 x 82 cm (Largeur x Profondeur x Hauteur) et 42 cm de hauteur d&#8217;assise<\/li>\n<li><strong>\u00c2ge approximatif\u00a0:<\/strong> 60 ans<\/li>\n<li><strong>Mat\u00e9riaux:<\/strong> bois de bouleau et laine naturelle<\/li>\n<li><strong>Provenance:<\/strong> Autriche<\/li>\n<\/ul>\n<p>&nbsp;<\/p>\n","protected":false},"excerpt":{"rendered":"<p><strong>Chaise vintage<\/strong> tapiss\u00e9e de laine naturelle de couleur verte fabriqu\u00e9e avec du bois de bouleau massif.<\/p>\n<p><strong>Dimensions approximatives :<\/strong> 48 x 52 x 82 cm (Largeur x Profondeur x Hauteur) et 42 cm de hauteur d&#8217;assise<\/p>\n<p><em>PI\u00c8CE UNIQUE<\/em><\/p>\n","protected":false},"featured_media":222481,"template":"","meta":[],"product_brand":[],"product_cat":[618,641],"product_tag":[],"class_list":{"0":"post-211882","1":"product","2":"type-product","3":"status-publish","4":"has-post-thumbnail","6":"product_cat-chaises-anciennes","7":"product_cat-chaises-vintage-chaises-retro","8":"product_shipping_class-extra-large-250-fr","9":"pa_estilo-style-vintage","11":"first","12":"instock","13":"sale","14":"taxable","15":"shipping-taxable","16":"purchasable","17":"product-type-simple"},"yoast_head":"<!-- This site is optimized with the Yoast SEO plugin v26.0 - https:\/\/yoast.com\/wordpress\/plugins\/seo\/ -->\n<title>Chaise vintage | Chaise verte vintage | AMARU ANTIQUES<\/title>\n<meta name=\"description\" content=\"Chaise vintage verte en bois massif et laine (Autriche, vers 1960). Retrouvez d&#039;autres chaises anciennes et pi\u00e8ces uniques sur notre site.\" \/>\n<meta name=\"robots\" content=\"index, follow, max-snippet:-1, max-image-preview:large, max-video-preview:-1\" \/>\n<link rel=\"canonical\" href=\"https:\/\/amaruoptim.stg.uzero.cat\/fr\/meubles-anciens\/chaises-anciennes\/chaises-vintage-chaises-retro\/chaise-vintage-tapissee-en-laine-naturelle\/\" \/>\n<meta property=\"og:locale\" content=\"fr_FR\" \/>\n<meta property=\"og:type\" content=\"article\" \/>\n<meta property=\"og:title\" content=\"Chaise vintage | Chaise verte vintage | AMARU ANTIQUES\" \/>\n<meta property=\"og:description\" content=\"Chaise vintage verte en bois massif et laine (Autriche, vers 1960). Retrouvez d&#039;autres chaises anciennes et pi\u00e8ces uniques sur notre site.\" \/>\n<meta property=\"og:url\" content=\"https:\/\/amaruoptim.stg.uzero.cat\/fr\/meubles-anciens\/chaises-anciennes\/chaises-vintage-chaises-retro\/chaise-vintage-tapissee-en-laine-naturelle\/\" \/>\n<meta property=\"og:site_name\" content=\"AMARU\" \/>\n<meta property=\"article:modified_time\" content=\"2025-06-26T15:43:34+00:00\" \/>\n<meta property=\"og:image\" content=\"https:\/\/amaruantiques.com\/wp-content\/uploads\/2025\/06\/Silla-vintage-verde-tapizado-1960-am04079-squared-2.jpg\" \/>\n\t<meta property=\"og:image:width\" content=\"924\" \/>\n\t<meta property=\"og:image:height\" content=\"924\" \/>\n\t<meta property=\"og:image:type\" content=\"image\/jpeg\" \/>\n<meta name=\"twitter:card\" content=\"summary_large_image\" \/>\n<meta name=\"twitter:label1\" content=\"Dur\u00e9e de lecture estim\u00e9e\" \/>\n\t<meta name=\"twitter:data1\" content=\"2 minutes\" \/>\n<!-- \/ Yoast SEO plugin. -->","yoast_head_json":{"title":"Chaise vintage | Chaise verte vintage | AMARU ANTIQUES","description":"Chaise vintage verte en bois massif et laine (Autriche, vers 1960). Retrouvez d'autres chaises anciennes et pi\u00e8ces uniques sur notre site.","robots":{"index":"index","follow":"follow","max-snippet":"max-snippet:-1","max-image-preview":"max-image-preview:large","max-video-preview":"max-video-preview:-1"},"canonical":"https:\/\/amaruoptim.stg.uzero.cat\/fr\/meubles-anciens\/chaises-anciennes\/chaises-vintage-chaises-retro\/chaise-vintage-tapissee-en-laine-naturelle\/","og_locale":"fr_FR","og_type":"article","og_title":"Chaise vintage | Chaise verte vintage | AMARU ANTIQUES","og_description":"Chaise vintage verte en bois massif et laine (Autriche, vers 1960). Retrouvez d'autres chaises anciennes et pi\u00e8ces uniques sur notre site.","og_url":"https:\/\/amaruoptim.stg.uzero.cat\/fr\/meubles-anciens\/chaises-anciennes\/chaises-vintage-chaises-retro\/chaise-vintage-tapissee-en-laine-naturelle\/","og_site_name":"AMARU","article_modified_time":"2025-06-26T15:43:34+00:00","og_image":[{"width":924,"height":924,"url":"https:\/\/amaruantiques.com\/wp-content\/uploads\/2025\/06\/Silla-vintage-verde-tapizado-1960-am04079-squared-2.jpg","type":"image\/jpeg"}],"twitter_card":"summary_large_image","twitter_misc":{"Dur\u00e9e de lecture estim\u00e9e":"2 minutes"},"schema":{"@context":"https:\/\/schema.org","@graph":[{"@type":"WebPage","@id":"https:\/\/amaruoptim.stg.uzero.cat\/fr\/meubles-anciens\/chaises-anciennes\/chaises-vintage-chaises-retro\/chaise-vintage-tapissee-en-laine-naturelle\/","url":"https:\/\/amaruoptim.stg.uzero.cat\/fr\/meubles-anciens\/chaises-anciennes\/chaises-vintage-chaises-retro\/chaise-vintage-tapissee-en-laine-naturelle\/","name":"Chaise vintage | Chaise verte vintage | AMARU ANTIQUES","isPartOf":{"@id":"https:\/\/amaruantiques.com\/#website"},"primaryImageOfPage":{"@id":"https:\/\/amaruoptim.stg.uzero.cat\/fr\/meubles-anciens\/chaises-anciennes\/chaises-vintage-chaises-retro\/chaise-vintage-tapissee-en-laine-naturelle\/#primaryimage"},"image":{"@id":"https:\/\/amaruoptim.stg.uzero.cat\/fr\/meubles-anciens\/chaises-anciennes\/chaises-vintage-chaises-retro\/chaise-vintage-tapissee-en-laine-naturelle\/#primaryimage"},"thumbnailUrl":"https:\/\/amaruoptim.stg.uzero.cat\/wp-content\/uploads\/2025\/06\/Silla-vintage-verde-tapizado-1960-am04079-squared-2.jpg","datePublished":"2021-10-23T08:49:51+00:00","dateModified":"2025-06-26T15:43:34+00:00","description":"Chaise vintage verte en bois massif et laine (Autriche, vers 1960). Retrouvez d'autres chaises anciennes et pi\u00e8ces uniques sur notre site.","breadcrumb":{"@id":"https:\/\/amaruoptim.stg.uzero.cat\/fr\/meubles-anciens\/chaises-anciennes\/chaises-vintage-chaises-retro\/chaise-vintage-tapissee-en-laine-naturelle\/#breadcrumb"},"inLanguage":"fr-FR","potentialAction":[{"@type":"ReadAction","target":["https:\/\/amaruoptim.stg.uzero.cat\/fr\/meubles-anciens\/chaises-anciennes\/chaises-vintage-chaises-retro\/chaise-vintage-tapissee-en-laine-naturelle\/"]}]},{"@type":"ImageObject","inLanguage":"fr-FR","@id":"https:\/\/amaruoptim.stg.uzero.cat\/fr\/meubles-anciens\/chaises-anciennes\/chaises-vintage-chaises-retro\/chaise-vintage-tapissee-en-laine-naturelle\/#primaryimage","url":"https:\/\/amaruoptim.stg.uzero.cat\/wp-content\/uploads\/2025\/06\/Silla-vintage-verde-tapizado-1960-am04079-squared-2.jpg","contentUrl":"https:\/\/amaruoptim.stg.uzero.cat\/wp-content\/uploads\/2025\/06\/Silla-vintage-verde-tapizado-1960-am04079-squared-2.jpg","width":924,"height":924},{"@type":"BreadcrumbList","@id":"https:\/\/amaruoptim.stg.uzero.cat\/fr\/meubles-anciens\/chaises-anciennes\/chaises-vintage-chaises-retro\/chaise-vintage-tapissee-en-laine-naturelle\/#breadcrumb","itemListElement":[{"@type":"ListItem","position":1,"name":"Accueil","item":"https:\/\/amaruantiques.com\/fr\/"},{"@type":"ListItem","position":2,"name":"Boutique","item":"https:\/\/amaruantiques.com\/fr\/boutique\/"},{"@type":"ListItem","position":3,"name":"Chaise vintage tapiss\u00e9e en laine naturelle (vers 1960)"}]},{"@type":"WebSite","@id":"https:\/\/amaruantiques.com\/#website","url":"https:\/\/amaruantiques.com\/","name":"AMARU - Timeless Antiques","description":"Timeless antiques","publisher":{"@id":"https:\/\/amaruantiques.com\/#organization"},"potentialAction":[{"@type":"SearchAction","target":{"@type":"EntryPoint","urlTemplate":"https:\/\/amaruantiques.com\/?s={search_term_string}"},"query-input":{"@type":"PropertyValueSpecification","valueRequired":true,"valueName":"search_term_string"}}],"inLanguage":"fr-FR"},{"@type":"Organization","@id":"https:\/\/amaruantiques.com\/#organization","name":"AMARU","url":"https:\/\/amaruantiques.com\/","logo":{"@type":"ImageObject","inLanguage":"fr-FR","@id":"https:\/\/amaruantiques.com\/#\/schema\/logo\/image\/","url":"https:\/\/amaruoptim.stg.uzero.cat\/wp-content\/uploads\/2025\/04\/logo-AMARU.svg","contentUrl":"https:\/\/amaruoptim.stg.uzero.cat\/wp-content\/uploads\/2025\/04\/logo-AMARU.svg","caption":"AMARU"},"image":{"@id":"https:\/\/amaruantiques.com\/#\/schema\/logo\/image\/"}}]}},"_links":{"self":[{"href":"https:\/\/amaruoptim.stg.uzero.cat\/fr\/wp-json\/wp\/v2\/product\/211882","targetHints":{"allow":["GET"]}}],"collection":[{"href":"https:\/\/amaruoptim.stg.uzero.cat\/fr\/wp-json\/wp\/v2\/product"}],"about":[{"href":"https:\/\/amaruoptim.stg.uzero.cat\/fr\/wp-json\/wp\/v2\/types\/product"}],"wp:featuredmedia":[{"embeddable":true,"href":"https:\/\/amaruoptim.stg.uzero.cat\/fr\/wp-json\/wp\/v2\/media\/222481"}],"wp:attachment":[{"href":"https:\/\/amaruoptim.stg.uzero.cat\/fr\/wp-json\/wp\/v2\/media?parent=211882"}],"wp:term":[{"taxonomy":"product_brand","embeddable":true,"href":"https:\/\/amaruoptim.stg.uzero.cat\/fr\/wp-json\/wp\/v2\/product_brand?post=211882"},{"taxonomy":"product_cat","embeddable":true,"href":"https:\/\/amaruoptim.stg.uzero.cat\/fr\/wp-json\/wp\/v2\/product_cat?post=211882"},{"taxonomy":"product_tag","embeddable":true,"href":"https:\/\/amaruoptim.stg.uzero.cat\/fr\/wp-json\/wp\/v2\/product_tag?post=211882"}],"curies":[{"name":"wp","href":"https:\/\/api.w.org\/{rel}","templated":true}]}}