{"id":211881,"date":"2021-10-23T08:15:16","date_gmt":"2021-10-23T08:15:17","guid":{"rendered":"https:\/\/amaruantiques.com\/?post_type=product&#038;p=211881"},"modified":"2025-06-26T15:43:34","modified_gmt":"2025-06-26T15:43:34","slug":"fauteuil-rouge-vintage-avec-accoudoirs-vers-1960","status":"publish","type":"product","link":"https:\/\/amaruoptim.stg.uzero.cat\/fr\/meubles-anciens\/fauteuils-anciens-bouffees-anciens\/fauteuil-rouge-vintage-avec-accoudoirs-vers-1960\/","title":{"rendered":"Fauteuil rouge vintage avec accoudoirs (vers 1960)"},"content":{"rendered":"<p><strong>Fauteuil rouge vintage<\/strong> avec accoudoirs en bouleau massif. On estime qu&#8217;il a \u00e9t\u00e9 fabriqu\u00e9 dans les ann\u00e9es 1960.<\/p>\n<p>Ce fauteuil avec accoudoirs typique se remarque gr\u00e2ce \u00e0 son bon \u00e9tat de conservation. Son rev\u00eatement rouge vif d&#8217;origine a \u00e9t\u00e9 pr\u00e9serv\u00e9. On aime son apparence dans le pur style vintage de ces ann\u00e9es-l\u00e0.<\/p>\n<p>Le si\u00e8ge ne pr\u00e9sente aucun dommage malgr\u00e9 son utilisation continue durant plusieurs dizaines d&#8217;ann\u00e9es. La structure en bois est en tr\u00e8s bon \u00e9tat et le tissu qui le recouvre \u00e9galement. Il brille de ce rouge singulier et tellement \u00e0 la mode \u00e0 son \u00e9poque, de nouveau actuel et pris\u00e9. Vous pouvez voir le d\u00e9tail de son aspect g\u00e9n\u00e9ral sur nos photos.<\/p>\n<p>Notre fauteuil rouge vintage vient d&#8217;Autriche. C&#8217;est un fauteuil large et confortable, et avec ses accoudoirs, c&#8217;est l&#8217;assise id\u00e9ale pour ces dimanches matins de lecture ou de caf\u00e9s partag\u00e9s en famille.<\/p>\n<p>Ce fauteuil est parfait pour d\u00e9corer une chambre ou un coin de salon, et peut s&#8217;assembler avec l&#8217;une de nos<a href=\"https:\/\/amaruantiques.com\/fr\/meubles-anciens\/tables-anciennes\/table-de-salon-ancienne-en-bois-massif-vers-1870\/\"> tables d&#8217;appoint<\/a> que vous pouvez d\u00e9couvrir dans nos diff\u00e9rentes rubriques.<\/p>\n<ul>\n<li><strong>R\u00e9f.\u00a0:<\/strong> AM04077<\/li>\n<li><strong>Dimensions approximatives :<\/strong> 55 x 52 x 70 cm (Largeur x Profondeur x Hauteur) et 40 cm de hauteur d&#8217;assise<\/li>\n<li><strong>\u00c2ge approximatif\u00a0:<\/strong> 60 ans<\/li>\n<li><strong>Mat\u00e9riau:<\/strong> bois de bouleau<\/li>\n<li><strong>Provenance:<\/strong> Autriche<\/li>\n<\/ul>\n<p><em>PI\u00c8CE UNIQUE<\/em><\/p>\n","protected":false},"excerpt":{"rendered":"<p><strong>Fauteuil rouge vintage<\/strong> avec accoudoirs en bouleau massif (vers 1960).<\/p>\n<p><strong>Dimensions approximatives :<\/strong> 55 x 52 x 70 cm (Largeur x Profondeur x Hauteur) et 40 cm de hauteur d&#8217;assise<\/p>\n<p><em>PI\u00c8CE UNIQUE<\/em><\/p>\n","protected":false},"featured_media":222454,"template":"","meta":[],"product_brand":[],"product_cat":[630],"product_tag":[],"class_list":{"0":"post-211881","1":"product","2":"type-product","3":"status-publish","4":"has-post-thumbnail","6":"product_cat-fauteuils-anciens-bouffees-anciens","7":"product_shipping_class-extra-large-250-fr","8":"pa_estilo-style-vintage","10":"first","11":"instock","12":"sale","13":"taxable","14":"shipping-taxable","15":"purchasable","16":"product-type-simple"},"yoast_head":"<!-- This site is optimized with the Yoast SEO plugin v26.0 - https:\/\/yoast.com\/wordpress\/plugins\/seo\/ -->\n<title>Fauteuil rouge vintage | Fauteuil rouge | AMARU ANTIQUES<\/title>\n<meta name=\"description\" content=\"Fauteuil rouge vintage avec accoudoirs en bois massif (Autriche, vers 1960). Retrouvez d&#039;autres chaises anciennes uniques sur notre site.\" \/>\n<meta name=\"robots\" content=\"index, follow, max-snippet:-1, max-image-preview:large, max-video-preview:-1\" \/>\n<link rel=\"canonical\" href=\"https:\/\/amaruoptim.stg.uzero.cat\/fr\/meubles-anciens\/fauteuils-anciens-bouffees-anciens\/fauteuil-rouge-vintage-avec-accoudoirs-vers-1960\/\" \/>\n<meta property=\"og:locale\" content=\"fr_FR\" \/>\n<meta property=\"og:type\" content=\"article\" \/>\n<meta property=\"og:title\" content=\"Fauteuil rouge vintage | Fauteuil rouge | AMARU ANTIQUES\" \/>\n<meta property=\"og:description\" content=\"Fauteuil rouge vintage avec accoudoirs en bois massif (Autriche, vers 1960). Retrouvez d&#039;autres chaises anciennes uniques sur notre site.\" \/>\n<meta property=\"og:url\" content=\"https:\/\/amaruoptim.stg.uzero.cat\/fr\/meubles-anciens\/fauteuils-anciens-bouffees-anciens\/fauteuil-rouge-vintage-avec-accoudoirs-vers-1960\/\" \/>\n<meta property=\"og:site_name\" content=\"AMARU\" \/>\n<meta property=\"article:modified_time\" content=\"2025-06-26T15:43:34+00:00\" \/>\n<meta property=\"og:image\" content=\"https:\/\/amaruantiques.com\/wp-content\/uploads\/2025\/06\/AM04077-D-8-3.jpg\" \/>\n\t<meta property=\"og:image:width\" content=\"1600\" \/>\n\t<meta property=\"og:image:height\" content=\"1600\" \/>\n\t<meta property=\"og:image:type\" content=\"image\/jpeg\" \/>\n<meta name=\"twitter:card\" content=\"summary_large_image\" \/>\n<meta name=\"twitter:label1\" content=\"Dur\u00e9e de lecture estim\u00e9e\" \/>\n\t<meta name=\"twitter:data1\" content=\"1 minute\" \/>\n<!-- \/ Yoast SEO plugin. -->","yoast_head_json":{"title":"Fauteuil rouge vintage | Fauteuil rouge | AMARU ANTIQUES","description":"Fauteuil rouge vintage avec accoudoirs en bois massif (Autriche, vers 1960). Retrouvez d'autres chaises anciennes uniques sur notre site.","robots":{"index":"index","follow":"follow","max-snippet":"max-snippet:-1","max-image-preview":"max-image-preview:large","max-video-preview":"max-video-preview:-1"},"canonical":"https:\/\/amaruoptim.stg.uzero.cat\/fr\/meubles-anciens\/fauteuils-anciens-bouffees-anciens\/fauteuil-rouge-vintage-avec-accoudoirs-vers-1960\/","og_locale":"fr_FR","og_type":"article","og_title":"Fauteuil rouge vintage | Fauteuil rouge | AMARU ANTIQUES","og_description":"Fauteuil rouge vintage avec accoudoirs en bois massif (Autriche, vers 1960). Retrouvez d'autres chaises anciennes uniques sur notre site.","og_url":"https:\/\/amaruoptim.stg.uzero.cat\/fr\/meubles-anciens\/fauteuils-anciens-bouffees-anciens\/fauteuil-rouge-vintage-avec-accoudoirs-vers-1960\/","og_site_name":"AMARU","article_modified_time":"2025-06-26T15:43:34+00:00","og_image":[{"width":1600,"height":1600,"url":"https:\/\/amaruantiques.com\/wp-content\/uploads\/2025\/06\/AM04077-D-8-3.jpg","type":"image\/jpeg"}],"twitter_card":"summary_large_image","twitter_misc":{"Dur\u00e9e de lecture estim\u00e9e":"1 minute"},"schema":{"@context":"https:\/\/schema.org","@graph":[{"@type":"WebPage","@id":"https:\/\/amaruoptim.stg.uzero.cat\/fr\/meubles-anciens\/fauteuils-anciens-bouffees-anciens\/fauteuil-rouge-vintage-avec-accoudoirs-vers-1960\/","url":"https:\/\/amaruoptim.stg.uzero.cat\/fr\/meubles-anciens\/fauteuils-anciens-bouffees-anciens\/fauteuil-rouge-vintage-avec-accoudoirs-vers-1960\/","name":"Fauteuil rouge vintage | Fauteuil rouge | AMARU ANTIQUES","isPartOf":{"@id":"https:\/\/amaruantiques.com\/#website"},"primaryImageOfPage":{"@id":"https:\/\/amaruoptim.stg.uzero.cat\/fr\/meubles-anciens\/fauteuils-anciens-bouffees-anciens\/fauteuil-rouge-vintage-avec-accoudoirs-vers-1960\/#primaryimage"},"image":{"@id":"https:\/\/amaruoptim.stg.uzero.cat\/fr\/meubles-anciens\/fauteuils-anciens-bouffees-anciens\/fauteuil-rouge-vintage-avec-accoudoirs-vers-1960\/#primaryimage"},"thumbnailUrl":"https:\/\/amaruoptim.stg.uzero.cat\/wp-content\/uploads\/2025\/06\/AM04077-D-8-3.jpg","datePublished":"2021-10-23T08:15:17+00:00","dateModified":"2025-06-26T15:43:34+00:00","description":"Fauteuil rouge vintage avec accoudoirs en bois massif (Autriche, vers 1960). Retrouvez d'autres chaises anciennes uniques sur notre site.","breadcrumb":{"@id":"https:\/\/amaruoptim.stg.uzero.cat\/fr\/meubles-anciens\/fauteuils-anciens-bouffees-anciens\/fauteuil-rouge-vintage-avec-accoudoirs-vers-1960\/#breadcrumb"},"inLanguage":"fr-FR","potentialAction":[{"@type":"ReadAction","target":["https:\/\/amaruoptim.stg.uzero.cat\/fr\/meubles-anciens\/fauteuils-anciens-bouffees-anciens\/fauteuil-rouge-vintage-avec-accoudoirs-vers-1960\/"]}]},{"@type":"ImageObject","inLanguage":"fr-FR","@id":"https:\/\/amaruoptim.stg.uzero.cat\/fr\/meubles-anciens\/fauteuils-anciens-bouffees-anciens\/fauteuil-rouge-vintage-avec-accoudoirs-vers-1960\/#primaryimage","url":"https:\/\/amaruoptim.stg.uzero.cat\/wp-content\/uploads\/2025\/06\/AM04077-D-8-3.jpg","contentUrl":"https:\/\/amaruoptim.stg.uzero.cat\/wp-content\/uploads\/2025\/06\/AM04077-D-8-3.jpg","width":1600,"height":1600},{"@type":"BreadcrumbList","@id":"https:\/\/amaruoptim.stg.uzero.cat\/fr\/meubles-anciens\/fauteuils-anciens-bouffees-anciens\/fauteuil-rouge-vintage-avec-accoudoirs-vers-1960\/#breadcrumb","itemListElement":[{"@type":"ListItem","position":1,"name":"Accueil","item":"https:\/\/amaruantiques.com\/fr\/"},{"@type":"ListItem","position":2,"name":"Boutique","item":"https:\/\/amaruantiques.com\/fr\/boutique\/"},{"@type":"ListItem","position":3,"name":"Fauteuil rouge vintage avec accoudoirs (vers 1960)"}]},{"@type":"WebSite","@id":"https:\/\/amaruantiques.com\/#website","url":"https:\/\/amaruantiques.com\/","name":"AMARU - Timeless Antiques","description":"Timeless antiques","publisher":{"@id":"https:\/\/amaruantiques.com\/#organization"},"potentialAction":[{"@type":"SearchAction","target":{"@type":"EntryPoint","urlTemplate":"https:\/\/amaruantiques.com\/?s={search_term_string}"},"query-input":{"@type":"PropertyValueSpecification","valueRequired":true,"valueName":"search_term_string"}}],"inLanguage":"fr-FR"},{"@type":"Organization","@id":"https:\/\/amaruantiques.com\/#organization","name":"AMARU","url":"https:\/\/amaruantiques.com\/","logo":{"@type":"ImageObject","inLanguage":"fr-FR","@id":"https:\/\/amaruantiques.com\/#\/schema\/logo\/image\/","url":"https:\/\/amaruoptim.stg.uzero.cat\/wp-content\/uploads\/2025\/04\/logo-AMARU.svg","contentUrl":"https:\/\/amaruoptim.stg.uzero.cat\/wp-content\/uploads\/2025\/04\/logo-AMARU.svg","caption":"AMARU"},"image":{"@id":"https:\/\/amaruantiques.com\/#\/schema\/logo\/image\/"}}]}},"_links":{"self":[{"href":"https:\/\/amaruoptim.stg.uzero.cat\/fr\/wp-json\/wp\/v2\/product\/211881","targetHints":{"allow":["GET"]}}],"collection":[{"href":"https:\/\/amaruoptim.stg.uzero.cat\/fr\/wp-json\/wp\/v2\/product"}],"about":[{"href":"https:\/\/amaruoptim.stg.uzero.cat\/fr\/wp-json\/wp\/v2\/types\/product"}],"wp:featuredmedia":[{"embeddable":true,"href":"https:\/\/amaruoptim.stg.uzero.cat\/fr\/wp-json\/wp\/v2\/media\/222454"}],"wp:attachment":[{"href":"https:\/\/amaruoptim.stg.uzero.cat\/fr\/wp-json\/wp\/v2\/media?parent=211881"}],"wp:term":[{"taxonomy":"product_brand","embeddable":true,"href":"https:\/\/amaruoptim.stg.uzero.cat\/fr\/wp-json\/wp\/v2\/product_brand?post=211881"},{"taxonomy":"product_cat","embeddable":true,"href":"https:\/\/amaruoptim.stg.uzero.cat\/fr\/wp-json\/wp\/v2\/product_cat?post=211881"},{"taxonomy":"product_tag","embeddable":true,"href":"https:\/\/amaruoptim.stg.uzero.cat\/fr\/wp-json\/wp\/v2\/product_tag?post=211881"}],"curies":[{"name":"wp","href":"https:\/\/api.w.org\/{rel}","templated":true}]}}