{"id":211815,"date":"2020-12-07T12:11:52","date_gmt":"2021-05-07T17:09:21","guid":{"rendered":"https:\/\/amaruantiques.com\/?post_type=product&#038;p=211815"},"modified":"2025-06-26T15:43:16","modified_gmt":"2025-06-26T15:43:16","slug":"console-en-bois-orme-ancienne-pour-l-entree-vers-1870","status":"publish","type":"product","link":"https:\/\/amaruoptim.stg.uzero.cat\/fr\/meubles-anciens\/consoles-anciennes\/console-en-bois-orme-ancienne-pour-l-entree-vers-1870\/","title":{"rendered":"Console en bois d&#8217;orme ancienne pour l&#8217;entr\u00e9e"},"content":{"rendered":"<p><strong>Console en bois<\/strong> d&#8217;orme ancienne avec deux tiroirs.<\/p>\n<p>Notre console a \u00e9t\u00e9 construite avec du vieux bois massif d&#8217;orme. Nous s\u00e9lectionnons avec soin chaque planche de vieux bois, en mettant l&#8217;accent sur le caract\u00e8re des n\u0153uds et des fissures existants.<\/p>\n<p>Nos consoles ont \u00e9t\u00e9 construites avec les m\u00eames techniques d&#8217;assemblage qui \u00e9taient utilis\u00e9es auparavant.<\/p>\n<p>Il est compos\u00e9 de deux petits tiroirs identiques tr\u00e8s utiles pour ranger les objets du quotidien.<\/p>\n<p>On l&#8217;aime pour la couleur or gris\u00e2tre du bois d&#8217;orme choisi. \u00a0C&#8217;est id\u00e9al comme meuble d&#8217;entr\u00e9e.<\/p>\n<ul>\n<li><strong>R\u00e9f.:<\/strong> AM02024<\/li>\n<li><strong>Dimensions approximatives:<\/strong> 100 x 43 x 85 cm (Largeur x Profondeur x Hauteur)<\/li>\n<li><strong>\u00c2ge du bois:<\/strong> 150 ans<\/li>\n<li><strong>Mat\u00e9riau:<\/strong> bois d&#8217;orme massif<\/li>\n<\/ul>\n<p>Ce petit meuble peut \u00eatre la pi\u00e8ce d\u00e9corative centrale au sein d&#8217;un long couloir ou dans un hall d&#8217;entr\u00e9e. Mais on imagine mille autres endroits o\u00f9 l&#8217;on pourrait profiter de cette pi\u00e8ce exclusive. Son style intemporel lui permet de s&#8217;harmoniser avec n&#8217;importe quelle d\u00e9coration: moderne, traditionnelle ou exotique. Nous recommandons \u00e9galement nos<a href=\"https:\/\/amaruantiques.com\/fr\/categoria-producto\/malles-anciennes\/\"> malles anciennes<\/a> et nos <a href=\"https:\/\/amaruantiques.com\/fr\/categoria-producto\/bancs-anciens\/\">bancs anciens<\/a> comme associations parfaites \u00e0 notre table console d&#8217;entr\u00e9e.<\/p>\n<p>&nbsp;<\/p>\n","protected":false},"excerpt":{"rendered":"<p><strong>Console en bois<\/strong> d&#8217;orme ancienne avec deux tiroirs.<\/p>\n<p><strong>Dimensions:<\/strong> 100 x 43 x 85 cm (Largeur x Profondeur x Hauteur)<\/p>\n","protected":false},"featured_media":221999,"template":"","meta":[],"product_brand":[],"product_cat":[616],"product_tag":[],"class_list":{"0":"post-211815","1":"product","2":"type-product","3":"status-publish","4":"has-post-thumbnail","6":"product_cat-consoles-anciennes","7":"product_shipping_class-gran-cargo-400-fr","8":"pa_estilo-style-primitif","10":"first","11":"instock","12":"sale","13":"taxable","14":"shipping-taxable","15":"purchasable","16":"product-type-simple"},"yoast_head":"<!-- This site is optimized with the Yoast SEO plugin v26.0 - https:\/\/yoast.com\/wordpress\/plugins\/seo\/ -->\n<title>Console en bois | Table console d&#039;entr\u00e9e | AMARU ANTIQUES<\/title>\n<meta name=\"description\" content=\"Console en bois d&#039;orme ancienne pour l&#039;entr\u00e9e de votre maison. D\u00e9couvrez plus de tables d&#039;appoint et tabourets anciens sur notre site AMARU.\" \/>\n<meta name=\"robots\" content=\"index, follow, max-snippet:-1, max-image-preview:large, max-video-preview:-1\" \/>\n<link rel=\"canonical\" href=\"https:\/\/amaruoptim.stg.uzero.cat\/fr\/meubles-anciens\/consoles-anciennes\/console-en-bois-orme-ancienne-pour-l-entree-vers-1870\/\" \/>\n<meta property=\"og:locale\" content=\"fr_FR\" \/>\n<meta property=\"og:type\" content=\"article\" \/>\n<meta property=\"og:title\" content=\"Console en bois | Table console d&#039;entr\u00e9e | AMARU ANTIQUES\" \/>\n<meta property=\"og:description\" content=\"Console en bois d&#039;orme ancienne pour l&#039;entr\u00e9e de votre maison. D\u00e9couvrez plus de tables d&#039;appoint et tabourets anciens sur notre site AMARU.\" \/>\n<meta property=\"og:url\" content=\"https:\/\/amaruoptim.stg.uzero.cat\/fr\/meubles-anciens\/consoles-anciennes\/console-en-bois-orme-ancienne-pour-l-entree-vers-1870\/\" \/>\n<meta property=\"og:site_name\" content=\"AMARU\" \/>\n<meta property=\"article:modified_time\" content=\"2025-06-26T15:43:16+00:00\" \/>\n<meta property=\"og:image\" content=\"https:\/\/amaruantiques.com\/wp-content\/uploads\/2025\/06\/8AM02024-D-1-2-3.jpg\" \/>\n\t<meta property=\"og:image:width\" content=\"1600\" \/>\n\t<meta property=\"og:image:height\" content=\"1600\" \/>\n\t<meta property=\"og:image:type\" content=\"image\/jpeg\" \/>\n<meta name=\"twitter:card\" content=\"summary_large_image\" \/>\n<meta name=\"twitter:label1\" content=\"Dur\u00e9e de lecture estim\u00e9e\" \/>\n\t<meta name=\"twitter:data1\" content=\"1 minute\" \/>\n<!-- \/ Yoast SEO plugin. -->","yoast_head_json":{"title":"Console en bois | Table console d'entr\u00e9e | AMARU ANTIQUES","description":"Console en bois d'orme ancienne pour l'entr\u00e9e de votre maison. D\u00e9couvrez plus de tables d'appoint et tabourets anciens sur notre site AMARU.","robots":{"index":"index","follow":"follow","max-snippet":"max-snippet:-1","max-image-preview":"max-image-preview:large","max-video-preview":"max-video-preview:-1"},"canonical":"https:\/\/amaruoptim.stg.uzero.cat\/fr\/meubles-anciens\/consoles-anciennes\/console-en-bois-orme-ancienne-pour-l-entree-vers-1870\/","og_locale":"fr_FR","og_type":"article","og_title":"Console en bois | Table console d'entr\u00e9e | AMARU ANTIQUES","og_description":"Console en bois d'orme ancienne pour l'entr\u00e9e de votre maison. D\u00e9couvrez plus de tables d'appoint et tabourets anciens sur notre site AMARU.","og_url":"https:\/\/amaruoptim.stg.uzero.cat\/fr\/meubles-anciens\/consoles-anciennes\/console-en-bois-orme-ancienne-pour-l-entree-vers-1870\/","og_site_name":"AMARU","article_modified_time":"2025-06-26T15:43:16+00:00","og_image":[{"width":1600,"height":1600,"url":"https:\/\/amaruantiques.com\/wp-content\/uploads\/2025\/06\/8AM02024-D-1-2-3.jpg","type":"image\/jpeg"}],"twitter_card":"summary_large_image","twitter_misc":{"Dur\u00e9e de lecture estim\u00e9e":"1 minute"},"schema":{"@context":"https:\/\/schema.org","@graph":[{"@type":"WebPage","@id":"https:\/\/amaruoptim.stg.uzero.cat\/fr\/meubles-anciens\/consoles-anciennes\/console-en-bois-orme-ancienne-pour-l-entree-vers-1870\/","url":"https:\/\/amaruoptim.stg.uzero.cat\/fr\/meubles-anciens\/consoles-anciennes\/console-en-bois-orme-ancienne-pour-l-entree-vers-1870\/","name":"Console en bois | Table console d'entr\u00e9e | AMARU ANTIQUES","isPartOf":{"@id":"https:\/\/amaruantiques.com\/#website"},"primaryImageOfPage":{"@id":"https:\/\/amaruoptim.stg.uzero.cat\/fr\/meubles-anciens\/consoles-anciennes\/console-en-bois-orme-ancienne-pour-l-entree-vers-1870\/#primaryimage"},"image":{"@id":"https:\/\/amaruoptim.stg.uzero.cat\/fr\/meubles-anciens\/consoles-anciennes\/console-en-bois-orme-ancienne-pour-l-entree-vers-1870\/#primaryimage"},"thumbnailUrl":"https:\/\/amaruoptim.stg.uzero.cat\/wp-content\/uploads\/2025\/06\/8AM02024-D-1-2-3.jpg","datePublished":"2021-05-07T17:09:21+00:00","dateModified":"2025-06-26T15:43:16+00:00","description":"Console en bois d'orme ancienne pour l'entr\u00e9e de votre maison. D\u00e9couvrez plus de tables d'appoint et tabourets anciens sur notre site AMARU.","breadcrumb":{"@id":"https:\/\/amaruoptim.stg.uzero.cat\/fr\/meubles-anciens\/consoles-anciennes\/console-en-bois-orme-ancienne-pour-l-entree-vers-1870\/#breadcrumb"},"inLanguage":"fr-FR","potentialAction":[{"@type":"ReadAction","target":["https:\/\/amaruoptim.stg.uzero.cat\/fr\/meubles-anciens\/consoles-anciennes\/console-en-bois-orme-ancienne-pour-l-entree-vers-1870\/"]}]},{"@type":"ImageObject","inLanguage":"fr-FR","@id":"https:\/\/amaruoptim.stg.uzero.cat\/fr\/meubles-anciens\/consoles-anciennes\/console-en-bois-orme-ancienne-pour-l-entree-vers-1870\/#primaryimage","url":"https:\/\/amaruoptim.stg.uzero.cat\/wp-content\/uploads\/2025\/06\/8AM02024-D-1-2-3.jpg","contentUrl":"https:\/\/amaruoptim.stg.uzero.cat\/wp-content\/uploads\/2025\/06\/8AM02024-D-1-2-3.jpg","width":1600,"height":1600},{"@type":"BreadcrumbList","@id":"https:\/\/amaruoptim.stg.uzero.cat\/fr\/meubles-anciens\/consoles-anciennes\/console-en-bois-orme-ancienne-pour-l-entree-vers-1870\/#breadcrumb","itemListElement":[{"@type":"ListItem","position":1,"name":"Accueil","item":"https:\/\/amaruantiques.com\/fr\/"},{"@type":"ListItem","position":2,"name":"Boutique","item":"https:\/\/amaruantiques.com\/fr\/boutique\/"},{"@type":"ListItem","position":3,"name":"Console en bois d&#8217;orme ancienne pour l&#8217;entr\u00e9e"}]},{"@type":"WebSite","@id":"https:\/\/amaruantiques.com\/#website","url":"https:\/\/amaruantiques.com\/","name":"AMARU - Timeless Antiques","description":"Timeless antiques","publisher":{"@id":"https:\/\/amaruantiques.com\/#organization"},"potentialAction":[{"@type":"SearchAction","target":{"@type":"EntryPoint","urlTemplate":"https:\/\/amaruantiques.com\/?s={search_term_string}"},"query-input":{"@type":"PropertyValueSpecification","valueRequired":true,"valueName":"search_term_string"}}],"inLanguage":"fr-FR"},{"@type":"Organization","@id":"https:\/\/amaruantiques.com\/#organization","name":"AMARU","url":"https:\/\/amaruantiques.com\/","logo":{"@type":"ImageObject","inLanguage":"fr-FR","@id":"https:\/\/amaruantiques.com\/#\/schema\/logo\/image\/","url":"https:\/\/amaruoptim.stg.uzero.cat\/wp-content\/uploads\/2025\/04\/logo-AMARU.svg","contentUrl":"https:\/\/amaruoptim.stg.uzero.cat\/wp-content\/uploads\/2025\/04\/logo-AMARU.svg","caption":"AMARU"},"image":{"@id":"https:\/\/amaruantiques.com\/#\/schema\/logo\/image\/"}}]}},"_links":{"self":[{"href":"https:\/\/amaruoptim.stg.uzero.cat\/fr\/wp-json\/wp\/v2\/product\/211815","targetHints":{"allow":["GET"]}}],"collection":[{"href":"https:\/\/amaruoptim.stg.uzero.cat\/fr\/wp-json\/wp\/v2\/product"}],"about":[{"href":"https:\/\/amaruoptim.stg.uzero.cat\/fr\/wp-json\/wp\/v2\/types\/product"}],"wp:featuredmedia":[{"embeddable":true,"href":"https:\/\/amaruoptim.stg.uzero.cat\/fr\/wp-json\/wp\/v2\/media\/221999"}],"wp:attachment":[{"href":"https:\/\/amaruoptim.stg.uzero.cat\/fr\/wp-json\/wp\/v2\/media?parent=211815"}],"wp:term":[{"taxonomy":"product_brand","embeddable":true,"href":"https:\/\/amaruoptim.stg.uzero.cat\/fr\/wp-json\/wp\/v2\/product_brand?post=211815"},{"taxonomy":"product_cat","embeddable":true,"href":"https:\/\/amaruoptim.stg.uzero.cat\/fr\/wp-json\/wp\/v2\/product_cat?post=211815"},{"taxonomy":"product_tag","embeddable":true,"href":"https:\/\/amaruoptim.stg.uzero.cat\/fr\/wp-json\/wp\/v2\/product_tag?post=211815"}],"curies":[{"name":"wp","href":"https:\/\/api.w.org\/{rel}","templated":true}]}}