{"id":211774,"date":"2021-01-24T17:19:16","date_gmt":"2021-01-24T17:19:16","guid":{"rendered":"https:\/\/amaruantiques.com\/?post_type=product&#038;p=211774"},"modified":"2025-06-26T15:43:15","modified_gmt":"2025-06-26T15:43:15","slug":"petit-tabouret-ancien-30-cm-couleur-bois-naturel-vers-1900","status":"publish","type":"product","link":"https:\/\/amaruoptim.stg.uzero.cat\/fr\/meubles-anciens\/tabourets-anciens\/petit-tabouret-ancien-30-cm-couleur-bois-naturel-vers-1900\/","title":{"rendered":"Petit tabouret ancien 25 cm couleur bois naturel (vers 1900)"},"content":{"rendered":"<p><strong>Petit tabouret ancien<\/strong> d&#8217;environ 25 cm de haut en bois d&#8217;orme massif (vers 1900).<\/p>\n<p>Nous avons plusieurs tabourets rectangulaires anciens en bois disponibles chez AMARU. Chaque tabouret ancien a un \u00e2ge diff\u00e9rent, certains d&#8217;entre eux ont m\u00eame plus de 120 ans. Il a fallu des mois de recherche et un important travail de s\u00e9lection pour chiner plusieurs\u00a0 tabourets en bois massif de taille moyenne. Tous sont de dimensions diff\u00e9rentes, bien qu&#8217;ils mesurent tous environ 25 cm de hauteur.<\/p>\n<p>Chaque tabouret rustique en bois a \u00e9t\u00e9 restaur\u00e9 individuellement en fonction de ses propres besoins. La plupart des vieux tabourets trouv\u00e9s ont \u00e9t\u00e9 fabriqu\u00e9s \u00e0 partir de bois d&#8217;orme massif et ont conserv\u00e9 leur assemblage d&#8217;\u00e9poque.<\/p>\n<p>\u00c0 notre connaissance, beaucoup de ces anciens tabourets de taille moyenne \u00e9taient utilis\u00e9s comme tabourets de travail dans les usines et les ateliers, et avaient encore des traces de peintures ant\u00e9rieures. Dans ces cas, nous avons proc\u00e9d\u00e9 \u00e0 un d\u00e9capage pour retrouver la couleur naturelle d&#8217;origine du bois. Nous avons retrouv\u00e9 plusieurs de ces pi\u00e8ces uniques en parfait \u00e9tat et il suffisait d&#8217;appliquer un cirage \u00e0 la cire d&#8217;abeille pour recouvrir les pores du bois d&#8217;orme massif et ainsi pouvoir supporter cent ans de vie suppl\u00e9mentaires.<\/p>\n<p>Chaque tabouret en bois est unique, chacun a ses bosses, ses propres imperfections et blessures qui se sont accumul\u00e9es au fil du temps, comme s&#8217;il s&#8217;agissait du journal de sa vie.<\/p>\n<ul>\n<li><strong>R\u00e9f.:<\/strong> AM02027N<\/li>\n<li><strong>Dimensions approximatives:<\/strong> 30 x 14 x 25 cm (Longueur x Largeur x Hauteur)<\/li>\n<li><strong>Age:<\/strong> de 100 \u00e0 150 ans<\/li>\n<li><strong>Mat\u00e9riau:<\/strong> Bois d&#8217;orme massif<\/li>\n<\/ul>\n<p>Ce petit tabouret ancien peut se mettre n&#8217;importe o\u00f9 dans la maison. Il peut \u00eatre utile dans la salle de bain, dans la cuisine pour atteindre le haut des placards, \u00e9galement comme porte-revues \u00e0 c\u00f4t\u00e9 de votre canap\u00e9. Aussi il peut servir de chevet. On l&#8217;imagine m\u00eame avec une jolie plante dans un coin du salon.<\/p>\n<p>La couleur naturelle du bois permet au tabouret de se fondre dans n&#8217;importe quel type d&#8217;int\u00e9rieur, de style moderne ou traditionnel.<\/p>\n<p>Ses petites dimensions le rendent facilement maniable pour ses diff\u00e9rents usages.<\/p>\n<p>Nous vous recommandons \u00e9galement nos<a href=\"https:\/\/amaruantiques.com\/fr\/categoria-producto\/tables-anciennes\/\"> tables anciennes<\/a> ou tout autre objet de notre catalogue.<\/p>\n<p>&nbsp;<\/p>\n","protected":false},"excerpt":{"rendered":"<p><strong>Petit tabouret ancien<\/strong> d&#8217;environ 25 cm de haut en bois d&#8217;orme massif (vers 1900).<\/p>\n<p><strong>Dimensions approximatives:<\/strong> 30 x 14 x 25 cm (Largeur x Profondeur x Hauteur)<\/p>\n","protected":false},"featured_media":222134,"template":"","meta":[],"product_brand":[],"product_cat":[614],"product_tag":[],"class_list":{"0":"post-211774","1":"product","2":"type-product","3":"status-publish","4":"has-post-thumbnail","6":"product_cat-tabourets-anciens","7":"product_shipping_class-small-50-fr","8":"pa_estilo-style-primitif","10":"first","11":"instock","12":"taxable","13":"shipping-taxable","14":"purchasable","15":"product-type-simple"},"yoast_head":"<!-- This site is optimized with the Yoast SEO plugin v26.0 - https:\/\/yoast.com\/wordpress\/plugins\/seo\/ -->\n<title>Petit tabouret ancien | Petit tabouret | AMARU ANTIQUES<\/title>\n<meta name=\"description\" content=\"Petit tabouret ancien en bois massif de taille moyenne. D\u00e9couvrez plus de tabourets, tables et buffets anciens ... sur notre site AMARU\" \/>\n<meta name=\"robots\" content=\"index, follow, max-snippet:-1, max-image-preview:large, max-video-preview:-1\" \/>\n<link rel=\"canonical\" href=\"https:\/\/amaruoptim.stg.uzero.cat\/fr\/meubles-anciens\/tabourets-anciens\/petit-tabouret-ancien-30-cm-couleur-bois-naturel-vers-1900\/\" \/>\n<meta property=\"og:locale\" content=\"fr_FR\" \/>\n<meta property=\"og:type\" content=\"article\" \/>\n<meta property=\"og:title\" content=\"Petit tabouret ancien | Petit tabouret | AMARU ANTIQUES\" \/>\n<meta property=\"og:description\" content=\"Petit tabouret ancien en bois massif de taille moyenne. D\u00e9couvrez plus de tabourets, tables et buffets anciens ... sur notre site AMARU\" \/>\n<meta property=\"og:url\" content=\"https:\/\/amaruoptim.stg.uzero.cat\/fr\/meubles-anciens\/tabourets-anciens\/petit-tabouret-ancien-30-cm-couleur-bois-naturel-vers-1900\/\" \/>\n<meta property=\"og:site_name\" content=\"AMARU\" \/>\n<meta property=\"article:modified_time\" content=\"2025-06-26T15:43:15+00:00\" \/>\n<meta property=\"og:image\" content=\"https:\/\/amaruantiques.com\/wp-content\/uploads\/2025\/06\/AM02027-D-1-3.jpg\" \/>\n\t<meta property=\"og:image:width\" content=\"1200\" \/>\n\t<meta property=\"og:image:height\" content=\"1200\" \/>\n\t<meta property=\"og:image:type\" content=\"image\/jpeg\" \/>\n<meta name=\"twitter:card\" content=\"summary_large_image\" \/>\n<meta name=\"twitter:label1\" content=\"Dur\u00e9e de lecture estim\u00e9e\" \/>\n\t<meta name=\"twitter:data1\" content=\"2 minutes\" \/>\n<!-- \/ Yoast SEO plugin. -->","yoast_head_json":{"title":"Petit tabouret ancien | Petit tabouret | AMARU ANTIQUES","description":"Petit tabouret ancien en bois massif de taille moyenne. D\u00e9couvrez plus de tabourets, tables et buffets anciens ... sur notre site AMARU","robots":{"index":"index","follow":"follow","max-snippet":"max-snippet:-1","max-image-preview":"max-image-preview:large","max-video-preview":"max-video-preview:-1"},"canonical":"https:\/\/amaruoptim.stg.uzero.cat\/fr\/meubles-anciens\/tabourets-anciens\/petit-tabouret-ancien-30-cm-couleur-bois-naturel-vers-1900\/","og_locale":"fr_FR","og_type":"article","og_title":"Petit tabouret ancien | Petit tabouret | AMARU ANTIQUES","og_description":"Petit tabouret ancien en bois massif de taille moyenne. D\u00e9couvrez plus de tabourets, tables et buffets anciens ... sur notre site AMARU","og_url":"https:\/\/amaruoptim.stg.uzero.cat\/fr\/meubles-anciens\/tabourets-anciens\/petit-tabouret-ancien-30-cm-couleur-bois-naturel-vers-1900\/","og_site_name":"AMARU","article_modified_time":"2025-06-26T15:43:15+00:00","og_image":[{"width":1200,"height":1200,"url":"https:\/\/amaruantiques.com\/wp-content\/uploads\/2025\/06\/AM02027-D-1-3.jpg","type":"image\/jpeg"}],"twitter_card":"summary_large_image","twitter_misc":{"Dur\u00e9e de lecture estim\u00e9e":"2 minutes"},"schema":{"@context":"https:\/\/schema.org","@graph":[{"@type":"WebPage","@id":"https:\/\/amaruoptim.stg.uzero.cat\/fr\/meubles-anciens\/tabourets-anciens\/petit-tabouret-ancien-30-cm-couleur-bois-naturel-vers-1900\/","url":"https:\/\/amaruoptim.stg.uzero.cat\/fr\/meubles-anciens\/tabourets-anciens\/petit-tabouret-ancien-30-cm-couleur-bois-naturel-vers-1900\/","name":"Petit tabouret ancien | Petit tabouret | AMARU ANTIQUES","isPartOf":{"@id":"https:\/\/amaruantiques.com\/#website"},"primaryImageOfPage":{"@id":"https:\/\/amaruoptim.stg.uzero.cat\/fr\/meubles-anciens\/tabourets-anciens\/petit-tabouret-ancien-30-cm-couleur-bois-naturel-vers-1900\/#primaryimage"},"image":{"@id":"https:\/\/amaruoptim.stg.uzero.cat\/fr\/meubles-anciens\/tabourets-anciens\/petit-tabouret-ancien-30-cm-couleur-bois-naturel-vers-1900\/#primaryimage"},"thumbnailUrl":"https:\/\/amaruoptim.stg.uzero.cat\/wp-content\/uploads\/2025\/06\/AM02027-D-1-3.jpg","datePublished":"2021-01-24T17:19:16+00:00","dateModified":"2025-06-26T15:43:15+00:00","description":"Petit tabouret ancien en bois massif de taille moyenne. D\u00e9couvrez plus de tabourets, tables et buffets anciens ... sur notre site AMARU","breadcrumb":{"@id":"https:\/\/amaruoptim.stg.uzero.cat\/fr\/meubles-anciens\/tabourets-anciens\/petit-tabouret-ancien-30-cm-couleur-bois-naturel-vers-1900\/#breadcrumb"},"inLanguage":"fr-FR","potentialAction":[{"@type":"ReadAction","target":["https:\/\/amaruoptim.stg.uzero.cat\/fr\/meubles-anciens\/tabourets-anciens\/petit-tabouret-ancien-30-cm-couleur-bois-naturel-vers-1900\/"]}]},{"@type":"ImageObject","inLanguage":"fr-FR","@id":"https:\/\/amaruoptim.stg.uzero.cat\/fr\/meubles-anciens\/tabourets-anciens\/petit-tabouret-ancien-30-cm-couleur-bois-naturel-vers-1900\/#primaryimage","url":"https:\/\/amaruoptim.stg.uzero.cat\/wp-content\/uploads\/2025\/06\/AM02027-D-1-3.jpg","contentUrl":"https:\/\/amaruoptim.stg.uzero.cat\/wp-content\/uploads\/2025\/06\/AM02027-D-1-3.jpg","width":1200,"height":1200},{"@type":"BreadcrumbList","@id":"https:\/\/amaruoptim.stg.uzero.cat\/fr\/meubles-anciens\/tabourets-anciens\/petit-tabouret-ancien-30-cm-couleur-bois-naturel-vers-1900\/#breadcrumb","itemListElement":[{"@type":"ListItem","position":1,"name":"Accueil","item":"https:\/\/amaruantiques.com\/fr\/"},{"@type":"ListItem","position":2,"name":"Boutique","item":"https:\/\/amaruantiques.com\/fr\/boutique\/"},{"@type":"ListItem","position":3,"name":"Petit tabouret ancien 25 cm couleur bois naturel (vers 1900)"}]},{"@type":"WebSite","@id":"https:\/\/amaruantiques.com\/#website","url":"https:\/\/amaruantiques.com\/","name":"AMARU - Timeless Antiques","description":"Timeless antiques","publisher":{"@id":"https:\/\/amaruantiques.com\/#organization"},"potentialAction":[{"@type":"SearchAction","target":{"@type":"EntryPoint","urlTemplate":"https:\/\/amaruantiques.com\/?s={search_term_string}"},"query-input":{"@type":"PropertyValueSpecification","valueRequired":true,"valueName":"search_term_string"}}],"inLanguage":"fr-FR"},{"@type":"Organization","@id":"https:\/\/amaruantiques.com\/#organization","name":"AMARU","url":"https:\/\/amaruantiques.com\/","logo":{"@type":"ImageObject","inLanguage":"fr-FR","@id":"https:\/\/amaruantiques.com\/#\/schema\/logo\/image\/","url":"https:\/\/amaruoptim.stg.uzero.cat\/wp-content\/uploads\/2025\/04\/logo-AMARU.svg","contentUrl":"https:\/\/amaruoptim.stg.uzero.cat\/wp-content\/uploads\/2025\/04\/logo-AMARU.svg","caption":"AMARU"},"image":{"@id":"https:\/\/amaruantiques.com\/#\/schema\/logo\/image\/"}}]}},"_links":{"self":[{"href":"https:\/\/amaruoptim.stg.uzero.cat\/fr\/wp-json\/wp\/v2\/product\/211774","targetHints":{"allow":["GET"]}}],"collection":[{"href":"https:\/\/amaruoptim.stg.uzero.cat\/fr\/wp-json\/wp\/v2\/product"}],"about":[{"href":"https:\/\/amaruoptim.stg.uzero.cat\/fr\/wp-json\/wp\/v2\/types\/product"}],"wp:featuredmedia":[{"embeddable":true,"href":"https:\/\/amaruoptim.stg.uzero.cat\/fr\/wp-json\/wp\/v2\/media\/222134"}],"wp:attachment":[{"href":"https:\/\/amaruoptim.stg.uzero.cat\/fr\/wp-json\/wp\/v2\/media?parent=211774"}],"wp:term":[{"taxonomy":"product_brand","embeddable":true,"href":"https:\/\/amaruoptim.stg.uzero.cat\/fr\/wp-json\/wp\/v2\/product_brand?post=211774"},{"taxonomy":"product_cat","embeddable":true,"href":"https:\/\/amaruoptim.stg.uzero.cat\/fr\/wp-json\/wp\/v2\/product_cat?post=211774"},{"taxonomy":"product_tag","embeddable":true,"href":"https:\/\/amaruoptim.stg.uzero.cat\/fr\/wp-json\/wp\/v2\/product_tag?post=211774"}],"curies":[{"name":"wp","href":"https:\/\/api.w.org\/{rel}","templated":true}]}}