{"id":211771,"date":"2020-11-18T14:48:47","date_gmt":"2020-11-18T14:48:47","guid":{"rendered":"https:\/\/amaruantiques.com\/?post_type=product&#038;p=211771"},"modified":"2025-09-09T15:07:36","modified_gmt":"2025-09-09T13:07:36","slug":"petit-tabouret-ancien-de-couleur-bois-naturel-vers-1900","status":"publish","type":"product","link":"https:\/\/amaruoptim.stg.uzero.cat\/fr\/meubles-anciens\/tabourets-anciens\/petit-tabouret-ancien-de-couleur-bois-naturel-vers-1900\/","title":{"rendered":"Petit tabouret ancien de couleur bois naturel (vers 1900)"},"content":{"rendered":"<p><strong>Petit tabouret<\/strong> ancien en bois d&#8217;orme massif rectangulaire (vers 1900).<\/p>\n<ul>\n<li><strong>R\u00e9f.:<\/strong> AM02008N<\/li>\n<li><strong>Dimensions approximatives:<\/strong> 25 x 17 x 22 cm (Largeur x Profondeur x Hauteur)<\/li>\n<li><strong>\u00c2ge:<\/strong> de 100 \u00e0 150 ans<\/li>\n<li><strong>Mat\u00e9riau:<\/strong> bois d&#8217;orme massif<\/li>\n<\/ul>\n<p>Nous avons plusieurs tabourets anciens en bois rustiques disponibles sur notre site, et dont certains ont plus de 120 ans. Il a fallu des mois de recherche et un travail de s\u00e9lection approfondis pour chiner plusieurs exemplaires de petits tabourets en bois. Tous sont de dimensions diff\u00e9rentes et d&#8217;une hauteur approximative de 22 cm.<\/p>\n<p>Chaque tabouret rustique en bois a \u00e9t\u00e9 restaur\u00e9 individuellement en fonction de ses besoins. La plupart d&#8217;entre eux ont \u00e9t\u00e9 fabriqu\u00e9s en bois d&#8217;orme massif et conservent l&#8217;assemblage d&#8217;origine de l&#8217;\u00e9poque.<\/p>\n<p>\u00c0 notre connaissance, bon nombre de ces petits tabourets anciens \u00e9taient utilis\u00e9s comme tabourets de travail dans les usines et les ateliers, et avaient pour certains encore des traces de peintures ant\u00e9rieures. Dans ce cas, nous avons proc\u00e9d\u00e9 \u00e0 un d\u00e9capage afin de retrouver la couleur naturelle d&#8217;origine du bois. Nous avons cependant trouv\u00e9 aussi plusieurs de ces pi\u00e8ces uniques en parfait \u00e9tat et il nous a suffi d&#8217;appliquer un cirage \u00e0 la cire d&#8217;abeille pour prot\u00e9ger les pores du bois et ainsi rallonger la dur\u00e9e de vie de nos tabourets.<\/p>\n<p>Chaque tabouret en bois est unique ; chacun poss\u00e8de son histoire, ses traces, ses asp\u00e9rit\u00e9s, et ses propres imperfections accumul\u00e9es au fil du temps.<\/p>\n<p>Imaginez le vaste choix possible d&#8217;usage de ce petit tabouret ancien dans votre maison. Il peut \u00eatre l&#8217;\u00e9l\u00e9ment de d\u00e9coration parfait dans la salle de bain, \u00e9galement comme porte-revues \u00e0 c\u00f4t\u00e9 de votre canap\u00e9. Ils sont souvent utilis\u00e9s comme petites tables de chevet. On les imagine m\u00eame avec une jolie plante dans un coin du salon ou dans l&#8217;entr\u00e9e. La couleur naturelle du bois permet qu&#8217;il s&#8217;harmonise avec tout meuble de la maison.<\/p>\n<p>Si vous avez un style moderne, il vous apportera une touche rustique et exotique. Si vous avez un style traditionnel et classique, il s&#8217;assortira parfaitement.\u00a0 Nous aimons voir comment son aspect intemporel lui permet de se fondre dans autant de genre de d\u00e9corations diff\u00e9rentes : de la plus excentrique \u00e0 la plus sobre. Ses petites dimensions le rendent fonctionnel et maniable pour les situations de la vie quotidienne, et int\u00e9grable \u00e0 tout type d&#8217;espace. Nous recommandons \u00e9galement d&#8217;aller regarder nos<a href=\"https:\/\/amaruantiques.com\/fr\/categoria-producto\/tables-anciennes\/\"> tables anciennes<\/a> en compl\u00e9ment \u00e0 ces petits tabourets anciens en bois.<\/p>\n<p>&nbsp;<\/p>\n","protected":false},"excerpt":{"rendered":"<p><strong>Dimensions approximatives:<\/strong> 25 x 17 x 22 cm (Largeur x Profondeur x Hauteur)<\/p>\n","protected":false},"featured_media":221726,"template":"","meta":[],"product_brand":[],"product_cat":[614],"product_tag":[],"class_list":{"0":"post-211771","1":"product","2":"type-product","3":"status-publish","4":"has-post-thumbnail","6":"product_cat-tabourets-anciens","7":"product_shipping_class-small-50-fr","8":"pa_estilo-style-primitif","10":"first","11":"instock","12":"taxable","13":"shipping-taxable","14":"purchasable","15":"product-type-simple"},"yoast_head":"<!-- This site is optimized with the Yoast SEO plugin v26.0 - https:\/\/yoast.com\/wordpress\/plugins\/seo\/ -->\n<title>Petit tabouret | Tabouret rustique en bois| AMARU ANTIQUES<\/title>\n<meta name=\"description\" content=\"Petit tabouret ancien en bois rustique. D\u00e9couvrez plus de tabourets, tables et buffets anciens sur notre site AMARU ANTIQUES.\" \/>\n<meta name=\"robots\" content=\"index, follow, max-snippet:-1, max-image-preview:large, max-video-preview:-1\" \/>\n<link rel=\"canonical\" href=\"https:\/\/amaruoptim.stg.uzero.cat\/fr\/meubles-anciens\/tabourets-anciens\/petit-tabouret-ancien-de-couleur-bois-naturel-vers-1900\/\" \/>\n<meta property=\"og:locale\" content=\"fr_FR\" \/>\n<meta property=\"og:type\" content=\"article\" \/>\n<meta property=\"og:title\" content=\"Petit tabouret | Tabouret rustique en bois| AMARU ANTIQUES\" \/>\n<meta property=\"og:description\" content=\"Petit tabouret ancien en bois rustique. D\u00e9couvrez plus de tabourets, tables et buffets anciens sur notre site AMARU ANTIQUES.\" \/>\n<meta property=\"og:url\" content=\"https:\/\/amaruoptim.stg.uzero.cat\/fr\/meubles-anciens\/tabourets-anciens\/petit-tabouret-ancien-de-couleur-bois-naturel-vers-1900\/\" \/>\n<meta property=\"og:site_name\" content=\"AMARU\" \/>\n<meta property=\"article:modified_time\" content=\"2025-09-09T13:07:36+00:00\" \/>\n<meta property=\"og:image\" content=\"https:\/\/amaruantiques.com\/wp-content\/uploads\/2025\/06\/AM02008N-D-1-2.jpg\" \/>\n\t<meta property=\"og:image:width\" content=\"1200\" \/>\n\t<meta property=\"og:image:height\" content=\"1200\" \/>\n\t<meta property=\"og:image:type\" content=\"image\/jpeg\" \/>\n<meta name=\"twitter:card\" content=\"summary_large_image\" \/>\n<meta name=\"twitter:label1\" content=\"Dur\u00e9e de lecture estim\u00e9e\" \/>\n\t<meta name=\"twitter:data1\" content=\"3 minutes\" \/>\n<!-- \/ Yoast SEO plugin. -->","yoast_head_json":{"title":"Petit tabouret | Tabouret rustique en bois| AMARU ANTIQUES","description":"Petit tabouret ancien en bois rustique. D\u00e9couvrez plus de tabourets, tables et buffets anciens sur notre site AMARU ANTIQUES.","robots":{"index":"index","follow":"follow","max-snippet":"max-snippet:-1","max-image-preview":"max-image-preview:large","max-video-preview":"max-video-preview:-1"},"canonical":"https:\/\/amaruoptim.stg.uzero.cat\/fr\/meubles-anciens\/tabourets-anciens\/petit-tabouret-ancien-de-couleur-bois-naturel-vers-1900\/","og_locale":"fr_FR","og_type":"article","og_title":"Petit tabouret | Tabouret rustique en bois| AMARU ANTIQUES","og_description":"Petit tabouret ancien en bois rustique. D\u00e9couvrez plus de tabourets, tables et buffets anciens sur notre site AMARU ANTIQUES.","og_url":"https:\/\/amaruoptim.stg.uzero.cat\/fr\/meubles-anciens\/tabourets-anciens\/petit-tabouret-ancien-de-couleur-bois-naturel-vers-1900\/","og_site_name":"AMARU","article_modified_time":"2025-09-09T13:07:36+00:00","og_image":[{"width":1200,"height":1200,"url":"https:\/\/amaruantiques.com\/wp-content\/uploads\/2025\/06\/AM02008N-D-1-2.jpg","type":"image\/jpeg"}],"twitter_card":"summary_large_image","twitter_misc":{"Dur\u00e9e de lecture estim\u00e9e":"3 minutes"},"schema":{"@context":"https:\/\/schema.org","@graph":[{"@type":"WebPage","@id":"https:\/\/amaruoptim.stg.uzero.cat\/fr\/meubles-anciens\/tabourets-anciens\/petit-tabouret-ancien-de-couleur-bois-naturel-vers-1900\/","url":"https:\/\/amaruoptim.stg.uzero.cat\/fr\/meubles-anciens\/tabourets-anciens\/petit-tabouret-ancien-de-couleur-bois-naturel-vers-1900\/","name":"Petit tabouret | Tabouret rustique en bois| AMARU ANTIQUES","isPartOf":{"@id":"https:\/\/amaruantiques.com\/#website"},"primaryImageOfPage":{"@id":"https:\/\/amaruoptim.stg.uzero.cat\/fr\/meubles-anciens\/tabourets-anciens\/petit-tabouret-ancien-de-couleur-bois-naturel-vers-1900\/#primaryimage"},"image":{"@id":"https:\/\/amaruoptim.stg.uzero.cat\/fr\/meubles-anciens\/tabourets-anciens\/petit-tabouret-ancien-de-couleur-bois-naturel-vers-1900\/#primaryimage"},"thumbnailUrl":"https:\/\/amaruoptim.stg.uzero.cat\/wp-content\/uploads\/2025\/06\/AM02008N-D-1-2.jpg","datePublished":"2020-11-18T14:48:47+00:00","dateModified":"2025-09-09T13:07:36+00:00","description":"Petit tabouret ancien en bois rustique. D\u00e9couvrez plus de tabourets, tables et buffets anciens sur notre site AMARU ANTIQUES.","breadcrumb":{"@id":"https:\/\/amaruoptim.stg.uzero.cat\/fr\/meubles-anciens\/tabourets-anciens\/petit-tabouret-ancien-de-couleur-bois-naturel-vers-1900\/#breadcrumb"},"inLanguage":"fr-FR","potentialAction":[{"@type":"ReadAction","target":["https:\/\/amaruoptim.stg.uzero.cat\/fr\/meubles-anciens\/tabourets-anciens\/petit-tabouret-ancien-de-couleur-bois-naturel-vers-1900\/"]}]},{"@type":"ImageObject","inLanguage":"fr-FR","@id":"https:\/\/amaruoptim.stg.uzero.cat\/fr\/meubles-anciens\/tabourets-anciens\/petit-tabouret-ancien-de-couleur-bois-naturel-vers-1900\/#primaryimage","url":"https:\/\/amaruoptim.stg.uzero.cat\/wp-content\/uploads\/2025\/06\/AM02008N-D-1-2.jpg","contentUrl":"https:\/\/amaruoptim.stg.uzero.cat\/wp-content\/uploads\/2025\/06\/AM02008N-D-1-2.jpg","width":1200,"height":1200},{"@type":"BreadcrumbList","@id":"https:\/\/amaruoptim.stg.uzero.cat\/fr\/meubles-anciens\/tabourets-anciens\/petit-tabouret-ancien-de-couleur-bois-naturel-vers-1900\/#breadcrumb","itemListElement":[{"@type":"ListItem","position":1,"name":"Accueil","item":"https:\/\/amaruantiques.com\/fr\/"},{"@type":"ListItem","position":2,"name":"Boutique","item":"https:\/\/amaruantiques.com\/fr\/boutique\/"},{"@type":"ListItem","position":3,"name":"Petit tabouret ancien de couleur bois naturel (vers 1900)"}]},{"@type":"WebSite","@id":"https:\/\/amaruantiques.com\/#website","url":"https:\/\/amaruantiques.com\/","name":"AMARU - Timeless Antiques","description":"Timeless antiques","publisher":{"@id":"https:\/\/amaruantiques.com\/#organization"},"potentialAction":[{"@type":"SearchAction","target":{"@type":"EntryPoint","urlTemplate":"https:\/\/amaruantiques.com\/?s={search_term_string}"},"query-input":{"@type":"PropertyValueSpecification","valueRequired":true,"valueName":"search_term_string"}}],"inLanguage":"fr-FR"},{"@type":"Organization","@id":"https:\/\/amaruantiques.com\/#organization","name":"AMARU","url":"https:\/\/amaruantiques.com\/","logo":{"@type":"ImageObject","inLanguage":"fr-FR","@id":"https:\/\/amaruantiques.com\/#\/schema\/logo\/image\/","url":"https:\/\/amaruoptim.stg.uzero.cat\/wp-content\/uploads\/2025\/04\/logo-AMARU.svg","contentUrl":"https:\/\/amaruoptim.stg.uzero.cat\/wp-content\/uploads\/2025\/04\/logo-AMARU.svg","caption":"AMARU"},"image":{"@id":"https:\/\/amaruantiques.com\/#\/schema\/logo\/image\/"}}]}},"_links":{"self":[{"href":"https:\/\/amaruoptim.stg.uzero.cat\/fr\/wp-json\/wp\/v2\/product\/211771","targetHints":{"allow":["GET"]}}],"collection":[{"href":"https:\/\/amaruoptim.stg.uzero.cat\/fr\/wp-json\/wp\/v2\/product"}],"about":[{"href":"https:\/\/amaruoptim.stg.uzero.cat\/fr\/wp-json\/wp\/v2\/types\/product"}],"wp:featuredmedia":[{"embeddable":true,"href":"https:\/\/amaruoptim.stg.uzero.cat\/fr\/wp-json\/wp\/v2\/media\/221726"}],"wp:attachment":[{"href":"https:\/\/amaruoptim.stg.uzero.cat\/fr\/wp-json\/wp\/v2\/media?parent=211771"}],"wp:term":[{"taxonomy":"product_brand","embeddable":true,"href":"https:\/\/amaruoptim.stg.uzero.cat\/fr\/wp-json\/wp\/v2\/product_brand?post=211771"},{"taxonomy":"product_cat","embeddable":true,"href":"https:\/\/amaruoptim.stg.uzero.cat\/fr\/wp-json\/wp\/v2\/product_cat?post=211771"},{"taxonomy":"product_tag","embeddable":true,"href":"https:\/\/amaruoptim.stg.uzero.cat\/fr\/wp-json\/wp\/v2\/product_tag?post=211771"}],"curies":[{"name":"wp","href":"https:\/\/api.w.org\/{rel}","templated":true}]}}