{"id":211753,"date":"2020-03-30T13:28:16","date_gmt":"2020-03-30T13:28:16","guid":{"rendered":"https:\/\/amaruantiques.com\/?post_type=product&#038;p=211753"},"modified":"2025-06-26T15:43:08","modified_gmt":"2025-06-26T15:43:08","slug":"statue-en-pierre-orientale-du-signe-du-cochon-du-zodiaque-chinois","status":"publish","type":"product","link":"https:\/\/amaruoptim.stg.uzero.cat\/fr\/meubles-anciens\/autres-objets-et-artefacts-anciens\/statue-en-pierre-orientale-du-signe-du-cochon-du-zodiaque-chinois\/","title":{"rendered":"Statue en pierre orientale du signe du cochon du zodiaque chinois"},"content":{"rendered":"<p><strong>Statue en pierre<\/strong> orientale du signe du cochon du zodiaque chinois. Elle est sculpt\u00e9e dans de la pierre dense et mesure 17 cm de haut. Cette statue en pierre grise repr\u00e9sente le signe du cochon dans le zodiaque chinois.<\/p>\n<ul>\n<li><strong>R\u00e9f.\u00a0:<\/strong> AM01035<\/li>\n<li><strong>Dimensions:<\/strong> 23 cm x 23 cm x 43 cm (Largeur x Longueur x Hauteur)<\/li>\n<li><strong>Mat\u00e9riau:<\/strong> pierre<\/li>\n<li><strong>Provenance:<\/strong> Chine<\/li>\n<\/ul>\n<p>&#8211; CURIOSIT\u00c9 &#8211;<\/p>\n<p>Le zodiaque chinois est bas\u00e9 sur le calendrier lunaire et se r\u00e9partie sur des cycles de 12 ans. Un animal diff\u00e9rent correspond \u00e0 chaque ann\u00e9e, et est donc attribu\u00e9 \u00e0 l&#8217;individu n\u00e9 dans l&#8217;ann\u00e9e, qui se voit attribuer en m\u00eame temps les caract\u00e9ristiques de l&#8217;animal. La date de changement entre chacun des signes ne suit pas la m\u00eame logique que le calendrier occidental et se situe g\u00e9n\u00e9ralement entre fin janvier et f\u00e9vrier. Contrairement au zodiaque occidental, les signes ne sont associ\u00e9s \u00e0 aucune constellation.<\/p>\n<p>Chaque signe a des attributs caract\u00e9ristiques et les signes du cochon et du dragon sont particuli\u00e8rement forts. Avoir un membre de la famille n\u00e9 l&#8217;ann\u00e9e du cochon est tr\u00e8s appr\u00e9ci\u00e9 car on pense que cela apportera la prosp\u00e9rit\u00e9 \u00e0 toute la famille. Il est d&#8217;ailleurs prouv\u00e9 que le taux de natalit\u00e9 au cours de ces ann\u00e9es est g\u00e9n\u00e9ralement sup\u00e9rieur \u00e0 la moyenne nationale.<\/p>\n<p>En effet le signe du cochon est associ\u00e9 \u00e0 la virilit\u00e9 et \u00e0 la fertilit\u00e9. Chaque famille chinoise pense avoir de la chance d&#8217;avoir un enfant n\u00e9 sous le signe du cochon car on consid\u00e8re que cet enfant sera favoris\u00e9, fortun\u00e9 et heureux. Si vous \u00eates n\u00e9 entre le 27 janvier 1971 et le 14 f\u00e9vrier 1972, vous en faites partie ! Mais vous aussi si vous \u00eates n\u00e9 12 ans avant ou 12 apr\u00e8s&#8230;<\/p>\n<p>Nos objets orientaux sont des pi\u00e8ces sp\u00e9cialement s\u00e9lectionn\u00e9es pour s&#8217;int\u00e9grer \u00e0 des int\u00e9rieurs de tout style, et cette statue orientale avec signe zodiacal peut se marier parfaitement \u00e0 tout notre mobilier par exemple nos<a href=\"https:\/\/amaruantiques.com\/fr\/categoria-producto\/buffets-anciens\/\">\u00a0buffets anciens<\/a> et<a href=\"https:\/\/amaruantiques.com\/fr\/categoria-producto\/armoires-anciennes\/\"> armoires anciennes<\/a>.<\/p>\n<p><em>PI\u00c8CE UNIQUE<\/em><\/p>\n","protected":false},"excerpt":{"rendered":"<p><strong>Statue en pierre<\/strong> orientale du signe du cochon du zodiaque chinois.<\/p>\n<p><strong>Dimensions:<\/strong> 23 cm x 23 cm x 43 cm (Largeur x Longueur x Hauteur)<\/p>\n<p><em>PI\u00c8CE UNIQUE<\/em><\/p>\n","protected":false},"featured_media":221609,"template":"","meta":[],"product_brand":[],"product_cat":[638],"product_tag":[110],"class_list":{"0":"post-211753","1":"product","2":"type-product","3":"status-publish","4":"has-post-thumbnail","6":"product_cat-autres-objets-et-artefacts-anciens","7":"product_tag-statue-en-pierre","8":"product_shipping_class-extra-large-250-fr","9":"pa_estilo-dynastie-qing","11":"first","12":"instock","13":"sale","14":"sold-individually","15":"taxable","16":"shipping-taxable","17":"purchasable","18":"product-type-simple"},"yoast_head":"<!-- This site is optimized with the Yoast SEO plugin v26.0 - https:\/\/yoast.com\/wordpress\/plugins\/seo\/ -->\n<title>Statue en pierre | Statue orientale avec signe zodiacal | AMARU<\/title>\n<meta name=\"description\" content=\"Statue orientale en pierre du signe chinois du cochon. D\u00e9couvrez plus de meubles anciens et pi\u00e8ces orientales sur notre site AMARU ANTIQUES.\" \/>\n<meta name=\"robots\" content=\"index, follow, max-snippet:-1, max-image-preview:large, max-video-preview:-1\" \/>\n<link rel=\"canonical\" href=\"https:\/\/amaruoptim.stg.uzero.cat\/fr\/meubles-anciens\/autres-objets-et-artefacts-anciens\/statue-en-pierre-orientale-du-signe-du-cochon-du-zodiaque-chinois\/\" \/>\n<meta property=\"og:locale\" content=\"fr_FR\" \/>\n<meta property=\"og:type\" content=\"article\" \/>\n<meta property=\"og:title\" content=\"Statue en pierre | Statue orientale avec signe zodiacal | AMARU\" \/>\n<meta property=\"og:description\" content=\"Statue orientale en pierre du signe chinois du cochon. D\u00e9couvrez plus de meubles anciens et pi\u00e8ces orientales sur notre site AMARU ANTIQUES.\" \/>\n<meta property=\"og:url\" content=\"https:\/\/amaruoptim.stg.uzero.cat\/fr\/meubles-anciens\/autres-objets-et-artefacts-anciens\/statue-en-pierre-orientale-du-signe-du-cochon-du-zodiaque-chinois\/\" \/>\n<meta property=\"og:site_name\" content=\"AMARU\" \/>\n<meta property=\"article:modified_time\" content=\"2025-06-26T15:43:08+00:00\" \/>\n<meta property=\"og:image\" content=\"https:\/\/amaruantiques.com\/wp-content\/uploads\/2025\/06\/Objeto-zodiaco-cerdo-2-AM01035-unclip-2.jpg\" \/>\n\t<meta property=\"og:image:width\" content=\"924\" \/>\n\t<meta property=\"og:image:height\" content=\"924\" \/>\n\t<meta property=\"og:image:type\" content=\"image\/jpeg\" \/>\n<meta name=\"twitter:card\" content=\"summary_large_image\" \/>\n<meta name=\"twitter:label1\" content=\"Dur\u00e9e de lecture estim\u00e9e\" \/>\n\t<meta name=\"twitter:data1\" content=\"2 minutes\" \/>\n<!-- \/ Yoast SEO plugin. -->","yoast_head_json":{"title":"Statue en pierre | Statue orientale avec signe zodiacal | AMARU","description":"Statue orientale en pierre du signe chinois du cochon. D\u00e9couvrez plus de meubles anciens et pi\u00e8ces orientales sur notre site AMARU ANTIQUES.","robots":{"index":"index","follow":"follow","max-snippet":"max-snippet:-1","max-image-preview":"max-image-preview:large","max-video-preview":"max-video-preview:-1"},"canonical":"https:\/\/amaruoptim.stg.uzero.cat\/fr\/meubles-anciens\/autres-objets-et-artefacts-anciens\/statue-en-pierre-orientale-du-signe-du-cochon-du-zodiaque-chinois\/","og_locale":"fr_FR","og_type":"article","og_title":"Statue en pierre | Statue orientale avec signe zodiacal | AMARU","og_description":"Statue orientale en pierre du signe chinois du cochon. D\u00e9couvrez plus de meubles anciens et pi\u00e8ces orientales sur notre site AMARU ANTIQUES.","og_url":"https:\/\/amaruoptim.stg.uzero.cat\/fr\/meubles-anciens\/autres-objets-et-artefacts-anciens\/statue-en-pierre-orientale-du-signe-du-cochon-du-zodiaque-chinois\/","og_site_name":"AMARU","article_modified_time":"2025-06-26T15:43:08+00:00","og_image":[{"width":924,"height":924,"url":"https:\/\/amaruantiques.com\/wp-content\/uploads\/2025\/06\/Objeto-zodiaco-cerdo-2-AM01035-unclip-2.jpg","type":"image\/jpeg"}],"twitter_card":"summary_large_image","twitter_misc":{"Dur\u00e9e de lecture estim\u00e9e":"2 minutes"},"schema":{"@context":"https:\/\/schema.org","@graph":[{"@type":"WebPage","@id":"https:\/\/amaruoptim.stg.uzero.cat\/fr\/meubles-anciens\/autres-objets-et-artefacts-anciens\/statue-en-pierre-orientale-du-signe-du-cochon-du-zodiaque-chinois\/","url":"https:\/\/amaruoptim.stg.uzero.cat\/fr\/meubles-anciens\/autres-objets-et-artefacts-anciens\/statue-en-pierre-orientale-du-signe-du-cochon-du-zodiaque-chinois\/","name":"Statue en pierre | Statue orientale avec signe zodiacal | AMARU","isPartOf":{"@id":"https:\/\/amaruantiques.com\/#website"},"primaryImageOfPage":{"@id":"https:\/\/amaruoptim.stg.uzero.cat\/fr\/meubles-anciens\/autres-objets-et-artefacts-anciens\/statue-en-pierre-orientale-du-signe-du-cochon-du-zodiaque-chinois\/#primaryimage"},"image":{"@id":"https:\/\/amaruoptim.stg.uzero.cat\/fr\/meubles-anciens\/autres-objets-et-artefacts-anciens\/statue-en-pierre-orientale-du-signe-du-cochon-du-zodiaque-chinois\/#primaryimage"},"thumbnailUrl":"https:\/\/amaruoptim.stg.uzero.cat\/wp-content\/uploads\/2025\/06\/Objeto-zodiaco-cerdo-2-AM01035-unclip-2.jpg","datePublished":"2020-03-30T13:28:16+00:00","dateModified":"2025-06-26T15:43:08+00:00","description":"Statue orientale en pierre du signe chinois du cochon. D\u00e9couvrez plus de meubles anciens et pi\u00e8ces orientales sur notre site AMARU ANTIQUES.","breadcrumb":{"@id":"https:\/\/amaruoptim.stg.uzero.cat\/fr\/meubles-anciens\/autres-objets-et-artefacts-anciens\/statue-en-pierre-orientale-du-signe-du-cochon-du-zodiaque-chinois\/#breadcrumb"},"inLanguage":"fr-FR","potentialAction":[{"@type":"ReadAction","target":["https:\/\/amaruoptim.stg.uzero.cat\/fr\/meubles-anciens\/autres-objets-et-artefacts-anciens\/statue-en-pierre-orientale-du-signe-du-cochon-du-zodiaque-chinois\/"]}]},{"@type":"ImageObject","inLanguage":"fr-FR","@id":"https:\/\/amaruoptim.stg.uzero.cat\/fr\/meubles-anciens\/autres-objets-et-artefacts-anciens\/statue-en-pierre-orientale-du-signe-du-cochon-du-zodiaque-chinois\/#primaryimage","url":"https:\/\/amaruoptim.stg.uzero.cat\/wp-content\/uploads\/2025\/06\/Objeto-zodiaco-cerdo-2-AM01035-unclip-2.jpg","contentUrl":"https:\/\/amaruoptim.stg.uzero.cat\/wp-content\/uploads\/2025\/06\/Objeto-zodiaco-cerdo-2-AM01035-unclip-2.jpg","width":924,"height":924},{"@type":"BreadcrumbList","@id":"https:\/\/amaruoptim.stg.uzero.cat\/fr\/meubles-anciens\/autres-objets-et-artefacts-anciens\/statue-en-pierre-orientale-du-signe-du-cochon-du-zodiaque-chinois\/#breadcrumb","itemListElement":[{"@type":"ListItem","position":1,"name":"Accueil","item":"https:\/\/amaruantiques.com\/fr\/"},{"@type":"ListItem","position":2,"name":"Boutique","item":"https:\/\/amaruantiques.com\/fr\/boutique\/"},{"@type":"ListItem","position":3,"name":"Statue en pierre orientale du signe du cochon du zodiaque chinois"}]},{"@type":"WebSite","@id":"https:\/\/amaruantiques.com\/#website","url":"https:\/\/amaruantiques.com\/","name":"AMARU - Timeless Antiques","description":"Timeless antiques","publisher":{"@id":"https:\/\/amaruantiques.com\/#organization"},"potentialAction":[{"@type":"SearchAction","target":{"@type":"EntryPoint","urlTemplate":"https:\/\/amaruantiques.com\/?s={search_term_string}"},"query-input":{"@type":"PropertyValueSpecification","valueRequired":true,"valueName":"search_term_string"}}],"inLanguage":"fr-FR"},{"@type":"Organization","@id":"https:\/\/amaruantiques.com\/#organization","name":"AMARU","url":"https:\/\/amaruantiques.com\/","logo":{"@type":"ImageObject","inLanguage":"fr-FR","@id":"https:\/\/amaruantiques.com\/#\/schema\/logo\/image\/","url":"https:\/\/amaruoptim.stg.uzero.cat\/wp-content\/uploads\/2025\/04\/logo-AMARU.svg","contentUrl":"https:\/\/amaruoptim.stg.uzero.cat\/wp-content\/uploads\/2025\/04\/logo-AMARU.svg","caption":"AMARU"},"image":{"@id":"https:\/\/amaruantiques.com\/#\/schema\/logo\/image\/"}}]}},"_links":{"self":[{"href":"https:\/\/amaruoptim.stg.uzero.cat\/fr\/wp-json\/wp\/v2\/product\/211753","targetHints":{"allow":["GET"]}}],"collection":[{"href":"https:\/\/amaruoptim.stg.uzero.cat\/fr\/wp-json\/wp\/v2\/product"}],"about":[{"href":"https:\/\/amaruoptim.stg.uzero.cat\/fr\/wp-json\/wp\/v2\/types\/product"}],"wp:featuredmedia":[{"embeddable":true,"href":"https:\/\/amaruoptim.stg.uzero.cat\/fr\/wp-json\/wp\/v2\/media\/221609"}],"wp:attachment":[{"href":"https:\/\/amaruoptim.stg.uzero.cat\/fr\/wp-json\/wp\/v2\/media?parent=211753"}],"wp:term":[{"taxonomy":"product_brand","embeddable":true,"href":"https:\/\/amaruoptim.stg.uzero.cat\/fr\/wp-json\/wp\/v2\/product_brand?post=211753"},{"taxonomy":"product_cat","embeddable":true,"href":"https:\/\/amaruoptim.stg.uzero.cat\/fr\/wp-json\/wp\/v2\/product_cat?post=211753"},{"taxonomy":"product_tag","embeddable":true,"href":"https:\/\/amaruoptim.stg.uzero.cat\/fr\/wp-json\/wp\/v2\/product_tag?post=211753"}],"curies":[{"name":"wp","href":"https:\/\/api.w.org\/{rel}","templated":true}]}}