{"id":211752,"date":"2020-03-30T13:45:07","date_gmt":"2020-03-30T13:45:07","guid":{"rendered":"https:\/\/amaruantiques.com\/?post_type=product&#038;p=211752"},"modified":"2025-06-26T15:43:08","modified_gmt":"2025-06-26T15:43:08","slug":"bouddha-oriental-en-pierre-am01053","status":"publish","type":"product","link":"https:\/\/amaruoptim.stg.uzero.cat\/fr\/meubles-anciens\/autres-objets-et-artefacts-anciens\/bouddha-oriental-en-pierre-am01053\/","title":{"rendered":"Bouddha oriental en pierre"},"content":{"rendered":"<p><strong>Bouddha oriental en pierre<\/strong>. Cette statue en pierre dense mesure 51 cm de haut et repr\u00e9sente le buste du Bouddha.<\/p>\n<ul>\n<li><strong>R\u00e9f.\u00a0:<\/strong> AM01053<\/li>\n<li><strong>Dimensions:<\/strong> 42 cm x 25 cm x 51 cm (Largeur x Longueur x Hauteur)<\/li>\n<li><strong>Mat\u00e9riau:<\/strong> calcaire<\/li>\n<li><strong>Provenance:<\/strong> Chine<\/li>\n<\/ul>\n<p>&#8211; CURIOSIT\u00c9 &#8211;<\/p>\n<p><b>Siddh\u00e2rta\u00a0Gautama,<\/b> appel\u00e9 Bouddha, est n\u00e9 vers les 4\u00e8me, 5\u00e8me si\u00e8cles avant J.C. dans l&#8217;Inde ancienne. Il est devenu le fondateur de l&#8217;une des grandes religions du monde: le bouddhisme. Cette religion, que beaucoup consid\u00e8rent plus comme une philosophie de vie qu&#8217;une religion, continue de compter davantage de fid\u00e8les, du fait notamment de l&#8217;universalit\u00e9 de ses pr\u00e9ceptes de base. Bouddha a pass\u00e9 toute sa vie \u00e0 \u00e9tudier, enseigner et pratiquer la voie de l&#8217;absence de souffrance appel\u00e9e<em> &#8220;nirvana&#8221;.<\/em><\/p>\n<p>La vision de Bouddha est toujours associ\u00e9e \u00e0 un sentiment de paix, de calme et de s\u00e9r\u00e9nit\u00e9. Cette pi\u00e8ce pourra rayonner au sein de votre int\u00e9rieur.<\/p>\n<p>Ce bouddha oriental en pierre imposant saura trouver une place de choix sur l&#8217;un de nos<a href=\"https:\/\/amaruantiques.com\/fr\/categoria-producto\/buffets-anciens\/\"> buffets<\/a> ou l&#8217;une de nos <a href=\"https:\/\/amaruantiques.com\/fr\/categoria-producto\/armoires-anciennes\/\">armoires anciennes<\/a> pr\u00e9sents sur notre boutique en ligne.<\/p>\n<p><em>PI\u00c8CE UNIQUE<\/em><\/p>\n","protected":false},"excerpt":{"rendered":"<p><strong>Bouddha oriental en pierre.<\/strong><\/p>\n<p><strong>Dimensions:<\/strong> 42 cm x 25 cm x 51 cm (Largeur x Longueur x Hauteur)<\/p>\n<p><em>PI\u00c8CE UNIQUE<\/em><\/p>\n","protected":false},"featured_media":221615,"template":"","meta":[],"product_brand":[],"product_cat":[638],"product_tag":[110],"class_list":{"0":"post-211752","1":"product","2":"type-product","3":"status-publish","4":"has-post-thumbnail","6":"product_cat-autres-objets-et-artefacts-anciens","7":"product_tag-statue-en-pierre","8":"product_shipping_class-extra-large-250-fr","9":"pa_estilo-dynastie-qing","11":"first","12":"instock","13":"sale","14":"sold-individually","15":"taxable","16":"shipping-taxable","17":"purchasable","18":"product-type-simple"},"yoast_head":"<!-- This site is optimized with the Yoast SEO plugin v26.0 - https:\/\/yoast.com\/wordpress\/plugins\/seo\/ -->\n<title>Bouddha oriental en pierre | Bouddha chinois | AMARU ANTIQUES<\/title>\n<meta name=\"description\" content=\"Bouddha oriental en pierre. Buste de Bouddha de 51 cm de haut. D\u00e9couvrez plus d&#039;objets orientaux, et de meubles anciens sur notre site AMARU ANTIQUES.\" \/>\n<meta name=\"robots\" content=\"index, follow, max-snippet:-1, max-image-preview:large, max-video-preview:-1\" \/>\n<link rel=\"canonical\" href=\"https:\/\/amaruoptim.stg.uzero.cat\/fr\/meubles-anciens\/autres-objets-et-artefacts-anciens\/bouddha-oriental-en-pierre-am01053\/\" \/>\n<meta property=\"og:locale\" content=\"fr_FR\" \/>\n<meta property=\"og:type\" content=\"article\" \/>\n<meta property=\"og:title\" content=\"Bouddha oriental en pierre | Bouddha chinois | AMARU ANTIQUES\" \/>\n<meta property=\"og:description\" content=\"Bouddha oriental en pierre. Buste de Bouddha de 51 cm de haut. D\u00e9couvrez plus d&#039;objets orientaux, et de meubles anciens sur notre site AMARU ANTIQUES.\" \/>\n<meta property=\"og:url\" content=\"https:\/\/amaruoptim.stg.uzero.cat\/fr\/meubles-anciens\/autres-objets-et-artefacts-anciens\/bouddha-oriental-en-pierre-am01053\/\" \/>\n<meta property=\"og:site_name\" content=\"AMARU\" \/>\n<meta property=\"article:modified_time\" content=\"2025-06-26T15:43:08+00:00\" \/>\n<meta property=\"og:image\" content=\"https:\/\/amaruantiques.com\/wp-content\/uploads\/2025\/06\/Buda-de-piedra-AM01053-unclip-2.jpg\" \/>\n\t<meta property=\"og:image:width\" content=\"924\" \/>\n\t<meta property=\"og:image:height\" content=\"924\" \/>\n\t<meta property=\"og:image:type\" content=\"image\/jpeg\" \/>\n<meta name=\"twitter:card\" content=\"summary_large_image\" \/>\n<meta name=\"twitter:label1\" content=\"Dur\u00e9e de lecture estim\u00e9e\" \/>\n\t<meta name=\"twitter:data1\" content=\"1 minute\" \/>\n<!-- \/ Yoast SEO plugin. -->","yoast_head_json":{"title":"Bouddha oriental en pierre | Bouddha chinois | AMARU ANTIQUES","description":"Bouddha oriental en pierre. Buste de Bouddha de 51 cm de haut. D\u00e9couvrez plus d'objets orientaux, et de meubles anciens sur notre site AMARU ANTIQUES.","robots":{"index":"index","follow":"follow","max-snippet":"max-snippet:-1","max-image-preview":"max-image-preview:large","max-video-preview":"max-video-preview:-1"},"canonical":"https:\/\/amaruoptim.stg.uzero.cat\/fr\/meubles-anciens\/autres-objets-et-artefacts-anciens\/bouddha-oriental-en-pierre-am01053\/","og_locale":"fr_FR","og_type":"article","og_title":"Bouddha oriental en pierre | Bouddha chinois | AMARU ANTIQUES","og_description":"Bouddha oriental en pierre. Buste de Bouddha de 51 cm de haut. D\u00e9couvrez plus d'objets orientaux, et de meubles anciens sur notre site AMARU ANTIQUES.","og_url":"https:\/\/amaruoptim.stg.uzero.cat\/fr\/meubles-anciens\/autres-objets-et-artefacts-anciens\/bouddha-oriental-en-pierre-am01053\/","og_site_name":"AMARU","article_modified_time":"2025-06-26T15:43:08+00:00","og_image":[{"width":924,"height":924,"url":"https:\/\/amaruantiques.com\/wp-content\/uploads\/2025\/06\/Buda-de-piedra-AM01053-unclip-2.jpg","type":"image\/jpeg"}],"twitter_card":"summary_large_image","twitter_misc":{"Dur\u00e9e de lecture estim\u00e9e":"1 minute"},"schema":{"@context":"https:\/\/schema.org","@graph":[{"@type":"WebPage","@id":"https:\/\/amaruoptim.stg.uzero.cat\/fr\/meubles-anciens\/autres-objets-et-artefacts-anciens\/bouddha-oriental-en-pierre-am01053\/","url":"https:\/\/amaruoptim.stg.uzero.cat\/fr\/meubles-anciens\/autres-objets-et-artefacts-anciens\/bouddha-oriental-en-pierre-am01053\/","name":"Bouddha oriental en pierre | Bouddha chinois | AMARU ANTIQUES","isPartOf":{"@id":"https:\/\/amaruantiques.com\/#website"},"primaryImageOfPage":{"@id":"https:\/\/amaruoptim.stg.uzero.cat\/fr\/meubles-anciens\/autres-objets-et-artefacts-anciens\/bouddha-oriental-en-pierre-am01053\/#primaryimage"},"image":{"@id":"https:\/\/amaruoptim.stg.uzero.cat\/fr\/meubles-anciens\/autres-objets-et-artefacts-anciens\/bouddha-oriental-en-pierre-am01053\/#primaryimage"},"thumbnailUrl":"https:\/\/amaruoptim.stg.uzero.cat\/wp-content\/uploads\/2025\/06\/Buda-de-piedra-AM01053-unclip-2.jpg","datePublished":"2020-03-30T13:45:07+00:00","dateModified":"2025-06-26T15:43:08+00:00","description":"Bouddha oriental en pierre. Buste de Bouddha de 51 cm de haut. D\u00e9couvrez plus d'objets orientaux, et de meubles anciens sur notre site AMARU ANTIQUES.","breadcrumb":{"@id":"https:\/\/amaruoptim.stg.uzero.cat\/fr\/meubles-anciens\/autres-objets-et-artefacts-anciens\/bouddha-oriental-en-pierre-am01053\/#breadcrumb"},"inLanguage":"fr-FR","potentialAction":[{"@type":"ReadAction","target":["https:\/\/amaruoptim.stg.uzero.cat\/fr\/meubles-anciens\/autres-objets-et-artefacts-anciens\/bouddha-oriental-en-pierre-am01053\/"]}]},{"@type":"ImageObject","inLanguage":"fr-FR","@id":"https:\/\/amaruoptim.stg.uzero.cat\/fr\/meubles-anciens\/autres-objets-et-artefacts-anciens\/bouddha-oriental-en-pierre-am01053\/#primaryimage","url":"https:\/\/amaruoptim.stg.uzero.cat\/wp-content\/uploads\/2025\/06\/Buda-de-piedra-AM01053-unclip-2.jpg","contentUrl":"https:\/\/amaruoptim.stg.uzero.cat\/wp-content\/uploads\/2025\/06\/Buda-de-piedra-AM01053-unclip-2.jpg","width":924,"height":924},{"@type":"BreadcrumbList","@id":"https:\/\/amaruoptim.stg.uzero.cat\/fr\/meubles-anciens\/autres-objets-et-artefacts-anciens\/bouddha-oriental-en-pierre-am01053\/#breadcrumb","itemListElement":[{"@type":"ListItem","position":1,"name":"Accueil","item":"https:\/\/amaruantiques.com\/fr\/"},{"@type":"ListItem","position":2,"name":"Boutique","item":"https:\/\/amaruantiques.com\/fr\/boutique\/"},{"@type":"ListItem","position":3,"name":"Bouddha oriental en pierre"}]},{"@type":"WebSite","@id":"https:\/\/amaruantiques.com\/#website","url":"https:\/\/amaruantiques.com\/","name":"AMARU - Timeless Antiques","description":"Timeless antiques","publisher":{"@id":"https:\/\/amaruantiques.com\/#organization"},"potentialAction":[{"@type":"SearchAction","target":{"@type":"EntryPoint","urlTemplate":"https:\/\/amaruantiques.com\/?s={search_term_string}"},"query-input":{"@type":"PropertyValueSpecification","valueRequired":true,"valueName":"search_term_string"}}],"inLanguage":"fr-FR"},{"@type":"Organization","@id":"https:\/\/amaruantiques.com\/#organization","name":"AMARU","url":"https:\/\/amaruantiques.com\/","logo":{"@type":"ImageObject","inLanguage":"fr-FR","@id":"https:\/\/amaruantiques.com\/#\/schema\/logo\/image\/","url":"https:\/\/amaruoptim.stg.uzero.cat\/wp-content\/uploads\/2025\/04\/logo-AMARU.svg","contentUrl":"https:\/\/amaruoptim.stg.uzero.cat\/wp-content\/uploads\/2025\/04\/logo-AMARU.svg","caption":"AMARU"},"image":{"@id":"https:\/\/amaruantiques.com\/#\/schema\/logo\/image\/"}}]}},"_links":{"self":[{"href":"https:\/\/amaruoptim.stg.uzero.cat\/fr\/wp-json\/wp\/v2\/product\/211752","targetHints":{"allow":["GET"]}}],"collection":[{"href":"https:\/\/amaruoptim.stg.uzero.cat\/fr\/wp-json\/wp\/v2\/product"}],"about":[{"href":"https:\/\/amaruoptim.stg.uzero.cat\/fr\/wp-json\/wp\/v2\/types\/product"}],"wp:featuredmedia":[{"embeddable":true,"href":"https:\/\/amaruoptim.stg.uzero.cat\/fr\/wp-json\/wp\/v2\/media\/221615"}],"wp:attachment":[{"href":"https:\/\/amaruoptim.stg.uzero.cat\/fr\/wp-json\/wp\/v2\/media?parent=211752"}],"wp:term":[{"taxonomy":"product_brand","embeddable":true,"href":"https:\/\/amaruoptim.stg.uzero.cat\/fr\/wp-json\/wp\/v2\/product_brand?post=211752"},{"taxonomy":"product_cat","embeddable":true,"href":"https:\/\/amaruoptim.stg.uzero.cat\/fr\/wp-json\/wp\/v2\/product_cat?post=211752"},{"taxonomy":"product_tag","embeddable":true,"href":"https:\/\/amaruoptim.stg.uzero.cat\/fr\/wp-json\/wp\/v2\/product_tag?post=211752"}],"curies":[{"name":"wp","href":"https:\/\/api.w.org\/{rel}","templated":true}]}}