{"id":211735,"date":"2021-12-28T15:51:20","date_gmt":"2021-12-28T15:51:20","guid":{"rendered":"https:\/\/amaruantiques.com\/?post_type=product&#038;p=211735"},"modified":"2025-06-26T15:44:32","modified_gmt":"2025-06-26T15:44:32","slug":"table-ronde-dappoint-en-bois-massif-ancien","status":"publish","type":"product","link":"https:\/\/amaruoptim.stg.uzero.cat\/fr\/meubles-anciens\/tables-dappoint-tables-du-salon-et-tables-basses\/table-ronde-dappoint-en-bois-massif-ancien\/","title":{"rendered":"Table ronde d&#8217;appoint en bois massif ancien"},"content":{"rendered":"<p><strong>Table ronde <\/strong>d&#8217;appoint en bois d&#8217;orme massif ancien.<\/p>\n<p>Nous avons construit notre table ronde \u00e0 partir d&#8217;une vieille roue en bois que nous avons d\u00e9tourn\u00e9e en plateau et auquel nous avons ajout\u00e9 de vieux pieds en bois d&#8217;orme qui ont plus de cent ans. Nous avons utilis\u00e9 du bois d&#8217;orme ancien massif restaur\u00e9 \u00e0 la main. Nous avons eu pour id\u00e9e de fabriquer une table basse de 50 cm de haut qui reproduit le style de construction d&#8217;antan. Nous en avons r\u00e9alis\u00e9s plusieurs exemplaires aux dimensions similaires bien qu&#8217;il n&#8217;y ait pas une seule pi\u00e8ce qui se ressemble exactement.<\/p>\n<p>Chaque table a \u00e9t\u00e9 r\u00e9nov\u00e9e en respectant ses besoins propres.<\/p>\n<p>Certaines vieilles planches de bois avaient encore des couches de peintures en surface et un processus de d\u00e9capage a \u00e9t\u00e9 r\u00e9alis\u00e9 afin de faire ressortir la couleur naturelle du bois.<\/p>\n<p>Par la suite, les tables ont \u00e9t\u00e9 pass\u00e9e \u00e0 la cire d&#8217;abeille afin de recouvrir et prot\u00e9ger les pores du bois et ainsi r\u00e9sister encore au temps qui passe. Cela a \u00e9t\u00e9 un travail de plusieurs mois pour trouver le bois et cr\u00e9er notre gamme de tables anciennes en bois.<\/p>\n<p>Chaque table d&#8217;appoint ronde est unique, avec ses propres imperfections et marques du temps.<\/p>\n<ul>\n<li><strong>R\u00e9f.:<\/strong> AM03028<\/li>\n<li><strong>Dimensions approximatives :<\/strong> 50 x 50 cm (Diam\u00e8tre x Hauteur)<\/li>\n<li><strong>\u00c2ge du bois:<\/strong> 100 ans<\/li>\n<li><strong>Mat\u00e9riau:<\/strong> Bois d&#8217;orme massif<\/li>\n<\/ul>\n<p>Cette table ronde est faite de bois, elle est de couleur bois naturel et peut \u00eatre la table basse o\u00f9 vous pourrez prendre votre caf\u00e9 dans la salle \u00e0 manger ou dans le salon.<\/p>\n<p>On imagine pleins d&#8217;endroits o\u00f9 la disposer et la mettre en valeur. Son style intemporel peut s&#8217;harmoniser parfaitement \u00e0 nos int\u00e9rieurs modernes.<\/p>\n<p>Nous recommandons \u00e9galement notre<a href=\"https:\/\/amaruantiques.com\/fr\/categoria-producto\/malles-anciennes\/\"> malles anciennes<\/a>\u00a0et notre<a href=\"https:\/\/amaruantiques.com\/fr\/meubles-anciens\/tabourets-anciens\/tabouret-en-bois-naturel-ancien-rectangulaire-vers-1900\/\"> tabourets anciens<\/a> comme \u00e9l\u00e9ments compl\u00e9mentaires \u00e0 notre table d&#8217;appoint ronde.<\/p>\n","protected":false},"excerpt":{"rendered":"<p><strong>Table ronde <\/strong>d&#8217;appoint en bois d&#8217;orme massif ancien.<\/p>\n<p><strong>Dimensions approximatives :<\/strong> 50 x 50 cm (Diam\u00e8tre x Hauteur)<\/p>\n","protected":false},"featured_media":223978,"template":"","meta":[],"product_brand":[],"product_cat":[622],"product_tag":[],"class_list":{"0":"post-211735","1":"product","2":"type-product","3":"status-publish","4":"has-post-thumbnail","6":"product_cat-tables-dappoint-tables-du-salon-et-tables-basses","7":"product_shipping_class-large-150-fr","8":"pa_estilo-wabi-sabi-fr","10":"first","11":"instock","12":"sale","13":"taxable","14":"shipping-taxable","15":"purchasable","16":"product-type-simple"},"yoast_head":"<!-- This site is optimized with the Yoast SEO plugin v26.0 - https:\/\/yoast.com\/wordpress\/plugins\/seo\/ -->\n<title>Table ronde | Table d&#039;appoint ronde | AMARU ANTIQUES<\/title>\n<meta name=\"description\" content=\"Table ronde d&#039;appoint en bois d&#039;orme antique massif. Venez d\u00e9couvrir plus de tables anciennes, tabourets, buffets anciens sur notre site...\" \/>\n<meta name=\"robots\" content=\"index, follow, max-snippet:-1, max-image-preview:large, max-video-preview:-1\" \/>\n<link rel=\"canonical\" href=\"https:\/\/amaruoptim.stg.uzero.cat\/fr\/meubles-anciens\/tables-dappoint-tables-du-salon-et-tables-basses\/table-ronde-dappoint-en-bois-massif-ancien\/\" \/>\n<meta property=\"og:locale\" content=\"fr_FR\" \/>\n<meta property=\"og:type\" content=\"article\" \/>\n<meta property=\"og:title\" content=\"Table ronde | Table d&#039;appoint ronde | AMARU ANTIQUES\" \/>\n<meta property=\"og:description\" content=\"Table ronde d&#039;appoint en bois d&#039;orme antique massif. Venez d\u00e9couvrir plus de tables anciennes, tabourets, buffets anciens sur notre site...\" \/>\n<meta property=\"og:url\" content=\"https:\/\/amaruoptim.stg.uzero.cat\/fr\/meubles-anciens\/tables-dappoint-tables-du-salon-et-tables-basses\/table-ronde-dappoint-en-bois-massif-ancien\/\" \/>\n<meta property=\"og:site_name\" content=\"AMARU\" \/>\n<meta property=\"article:modified_time\" content=\"2025-06-26T15:44:32+00:00\" \/>\n<meta property=\"og:image\" content=\"https:\/\/amaruantiques.com\/wp-content\/uploads\/2025\/06\/AM03028-D-1-3.jpg\" \/>\n\t<meta property=\"og:image:width\" content=\"1600\" \/>\n\t<meta property=\"og:image:height\" content=\"1600\" \/>\n\t<meta property=\"og:image:type\" content=\"image\/jpeg\" \/>\n<meta name=\"twitter:card\" content=\"summary_large_image\" \/>\n<meta name=\"twitter:label1\" content=\"Dur\u00e9e de lecture estim\u00e9e\" \/>\n\t<meta name=\"twitter:data1\" content=\"2 minutes\" \/>\n<!-- \/ Yoast SEO plugin. -->","yoast_head_json":{"title":"Table ronde | Table d'appoint ronde | AMARU ANTIQUES","description":"Table ronde d'appoint en bois d'orme antique massif. Venez d\u00e9couvrir plus de tables anciennes, tabourets, buffets anciens sur notre site...","robots":{"index":"index","follow":"follow","max-snippet":"max-snippet:-1","max-image-preview":"max-image-preview:large","max-video-preview":"max-video-preview:-1"},"canonical":"https:\/\/amaruoptim.stg.uzero.cat\/fr\/meubles-anciens\/tables-dappoint-tables-du-salon-et-tables-basses\/table-ronde-dappoint-en-bois-massif-ancien\/","og_locale":"fr_FR","og_type":"article","og_title":"Table ronde | Table d'appoint ronde | AMARU ANTIQUES","og_description":"Table ronde d'appoint en bois d'orme antique massif. Venez d\u00e9couvrir plus de tables anciennes, tabourets, buffets anciens sur notre site...","og_url":"https:\/\/amaruoptim.stg.uzero.cat\/fr\/meubles-anciens\/tables-dappoint-tables-du-salon-et-tables-basses\/table-ronde-dappoint-en-bois-massif-ancien\/","og_site_name":"AMARU","article_modified_time":"2025-06-26T15:44:32+00:00","og_image":[{"width":1600,"height":1600,"url":"https:\/\/amaruantiques.com\/wp-content\/uploads\/2025\/06\/AM03028-D-1-3.jpg","type":"image\/jpeg"}],"twitter_card":"summary_large_image","twitter_misc":{"Dur\u00e9e de lecture estim\u00e9e":"2 minutes"},"schema":{"@context":"https:\/\/schema.org","@graph":[{"@type":"WebPage","@id":"https:\/\/amaruoptim.stg.uzero.cat\/fr\/meubles-anciens\/tables-dappoint-tables-du-salon-et-tables-basses\/table-ronde-dappoint-en-bois-massif-ancien\/","url":"https:\/\/amaruoptim.stg.uzero.cat\/fr\/meubles-anciens\/tables-dappoint-tables-du-salon-et-tables-basses\/table-ronde-dappoint-en-bois-massif-ancien\/","name":"Table ronde | Table d'appoint ronde | AMARU ANTIQUES","isPartOf":{"@id":"https:\/\/amaruantiques.com\/#website"},"primaryImageOfPage":{"@id":"https:\/\/amaruoptim.stg.uzero.cat\/fr\/meubles-anciens\/tables-dappoint-tables-du-salon-et-tables-basses\/table-ronde-dappoint-en-bois-massif-ancien\/#primaryimage"},"image":{"@id":"https:\/\/amaruoptim.stg.uzero.cat\/fr\/meubles-anciens\/tables-dappoint-tables-du-salon-et-tables-basses\/table-ronde-dappoint-en-bois-massif-ancien\/#primaryimage"},"thumbnailUrl":"https:\/\/amaruoptim.stg.uzero.cat\/wp-content\/uploads\/2025\/06\/AM03028-D-1-3.jpg","datePublished":"2021-12-28T15:51:20+00:00","dateModified":"2025-06-26T15:44:32+00:00","description":"Table ronde d'appoint en bois d'orme antique massif. Venez d\u00e9couvrir plus de tables anciennes, tabourets, buffets anciens sur notre site...","breadcrumb":{"@id":"https:\/\/amaruoptim.stg.uzero.cat\/fr\/meubles-anciens\/tables-dappoint-tables-du-salon-et-tables-basses\/table-ronde-dappoint-en-bois-massif-ancien\/#breadcrumb"},"inLanguage":"fr-FR","potentialAction":[{"@type":"ReadAction","target":["https:\/\/amaruoptim.stg.uzero.cat\/fr\/meubles-anciens\/tables-dappoint-tables-du-salon-et-tables-basses\/table-ronde-dappoint-en-bois-massif-ancien\/"]}]},{"@type":"ImageObject","inLanguage":"fr-FR","@id":"https:\/\/amaruoptim.stg.uzero.cat\/fr\/meubles-anciens\/tables-dappoint-tables-du-salon-et-tables-basses\/table-ronde-dappoint-en-bois-massif-ancien\/#primaryimage","url":"https:\/\/amaruoptim.stg.uzero.cat\/wp-content\/uploads\/2025\/06\/AM03028-D-1-3.jpg","contentUrl":"https:\/\/amaruoptim.stg.uzero.cat\/wp-content\/uploads\/2025\/06\/AM03028-D-1-3.jpg","width":1600,"height":1600},{"@type":"BreadcrumbList","@id":"https:\/\/amaruoptim.stg.uzero.cat\/fr\/meubles-anciens\/tables-dappoint-tables-du-salon-et-tables-basses\/table-ronde-dappoint-en-bois-massif-ancien\/#breadcrumb","itemListElement":[{"@type":"ListItem","position":1,"name":"Accueil","item":"https:\/\/amaruantiques.com\/fr\/"},{"@type":"ListItem","position":2,"name":"Boutique","item":"https:\/\/amaruantiques.com\/fr\/boutique\/"},{"@type":"ListItem","position":3,"name":"Table ronde d&#8217;appoint en bois massif ancien"}]},{"@type":"WebSite","@id":"https:\/\/amaruantiques.com\/#website","url":"https:\/\/amaruantiques.com\/","name":"AMARU - Timeless Antiques","description":"Timeless antiques","publisher":{"@id":"https:\/\/amaruantiques.com\/#organization"},"potentialAction":[{"@type":"SearchAction","target":{"@type":"EntryPoint","urlTemplate":"https:\/\/amaruantiques.com\/?s={search_term_string}"},"query-input":{"@type":"PropertyValueSpecification","valueRequired":true,"valueName":"search_term_string"}}],"inLanguage":"fr-FR"},{"@type":"Organization","@id":"https:\/\/amaruantiques.com\/#organization","name":"AMARU","url":"https:\/\/amaruantiques.com\/","logo":{"@type":"ImageObject","inLanguage":"fr-FR","@id":"https:\/\/amaruantiques.com\/#\/schema\/logo\/image\/","url":"https:\/\/amaruoptim.stg.uzero.cat\/wp-content\/uploads\/2025\/04\/logo-AMARU.svg","contentUrl":"https:\/\/amaruoptim.stg.uzero.cat\/wp-content\/uploads\/2025\/04\/logo-AMARU.svg","caption":"AMARU"},"image":{"@id":"https:\/\/amaruantiques.com\/#\/schema\/logo\/image\/"}}]}},"_links":{"self":[{"href":"https:\/\/amaruoptim.stg.uzero.cat\/fr\/wp-json\/wp\/v2\/product\/211735","targetHints":{"allow":["GET"]}}],"collection":[{"href":"https:\/\/amaruoptim.stg.uzero.cat\/fr\/wp-json\/wp\/v2\/product"}],"about":[{"href":"https:\/\/amaruoptim.stg.uzero.cat\/fr\/wp-json\/wp\/v2\/types\/product"}],"wp:featuredmedia":[{"embeddable":true,"href":"https:\/\/amaruoptim.stg.uzero.cat\/fr\/wp-json\/wp\/v2\/media\/223978"}],"wp:attachment":[{"href":"https:\/\/amaruoptim.stg.uzero.cat\/fr\/wp-json\/wp\/v2\/media?parent=211735"}],"wp:term":[{"taxonomy":"product_brand","embeddable":true,"href":"https:\/\/amaruoptim.stg.uzero.cat\/fr\/wp-json\/wp\/v2\/product_brand?post=211735"},{"taxonomy":"product_cat","embeddable":true,"href":"https:\/\/amaruoptim.stg.uzero.cat\/fr\/wp-json\/wp\/v2\/product_cat?post=211735"},{"taxonomy":"product_tag","embeddable":true,"href":"https:\/\/amaruoptim.stg.uzero.cat\/fr\/wp-json\/wp\/v2\/product_tag?post=211735"}],"curies":[{"name":"wp","href":"https:\/\/api.w.org\/{rel}","templated":true}]}}