{"id":211727,"date":"2019-08-22T15:12:41","date_gmt":"2020-09-25T16:57:28","guid":{"rendered":"https:\/\/amaruantiques.com\/?post_type=product&#038;p=211727"},"modified":"2025-06-26T15:43:01","modified_gmt":"2025-06-26T15:43:01","slug":"commode-en-bois-ancen-dorme-massif","status":"publish","type":"product","link":"https:\/\/amaruoptim.stg.uzero.cat\/fr\/meubles-anciens\/commodes-anciennes\/commode-en-bois-ancen-dorme-massif\/","title":{"rendered":"Commode en bois ancien d&#8217;orme massif"},"content":{"rendered":"<p><strong>Commode en bois ancien <\/strong>d&#8217;orme massif bleu turquoise.<\/p>\n<p>Cette commode peut \u00eatre utilis\u00e9e comme commode dans une chambre ou comme commode de salle \u00e0 manger. Elle d\u00e9note par sa patine bleu turquoise lumineuse. Il s&#8217;agit d&#8217;un meuble en bois d&#8217;orme qui a \u00e9t\u00e9 fabriqu\u00e9 selon les techniques d&#8217;assemblage d&#8217;autrefois et par des artisans sp\u00e9cialis\u00e9s dans le meuble ancien.<\/p>\n<p>Il est compos\u00e9 de deux portes qui s&#8217;ouvrent avec un loquet en m\u00e9tal. Sa taille lui permet de se fondre dans n&#8217;importe quel espace.<\/p>\n<ul>\n<li><strong>R\u00e9f. :<\/strong> AM01006<\/li>\n<li><strong>Dimensions:<\/strong> 63 x 26 x 61 cm (Largeur x Profondeur x Hauteur)<\/li>\n<li><strong>Age du bois :<\/strong> 50-100 ans<\/li>\n<li><strong>Mat\u00e9riau:<\/strong> Bois d&#8217;orme massif<\/li>\n<\/ul>\n<p>Cette commode en bois massif apportera une touche exotique et ethnique \u00e0 votre int\u00e9rieur o\u00f9 que vous le placiez. Sa couleur si particuli\u00e8re (un turquoise clair patin\u00e9) donnera \u00e9clat et simplicit\u00e9 \u00e0 votre environnement.<\/p>\n<p>Nous vous proposons de d\u00e9corer votre entr\u00e9e avec cette commode en bois d&#8217;orme ou de l&#8217;associer \u00e0 notre buffet ancien patin\u00e9 de la m\u00eame couleur turquoise et que vous pouvez retrouver <a href=\"https:\/\/amaruantiques.com\/muebles-antiguos\/aparadores-antiguos\/aparador-antiguo-con-patina-de-color-verde-turquesa-c-1870\/\">ici<\/a>.<\/p>\n<p><em>PI\u00c8CE UNIQUE<\/em><\/p>\n<p>&nbsp;<\/p>\n","protected":false},"excerpt":{"rendered":"<p><strong>Commode en bois ancien <\/strong>d&#8217;orme massif bleu turquoise.<\/p>\n<p><strong>Dimensions:<\/strong> 63 x 26 x 61 cm (Largeur x Profondeur x Hauteur)<\/p>\n<p><em>PI\u00c8CE UNIQUE<\/em><\/p>\n","protected":false},"featured_media":220892,"template":"","meta":[],"product_brand":[],"product_cat":[610],"product_tag":[90],"class_list":{"0":"post-211727","1":"product","2":"type-product","3":"status-publish","4":"has-post-thumbnail","6":"product_cat-commodes-anciennes","7":"product_tag-commodes-anciennes","8":"product_shipping_class-large-150-fr","9":"pa_estilo-dynastie-qing","11":"first","12":"instock","13":"sold-individually","14":"taxable","15":"shipping-taxable","16":"purchasable","17":"product-type-simple"},"yoast_head":"<!-- This site is optimized with the Yoast SEO plugin v26.0 - https:\/\/yoast.com\/wordpress\/plugins\/seo\/ -->\n<title>Commode en bois ancien | Commode en bois | AMARU ANTIQUES<\/title>\n<meta name=\"description\" content=\"Commode en bois ancien d&#039;orme massif bleu turquoise. D\u00e9couvrez plus de commodes anciennes et meubles orientaux sur notre site\" \/>\n<meta name=\"robots\" content=\"index, follow, max-snippet:-1, max-image-preview:large, max-video-preview:-1\" \/>\n<link rel=\"canonical\" href=\"https:\/\/amaruoptim.stg.uzero.cat\/fr\/meubles-anciens\/commodes-anciennes\/commode-en-bois-ancen-dorme-massif\/\" \/>\n<meta property=\"og:locale\" content=\"fr_FR\" \/>\n<meta property=\"og:type\" content=\"article\" \/>\n<meta property=\"og:title\" content=\"Commode en bois ancien | Commode en bois | AMARU ANTIQUES\" \/>\n<meta property=\"og:description\" content=\"Commode en bois ancien d&#039;orme massif bleu turquoise. D\u00e9couvrez plus de commodes anciennes et meubles orientaux sur notre site\" \/>\n<meta property=\"og:url\" content=\"https:\/\/amaruoptim.stg.uzero.cat\/fr\/meubles-anciens\/commodes-anciennes\/commode-en-bois-ancen-dorme-massif\/\" \/>\n<meta property=\"og:site_name\" content=\"AMARU\" \/>\n<meta property=\"article:modified_time\" content=\"2025-06-26T15:43:01+00:00\" \/>\n<meta property=\"og:image\" content=\"https:\/\/amaruantiques.com\/wp-content\/uploads\/2025\/06\/AM03018-1-2.jpg\" \/>\n\t<meta property=\"og:image:width\" content=\"924\" \/>\n\t<meta property=\"og:image:height\" content=\"924\" \/>\n\t<meta property=\"og:image:type\" content=\"image\/jpeg\" \/>\n<meta name=\"twitter:card\" content=\"summary_large_image\" \/>\n<meta name=\"twitter:label1\" content=\"Dur\u00e9e de lecture estim\u00e9e\" \/>\n\t<meta name=\"twitter:data1\" content=\"1 minute\" \/>\n<!-- \/ Yoast SEO plugin. -->","yoast_head_json":{"title":"Commode en bois ancien | Commode en bois | AMARU ANTIQUES","description":"Commode en bois ancien d'orme massif bleu turquoise. D\u00e9couvrez plus de commodes anciennes et meubles orientaux sur notre site","robots":{"index":"index","follow":"follow","max-snippet":"max-snippet:-1","max-image-preview":"max-image-preview:large","max-video-preview":"max-video-preview:-1"},"canonical":"https:\/\/amaruoptim.stg.uzero.cat\/fr\/meubles-anciens\/commodes-anciennes\/commode-en-bois-ancen-dorme-massif\/","og_locale":"fr_FR","og_type":"article","og_title":"Commode en bois ancien | Commode en bois | AMARU ANTIQUES","og_description":"Commode en bois ancien d'orme massif bleu turquoise. D\u00e9couvrez plus de commodes anciennes et meubles orientaux sur notre site","og_url":"https:\/\/amaruoptim.stg.uzero.cat\/fr\/meubles-anciens\/commodes-anciennes\/commode-en-bois-ancen-dorme-massif\/","og_site_name":"AMARU","article_modified_time":"2025-06-26T15:43:01+00:00","og_image":[{"width":924,"height":924,"url":"https:\/\/amaruantiques.com\/wp-content\/uploads\/2025\/06\/AM03018-1-2.jpg","type":"image\/jpeg"}],"twitter_card":"summary_large_image","twitter_misc":{"Dur\u00e9e de lecture estim\u00e9e":"1 minute"},"schema":{"@context":"https:\/\/schema.org","@graph":[{"@type":"WebPage","@id":"https:\/\/amaruoptim.stg.uzero.cat\/fr\/meubles-anciens\/commodes-anciennes\/commode-en-bois-ancen-dorme-massif\/","url":"https:\/\/amaruoptim.stg.uzero.cat\/fr\/meubles-anciens\/commodes-anciennes\/commode-en-bois-ancen-dorme-massif\/","name":"Commode en bois ancien | Commode en bois | AMARU ANTIQUES","isPartOf":{"@id":"https:\/\/amaruantiques.com\/#website"},"primaryImageOfPage":{"@id":"https:\/\/amaruoptim.stg.uzero.cat\/fr\/meubles-anciens\/commodes-anciennes\/commode-en-bois-ancen-dorme-massif\/#primaryimage"},"image":{"@id":"https:\/\/amaruoptim.stg.uzero.cat\/fr\/meubles-anciens\/commodes-anciennes\/commode-en-bois-ancen-dorme-massif\/#primaryimage"},"thumbnailUrl":"https:\/\/amaruoptim.stg.uzero.cat\/wp-content\/uploads\/2025\/06\/AM03018-1-2.jpg","datePublished":"2020-09-25T16:57:28+00:00","dateModified":"2025-06-26T15:43:01+00:00","description":"Commode en bois ancien d'orme massif bleu turquoise. D\u00e9couvrez plus de commodes anciennes et meubles orientaux sur notre site","breadcrumb":{"@id":"https:\/\/amaruoptim.stg.uzero.cat\/fr\/meubles-anciens\/commodes-anciennes\/commode-en-bois-ancen-dorme-massif\/#breadcrumb"},"inLanguage":"fr-FR","potentialAction":[{"@type":"ReadAction","target":["https:\/\/amaruoptim.stg.uzero.cat\/fr\/meubles-anciens\/commodes-anciennes\/commode-en-bois-ancen-dorme-massif\/"]}]},{"@type":"ImageObject","inLanguage":"fr-FR","@id":"https:\/\/amaruoptim.stg.uzero.cat\/fr\/meubles-anciens\/commodes-anciennes\/commode-en-bois-ancen-dorme-massif\/#primaryimage","url":"https:\/\/amaruoptim.stg.uzero.cat\/wp-content\/uploads\/2025\/06\/AM03018-1-2.jpg","contentUrl":"https:\/\/amaruoptim.stg.uzero.cat\/wp-content\/uploads\/2025\/06\/AM03018-1-2.jpg","width":924,"height":924},{"@type":"BreadcrumbList","@id":"https:\/\/amaruoptim.stg.uzero.cat\/fr\/meubles-anciens\/commodes-anciennes\/commode-en-bois-ancen-dorme-massif\/#breadcrumb","itemListElement":[{"@type":"ListItem","position":1,"name":"Accueil","item":"https:\/\/amaruantiques.com\/fr\/"},{"@type":"ListItem","position":2,"name":"Boutique","item":"https:\/\/amaruantiques.com\/fr\/boutique\/"},{"@type":"ListItem","position":3,"name":"Commode en bois ancien d&#8217;orme massif"}]},{"@type":"WebSite","@id":"https:\/\/amaruantiques.com\/#website","url":"https:\/\/amaruantiques.com\/","name":"AMARU - Timeless Antiques","description":"Timeless antiques","publisher":{"@id":"https:\/\/amaruantiques.com\/#organization"},"potentialAction":[{"@type":"SearchAction","target":{"@type":"EntryPoint","urlTemplate":"https:\/\/amaruantiques.com\/?s={search_term_string}"},"query-input":{"@type":"PropertyValueSpecification","valueRequired":true,"valueName":"search_term_string"}}],"inLanguage":"fr-FR"},{"@type":"Organization","@id":"https:\/\/amaruantiques.com\/#organization","name":"AMARU","url":"https:\/\/amaruantiques.com\/","logo":{"@type":"ImageObject","inLanguage":"fr-FR","@id":"https:\/\/amaruantiques.com\/#\/schema\/logo\/image\/","url":"https:\/\/amaruoptim.stg.uzero.cat\/wp-content\/uploads\/2025\/04\/logo-AMARU.svg","contentUrl":"https:\/\/amaruoptim.stg.uzero.cat\/wp-content\/uploads\/2025\/04\/logo-AMARU.svg","caption":"AMARU"},"image":{"@id":"https:\/\/amaruantiques.com\/#\/schema\/logo\/image\/"}}]}},"_links":{"self":[{"href":"https:\/\/amaruoptim.stg.uzero.cat\/fr\/wp-json\/wp\/v2\/product\/211727","targetHints":{"allow":["GET"]}}],"collection":[{"href":"https:\/\/amaruoptim.stg.uzero.cat\/fr\/wp-json\/wp\/v2\/product"}],"about":[{"href":"https:\/\/amaruoptim.stg.uzero.cat\/fr\/wp-json\/wp\/v2\/types\/product"}],"wp:featuredmedia":[{"embeddable":true,"href":"https:\/\/amaruoptim.stg.uzero.cat\/fr\/wp-json\/wp\/v2\/media\/220892"}],"wp:attachment":[{"href":"https:\/\/amaruoptim.stg.uzero.cat\/fr\/wp-json\/wp\/v2\/media?parent=211727"}],"wp:term":[{"taxonomy":"product_brand","embeddable":true,"href":"https:\/\/amaruoptim.stg.uzero.cat\/fr\/wp-json\/wp\/v2\/product_brand?post=211727"},{"taxonomy":"product_cat","embeddable":true,"href":"https:\/\/amaruoptim.stg.uzero.cat\/fr\/wp-json\/wp\/v2\/product_cat?post=211727"},{"taxonomy":"product_tag","embeddable":true,"href":"https:\/\/amaruoptim.stg.uzero.cat\/fr\/wp-json\/wp\/v2\/product_tag?post=211727"}],"curies":[{"name":"wp","href":"https:\/\/api.w.org\/{rel}","templated":true}]}}