{"id":155365,"date":"2025-05-02T10:33:53","date_gmt":"2025-05-02T10:33:53","guid":{"rendered":"https:\/\/amaruantiques.com\/nuestra-politica-de-cookies\/"},"modified":"2025-06-03T16:48:53","modified_gmt":"2025-06-03T16:48:53","slug":"notre-politique-de-cookies","status":"publish","type":"page","link":"https:\/\/amaruoptim.stg.uzero.cat\/fr\/notre-politique-de-cookies\/","title":{"rendered":"Notre politique de cookies"},"content":{"rendered":"<h1>Notre politique de cookies<\/h1>\n<p><em>Attention: ce site utilise des cookies (cookies), aussi bien les siens que ceux de tiers, pour collecter des informations statistiques sur votre navigation, ainsi que pour vous offrir un service personnalis\u00e9. Si vous continuez \u00e0 naviguer, nous consid\u00e9rons que vous en acceptez l\u2019utilisation.<\/em><\/p>\n<p>Chez AMARU ANTIQUES nous souhaitons que nos utilisateurs soient correctement inform\u00e9s du fonctionnement de nos cookies visant \u00e0 une exp\u00e9rience compl\u00e8te et personnalis\u00e9e au sein de www.amaruantiques.com Notre objectif est de garantir \u00e0 nos utilisateurs toutes les informations n\u00e9cessaires \u00e0 une navigation responsable.<\/p>\n<p>De m\u00eame, ce portail, comme la plupart des portails Internet, utilise des cookies pour am\u00e9liorer l\u2019exp\u00e9rience utilisateur. Vous trouverez ci-dessous des informations sur ce que sont les cookies, le type de cookies utilis\u00e9 par ce portail, comment vous pouvez d\u00e9sactiver les cookies dans votre navigateur et comment d\u00e9sactiver sp\u00e9cifiquement l\u2019installation de cookies tiers.<\/p>\n<h4 id=\"que-son-les-cookies\">Que sont les cookies?<\/h4>\n<p>Les cookies sont de petits fichiers de donn\u00e9es que certaines plates-formes, telles que des pages Web, peuvent installer sur votre ordinateur, t\u00e9l\u00e9phone, tablette ou t\u00e9l\u00e9vision connect\u00e9e. Ils sont uniquement associ\u00e9s \u00e0 votre navigateur et ne fournissent pas eux-m\u00eames d\u2019informations personnelles. Les cookies ne peuvent pas endommager votre appareil.<\/p>\n<p>Ses fonctions peuvent \u00eatre tr\u00e8s diverses : m\u00e9moriser vos pr\u00e9f\u00e9rences de navigation, collecter des informations statistiques, permettre certaines fonctions techniques telles que l\u2019identification et la r\u00e9solution d\u2019erreurs, etc. Parfois, les cookies sont utilis\u00e9s pour stocker des informations \u00e9l\u00e9mentaires sur les habitudes de navigation de l\u2019utilisateur ou de son \u00e9quipement, au point, selon les cas, de pouvoir le reconna\u00eetre.<\/p>\n<h4 id=\"por-que-son-importantes-las-cookies\">Pourquoi les cookies sont-ils importants?<\/h4>\n<p>Les cookies sont utiles pour plusieurs raisons. D\u2019un point de vue technique, ils permettent aux pages Web de fonctionner plus rapidement et de s\u2019adapter \u00e0 vos pr\u00e9f\u00e9rences, comme le stockage de la langue ou de la devise du pays. En outre, ils aident les responsables des sites Web \u00e0 am\u00e9liorer les services qu\u2019ils proposent, gr\u00e2ce aux informations statistiques qu\u2019ils collectent. Enfin, ils servent \u00e0 rendre plus efficace la publicit\u00e9 que nous montrons, gr\u00e2ce \u00e0 laquelle nous pouvons vous offrir des services gratuitement.<\/p>\n<h4 id=\"como-utilizamos-las-cookies-en-amaru-antiques\">Comment utilisons-nous les cookies chez AMARU ANTIQUES?<\/h4>\n<p>La navigation sur ce portail implique que les types de cookies suivants peuvent \u00eatre install\u00e9s:<\/p>\n<p><strong>\u2013 Selon la dur\u00e9e pendant laquelle les cookies restent actifs, ils peuvent \u00eatre:<\/strong><\/p>\n<ul>\n<li><strong>Cookies de session<\/strong>: con\u00e7us pour collecter et stocker des donn\u00e9es lorsque l\u2019utilisateur acc\u00e8de \u00e0 une page Web. Ils sont g\u00e9n\u00e9ralement utilis\u00e9s pour stocker des informations qui ne sont int\u00e9ressantes \u00e0 conserver que pour la fourniture du service demand\u00e9 par l\u2019utilisateur en une seule fois (par exemple, une liste de produits achet\u00e9s).<\/li>\n<li><strong>Cookies persistants<\/strong>: Il s\u2019agit d\u2019un type de cookies par lesquels les donn\u00e9es sont toujours stock\u00e9es dans le terminal et peuvent \u00eatre consult\u00e9es et trait\u00e9es pendant une p\u00e9riode d\u00e9finie. Ils ont une date d\u2019effacement. Ils sont utilis\u00e9s, par exemple, dans le processus d\u2019achat ou d\u2019enregistrement pour \u00e9viter d\u2019avoir \u00e0 saisir constamment nos donn\u00e9es.<\/li>\n<\/ul>\n<p><strong>\u2013 En fonction de l\u2019entit\u00e9 qui g\u00e8re l\u2019ordinateur ou le domaine \u00e0 partir duquel les cookies sont envoy\u00e9s et traite les donn\u00e9es obtenues, nous pouvons distinguer :<\/strong><\/p>\n<ul>\n<li><strong>Cookies propres<\/strong>: Ce sont ceux qui sont envoy\u00e9s \u00e0 l\u2019appareil de l\u2019utilisateur g\u00e9r\u00e9 exclusivement par nous pour le meilleur fonctionnement du site.<\/li>\n<li><strong>Cookies tiers<\/strong>: Ce sont ceux qui sont envoy\u00e9s \u00e0 l\u2019appareil de l\u2019utilisateur \u00e0 partir d\u2019un ordinateur ou d\u2019un domaine qui n\u2019est pas g\u00e9r\u00e9 par nous mais par une autre entit\u00e9, qui traitera les donn\u00e9es obtenues. Un exemple de cette utilisation est les liens vers les r\u00e9seaux sociaux ou le service de messagerie de la boutique en ligne qui nous permettent de partager notre contenu.<\/li>\n<\/ul>\n<p>Lorsque vous naviguez sur www.amaruantiques.com, comment les cookies suivants peuvent-ils \u00eatre install\u00e9s sur votre terminal:<\/p>\n<ul>\n<li><strong>Cookies d\u2019enregistrement<\/strong>: Lorsque vous vous inscrivez sur notre portail, des cookies sont g\u00e9n\u00e9r\u00e9s qui vous identifient en tant qu\u2019utilisateur enregistr\u00e9 et indiquent quand vous avez \u00e9t\u00e9 identifi\u00e9 sur le portail. Ces cookies servent \u00e0 identifier votre compte utilisateur, les services associ\u00e9s et vous permettent de naviguer dans votre espace utilisateur sans avoir \u00e0 saisir en permanence des donn\u00e9es. Ces cookies sont conserv\u00e9s jusqu\u2019\u00e0 ce que vous quittiez le compte, fermiez le navigateur ou \u00e9teigniez l\u2019appareil. Ces cookies peuvent \u00eatre utilis\u00e9s en combinaison avec des cookies analytiques pour identifier individuellement vos pr\u00e9f\u00e9rences sur notre portail.<\/li>\n<li><strong>Cookies analytiques<\/strong>: Ils servent \u00e0 \u00e9tudier de mani\u00e8re anonyme le comportement des utilisateurs lors de la navigation sur notre site. De cette fa\u00e7on, nous pouvons conna\u00eetre le contenu le plus consult\u00e9, le nombre de visiteurs, etc. Informations que nous utiliserons pour am\u00e9liorer l\u2019exp\u00e9rience de navigation et optimiser nos services et notre offre de produits. Ils peuvent \u00eatre les v\u00f4tres mais aussi ceux de tiers. Parmi ces derniers, vous pouvez retrouver les cookies Google Analytics et les cookies Iadvice.<\/li>\n<li><strong>Cookies publicitaires propres ou tiers<\/strong>: L\u2019objectif est d\u2019optimiser l\u2019exposition des publicit\u00e9s en adaptant le contenu de la publicit\u00e9 au contenu du service demand\u00e9 ou \u00e0 l\u2019utilisation que vous faites de notre site internet. Gr\u00e2ce \u00e0 eux, nous pouvons conna\u00eetre vos habitudes de navigation sur Internet et vous montrer des publicit\u00e9s li\u00e9es \u00e0 votre profil de navigation.<\/li>\n<li><strong>Cookies d\u2019am\u00e9lioration des performances<\/strong>: Ce type de cookie conserve vos pr\u00e9f\u00e9rences pour certains outils ou services, afin que vous n\u2019ayez pas \u00e0 les reconfigurer \u00e0 chaque fois que vous visitez notre portail et, dans certains cas, ils peuvent \u00eatre fournis par des tiers. Un exemple dans le cas du commerce \u00e9lectronique sont ceux qui vous permettent de conserver des informations sur votre panier.<\/li>\n<\/ul>\n<h4 id=\"configuracion-consulta-y-desactivacion-de-cookies\">Configuration, consultation et d\u00e9sactivation des cookies<\/h4>\n<p>Vous pouvez autoriser, bloquer ou supprimer les cookies install\u00e9s sur votre ordinateur en configurant les options de votre navigateur internet. Dans le cas o\u00f9 vous les bloquez, il est possible que certains services n\u00e9cessitant leur utilisation ne soient pas disponibles, comme rester identifi\u00e9 ou conserver des achats dans votre panier.<\/p>\n<p>Ci-dessous, nous vous proposons les liens o\u00f9 vous trouverez des informations sur la fa\u00e7on dont vous pouvez activer et configurer vos pr\u00e9f\u00e9rences en fonction du navigateur \u00e0 partir duquel vous acc\u00e9dez \u00e0 notre page:<\/p>\n<ul>\n<li><strong>Chrome<\/strong>, \u00e0 partir de <a href=\"http:\/\/support.google.com\/chrome\/bin\/answer.py?hl=es&amp;answer=95647\" target=\"_blank\" rel=\"noreferrer noopener\">http:\/\/support.google.com\/chrome\/bin\/answer.py?hl=es&amp;answer=95647<\/a><\/li>\n<li><strong>Safari<\/strong>, depuis <a href=\"http:\/\/support.apple.com\/kb\/ph5042\" target=\"_blank\" rel=\"noreferrer noopener\">http:\/\/support.apple.com\/kb\/ph5042<\/a><\/li>\n<li><strong>Explorateur<\/strong>, depuis <a href=\"http:\/\/windows.microsoft.com\/es-es\/windows7\/how-to-manage-cookies-in-internet-explorer-9\" target=\"_blank\" rel=\"noreferrer noopener\">http:\/\/windows.microsoft.com\/es-es\/windows7\/how-to-manage-cookies-in-internet-explorer-9<\/a><\/li>\n<li><strong>Firefox<\/strong>, depuis <a href=\"http:\/\/support.mozilla.org\/es\/kb\/habilitar-y-deshabilitar-cookies-que-los-sitios-we\" target=\"_blank\" rel=\"noreferrer noopener\">http:\/\/support.mozilla.org\/es\/kb\/habilitar-y-deshabilitar-cookies-que-los-sitios-we<\/a><\/li>\n<\/ul>\n<p>Tout ce qui concerne les cookies de Google, tant analytiques que publicitaires, ainsi que leur administration et leur param\u00e9trage peut \u00eatre consult\u00e9 sur:<\/p>\n<ul>\n<li><a target=\"_blank\" rel=\"noreferrer noopener\">http:\/\/www.google.es\/intl\/es\/policies\/technologies\/types\/<\/a><\/li>\n<li><a href=\"http:\/\/www.google.es\/policies\/technologies\/ads\/\" target=\"_blank\" rel=\"noreferrer noopener\">http:\/\/www.google.es\/policies\/technologies\/ads\/<\/a><\/li>\n<li><a href=\"https:\/\/developers.google.com\/analytics\/devguides\/collection\/analyticsjs\/cookie-usage\" target=\"_blank\" rel=\"noreferrer noopener\">https:\/\/developers.google.com\/analytics\/devguides\/collection\/analyticsjs\/cookie-usage<\/a><\/li>\n<\/ul>\n","protected":false},"excerpt":{"rendered":"<p>Notre politique de cookies Attention: ce site utilise des cookies (cookies), aussi bien les siens que ceux de tiers, pour collecter des informations statistiques sur votre navigation, ainsi que pour vous offrir un service personnalis\u00e9. Si vous continuez \u00e0 naviguer, nous consid\u00e9rons que vous en acceptez l\u2019utilisation. Chez AMARU ANTIQUES nous souhaitons que nos utilisateurs [&hellip;]<\/p>\n","protected":false},"author":1,"featured_media":0,"parent":0,"menu_order":0,"comment_status":"closed","ping_status":"closed","template":"","meta":{"footnotes":""},"class_list":["post-155365","page","type-page","status-publish","hentry"],"yoast_head":"<!-- This site is optimized with the Yoast SEO plugin v26.0 - https:\/\/yoast.com\/wordpress\/plugins\/seo\/ -->\n<title>Notre politique de cookies | AMARU ANTIQUES<\/title>\n<meta name=\"description\" content=\"AMARU ANTIQUES Vente d&#039;antiquit\u00e9s, de meubles ethniques et de meubles anciens de plus de cent ans restaur\u00e9s \u00e0 la main en provenance d&#039;Asie.\" \/>\n<meta name=\"robots\" content=\"index, follow, max-snippet:-1, max-image-preview:large, max-video-preview:-1\" \/>\n<link rel=\"canonical\" href=\"https:\/\/amaruoptim.stg.uzero.cat\/fr\/notre-politique-de-cookies\/\" \/>\n<meta property=\"og:locale\" content=\"fr_FR\" \/>\n<meta property=\"og:type\" content=\"article\" \/>\n<meta property=\"og:title\" content=\"Notre politique de cookies | AMARU ANTIQUES\" \/>\n<meta property=\"og:description\" content=\"AMARU ANTIQUES Vente d&#039;antiquit\u00e9s, de meubles ethniques et de meubles anciens de plus de cent ans restaur\u00e9s \u00e0 la main en provenance d&#039;Asie.\" \/>\n<meta property=\"og:url\" content=\"https:\/\/amaruoptim.stg.uzero.cat\/fr\/notre-politique-de-cookies\/\" \/>\n<meta property=\"og:site_name\" content=\"AMARU\" \/>\n<meta property=\"article:modified_time\" content=\"2025-06-03T16:48:53+00:00\" \/>\n<meta name=\"twitter:card\" content=\"summary_large_image\" \/>\n<meta name=\"twitter:label1\" content=\"Dur\u00e9e de lecture estim\u00e9e\" \/>\n\t<meta name=\"twitter:data1\" content=\"6 minutes\" \/>\n<!-- \/ Yoast SEO plugin. -->","yoast_head_json":{"title":"Notre politique de cookies | AMARU ANTIQUES","description":"AMARU ANTIQUES Vente d'antiquit\u00e9s, de meubles ethniques et de meubles anciens de plus de cent ans restaur\u00e9s \u00e0 la main en provenance d'Asie.","robots":{"index":"index","follow":"follow","max-snippet":"max-snippet:-1","max-image-preview":"max-image-preview:large","max-video-preview":"max-video-preview:-1"},"canonical":"https:\/\/amaruoptim.stg.uzero.cat\/fr\/notre-politique-de-cookies\/","og_locale":"fr_FR","og_type":"article","og_title":"Notre politique de cookies | AMARU ANTIQUES","og_description":"AMARU ANTIQUES Vente d'antiquit\u00e9s, de meubles ethniques et de meubles anciens de plus de cent ans restaur\u00e9s \u00e0 la main en provenance d'Asie.","og_url":"https:\/\/amaruoptim.stg.uzero.cat\/fr\/notre-politique-de-cookies\/","og_site_name":"AMARU","article_modified_time":"2025-06-03T16:48:53+00:00","twitter_card":"summary_large_image","twitter_misc":{"Dur\u00e9e de lecture estim\u00e9e":"6 minutes"},"schema":{"@context":"https:\/\/schema.org","@graph":[{"@type":"WebPage","@id":"https:\/\/amaruoptim.stg.uzero.cat\/fr\/notre-politique-de-cookies\/","url":"https:\/\/amaruoptim.stg.uzero.cat\/fr\/notre-politique-de-cookies\/","name":"Notre politique de cookies | AMARU ANTIQUES","isPartOf":{"@id":"https:\/\/amaruantiques.com\/#website"},"datePublished":"2025-05-02T10:33:53+00:00","dateModified":"2025-06-03T16:48:53+00:00","description":"AMARU ANTIQUES Vente d'antiquit\u00e9s, de meubles ethniques et de meubles anciens de plus de cent ans restaur\u00e9s \u00e0 la main en provenance d'Asie.","breadcrumb":{"@id":"https:\/\/amaruoptim.stg.uzero.cat\/fr\/notre-politique-de-cookies\/#breadcrumb"},"inLanguage":"fr-FR","potentialAction":[{"@type":"ReadAction","target":["https:\/\/amaruoptim.stg.uzero.cat\/fr\/notre-politique-de-cookies\/"]}]},{"@type":"BreadcrumbList","@id":"https:\/\/amaruoptim.stg.uzero.cat\/fr\/notre-politique-de-cookies\/#breadcrumb","itemListElement":[{"@type":"ListItem","position":1,"name":"Accueil","item":"https:\/\/amaruantiques.com\/fr\/"},{"@type":"ListItem","position":2,"name":"Notre politique de cookies"}]},{"@type":"WebSite","@id":"https:\/\/amaruantiques.com\/#website","url":"https:\/\/amaruantiques.com\/","name":"AMARU - Timeless Antiques","description":"Timeless antiques","publisher":{"@id":"https:\/\/amaruantiques.com\/#organization"},"potentialAction":[{"@type":"SearchAction","target":{"@type":"EntryPoint","urlTemplate":"https:\/\/amaruantiques.com\/?s={search_term_string}"},"query-input":{"@type":"PropertyValueSpecification","valueRequired":true,"valueName":"search_term_string"}}],"inLanguage":"fr-FR"},{"@type":"Organization","@id":"https:\/\/amaruantiques.com\/#organization","name":"AMARU","url":"https:\/\/amaruantiques.com\/","logo":{"@type":"ImageObject","inLanguage":"fr-FR","@id":"https:\/\/amaruantiques.com\/#\/schema\/logo\/image\/","url":"https:\/\/amaruoptim.stg.uzero.cat\/wp-content\/uploads\/2025\/04\/logo-AMARU.svg","contentUrl":"https:\/\/amaruoptim.stg.uzero.cat\/wp-content\/uploads\/2025\/04\/logo-AMARU.svg","caption":"AMARU"},"image":{"@id":"https:\/\/amaruantiques.com\/#\/schema\/logo\/image\/"}}]}},"_links":{"self":[{"href":"https:\/\/amaruoptim.stg.uzero.cat\/fr\/wp-json\/wp\/v2\/pages\/155365","targetHints":{"allow":["GET"]}}],"collection":[{"href":"https:\/\/amaruoptim.stg.uzero.cat\/fr\/wp-json\/wp\/v2\/pages"}],"about":[{"href":"https:\/\/amaruoptim.stg.uzero.cat\/fr\/wp-json\/wp\/v2\/types\/page"}],"author":[{"embeddable":true,"href":"https:\/\/amaruoptim.stg.uzero.cat\/fr\/wp-json\/wp\/v2\/users\/1"}],"replies":[{"embeddable":true,"href":"https:\/\/amaruoptim.stg.uzero.cat\/fr\/wp-json\/wp\/v2\/comments?post=155365"}],"version-history":[{"count":1,"href":"https:\/\/amaruoptim.stg.uzero.cat\/fr\/wp-json\/wp\/v2\/pages\/155365\/revisions"}],"predecessor-version":[{"id":249596,"href":"https:\/\/amaruoptim.stg.uzero.cat\/fr\/wp-json\/wp\/v2\/pages\/155365\/revisions\/249596"}],"wp:attachment":[{"href":"https:\/\/amaruoptim.stg.uzero.cat\/fr\/wp-json\/wp\/v2\/media?parent=155365"}],"curies":[{"name":"wp","href":"https:\/\/api.w.org\/{rel}","templated":true}]}}