{"id":155274,"date":"2025-04-03T07:57:47","date_gmt":"2025-04-03T07:57:47","guid":{"rendered":"https:\/\/amaruantiques.com\/contacto\/"},"modified":"2025-06-30T08:35:02","modified_gmt":"2025-06-30T08:35:02","slug":"contact","status":"publish","type":"page","link":"https:\/\/amaruoptim.stg.uzero.cat\/fr\/contact\/","title":{"rendered":"Contact"},"content":{"rendered":"<h1>Contact<\/h1>\n<p><a href=\"https:\/\/www.google.es\/maps\/place\/AMARU+ANTIQUES\/@41.4488453,1.8620587,17z\/data=!4m12!1m6!3m5!1s0x12a4a3da774a0dfd:0xcaa6d457a6ea2b4b!2sAMARU+ANTIQUES!8m2!3d41.4488453!4d1.8642474!3m4!1s0x12a4a3da774a0dfd:0xcaa6d457a6ea2b4b!8m2!3d41.4488453!4d1.8642474\" target=\"_blank\" rel=\"noreferrer noopener\">Pol.Ind.La Gelidense<br \/>Calle Alian\u00e7a Gelidenca, 15C<br \/>Gelida 08790, Barcelona<br \/>Espa\u00f1a<\/a><\/p>\n<p><a href=\"mailto:hello@amaruantiques.com\" target=\"_blank\" rel=\"noreferrer noopener\">hello@amaruantiques.com<\/a><br \/><a href=\"tel:\/\/+34657210741\">+34 657 210 741<\/a><\/p>\n<p role=\"status\" aria-live=\"polite\" aria-atomic=\"true\">\n<ul><\/ul>\n<form action=\"\/wp-admin\/admin-ajax.php#wpcf7-f154842-o3\" method=\"post\" aria-label=\"Formulario de contacto\" novalidate=\"novalidate\" data-status=\"init\">\n<fieldset><input type=\"hidden\" name=\"_wpcf7\" value=\"154842\" \/><input type=\"hidden\" name=\"_wpcf7_version\" value=\"6.1\" \/><input type=\"hidden\" name=\"_wpcf7_locale\" value=\"es_ES\" \/><input type=\"hidden\" name=\"_wpcf7_unit_tag\" value=\"wpcf7-f154842-o3\" \/><input type=\"hidden\" name=\"_wpcf7_container_post\" value=\"0\" \/><input type=\"hidden\" name=\"_wpcf7_posted_data_hash\" value=\"\" \/><input type=\"hidden\" name=\"_wpcf7_recaptcha_response\" value=\"\" \/><br \/>\n<\/fieldset>\n<p><label> Tu nombre*<br \/>\n<input size=\"40\" maxlength=\"400\" autocomplete=\"name\" aria-required=\"true\" aria-invalid=\"false\" value=\"\" type=\"text\" name=\"your-name\" \/><br \/>\n<\/label>\n\t\t<\/p>\n<p><label> Tu correo electr\u00f3nico*<br \/>\n<input size=\"40\" maxlength=\"400\" autocomplete=\"email\" aria-required=\"true\" aria-invalid=\"false\" value=\"\" type=\"email\" name=\"your-email\" \/><br \/>\n<\/label>\n\t\t<\/p>\n<p><label> Tu mensaje<br \/>\n<textarea cols=\"40\" rows=\"10\" maxlength=\"2000\" aria-invalid=\"false\" name=\"your-message\"><\/textarea><br \/>\n<\/label>\n<\/p>\n<p><label><input type=\"checkbox\" name=\"legal\" value=\"1\" aria-invalid=\"false\" \/>He le\u00eddo y acepto la <a href=\"\/politica-de-privacidad\/\">pol\u00edtica de privacidad<\/a><\/label>\n<\/p>\n<p><input type=\"submit\" value=\"Enviar\" \/>\n<\/p>\n<\/form>\n<p>\t\t\t<iframe loading=\"lazy\"\n\t\t\t\t\tsrc=\"https:\/\/maps.google.com\/maps?q=Amaru%20antiques&#038;t=m&#038;z=11&#038;output=embed&#038;iwloc=near\"\n\t\t\t\t\ttitle=\"Amaru antiques\"\n\t\t\t\t\taria-label=\"Amaru antiques\"\n\t\t\t><\/iframe><\/p>\n","protected":false},"excerpt":{"rendered":"<p>Contact Pol.Ind.La GelidenseCalle Alian\u00e7a Gelidenca, 15CGelida 08790, BarcelonaEspa\u00f1a hello@amaruantiques.com+34 657 210 741 Tu nombre* Tu correo electr\u00f3nico* Tu mensaje He le\u00eddo y acepto la pol\u00edtica de privacidad<\/p>\n","protected":false},"author":1,"featured_media":0,"parent":0,"menu_order":0,"comment_status":"closed","ping_status":"closed","template":"","meta":{"footnotes":""},"class_list":["post-155274","page","type-page","status-publish","hentry"],"yoast_head":"<!-- This site is optimized with the Yoast SEO plugin v26.0 - https:\/\/yoast.com\/wordpress\/plugins\/seo\/ -->\n<title>CONTACT | Meubles anciens orientaux | AMARU ANTIQUES<\/title>\n<meta name=\"description\" content=\"Contactez-nous pour obtenir plus d&#039;information sur nos meubles anciens orientaux disponibles dans notre salle d&#039;exposition par e-mail: oriol@amaruantiques.com.\" \/>\n<meta name=\"robots\" content=\"index, follow, max-snippet:-1, max-image-preview:large, max-video-preview:-1\" \/>\n<link rel=\"canonical\" href=\"https:\/\/amaruoptim.stg.uzero.cat\/fr\/contact\/\" \/>\n<meta property=\"og:locale\" content=\"fr_FR\" \/>\n<meta property=\"og:type\" content=\"article\" \/>\n<meta property=\"og:title\" content=\"CONTACT | Meubles anciens orientaux | AMARU ANTIQUES\" \/>\n<meta property=\"og:description\" content=\"Contactez-nous pour obtenir plus d&#039;information sur nos meubles anciens orientaux disponibles dans notre salle d&#039;exposition par e-mail: oriol@amaruantiques.com.\" \/>\n<meta property=\"og:url\" content=\"https:\/\/amaruoptim.stg.uzero.cat\/fr\/contact\/\" \/>\n<meta property=\"og:site_name\" content=\"AMARU\" \/>\n<meta property=\"article:modified_time\" content=\"2025-06-30T08:35:02+00:00\" \/>\n<meta name=\"twitter:card\" content=\"summary_large_image\" \/>\n<meta name=\"twitter:label1\" content=\"Dur\u00e9e de lecture estim\u00e9e\" \/>\n\t<meta name=\"twitter:data1\" content=\"1 minute\" \/>\n<!-- \/ Yoast SEO plugin. -->","yoast_head_json":{"title":"CONTACT | Meubles anciens orientaux | AMARU ANTIQUES","description":"Contactez-nous pour obtenir plus d'information sur nos meubles anciens orientaux disponibles dans notre salle d'exposition par e-mail: oriol@amaruantiques.com.","robots":{"index":"index","follow":"follow","max-snippet":"max-snippet:-1","max-image-preview":"max-image-preview:large","max-video-preview":"max-video-preview:-1"},"canonical":"https:\/\/amaruoptim.stg.uzero.cat\/fr\/contact\/","og_locale":"fr_FR","og_type":"article","og_title":"CONTACT | Meubles anciens orientaux | AMARU ANTIQUES","og_description":"Contactez-nous pour obtenir plus d'information sur nos meubles anciens orientaux disponibles dans notre salle d'exposition par e-mail: oriol@amaruantiques.com.","og_url":"https:\/\/amaruoptim.stg.uzero.cat\/fr\/contact\/","og_site_name":"AMARU","article_modified_time":"2025-06-30T08:35:02+00:00","twitter_card":"summary_large_image","twitter_misc":{"Dur\u00e9e de lecture estim\u00e9e":"1 minute"},"schema":{"@context":"https:\/\/schema.org","@graph":[{"@type":"WebPage","@id":"https:\/\/amaruoptim.stg.uzero.cat\/fr\/contact\/","url":"https:\/\/amaruoptim.stg.uzero.cat\/fr\/contact\/","name":"CONTACT | Meubles anciens orientaux | AMARU ANTIQUES","isPartOf":{"@id":"https:\/\/amaruantiques.com\/#website"},"datePublished":"2025-04-03T07:57:47+00:00","dateModified":"2025-06-30T08:35:02+00:00","description":"Contactez-nous pour obtenir plus d'information sur nos meubles anciens orientaux disponibles dans notre salle d'exposition par e-mail: oriol@amaruantiques.com.","breadcrumb":{"@id":"https:\/\/amaruoptim.stg.uzero.cat\/fr\/contact\/#breadcrumb"},"inLanguage":"fr-FR","potentialAction":[{"@type":"ReadAction","target":["https:\/\/amaruoptim.stg.uzero.cat\/fr\/contact\/"]}]},{"@type":"BreadcrumbList","@id":"https:\/\/amaruoptim.stg.uzero.cat\/fr\/contact\/#breadcrumb","itemListElement":[{"@type":"ListItem","position":1,"name":"Accueil","item":"https:\/\/amaruantiques.com\/fr\/"},{"@type":"ListItem","position":2,"name":"Contact"}]},{"@type":"WebSite","@id":"https:\/\/amaruantiques.com\/#website","url":"https:\/\/amaruantiques.com\/","name":"AMARU - Timeless Antiques","description":"Timeless antiques","publisher":{"@id":"https:\/\/amaruantiques.com\/#organization"},"potentialAction":[{"@type":"SearchAction","target":{"@type":"EntryPoint","urlTemplate":"https:\/\/amaruantiques.com\/?s={search_term_string}"},"query-input":{"@type":"PropertyValueSpecification","valueRequired":true,"valueName":"search_term_string"}}],"inLanguage":"fr-FR"},{"@type":"Organization","@id":"https:\/\/amaruantiques.com\/#organization","name":"AMARU","url":"https:\/\/amaruantiques.com\/","logo":{"@type":"ImageObject","inLanguage":"fr-FR","@id":"https:\/\/amaruantiques.com\/#\/schema\/logo\/image\/","url":"https:\/\/amaruoptim.stg.uzero.cat\/wp-content\/uploads\/2025\/04\/logo-AMARU.svg","contentUrl":"https:\/\/amaruoptim.stg.uzero.cat\/wp-content\/uploads\/2025\/04\/logo-AMARU.svg","caption":"AMARU"},"image":{"@id":"https:\/\/amaruantiques.com\/#\/schema\/logo\/image\/"}}]}},"_links":{"self":[{"href":"https:\/\/amaruoptim.stg.uzero.cat\/fr\/wp-json\/wp\/v2\/pages\/155274","targetHints":{"allow":["GET"]}}],"collection":[{"href":"https:\/\/amaruoptim.stg.uzero.cat\/fr\/wp-json\/wp\/v2\/pages"}],"about":[{"href":"https:\/\/amaruoptim.stg.uzero.cat\/fr\/wp-json\/wp\/v2\/types\/page"}],"author":[{"embeddable":true,"href":"https:\/\/amaruoptim.stg.uzero.cat\/fr\/wp-json\/wp\/v2\/users\/1"}],"replies":[{"embeddable":true,"href":"https:\/\/amaruoptim.stg.uzero.cat\/fr\/wp-json\/wp\/v2\/comments?post=155274"}],"version-history":[{"count":3,"href":"https:\/\/amaruoptim.stg.uzero.cat\/fr\/wp-json\/wp\/v2\/pages\/155274\/revisions"}],"predecessor-version":[{"id":243387,"href":"https:\/\/amaruoptim.stg.uzero.cat\/fr\/wp-json\/wp\/v2\/pages\/155274\/revisions\/243387"}],"wp:attachment":[{"href":"https:\/\/amaruoptim.stg.uzero.cat\/fr\/wp-json\/wp\/v2\/media?parent=155274"}],"curies":[{"name":"wp","href":"https:\/\/api.w.org\/{rel}","templated":true}]}}