{"id":155232,"date":"2025-04-02T17:09:56","date_gmt":"2025-04-02T17:09:56","guid":{"rendered":"https:\/\/amaruantiques.com\/como-comprar-muebles-antiguos\/"},"modified":"2025-08-22T12:41:56","modified_gmt":"2025-08-22T10:41:56","slug":"comment-acheter-des-meubles-anciens-amaru-antiques","status":"publish","type":"page","link":"https:\/\/amaruoptim.stg.uzero.cat\/fr\/comment-acheter-des-meubles-anciens-amaru-antiques\/","title":{"rendered":"Comment acheter"},"content":{"rendered":"<h1>Comment acheter<br \/>\n<\/h1>\n<h2>Pour toute autre information sur les produits, n\u2019h\u00e9sitez pas \u00e0 nous contacter <\/h2>\n<p>Vous souhaitez recevoir plus d\u2019informations sur l\u2019achat de meubles anciens, l\u2019\u00e2ge du meuble, recevoir plus de photos, v\u00e9rifier certaines mesures internes, pr\u00e9ciser les d\u00e9tails de l\u2019exp\u00e9dition ou simplement satisfaire votre curiosit\u00e9 ?<\/p>\n<p>Nous<em> vous r\u00e9pondrons! <\/em>Contactez-nous par e-mail <a href=\"mailto:hello@amaruantiques.com\">hello@amaruantiques.com<\/a> ou par whatsapp\/t\u00e9l\u00e9phone 657.210.741 et nous serons heureux de vous aider.<\/p>\n<p>\t\t\t\t\t\t\t\t\t\t<svg viewBox=\"0 0 256 512\" xmlns=\"http:\/\/www.w3.org\/2000\/svg\"><path d=\"M224.3 273l-136 136c-9.4 9.4-24.6 9.4-33.9 0l-22.6-22.6c-9.4-9.4-9.4-24.6 0-33.9l96.4-96.4-96.4-96.4c-9.4-9.4-9.4-24.6 0-33.9L54.3 103c9.4-9.4 24.6-9.4 33.9 0l136 136c9.5 9.4 9.5 24.6.1 34z\"><\/path><\/svg><br \/>\n\t\t\t\t\t\t\t\t\t\t<svg viewBox=\"0 0 320 512\" xmlns=\"http:\/\/www.w3.org\/2000\/svg\"><path d=\"M177 159.7l136 136c9.4 9.4 9.4 24.6 0 33.9l-22.6 22.6c-9.4 9.4-24.6 9.4-33.9 0L160 255.9l-96.4 96.4c-9.4 9.4-24.6 9.4-33.9 0L7 329.7c-9.4-9.4-9.4-24.6 0-33.9l136-136c9.4-9.5 24.6-9.5 34-.1z\"><\/path><\/svg><br \/>\n\t\t\t\t\t\t\t\t\tLes formes de paiement <\/p>\n<p><strong>\u2022\u00a0<\/strong><strong>Carte de cr\u00e9dit ou de d\u00e9bit<\/strong><br \/><strong>\u2022\u00a0Paypal<\/strong>. En choisissant cette option de paiement, vous serez redirig\u00e9 vers la passerelle de paiement Paypal. <br \/><strong>\u2022\u00a0Virement bancaire<\/strong>. Nous vous communiquerons le num\u00e9ro IBAN lors de la confirmation de votre achat. <br \/><strong>\u2022\u00a0Paiement via Bizum<\/strong>. Nous vous communiquerons le num\u00e9ro de t\u00e9l\u00e9phone actif pour le paiement via Bizum lors de la confirmation de votre achat.<\/p>\n<p>\t\t\t\t\t\t\t\t\t\t<svg viewBox=\"0 0 256 512\" xmlns=\"http:\/\/www.w3.org\/2000\/svg\"><path d=\"M224.3 273l-136 136c-9.4 9.4-24.6 9.4-33.9 0l-22.6-22.6c-9.4-9.4-9.4-24.6 0-33.9l96.4-96.4-96.4-96.4c-9.4-9.4-9.4-24.6 0-33.9L54.3 103c9.4-9.4 24.6-9.4 33.9 0l136 136c9.5 9.4 9.5 24.6.1 34z\"><\/path><\/svg><br \/>\n\t\t\t\t\t\t\t\t\t\t<svg viewBox=\"0 0 320 512\" xmlns=\"http:\/\/www.w3.org\/2000\/svg\"><path d=\"M177 159.7l136 136c9.4 9.4 9.4 24.6 0 33.9l-22.6 22.6c-9.4 9.4-24.6 9.4-33.9 0L160 255.9l-96.4 96.4c-9.4 9.4-24.6 9.4-33.9 0L7 329.7c-9.4-9.4-9.4-24.6 0-33.9l136-136c9.4-9.5 24.6-9.5 34-.1z\"><\/path><\/svg><br \/>\n\t\t\t\t\t\t\t\t\tOptions d\u2019exp\u00e9dition<\/p>\n<p><strong>\u2022 <\/strong><strong>Retrait au showroom<\/strong>: pas de frais d\u2019exp\u00e9dition <br \/><strong>\u2022 <\/strong><strong>Livraison \u00e0 domicile<\/strong>: En fonction de la taille des pi\u00e8ces achet\u00e9es, nous utilisons deux types de service : le service de colis et le service de livraison pour les pi\u00e8ces de plus grande taille.<\/p>\n<p>Les livraisons par service de colis sont effectu\u00e9es de porte \u00e0 porte \u00e0 l\u2019adresse demand\u00e9e.<\/p>\n<p>Pour les <strong>meubles de grande taille<\/strong>, la livraison se fait au niveau de la rue. Il est possible de livrer les meubles directement dans l\u2019appartement \u00e0 l\u2019adresse demand\u00e9e. Veuillez nous contacter pour demander cette option.<\/p>\n<p>Nous consid\u00e9rons que les <em>meubles de grande taille pour le service Gran Cargo<\/em> sont des pi\u00e8ces de plus de 31 kg ou de plus de 150 cm de long ou si la somme de la longueur, de la largeur et de la hauteur est sup\u00e9rieure \u00e0 300 cm (dans le cas d\u2019envois vers l\u2019Espagne continentale) ou si la somme de la longueur plus deux fois la largeur plus deux fois la hauteur est sup\u00e9rieure \u00e0 300 cm (dans le cas d\u2019envois en dehors de l\u2019Espagne continentale).<\/p>\n<p>Dans le cas de <strong>meubles de grande taille<\/strong>, nous voulons \u00e9viter le risque de retour \u00e0 l\u2019exp\u00e9diteur en raison de l\u2019absence de quelqu\u2019un \u00e0 l\u2019adresse indiqu\u00e9e le jour de la livraison. Pour cette raison, il est n\u00e9cessaire de nous informer si une date et un cr\u00e9neau horaire de 4 heures doivent \u00eatre sp\u00e9cifi\u00e9s pour la livraison ou s\u2019il y a toujours quelqu\u2019un de disponible pendant les heures de travail de 9h \u00e0 17h \u00e0 l\u2019adresse indiqu\u00e9e.<\/p>\n<p>Il est \u00e9galement recommand\u00e9 d\u2019indiquer un num\u00e9ro de t\u00e9l\u00e9phone dans le pays de destination au cas o\u00f9 le destinataire aurait besoin d\u2019\u00eatre contact\u00e9 au moment de la livraison.<\/p>\n<p>\t\t\t\t\t\t\t\t\t\t<svg viewBox=\"0 0 256 512\" xmlns=\"http:\/\/www.w3.org\/2000\/svg\"><path d=\"M224.3 273l-136 136c-9.4 9.4-24.6 9.4-33.9 0l-22.6-22.6c-9.4-9.4-9.4-24.6 0-33.9l96.4-96.4-96.4-96.4c-9.4-9.4-9.4-24.6 0-33.9L54.3 103c9.4-9.4 24.6-9.4 33.9 0l136 136c9.5 9.4 9.5 24.6.1 34z\"><\/path><\/svg><br \/>\n\t\t\t\t\t\t\t\t\t\t<svg viewBox=\"0 0 320 512\" xmlns=\"http:\/\/www.w3.org\/2000\/svg\"><path d=\"M177 159.7l136 136c9.4 9.4 9.4 24.6 0 33.9l-22.6 22.6c-9.4 9.4-24.6 9.4-33.9 0L160 255.9l-96.4 96.4c-9.4 9.4-24.6 9.4-33.9 0L7 329.7c-9.4-9.4-9.4-24.6 0-33.9l136-136c9.4-9.5 24.6-9.5 34-.1z\"><\/path><\/svg><br \/>\n\t\t\t\t\t\t\t\t\tFrais d\u2019exp\u00e9dition<\/p>\n<p><strong>\u2022 <\/strong><strong>Espagne continentale, Bal\u00e9ares, Canaries, Suisse, Royaume-Uni et Communaut\u00e9 europ\u00e9enne<\/strong>: les frais d\u2019exp\u00e9dition d\u00e9pendent de la taille de la pi\u00e8ce, avec des montants minimums de 6,90 EUR pour les colis et de 59 EUR pour les meubles de grande taille avec livraison au niveau de la rue. <em>Tous les frais d\u2019exp\u00e9dition sont indiqu\u00e9s sur la page de chaque produit. <\/em><\/p>\n<p><strong>\u2022 <\/strong><strong>Royaume-Uni<\/strong>: les frais d\u2019exp\u00e9dition vers le Royaume-Uni comprennent \u00e9galement la TVA britannique et les frais de douane associ\u00e9s. Il s\u2019agit d\u2019un service DDP pour lequel le client n\u2019a pas \u00e0 ajouter de frais suppl\u00e9mentaires \u00e0 la r\u00e9ception des marchandises. <em>Tous les frais d\u2019exp\u00e9dition apparaissent sur chaque fiche de produit.<\/em><\/p>\n<p>\u2192 <strong>Suisse<\/strong>: Les frais de port pour la Suisse n\u2019incluent pas la TVA suisse et les frais de douane associ\u00e9s. Le client doit ajouter les frais suppl\u00e9mentaires au moment de la r\u00e9ception de la TVA suisse (7,70 %), des droits de douane le cas \u00e9ch\u00e9ant et des frais de douane (environ 20 EUR).<\/p>\n<p><strong>\u2022 \u00c9tats-Unis <\/strong>: Les frais d\u2019exp\u00e9dition aux \u00c9tats-Unis n\u2019inclut aucun frais de taxe ou douane de TVA ou tarifs s\u2019ils s\u2019appliquent. Le client doit ajouter ces co\u00fbts suppl\u00e9mentaires au moment de la r\u00e9ception. En raison de la forte volatilit\u00e9 des frais d\u2019exp\u00e9dition aux \u00c9tats-Unis, nous nous r\u00e9servons le droit de mettre \u00e0 jour le co\u00fbt de l\u2019exp\u00e9dition au cas o\u00f9 il serait strictement n\u00e9cessaire.<\/p>\n<p><strong>\u2022 Ceuta, Melilla et autres destinations internationales<\/strong>: demandez des informations par e-mail et nous vous enverrons un devis pour vos frais d\u2019exp\u00e9dition.<\/p>\n<p>\t\t\t\t\t\t\t\t\t\t<svg viewBox=\"0 0 256 512\" xmlns=\"http:\/\/www.w3.org\/2000\/svg\"><path d=\"M224.3 273l-136 136c-9.4 9.4-24.6 9.4-33.9 0l-22.6-22.6c-9.4-9.4-9.4-24.6 0-33.9l96.4-96.4-96.4-96.4c-9.4-9.4-9.4-24.6 0-33.9L54.3 103c9.4-9.4 24.6-9.4 33.9 0l136 136c9.5 9.4 9.5 24.6.1 34z\"><\/path><\/svg><br \/>\n\t\t\t\t\t\t\t\t\t\t<svg viewBox=\"0 0 320 512\" xmlns=\"http:\/\/www.w3.org\/2000\/svg\"><path d=\"M177 159.7l136 136c9.4 9.4 9.4 24.6 0 33.9l-22.6 22.6c-9.4 9.4-24.6 9.4-33.9 0L160 255.9l-96.4 96.4c-9.4 9.4-24.6 9.4-33.9 0L7 329.7c-9.4-9.4-9.4-24.6 0-33.9l136-136c9.4-9.5 24.6-9.5 34-.1z\"><\/path><\/svg><br \/>\n\t\t\t\t\t\t\t\t\tD\u00e9lais de traitement et d\u2019emballage<\/p>\n<p><strong>\u2022 <\/strong><strong>Meubles et objets existants:<\/strong> Nous n\u2019avons g\u00e9n\u00e9ralement besoin que <strong>d\u2019une journ\u00e9e<\/strong> pour pr\u00e9parer et emballer.<\/p>\n<p><strong>\u2022 Coussins en lin ancien: <\/strong>Les coussins en lin ancien prennent g\u00e9n\u00e9ralement <strong>3 \u00e0 5 jours ouvrables<\/strong> pour coudre les coussins aux mesures de votre achat.<\/p>\n<p>\t\t\t\t\t\t\t\t\t\t<svg viewBox=\"0 0 256 512\" xmlns=\"http:\/\/www.w3.org\/2000\/svg\"><path d=\"M224.3 273l-136 136c-9.4 9.4-24.6 9.4-33.9 0l-22.6-22.6c-9.4-9.4-9.4-24.6 0-33.9l96.4-96.4-96.4-96.4c-9.4-9.4-9.4-24.6 0-33.9L54.3 103c9.4-9.4 24.6-9.4 33.9 0l136 136c9.5 9.4 9.5 24.6.1 34z\"><\/path><\/svg><br \/>\n\t\t\t\t\t\t\t\t\t\t<svg viewBox=\"0 0 320 512\" xmlns=\"http:\/\/www.w3.org\/2000\/svg\"><path d=\"M177 159.7l136 136c9.4 9.4 9.4 24.6 0 33.9l-22.6 22.6c-9.4 9.4-24.6 9.4-33.9 0L160 255.9l-96.4 96.4c-9.4 9.4-24.6 9.4-33.9 0L7 329.7c-9.4-9.4-9.4-24.6 0-33.9l136-136c9.4-9.5 24.6-9.5 34-.1z\"><\/path><\/svg><br \/>\n\t\t\t\t\t\t\t\t\tD\u00e9lais de livraison<\/p>\n<p><strong>\u2022 <\/strong><strong>Espagne continentale, Bal\u00e9ares et Canaries<\/strong>: Les d\u00e9lais de livraison des colis sont g\u00e9n\u00e9ralement compris entre <strong>24 et 72 heures<\/strong>. Pour les meubles plus volumineux, nous sommes moins rapides<strong>(entre 3 et 15 jours<\/strong>) car un emballage plus soign\u00e9 et des services de transport sp\u00e9cialis\u00e9s sont n\u00e9cessaires pour les meubles anciens qui sont fiables et n\u00e9cessitent plus de jours.<\/p>\n<p><strong>\u2022 Suisse, Royaume-Uni et Union europ\u00e9enne :<\/strong> Les d\u00e9lais de livraison des colis sont g\u00e9n\u00e9ralement compris entre 3 et 5 jours ouvrables. Pour les meubles plus volumineux, nous sommes moins rapides (3-15 jours) car un emballage plus soign\u00e9 et des services de transport sp\u00e9cialis\u00e9s pour les meubles anciens sont n\u00e9cessaires et n\u00e9cessitent plus de jours.<\/p>\n<p><strong>\u2022 Ceuta, Melilla et autres destinations internationales<\/strong>: demandez des informations par e-mail et nous vous enverrons des informations sur les d\u00e9lais de livraison.<\/p>\n<p>Les d\u00e9lais de livraison sont des estimations faites par nos diff\u00e9rents transporteurs. Nous sommes g\u00e9n\u00e9ralement ponctuels, mais le monde du transport n\u2019est pas parfait. Pour cette raison, nous ne pouvons \u00eatre tenus responsables des retards \u00e9ventuels caus\u00e9s par des incidents survenus pendant le transport (pannes de v\u00e9hicules, conditions m\u00e9t\u00e9orologiques d\u00e9favorables, retards dus aux contr\u00f4les douaniers et autres circonstances ind\u00e9pendantes de notre volont\u00e9).<\/p>\n<p>Si vous pensez que l\u2019adresse de livraison est difficile d\u2019acc\u00e8s, veuillez nous contacter pour v\u00e9rifier aupr\u00e8s de notre transporteur la faisabilit\u00e9 de la livraison demand\u00e9e.<\/p>\n<p>Pour l\u2019<em>achat de meubles de grande taille<\/em> avec livraison \u00e0 domicile, le client est responsable de la v\u00e9rification de l\u2019acc\u00e8s \u00e0 son domicile par rapport aux dimensions des meubles achet\u00e9s.<\/p>\n<p>Nous consid\u00e9rons que les meubles de <em>grande taille<\/em> sont ceux qui p\u00e8sent plus de 32 kg ou qui mesurent plus de 150 cm de long ou si la somme de la longueur, de la largeur et de la hauteur est sup\u00e9rieure \u00e0 300 cm (pour les livraisons en Espagne continentale) ou si la somme de la longueur plus deux fois la largeur et deux fois la hauteur est sup\u00e9rieure \u00e0 300 cm (pour les livraisons en dehors de l\u2019Espagne continentale).<\/p>\n<p>Aucune livraison ne sera effectu\u00e9e les samedis, dimanches et jours f\u00e9ri\u00e9s.<\/p>\n<p>\t\t\t\t\t\t\t\t\t\t<svg viewBox=\"0 0 256 512\" xmlns=\"http:\/\/www.w3.org\/2000\/svg\"><path d=\"M224.3 273l-136 136c-9.4 9.4-24.6 9.4-33.9 0l-22.6-22.6c-9.4-9.4-9.4-24.6 0-33.9l96.4-96.4-96.4-96.4c-9.4-9.4-9.4-24.6 0-33.9L54.3 103c9.4-9.4 24.6-9.4 33.9 0l136 136c9.5 9.4 9.5 24.6.1 34z\"><\/path><\/svg><br \/>\n\t\t\t\t\t\t\t\t\t\t<svg viewBox=\"0 0 320 512\" xmlns=\"http:\/\/www.w3.org\/2000\/svg\"><path d=\"M177 159.7l136 136c9.4 9.4 9.4 24.6 0 33.9l-22.6 22.6c-9.4 9.4-24.6 9.4-33.9 0L160 255.9l-96.4 96.4c-9.4 9.4-24.6 9.4-33.9 0L7 329.7c-9.4-9.4-9.4-24.6 0-33.9l136-136c9.4-9.5 24.6-9.5 34-.1z\"><\/path><\/svg><br \/>\n\t\t\t\t\t\t\t\t\tRetours<\/p>\n<p><strong>\u2022 Dommage pendant le transport : <\/strong>Si, \u00e0 la r\u00e9ception d&#8217;un colis, vous constatez des dommages superficiels pendant le transport, veuillez en informer le transporteur en ajoutant la mention suivante\u00a0: \u00ab\u00a0Emballage endommag\u00e9. V\u00e9rification du contenu en attente.\u00bb Veuillez nous en informer dans les 24\u00a0heures suivant la r\u00e9ception par e-mail ou WhatsApp, en joignant des photos du colis complet, <strong>non ouvert<\/strong> et endommag\u00e9, des photos de son contenu et une description du probl\u00e8me. Si nous recevons toutes les photos, nous pourrons traiter la r\u00e9clamation aupr\u00e8s du transporteur et prendrons en charge les frais d&#8217;exp\u00e9dition. SI VOUS CONSTATEZ VISUELLEMENT DES DOMMAGES AU CONTENU, N&#8217;ACCEPTEZ PAS LE COLIS. Vous devez en informer le livreur en pr\u00e9cisant le motif du refus : \u00ab Refus pour cause de dommages visibles.\u00bb Une fois la pi\u00e8ce re\u00e7ue et son \u00e9tat v\u00e9rifi\u00e9, nous vous rembourserons. Veuillez conserver le mat\u00e9riel d&#8217;emballage jusqu&#8217;\u00e0 ce que nous vous informions de la marche \u00e0 suivre.<br \/><strong><br \/>\u2022 <\/strong><strong>Retour : <\/strong>Si vous n\u2019\u00eates pas satisfait de la pi\u00e8ce achet\u00e9e, vous pouvez la retourner dans un d\u00e9lai <strong>maximum de 14 jours<\/strong> calendrier. Dans ce cas, les frais d\u2019envoi et de retour seront \u00e0 la charge de l\u2019acheteur. Le montant du produit sera rembours\u00e9 \u00e0 condition qu\u2019il soit dans le m\u00eame \u00e9tat que celui dans lequel il a \u00e9t\u00e9 envoy\u00e9. Une fois le produit re\u00e7u, son int\u00e9grit\u00e9 sera v\u00e9rifi\u00e9e et le montant sera rembours\u00e9 de la m\u00eame mani\u00e8re qu\u2019il a \u00e9t\u00e9 pay\u00e9.<\/p>\n<p>\t\t\t\t\t\t\t\t\t\t<svg viewBox=\"0 0 256 512\" xmlns=\"http:\/\/www.w3.org\/2000\/svg\"><path d=\"M224.3 273l-136 136c-9.4 9.4-24.6 9.4-33.9 0l-22.6-22.6c-9.4-9.4-9.4-24.6 0-33.9l96.4-96.4-96.4-96.4c-9.4-9.4-9.4-24.6 0-33.9L54.3 103c9.4-9.4 24.6-9.4 33.9 0l136 136c9.5 9.4 9.5 24.6.1 34z\"><\/path><\/svg><br \/>\n\t\t\t\t\t\t\t\t\t\t<svg viewBox=\"0 0 320 512\" xmlns=\"http:\/\/www.w3.org\/2000\/svg\"><path d=\"M177 159.7l136 136c9.4 9.4 9.4 24.6 0 33.9l-22.6 22.6c-9.4 9.4-24.6 9.4-33.9 0L160 255.9l-96.4 96.4c-9.4 9.4-24.6 9.4-33.9 0L7 329.7c-9.4-9.4-9.4-24.6 0-33.9l136-136c9.4-9.5 24.6-9.5 34-.1z\"><\/path><\/svg><br \/>\n\t\t\t\t\t\t\t\t\tStockage<\/p>\n<p>\u2022\u00a0<strong>15 jours de stockage :<\/strong> Le Client dispose de 15 jours de stockage si n\u00e9cessaire, apr\u00e8s quoi le produit devra \u00eatre retir\u00e9 ou exp\u00e9di\u00e9. Dans le cas contraire, veuillez nous contacter pour convenir de conditions sp\u00e9cifiques. Si le produit n\u2019a pas \u00e9t\u00e9 repris au bout de trois mois, le client perdra le droit \u00e0 son achat.<\/p>\n<p>Si vous avez besoin d\u2019informations plus d\u00e9taill\u00e9es pour l\u2019achat de meubles anciens, vous pouvez consulter <a href=\"https:\/\/amaruantiques.com\/fr\/nos-conditions-dachat\/\">nos conditions d\u2019achat<\/a> ou nous contacter directement par email <a href=\"mailto:hello@amaruantiques.com\">hello@amaruantiques.com<\/a> ou par t\u00e9l\u00e9phone\/whatsapp <a href=\"tel:+34657210741\">+34.657.210.741.<\/a><\/p>\n","protected":false},"excerpt":{"rendered":"<p>Comment acheter Pour toute autre information sur les produits, n\u2019h\u00e9sitez pas \u00e0 nous contacter Vous souhaitez recevoir plus d\u2019informations sur l\u2019achat de meubles anciens, l\u2019\u00e2ge du meuble, recevoir plus de photos, v\u00e9rifier certaines mesures internes, pr\u00e9ciser les d\u00e9tails de l\u2019exp\u00e9dition ou simplement satisfaire votre curiosit\u00e9 ? Nous vous r\u00e9pondrons! Contactez-nous par e-mail hello@amaruantiques.com ou par [&hellip;]<\/p>\n","protected":false},"author":1,"featured_media":0,"parent":0,"menu_order":0,"comment_status":"closed","ping_status":"closed","template":"","meta":{"footnotes":""},"class_list":["post-155232","page","type-page","status-publish","hentry"],"yoast_head":"<!-- This site is optimized with the Yoast SEO plugin v26.0 - https:\/\/yoast.com\/wordpress\/plugins\/seo\/ -->\n<title>Comment acheter des meubles anciens | AMARU ANTIQUES<\/title>\n<meta name=\"description\" content=\"Achat de meubles anciens et de meubles orientaux. Pour plus d&#039;informations sur l&#039;achat de meubles anciens, contactez-nous oriol@amaruantiques.com.\" \/>\n<meta name=\"robots\" content=\"index, follow, max-snippet:-1, max-image-preview:large, max-video-preview:-1\" \/>\n<link rel=\"canonical\" href=\"https:\/\/amaruoptim.stg.uzero.cat\/fr\/comment-acheter-des-meubles-anciens-amaru-antiques\/\" \/>\n<meta property=\"og:locale\" content=\"fr_FR\" \/>\n<meta property=\"og:type\" content=\"article\" \/>\n<meta property=\"og:title\" content=\"Comment acheter des meubles anciens | AMARU ANTIQUES\" \/>\n<meta property=\"og:description\" content=\"Achat de meubles anciens et de meubles orientaux. Pour plus d&#039;informations sur l&#039;achat de meubles anciens, contactez-nous oriol@amaruantiques.com.\" \/>\n<meta property=\"og:url\" content=\"https:\/\/amaruoptim.stg.uzero.cat\/fr\/comment-acheter-des-meubles-anciens-amaru-antiques\/\" \/>\n<meta property=\"og:site_name\" content=\"AMARU\" \/>\n<meta property=\"article:modified_time\" content=\"2025-08-22T10:41:56+00:00\" \/>\n<meta name=\"twitter:card\" content=\"summary_large_image\" \/>\n<meta name=\"twitter:label1\" content=\"Dur\u00e9e de lecture estim\u00e9e\" \/>\n\t<meta name=\"twitter:data1\" content=\"8 minutes\" \/>\n<!-- \/ Yoast SEO plugin. -->","yoast_head_json":{"title":"Comment acheter des meubles anciens | AMARU ANTIQUES","description":"Achat de meubles anciens et de meubles orientaux. Pour plus d'informations sur l'achat de meubles anciens, contactez-nous oriol@amaruantiques.com.","robots":{"index":"index","follow":"follow","max-snippet":"max-snippet:-1","max-image-preview":"max-image-preview:large","max-video-preview":"max-video-preview:-1"},"canonical":"https:\/\/amaruoptim.stg.uzero.cat\/fr\/comment-acheter-des-meubles-anciens-amaru-antiques\/","og_locale":"fr_FR","og_type":"article","og_title":"Comment acheter des meubles anciens | AMARU ANTIQUES","og_description":"Achat de meubles anciens et de meubles orientaux. Pour plus d'informations sur l'achat de meubles anciens, contactez-nous oriol@amaruantiques.com.","og_url":"https:\/\/amaruoptim.stg.uzero.cat\/fr\/comment-acheter-des-meubles-anciens-amaru-antiques\/","og_site_name":"AMARU","article_modified_time":"2025-08-22T10:41:56+00:00","twitter_card":"summary_large_image","twitter_misc":{"Dur\u00e9e de lecture estim\u00e9e":"8 minutes"},"schema":{"@context":"https:\/\/schema.org","@graph":[{"@type":"WebPage","@id":"https:\/\/amaruoptim.stg.uzero.cat\/fr\/comment-acheter-des-meubles-anciens-amaru-antiques\/","url":"https:\/\/amaruoptim.stg.uzero.cat\/fr\/comment-acheter-des-meubles-anciens-amaru-antiques\/","name":"Comment acheter des meubles anciens | AMARU ANTIQUES","isPartOf":{"@id":"https:\/\/amaruantiques.com\/#website"},"datePublished":"2025-04-02T17:09:56+00:00","dateModified":"2025-08-22T10:41:56+00:00","description":"Achat de meubles anciens et de meubles orientaux. Pour plus d'informations sur l'achat de meubles anciens, contactez-nous oriol@amaruantiques.com.","breadcrumb":{"@id":"https:\/\/amaruoptim.stg.uzero.cat\/fr\/comment-acheter-des-meubles-anciens-amaru-antiques\/#breadcrumb"},"inLanguage":"fr-FR","potentialAction":[{"@type":"ReadAction","target":["https:\/\/amaruoptim.stg.uzero.cat\/fr\/comment-acheter-des-meubles-anciens-amaru-antiques\/"]}]},{"@type":"BreadcrumbList","@id":"https:\/\/amaruoptim.stg.uzero.cat\/fr\/comment-acheter-des-meubles-anciens-amaru-antiques\/#breadcrumb","itemListElement":[{"@type":"ListItem","position":1,"name":"Accueil","item":"https:\/\/amaruantiques.com\/fr\/"},{"@type":"ListItem","position":2,"name":"Comment acheter"}]},{"@type":"WebSite","@id":"https:\/\/amaruantiques.com\/#website","url":"https:\/\/amaruantiques.com\/","name":"AMARU - Timeless Antiques","description":"Timeless antiques","publisher":{"@id":"https:\/\/amaruantiques.com\/#organization"},"potentialAction":[{"@type":"SearchAction","target":{"@type":"EntryPoint","urlTemplate":"https:\/\/amaruantiques.com\/?s={search_term_string}"},"query-input":{"@type":"PropertyValueSpecification","valueRequired":true,"valueName":"search_term_string"}}],"inLanguage":"fr-FR"},{"@type":"Organization","@id":"https:\/\/amaruantiques.com\/#organization","name":"AMARU","url":"https:\/\/amaruantiques.com\/","logo":{"@type":"ImageObject","inLanguage":"fr-FR","@id":"https:\/\/amaruantiques.com\/#\/schema\/logo\/image\/","url":"https:\/\/amaruoptim.stg.uzero.cat\/wp-content\/uploads\/2025\/04\/logo-AMARU.svg","contentUrl":"https:\/\/amaruoptim.stg.uzero.cat\/wp-content\/uploads\/2025\/04\/logo-AMARU.svg","caption":"AMARU"},"image":{"@id":"https:\/\/amaruantiques.com\/#\/schema\/logo\/image\/"}}]}},"_links":{"self":[{"href":"https:\/\/amaruoptim.stg.uzero.cat\/fr\/wp-json\/wp\/v2\/pages\/155232","targetHints":{"allow":["GET"]}}],"collection":[{"href":"https:\/\/amaruoptim.stg.uzero.cat\/fr\/wp-json\/wp\/v2\/pages"}],"about":[{"href":"https:\/\/amaruoptim.stg.uzero.cat\/fr\/wp-json\/wp\/v2\/types\/page"}],"author":[{"embeddable":true,"href":"https:\/\/amaruoptim.stg.uzero.cat\/fr\/wp-json\/wp\/v2\/users\/1"}],"replies":[{"embeddable":true,"href":"https:\/\/amaruoptim.stg.uzero.cat\/fr\/wp-json\/wp\/v2\/comments?post=155232"}],"version-history":[{"count":13,"href":"https:\/\/amaruoptim.stg.uzero.cat\/fr\/wp-json\/wp\/v2\/pages\/155232\/revisions"}],"predecessor-version":[{"id":253222,"href":"https:\/\/amaruoptim.stg.uzero.cat\/fr\/wp-json\/wp\/v2\/pages\/155232\/revisions\/253222"}],"wp:attachment":[{"href":"https:\/\/amaruoptim.stg.uzero.cat\/fr\/wp-json\/wp\/v2\/media?parent=155232"}],"curies":[{"name":"wp","href":"https:\/\/api.w.org\/{rel}","templated":true}]}}