{"id":155218,"date":"2025-03-06T17:09:10","date_gmt":"2025-03-06T17:09:10","guid":{"rendered":"https:\/\/amaruantiques.com\/quienes-somos\/"},"modified":"2025-06-19T10:27:01","modified_gmt":"2025-06-19T10:27:01","slug":"qui-sommes-nous","status":"publish","type":"page","link":"https:\/\/amaruoptim.stg.uzero.cat\/fr\/qui-sommes-nous\/","title":{"rendered":"Qui sommes nous"},"content":{"rendered":"<h1>Qui sommes nous<\/h1>\n<p>\t\t\t\t\t\t\t\t\t\t\t\t\t\t\t<img loading=\"lazy\" decoding=\"async\" width=\"924\" height=\"616\" src=\"https:\/\/amaruoptim.stg.uzero.cat\/wp-content\/uploads\/2025\/03\/Mueble-TV-Cajones-AM012-1024x683-1.jpg\" alt=\"\" srcset=\"https:\/\/amaruoptim.stg.uzero.cat\/wp-content\/uploads\/2025\/03\/Mueble-TV-Cajones-AM012-1024x683-1.jpg 924w, https:\/\/amaruantiques.com\/wp-content\/uploads\/2025\/03\/Mueble-TV-Cajones-AM012-1024x683-1-300x200.jpg 300w\" sizes=\"auto, (max-width: 924px) 100vw, 924px\" \/>\t\t\t\t\t\t\t\t\t\t\t\t\t\t\t<\/p>\n<p>D\u00e9di\u00e9s \u00e0 l\u2019art de s\u00e9lectionner et de restaurer des meubles anciens et vintage, nous insufflons une nouvelle vie \u00e0 des tr\u00e9sors oubli\u00e9s\u2014des pi\u00e8ces uniques charg\u00e9es d\u2019histoire, venues des confins de l\u2019Asie et de l\u2019Europe, pr\u00eates \u00e0 rena\u00eetre et \u00e0 sublimer les espaces contemporains.<\/p>\n<p>Mais nous sommes bien plus que de simples collectionneurs\u2026<\/p>\n<p>Dans un monde fa\u00e7onn\u00e9 par la globalisation, o\u00f9 l\u2019abondance des produits semble infinie, nous percevons un appauvrissement subtil\u2014une perte de nuances, de profondeur et d\u2019\u00e2me.<\/p>\n<h2>Nous honorons la beaut\u00e9 transmise au fil des g\u00e9n\u00e9rations<\/h2>\n<p>Guid\u00e9s par cette vision, nous avons constitu\u00e9 une s\u00e9lection minutieuse de meubles anciens et vintage, destin\u00e9e \u00e0 ceux qui ch\u00e9rissent l\u2019harmonie intemporelle qu\u2019ils insufflent aux int\u00e9rieurs contemporains. Car nous croyons que<em> la v\u00e9ritable beaut\u00e9 transcende le passage du temps<\/em>.<\/p>\n<p>Notre qu\u00eate nous a men\u00e9s aux quatre coins de l\u2019Europe et de l\u2019Asie, en recherche incessante d\u2019objets rares et de meubles charg\u00e9s d\u2019histoire, o\u00f9 r\u00e9sonnent les \u00e9chos d\u2019un pass\u00e9 ancestral\u2014des murmures du temps inscrits dans chaque d\u00e9tail.<\/p>\n<p>Depuis nos d\u00e9buts, nous avons toujours accord\u00e9 une valeur profonde \u00e0 l\u2019unicit\u00e9. Tout comme chaque \u00eatre est unique, son int\u00e9rieur devrait l\u2019\u00eatre aussi. Un meuble singulier ne se contente pas de transformer un espace\u2014il lui insuffle une \u00e2me, renforce notre identit\u00e9 et inscrit sa pr\u00e9sence dans notre histoire personnelle. Ces pi\u00e8ces nous accompagnent tout au long de notre existence et, avec le temps, deviennent peut-\u00eatre les souvenirs de nos enfants.<\/p>\n<p><em>Voyager est pour nous \u00e0 la fois un plaisir et une n\u00e9cessit\u00e9.<\/em> Un meuble ancien est bien plus qu\u2019un objet\u2014c\u2019est un passage vers une autre \u00e9poque, une porte ouverte sur des terres lointaines, o\u00f9 r\u00e9sonne la magie des temps r\u00e9volus. Dans les instants de qui\u00e9tude, le contempler, c\u2019est s\u2019offrir un voyage sans avion.<\/p>\n<p>Nos maisons devraient \u00eatre des refuges d\u2019inspiration, de cr\u00e9ativit\u00e9 et de s\u00e9r\u00e9nit\u00e9, mais nous oublions parfois combien il est essentiel de s\u2019entourer de ce qui nourrit l\u2019\u00e2me. \u00c0 travers notre collection de meubles anciens et d\u2019objets d\u2019art, nous souhaitons vous aider \u00e0 <strong>cr\u00e9er votre oasis personnelle<\/strong>\u2014un espace o\u00f9 le tumulte du quotidien s\u2019efface, laissant place \u00e0 la beaut\u00e9 de l\u2019authentique.<\/p>\n<p>Conscients de la fragilit\u00e9 de la nature, nous embrassons la durabilit\u00e9 en sauvant et en restaurant des meubles anciens. Nous prolongeons ainsi leur cycle de vie, pr\u00e9servant leur essence tout en honorant leur histoire intemporelle.<\/p>\n<h2>NOTRE MISSION<\/h2>\n<h2>Vouloir \u00eatre unique, dans un monde globalis\u00e9,<br \/>\n\u00catre en qu\u00eate de simplicit\u00e9 et de cr\u00e9ativit\u00e9,<br \/>\nS\u2019\u00e9vader parmi des pi\u00e8ces d\u2019art,<br \/>\nTelle est notre aspiration.<\/h2>\n<h2>INTEMPOREL<\/h2>\n<h2>Plus de 10 ans d\u2019exp\u00e9rience en asie<\/h2>\n<p id=\"block-14644014-e72a-41ae-bc7f-3e961523d4b9\">Le fondateur d\u2019<strong>AMARU ANTIQUES<\/strong>, Oriol Sol\u00eds, a commenc\u00e9 sa carri\u00e8re en Asie en 2006 et, depuis, a d\u00e9velopp\u00e9 une connaissance approfondie de la culture asiatique et de l\u2019univers du mobilier ancien de cette r\u00e9gion.<\/p>\n<p>Notre collection de meubles anciens orientaux cherche \u00e0 pr\u00e9server l\u2019\u00e9quilibre entre l\u2019Orient et l\u2019Occident, deux mondes qui, malgr\u00e9 leurs contrastes, se sont toujours rejoints au fil de l\u2019Histoire.<\/p>\n<p id=\"block-edc627d5-1794-4e91-9bac-11a901cbab12\">Depuis 2017, nous voyageons l\u2019Europe et l\u2019Asie \u00e0 la recherche de mobilier traditionnel et de pi\u00e8ces singuli\u00e8res qui, d\u2019une mani\u00e8re presque instinctive, nous reconnectent \u00e0 un h\u00e9ritage ancestral.<\/p>\n<p>Notre s\u00e9lection minutieuse de <a href=\"https:\/\/amaruantiques.com\/fr\/categorie-de-produit\/buffets-anciens\/\">buffets<\/a> <a href=\"https:\/\/amaruantiques.com\/fr\/categorie-de-produit\/armoires-anciennes\/\">et armoires,<\/a> aux <a href=\"https:\/\/amaruantiques.com\/fr\/categorie-de-produit\/malles-anciennes\/\">coffres,<\/a> malles et <a href=\"https:\/\/amaruantiques.com\/fr\/categorie-de-produit\/commodes-anciennes\/\">commodes<\/a> refl\u00e8te l\u2019essence de nos voyages \u00e0 travers l\u2019Europe et l\u2019Asie, capturant ainsi l\u2019\u00e2me d\u2019<strong>AMARU ANTIQUES<\/strong>.<\/p>\n<h2>Un meuble ancien peut \u00eatre aussi contemporain qu\u2019une cr\u00e9ation d\u2019aujourd\u2019hui, car il unit en lui le Pass\u00e9 et le Pr\u00e9sent. Un meuble qui traverse le Temps. Un meuble pour Toujours.<\/h2>\n","protected":false},"excerpt":{"rendered":"<p>Qui sommes nous D\u00e9di\u00e9s \u00e0 l\u2019art de s\u00e9lectionner et de restaurer des meubles anciens et vintage, nous insufflons une nouvelle vie \u00e0 des tr\u00e9sors oubli\u00e9s\u2014des pi\u00e8ces uniques charg\u00e9es d\u2019histoire, venues des confins de l\u2019Asie et de l\u2019Europe, pr\u00eates \u00e0 rena\u00eetre et \u00e0 sublimer les espaces contemporains. Mais nous sommes bien plus que de simples collectionneurs\u2026 [&hellip;]<\/p>\n","protected":false},"author":1,"featured_media":0,"parent":0,"menu_order":0,"comment_status":"closed","ping_status":"closed","template":"","meta":{"footnotes":""},"class_list":["post-155218","page","type-page","status-publish","hentry"],"yoast_head":"<!-- This site is optimized with the Yoast SEO plugin v26.0 - https:\/\/yoast.com\/wordpress\/plugins\/seo\/ -->\n<title>Meubles anciens | Meubles ethniques| AMARU ANTIQUES<\/title>\n<meta name=\"description\" content=\"Voyagez avec nous en d\u00e9couvrant notre s\u00e9lection de meubles anciens, meubles vintage et pi\u00e8ces uniques du monde entier dans notre site...\" \/>\n<meta name=\"robots\" content=\"index, follow, max-snippet:-1, max-image-preview:large, max-video-preview:-1\" \/>\n<link rel=\"canonical\" href=\"https:\/\/amaruoptim.stg.uzero.cat\/fr\/qui-sommes-nous\/\" \/>\n<meta property=\"og:locale\" content=\"fr_FR\" \/>\n<meta property=\"og:type\" content=\"article\" \/>\n<meta property=\"og:title\" content=\"Meubles anciens | Meubles ethniques| AMARU ANTIQUES\" \/>\n<meta property=\"og:description\" content=\"Voyagez avec nous en d\u00e9couvrant notre s\u00e9lection de meubles anciens, meubles vintage et pi\u00e8ces uniques du monde entier dans notre site...\" \/>\n<meta property=\"og:url\" content=\"https:\/\/amaruoptim.stg.uzero.cat\/fr\/qui-sommes-nous\/\" \/>\n<meta property=\"og:site_name\" content=\"AMARU\" \/>\n<meta property=\"article:modified_time\" content=\"2025-06-19T10:27:01+00:00\" \/>\n<meta property=\"og:image\" content=\"https:\/\/amaruoptim.stg.uzero.cat\/wp-content\/uploads\/2025\/03\/Mueble-TV-Cajones-AM012-1024x683-1.jpg\" \/>\n\t<meta property=\"og:image:width\" content=\"924\" \/>\n\t<meta property=\"og:image:height\" content=\"616\" \/>\n\t<meta property=\"og:image:type\" content=\"image\/jpeg\" \/>\n<meta name=\"twitter:card\" content=\"summary_large_image\" \/>\n<meta name=\"twitter:label1\" content=\"Dur\u00e9e de lecture estim\u00e9e\" \/>\n\t<meta name=\"twitter:data1\" content=\"4 minutes\" \/>\n<!-- \/ Yoast SEO plugin. -->","yoast_head_json":{"title":"Meubles anciens | Meubles ethniques| AMARU ANTIQUES","description":"Voyagez avec nous en d\u00e9couvrant notre s\u00e9lection de meubles anciens, meubles vintage et pi\u00e8ces uniques du monde entier dans notre site...","robots":{"index":"index","follow":"follow","max-snippet":"max-snippet:-1","max-image-preview":"max-image-preview:large","max-video-preview":"max-video-preview:-1"},"canonical":"https:\/\/amaruoptim.stg.uzero.cat\/fr\/qui-sommes-nous\/","og_locale":"fr_FR","og_type":"article","og_title":"Meubles anciens | Meubles ethniques| AMARU ANTIQUES","og_description":"Voyagez avec nous en d\u00e9couvrant notre s\u00e9lection de meubles anciens, meubles vintage et pi\u00e8ces uniques du monde entier dans notre site...","og_url":"https:\/\/amaruoptim.stg.uzero.cat\/fr\/qui-sommes-nous\/","og_site_name":"AMARU","article_modified_time":"2025-06-19T10:27:01+00:00","og_image":[{"width":924,"height":616,"url":"https:\/\/amaruoptim.stg.uzero.cat\/wp-content\/uploads\/2025\/03\/Mueble-TV-Cajones-AM012-1024x683-1.jpg","type":"image\/jpeg"}],"twitter_card":"summary_large_image","twitter_misc":{"Dur\u00e9e de lecture estim\u00e9e":"4 minutes"},"schema":{"@context":"https:\/\/schema.org","@graph":[{"@type":"WebPage","@id":"https:\/\/amaruoptim.stg.uzero.cat\/fr\/qui-sommes-nous\/","url":"https:\/\/amaruoptim.stg.uzero.cat\/fr\/qui-sommes-nous\/","name":"Meubles anciens | Meubles ethniques| AMARU ANTIQUES","isPartOf":{"@id":"https:\/\/amaruantiques.com\/#website"},"primaryImageOfPage":{"@id":"https:\/\/amaruoptim.stg.uzero.cat\/fr\/qui-sommes-nous\/#primaryimage"},"image":{"@id":"https:\/\/amaruoptim.stg.uzero.cat\/fr\/qui-sommes-nous\/#primaryimage"},"thumbnailUrl":"https:\/\/amaruoptim.stg.uzero.cat\/wp-content\/uploads\/2025\/03\/Mueble-TV-Cajones-AM012-1024x683-1.jpg","datePublished":"2025-03-06T17:09:10+00:00","dateModified":"2025-06-19T10:27:01+00:00","description":"Voyagez avec nous en d\u00e9couvrant notre s\u00e9lection de meubles anciens, meubles vintage et pi\u00e8ces uniques du monde entier dans notre site...","breadcrumb":{"@id":"https:\/\/amaruoptim.stg.uzero.cat\/fr\/qui-sommes-nous\/#breadcrumb"},"inLanguage":"fr-FR","potentialAction":[{"@type":"ReadAction","target":["https:\/\/amaruoptim.stg.uzero.cat\/fr\/qui-sommes-nous\/"]}]},{"@type":"ImageObject","inLanguage":"fr-FR","@id":"https:\/\/amaruoptim.stg.uzero.cat\/fr\/qui-sommes-nous\/#primaryimage","url":"https:\/\/amaruoptim.stg.uzero.cat\/wp-content\/uploads\/2025\/03\/Mueble-TV-Cajones-AM012-1024x683-1.jpg","contentUrl":"https:\/\/amaruoptim.stg.uzero.cat\/wp-content\/uploads\/2025\/03\/Mueble-TV-Cajones-AM012-1024x683-1.jpg"},{"@type":"BreadcrumbList","@id":"https:\/\/amaruoptim.stg.uzero.cat\/fr\/qui-sommes-nous\/#breadcrumb","itemListElement":[{"@type":"ListItem","position":1,"name":"Accueil","item":"https:\/\/amaruantiques.com\/fr\/"},{"@type":"ListItem","position":2,"name":"Qui sommes nous"}]},{"@type":"WebSite","@id":"https:\/\/amaruantiques.com\/#website","url":"https:\/\/amaruantiques.com\/","name":"AMARU - Timeless Antiques","description":"Timeless antiques","publisher":{"@id":"https:\/\/amaruantiques.com\/#organization"},"potentialAction":[{"@type":"SearchAction","target":{"@type":"EntryPoint","urlTemplate":"https:\/\/amaruantiques.com\/?s={search_term_string}"},"query-input":{"@type":"PropertyValueSpecification","valueRequired":true,"valueName":"search_term_string"}}],"inLanguage":"fr-FR"},{"@type":"Organization","@id":"https:\/\/amaruantiques.com\/#organization","name":"AMARU","url":"https:\/\/amaruantiques.com\/","logo":{"@type":"ImageObject","inLanguage":"fr-FR","@id":"https:\/\/amaruantiques.com\/#\/schema\/logo\/image\/","url":"https:\/\/amaruoptim.stg.uzero.cat\/wp-content\/uploads\/2025\/04\/logo-AMARU.svg","contentUrl":"https:\/\/amaruoptim.stg.uzero.cat\/wp-content\/uploads\/2025\/04\/logo-AMARU.svg","caption":"AMARU"},"image":{"@id":"https:\/\/amaruantiques.com\/#\/schema\/logo\/image\/"}}]}},"_links":{"self":[{"href":"https:\/\/amaruoptim.stg.uzero.cat\/fr\/wp-json\/wp\/v2\/pages\/155218","targetHints":{"allow":["GET"]}}],"collection":[{"href":"https:\/\/amaruoptim.stg.uzero.cat\/fr\/wp-json\/wp\/v2\/pages"}],"about":[{"href":"https:\/\/amaruoptim.stg.uzero.cat\/fr\/wp-json\/wp\/v2\/types\/page"}],"author":[{"embeddable":true,"href":"https:\/\/amaruoptim.stg.uzero.cat\/fr\/wp-json\/wp\/v2\/users\/1"}],"replies":[{"embeddable":true,"href":"https:\/\/amaruoptim.stg.uzero.cat\/fr\/wp-json\/wp\/v2\/comments?post=155218"}],"version-history":[{"count":3,"href":"https:\/\/amaruoptim.stg.uzero.cat\/fr\/wp-json\/wp\/v2\/pages\/155218\/revisions"}],"predecessor-version":[{"id":220667,"href":"https:\/\/amaruoptim.stg.uzero.cat\/fr\/wp-json\/wp\/v2\/pages\/155218\/revisions\/220667"}],"wp:attachment":[{"href":"https:\/\/amaruoptim.stg.uzero.cat\/fr\/wp-json\/wp\/v2\/media?parent=155218"}],"curies":[{"name":"wp","href":"https:\/\/api.w.org\/{rel}","templated":true}]}}