{"id":220508,"date":"2025-05-13T13:35:09","date_gmt":"2025-05-13T13:35:09","guid":{"rendered":"https:\/\/amaruantiques.com\/?post_type=product&#038;p=220508"},"modified":"2025-06-26T15:39:16","modified_gmt":"2025-06-26T15:39:16","slug":"antique-oriental-ceramic-vase-c-1820-am08018-3","status":"publish","type":"product","link":"https:\/\/amaruoptim.stg.uzero.cat\/en\/antique-furniture\/antique-vases\/antique-oriental-ceramic-vase-c-1820-am08018-3\/","title":{"rendered":"Antique oriental ceramic vase (c.1820) #3"},"content":{"rendered":"<p><strong>Antique oriental ceramic vase<\/strong> (c.1820)<\/p>\n<ul>\n<li><b>Dimensions : <\/b>Largeur : 19 cm Profondeur : 19 cm Hauteur : 25 cm<\/li>\n<li><b>Style :<\/b> Primitif<\/li>\n<li><b>Mat\u00e9riaux et techniques :<\/b> C\u00e9ramique<\/li>\n<li><b>Lieu d&#8217;origine :<\/b> Chine imp\u00e9riale<\/li>\n<li><b>P\u00e9riode :<\/b> 19e si\u00e8cle<\/li>\n<li><b>Date de fabrication :<\/b> Vers 1820<\/li>\n<li><strong>\u00c9tat :<\/strong> Bon \u00e9tat. Usure correspond \u00e0 l&#8217;\u00e2ge et \u00e0 l&#8217;utilisation.<\/li>\n<\/ul>\n<p>Our <em>antique ceramic vase<\/em><i> <\/i>is a unique piece that stands out for:<\/p>\n<ul>\n<li>Each vase is different, their designs are the fruit of the artisan&#8217;s imagination. They used to be inspired by nature with their floral and bird motifs. They also used to draw Chinese characters with meanings of good fortune and prosperity.<\/li>\n<li>Its glazed ceramic with soft and bright tones.<\/li>\n<li>Its oriental style from the Chinese Imperial period, inimitable&#8230;<\/li>\n<\/ul>\n<p>The state of conservation is optimal, except for the characteristic imperfections of any antique furniture due to the course of the years.<\/p>\n<p>Give a point of originality to your home with a unique piece, which merges with the contemporary style, bringing personality to your home.<\/p>\n<p>This antique vase can be paired with any of our available <a href=\"https:\/\/amaruantiques.com\/en\/categoria-producto\/antique-kitchen-islands\/\">antique kitchen islands<\/a>.<\/p>\n<p><em>UNIQUE PIECE<\/em><\/p>\n","protected":false},"excerpt":{"rendered":"<p>Antique oriental ceramic vase (c.1820) Dimensions : Largeur : 19 cm Profondeur : 19 cm Hauteur : 25 cm Style : Primitif Mat\u00e9riaux et techniques : C\u00e9ramique Lieu d&#8217;origine : Chine imp\u00e9riale P\u00e9riode : 19e si\u00e8cle Date de fabrication : Vers 1820 \u00c9tat : Bon \u00e9tat. Usure correspond \u00e0 l&#8217;\u00e2ge et \u00e0 l&#8217;utilisation. Our antique [&hellip;]<\/p>\n","protected":false},"featured_media":178924,"template":"","meta":[],"product_brand":[],"product_cat":[672],"product_tag":[792],"class_list":{"0":"post-220508","1":"product","2":"type-product","3":"status-publish","4":"has-post-thumbnail","6":"product_cat-antique-vases","7":"product_tag-vase-2","8":"product_shipping_class-small-50","9":"pa_estilo-qing-dynasty","11":"first","12":"instock","13":"sold-individually","14":"taxable","15":"shipping-taxable","16":"purchasable","17":"product-type-simple"},"yoast_head":"<!-- This site is optimized with the Yoast SEO plugin v26.0 - https:\/\/yoast.com\/wordpress\/plugins\/seo\/ -->\n<title>Antique Ceramic Vase | Chinese Vase | AMARU ANTIQUES<\/title>\n<meta name=\"description\" content=\"Antique oriental ceramic vase (c.1820). Our passion is the relentless search for hidden treasures and giving them a new life.\" \/>\n<meta name=\"robots\" content=\"index, follow, max-snippet:-1, max-image-preview:large, max-video-preview:-1\" \/>\n<link rel=\"canonical\" href=\"https:\/\/amaruoptim.stg.uzero.cat\/en\/antique-furniture\/antique-vases\/antique-oriental-ceramic-vase-c-1820-am08018-3\/\" \/>\n<meta property=\"og:locale\" content=\"en_US\" \/>\n<meta property=\"og:type\" content=\"article\" \/>\n<meta property=\"og:title\" content=\"Antique Ceramic Vase | Chinese Vase | AMARU ANTIQUES\" \/>\n<meta property=\"og:description\" content=\"Antique oriental ceramic vase (c.1820). Our passion is the relentless search for hidden treasures and giving them a new life.\" \/>\n<meta property=\"og:url\" content=\"https:\/\/amaruoptim.stg.uzero.cat\/en\/antique-furniture\/antique-vases\/antique-oriental-ceramic-vase-c-1820-am08018-3\/\" \/>\n<meta property=\"og:site_name\" content=\"AMARU\" \/>\n<meta property=\"article:modified_time\" content=\"2025-06-26T15:39:16+00:00\" \/>\n<meta property=\"og:image\" content=\"https:\/\/amaruantiques.com\/wp-content\/uploads\/2025\/06\/Jarron-de-ceramica-antiguo-de-estilo-oriental-c.1820-3-8AM01044-3-D-1-1.jpg\" \/>\n\t<meta property=\"og:image:width\" content=\"924\" \/>\n\t<meta property=\"og:image:height\" content=\"924\" \/>\n\t<meta property=\"og:image:type\" content=\"image\/jpeg\" \/>\n<meta name=\"twitter:card\" content=\"summary_large_image\" \/>\n<meta name=\"twitter:label1\" content=\"Est. reading time\" \/>\n\t<meta name=\"twitter:data1\" content=\"1 minute\" \/>\n<!-- \/ Yoast SEO plugin. -->","yoast_head_json":{"title":"Antique Ceramic Vase | Chinese Vase | AMARU ANTIQUES","description":"Antique oriental ceramic vase (c.1820). Our passion is the relentless search for hidden treasures and giving them a new life.","robots":{"index":"index","follow":"follow","max-snippet":"max-snippet:-1","max-image-preview":"max-image-preview:large","max-video-preview":"max-video-preview:-1"},"canonical":"https:\/\/amaruoptim.stg.uzero.cat\/en\/antique-furniture\/antique-vases\/antique-oriental-ceramic-vase-c-1820-am08018-3\/","og_locale":"en_US","og_type":"article","og_title":"Antique Ceramic Vase | Chinese Vase | AMARU ANTIQUES","og_description":"Antique oriental ceramic vase (c.1820). Our passion is the relentless search for hidden treasures and giving them a new life.","og_url":"https:\/\/amaruoptim.stg.uzero.cat\/en\/antique-furniture\/antique-vases\/antique-oriental-ceramic-vase-c-1820-am08018-3\/","og_site_name":"AMARU","article_modified_time":"2025-06-26T15:39:16+00:00","og_image":[{"width":924,"height":924,"url":"https:\/\/amaruantiques.com\/wp-content\/uploads\/2025\/06\/Jarron-de-ceramica-antiguo-de-estilo-oriental-c.1820-3-8AM01044-3-D-1-1.jpg","type":"image\/jpeg"}],"twitter_card":"summary_large_image","twitter_misc":{"Est. reading time":"1 minute"},"schema":{"@context":"https:\/\/schema.org","@graph":[{"@type":"WebPage","@id":"https:\/\/amaruoptim.stg.uzero.cat\/en\/antique-furniture\/antique-vases\/antique-oriental-ceramic-vase-c-1820-am08018-3\/","url":"https:\/\/amaruoptim.stg.uzero.cat\/en\/antique-furniture\/antique-vases\/antique-oriental-ceramic-vase-c-1820-am08018-3\/","name":"Antique Ceramic Vase | Chinese Vase | AMARU ANTIQUES","isPartOf":{"@id":"https:\/\/amaruantiques.com\/#website"},"primaryImageOfPage":{"@id":"https:\/\/amaruoptim.stg.uzero.cat\/en\/antique-furniture\/antique-vases\/antique-oriental-ceramic-vase-c-1820-am08018-3\/#primaryimage"},"image":{"@id":"https:\/\/amaruoptim.stg.uzero.cat\/en\/antique-furniture\/antique-vases\/antique-oriental-ceramic-vase-c-1820-am08018-3\/#primaryimage"},"thumbnailUrl":"https:\/\/amaruoptim.stg.uzero.cat\/wp-content\/uploads\/2025\/06\/Jarron-de-ceramica-antiguo-de-estilo-oriental-c.1820-3-8AM01044-3-D-1-1.jpg","datePublished":"2025-05-13T13:35:09+00:00","dateModified":"2025-06-26T15:39:16+00:00","description":"Antique oriental ceramic vase (c.1820). Our passion is the relentless search for hidden treasures and giving them a new life.","breadcrumb":{"@id":"https:\/\/amaruoptim.stg.uzero.cat\/en\/antique-furniture\/antique-vases\/antique-oriental-ceramic-vase-c-1820-am08018-3\/#breadcrumb"},"inLanguage":"en-US","potentialAction":[{"@type":"ReadAction","target":["https:\/\/amaruoptim.stg.uzero.cat\/en\/antique-furniture\/antique-vases\/antique-oriental-ceramic-vase-c-1820-am08018-3\/"]}]},{"@type":"ImageObject","inLanguage":"en-US","@id":"https:\/\/amaruoptim.stg.uzero.cat\/en\/antique-furniture\/antique-vases\/antique-oriental-ceramic-vase-c-1820-am08018-3\/#primaryimage","url":"https:\/\/amaruoptim.stg.uzero.cat\/wp-content\/uploads\/2025\/06\/Jarron-de-ceramica-antiguo-de-estilo-oriental-c.1820-3-8AM01044-3-D-1-1.jpg","contentUrl":"https:\/\/amaruoptim.stg.uzero.cat\/wp-content\/uploads\/2025\/06\/Jarron-de-ceramica-antiguo-de-estilo-oriental-c.1820-3-8AM01044-3-D-1-1.jpg","width":924,"height":924},{"@type":"BreadcrumbList","@id":"https:\/\/amaruoptim.stg.uzero.cat\/en\/antique-furniture\/antique-vases\/antique-oriental-ceramic-vase-c-1820-am08018-3\/#breadcrumb","itemListElement":[{"@type":"ListItem","position":1,"name":"Home","item":"https:\/\/amaruantiques.com\/"},{"@type":"ListItem","position":2,"name":"Shop","item":"https:\/\/amaruantiques.com\/en\/shop\/"},{"@type":"ListItem","position":3,"name":"Antique oriental ceramic vase (c.1820) #3"}]},{"@type":"WebSite","@id":"https:\/\/amaruantiques.com\/#website","url":"https:\/\/amaruantiques.com\/","name":"AMARU - Timeless Antiques","description":"Timeless antiques","publisher":{"@id":"https:\/\/amaruantiques.com\/#organization"},"potentialAction":[{"@type":"SearchAction","target":{"@type":"EntryPoint","urlTemplate":"https:\/\/amaruantiques.com\/?s={search_term_string}"},"query-input":{"@type":"PropertyValueSpecification","valueRequired":true,"valueName":"search_term_string"}}],"inLanguage":"en-US"},{"@type":"Organization","@id":"https:\/\/amaruantiques.com\/#organization","name":"AMARU","url":"https:\/\/amaruantiques.com\/","logo":{"@type":"ImageObject","inLanguage":"en-US","@id":"https:\/\/amaruantiques.com\/#\/schema\/logo\/image\/","url":"https:\/\/amaruoptim.stg.uzero.cat\/wp-content\/uploads\/2025\/04\/logo-AMARU.svg","contentUrl":"https:\/\/amaruoptim.stg.uzero.cat\/wp-content\/uploads\/2025\/04\/logo-AMARU.svg","caption":"AMARU"},"image":{"@id":"https:\/\/amaruantiques.com\/#\/schema\/logo\/image\/"}}]}},"_links":{"self":[{"href":"https:\/\/amaruoptim.stg.uzero.cat\/en\/wp-json\/wp\/v2\/product\/220508","targetHints":{"allow":["GET"]}}],"collection":[{"href":"https:\/\/amaruoptim.stg.uzero.cat\/en\/wp-json\/wp\/v2\/product"}],"about":[{"href":"https:\/\/amaruoptim.stg.uzero.cat\/en\/wp-json\/wp\/v2\/types\/product"}],"wp:featuredmedia":[{"embeddable":true,"href":"https:\/\/amaruoptim.stg.uzero.cat\/en\/wp-json\/wp\/v2\/media\/178924"}],"wp:attachment":[{"href":"https:\/\/amaruoptim.stg.uzero.cat\/en\/wp-json\/wp\/v2\/media?parent=220508"}],"wp:term":[{"taxonomy":"product_brand","embeddable":true,"href":"https:\/\/amaruoptim.stg.uzero.cat\/en\/wp-json\/wp\/v2\/product_brand?post=220508"},{"taxonomy":"product_cat","embeddable":true,"href":"https:\/\/amaruoptim.stg.uzero.cat\/en\/wp-json\/wp\/v2\/product_cat?post=220508"},{"taxonomy":"product_tag","embeddable":true,"href":"https:\/\/amaruoptim.stg.uzero.cat\/en\/wp-json\/wp\/v2\/product_tag?post=220508"}],"curies":[{"name":"wp","href":"https:\/\/api.w.org\/{rel}","templated":true}]}}