{"id":220158,"date":"2025-01-27T11:05:59","date_gmt":"2025-01-27T11:05:59","guid":{"rendered":"https:\/\/amaruantiques.com\/?post_type=product&#038;p=220158"},"modified":"2025-06-30T14:55:43","modified_gmt":"2025-06-30T14:55:43","slug":"small-antique-sideboard-with-gray-patina-c-1900-80-am17080","status":"publish","type":"product","link":"https:\/\/amaruoptim.stg.uzero.cat\/en\/antique-furniture\/antique-sideboards\/small-antique-sideboard-with-gray-patina-c-1900-80-am17080\/","title":{"rendered":"Small antique sideboard with gray patina (c.1900) #80"},"content":{"rendered":"<p><strong>Peque\u00f1o aparador antiguo con p\u00e1tina de color gris<\/strong> (c.1900)<\/p>\n<ul>\n<li><strong>Dimensiones: <\/strong>Longitud: 129 cm Profundidad: 40 cm \u00a0Altura: 85 cm<\/li>\n<li><strong>Estilo:<\/strong> Qing<\/li>\n<li><strong>Materiales y t\u00e9cnicas:<\/strong> Madera de olmo<\/li>\n<li><strong>Lugar de origen:<\/strong> China imperial<\/li>\n<li><strong>\u00c9poca:<\/strong> Principios s.XX<\/li>\n<li><strong>Fecha de fabricaci\u00f3n:<\/strong> Alrededor 1900<\/li>\n<li><strong>Estado:<\/strong> Bueno. Desgaste acorde con la edad y el uso<\/li>\n<\/ul>\n<p>El estado de conservaci\u00f3n es \u00f3ptimo, salvo las imperfecciones caracter\u00edsticas de cualquier antig\u00fcedad producidas por el transcurso de los a\u00f1os.<\/p>\n<p>Dale un punto de originalidad a tu casa con una pieza \u00fanica, que se fusiona con el estilo contempor\u00e1neo aportando personalidad a tu casa. Este peque\u00f1o aparador puede combinarlo con alguno de nuestros <a href=\"https:\/\/amaruantiques.com\/en\/categoria-producto\/antique-benches\/\">bancos<\/a> o con nuestros <a href=\"https:\/\/amaruantiques.com\/en\/categoria-producto\/antique-linen-cushions\/\">cojines antiguos de lino<\/a>\u00a0disponibles.<\/p>\n<p><em>PIEZA \u00daNICA<\/em><\/p>\n","protected":false},"excerpt":{"rendered":"<p>Peque\u00f1o aparador antiguo con p\u00e1tina de color gris (c.1900) Dimensiones: Longitud: 129 cm Profundidad: 40 cm \u00a0Altura: 85 cm Estilo: Qing Materiales y t\u00e9cnicas: Madera de olmo Lugar de origen: China imperial \u00c9poca: Principios s.XX Fecha de fabricaci\u00f3n: Alrededor 1900 Estado: Bueno. Desgaste acorde con la edad y el uso El estado de conservaci\u00f3n es [&hellip;]<\/p>\n","protected":false},"featured_media":195938,"template":"","meta":[],"product_brand":[],"product_cat":[643],"product_tag":[],"class_list":{"0":"post-220158","1":"product","2":"type-product","3":"status-publish","4":"has-post-thumbnail","6":"product_cat-antique-sideboards","7":"product_shipping_class-gran-cargo-625","8":"pa_estilo-qing-dynasty","10":"first","11":"instock","12":"sold-individually","13":"taxable","14":"shipping-taxable","15":"purchasable","16":"product-type-simple"},"yoast_head":"<!-- This site is optimized with the Yoast SEO plugin v26.0 - https:\/\/yoast.com\/wordpress\/plugins\/seo\/ -->\n<title>Peque\u00f1o aparador | Aparador antiguo de madera | AMARU<\/title>\n<meta name=\"description\" content=\"Peque\u00f1o aparador antiguo con p\u00e1tina de color gris (c.1900). Ven a conocer nuestro concepto de muebles antiguos y vintage en nuestra web...\" \/>\n<meta name=\"robots\" content=\"index, follow, max-snippet:-1, max-image-preview:large, max-video-preview:-1\" \/>\n<link rel=\"canonical\" href=\"https:\/\/amaruoptim.stg.uzero.cat\/en\/antique-furniture\/antique-sideboards\/small-antique-sideboard-with-gray-patina-c-1900-80-am17080\/\" \/>\n<meta property=\"og:locale\" content=\"en_US\" \/>\n<meta property=\"og:type\" content=\"article\" \/>\n<meta property=\"og:title\" content=\"Peque\u00f1o aparador | Aparador antiguo de madera | AMARU\" \/>\n<meta property=\"og:description\" content=\"Peque\u00f1o aparador antiguo con p\u00e1tina de color gris (c.1900). Ven a conocer nuestro concepto de muebles antiguos y vintage en nuestra web...\" \/>\n<meta property=\"og:url\" content=\"https:\/\/amaruoptim.stg.uzero.cat\/en\/antique-furniture\/antique-sideboards\/small-antique-sideboard-with-gray-patina-c-1900-80-am17080\/\" \/>\n<meta property=\"og:site_name\" content=\"AMARU\" \/>\n<meta property=\"article:modified_time\" content=\"2025-06-30T14:55:43+00:00\" \/>\n<meta property=\"og:image\" content=\"https:\/\/amaruantiques.com\/wp-content\/uploads\/2025\/06\/AM17080-D-1-1.jpg\" \/>\n\t<meta property=\"og:image:width\" content=\"1600\" \/>\n\t<meta property=\"og:image:height\" content=\"1200\" \/>\n\t<meta property=\"og:image:type\" content=\"image\/jpeg\" \/>\n<meta name=\"twitter:card\" content=\"summary_large_image\" \/>\n<meta name=\"twitter:label1\" content=\"Est. reading time\" \/>\n\t<meta name=\"twitter:data1\" content=\"1 minute\" \/>\n<!-- \/ Yoast SEO plugin. -->","yoast_head_json":{"title":"Peque\u00f1o aparador | Aparador antiguo de madera | AMARU","description":"Peque\u00f1o aparador antiguo con p\u00e1tina de color gris (c.1900). Ven a conocer nuestro concepto de muebles antiguos y vintage en nuestra web...","robots":{"index":"index","follow":"follow","max-snippet":"max-snippet:-1","max-image-preview":"max-image-preview:large","max-video-preview":"max-video-preview:-1"},"canonical":"https:\/\/amaruoptim.stg.uzero.cat\/en\/antique-furniture\/antique-sideboards\/small-antique-sideboard-with-gray-patina-c-1900-80-am17080\/","og_locale":"en_US","og_type":"article","og_title":"Peque\u00f1o aparador | Aparador antiguo de madera | AMARU","og_description":"Peque\u00f1o aparador antiguo con p\u00e1tina de color gris (c.1900). Ven a conocer nuestro concepto de muebles antiguos y vintage en nuestra web...","og_url":"https:\/\/amaruoptim.stg.uzero.cat\/en\/antique-furniture\/antique-sideboards\/small-antique-sideboard-with-gray-patina-c-1900-80-am17080\/","og_site_name":"AMARU","article_modified_time":"2025-06-30T14:55:43+00:00","og_image":[{"width":1600,"height":1200,"url":"https:\/\/amaruantiques.com\/wp-content\/uploads\/2025\/06\/AM17080-D-1-1.jpg","type":"image\/jpeg"}],"twitter_card":"summary_large_image","twitter_misc":{"Est. reading time":"1 minute"},"schema":{"@context":"https:\/\/schema.org","@graph":[{"@type":"WebPage","@id":"https:\/\/amaruoptim.stg.uzero.cat\/en\/antique-furniture\/antique-sideboards\/small-antique-sideboard-with-gray-patina-c-1900-80-am17080\/","url":"https:\/\/amaruoptim.stg.uzero.cat\/en\/antique-furniture\/antique-sideboards\/small-antique-sideboard-with-gray-patina-c-1900-80-am17080\/","name":"Peque\u00f1o aparador | Aparador antiguo de madera | AMARU","isPartOf":{"@id":"https:\/\/amaruantiques.com\/#website"},"primaryImageOfPage":{"@id":"https:\/\/amaruoptim.stg.uzero.cat\/en\/antique-furniture\/antique-sideboards\/small-antique-sideboard-with-gray-patina-c-1900-80-am17080\/#primaryimage"},"image":{"@id":"https:\/\/amaruoptim.stg.uzero.cat\/en\/antique-furniture\/antique-sideboards\/small-antique-sideboard-with-gray-patina-c-1900-80-am17080\/#primaryimage"},"thumbnailUrl":"https:\/\/amaruoptim.stg.uzero.cat\/wp-content\/uploads\/2025\/06\/AM17080-D-1-1.jpg","datePublished":"2025-01-27T11:05:59+00:00","dateModified":"2025-06-30T14:55:43+00:00","description":"Peque\u00f1o aparador antiguo con p\u00e1tina de color gris (c.1900). Ven a conocer nuestro concepto de muebles antiguos y vintage en nuestra web...","breadcrumb":{"@id":"https:\/\/amaruoptim.stg.uzero.cat\/en\/antique-furniture\/antique-sideboards\/small-antique-sideboard-with-gray-patina-c-1900-80-am17080\/#breadcrumb"},"inLanguage":"en-US","potentialAction":[{"@type":"ReadAction","target":["https:\/\/amaruoptim.stg.uzero.cat\/en\/antique-furniture\/antique-sideboards\/small-antique-sideboard-with-gray-patina-c-1900-80-am17080\/"]}]},{"@type":"ImageObject","inLanguage":"en-US","@id":"https:\/\/amaruoptim.stg.uzero.cat\/en\/antique-furniture\/antique-sideboards\/small-antique-sideboard-with-gray-patina-c-1900-80-am17080\/#primaryimage","url":"https:\/\/amaruoptim.stg.uzero.cat\/wp-content\/uploads\/2025\/06\/AM17080-D-1-1.jpg","contentUrl":"https:\/\/amaruoptim.stg.uzero.cat\/wp-content\/uploads\/2025\/06\/AM17080-D-1-1.jpg","width":1600,"height":1200},{"@type":"BreadcrumbList","@id":"https:\/\/amaruoptim.stg.uzero.cat\/en\/antique-furniture\/antique-sideboards\/small-antique-sideboard-with-gray-patina-c-1900-80-am17080\/#breadcrumb","itemListElement":[{"@type":"ListItem","position":1,"name":"Home","item":"https:\/\/amaruantiques.com\/"},{"@type":"ListItem","position":2,"name":"Shop","item":"https:\/\/amaruantiques.com\/en\/shop\/"},{"@type":"ListItem","position":3,"name":"Small antique sideboard with gray patina (c.1900) #80"}]},{"@type":"WebSite","@id":"https:\/\/amaruantiques.com\/#website","url":"https:\/\/amaruantiques.com\/","name":"AMARU - Timeless Antiques","description":"Timeless antiques","publisher":{"@id":"https:\/\/amaruantiques.com\/#organization"},"potentialAction":[{"@type":"SearchAction","target":{"@type":"EntryPoint","urlTemplate":"https:\/\/amaruantiques.com\/?s={search_term_string}"},"query-input":{"@type":"PropertyValueSpecification","valueRequired":true,"valueName":"search_term_string"}}],"inLanguage":"en-US"},{"@type":"Organization","@id":"https:\/\/amaruantiques.com\/#organization","name":"AMARU","url":"https:\/\/amaruantiques.com\/","logo":{"@type":"ImageObject","inLanguage":"en-US","@id":"https:\/\/amaruantiques.com\/#\/schema\/logo\/image\/","url":"https:\/\/amaruoptim.stg.uzero.cat\/wp-content\/uploads\/2025\/04\/logo-AMARU.svg","contentUrl":"https:\/\/amaruoptim.stg.uzero.cat\/wp-content\/uploads\/2025\/04\/logo-AMARU.svg","caption":"AMARU"},"image":{"@id":"https:\/\/amaruantiques.com\/#\/schema\/logo\/image\/"}}]}},"_links":{"self":[{"href":"https:\/\/amaruoptim.stg.uzero.cat\/en\/wp-json\/wp\/v2\/product\/220158","targetHints":{"allow":["GET"]}}],"collection":[{"href":"https:\/\/amaruoptim.stg.uzero.cat\/en\/wp-json\/wp\/v2\/product"}],"about":[{"href":"https:\/\/amaruoptim.stg.uzero.cat\/en\/wp-json\/wp\/v2\/types\/product"}],"wp:featuredmedia":[{"embeddable":true,"href":"https:\/\/amaruoptim.stg.uzero.cat\/en\/wp-json\/wp\/v2\/media\/195938"}],"wp:attachment":[{"href":"https:\/\/amaruoptim.stg.uzero.cat\/en\/wp-json\/wp\/v2\/media?parent=220158"}],"wp:term":[{"taxonomy":"product_brand","embeddable":true,"href":"https:\/\/amaruoptim.stg.uzero.cat\/en\/wp-json\/wp\/v2\/product_brand?post=220158"},{"taxonomy":"product_cat","embeddable":true,"href":"https:\/\/amaruoptim.stg.uzero.cat\/en\/wp-json\/wp\/v2\/product_cat?post=220158"},{"taxonomy":"product_tag","embeddable":true,"href":"https:\/\/amaruoptim.stg.uzero.cat\/en\/wp-json\/wp\/v2\/product_tag?post=220158"}],"curies":[{"name":"wp","href":"https:\/\/api.w.org\/{rel}","templated":true}]}}