{"id":220157,"date":"2025-01-27T10:50:26","date_gmt":"2025-01-27T10:50:26","guid":{"rendered":"https:\/\/amaruantiques.com\/?post_type=product&#038;p=220157"},"modified":"2025-06-30T14:57:59","modified_gmt":"2025-06-30T14:57:59","slug":"antique-sideboard-with-gray-patina-c-1900-78-am17078","status":"publish","type":"product","link":"https:\/\/amaruoptim.stg.uzero.cat\/en\/antique-furniture\/antique-sideboards\/antique-sideboard-with-gray-patina-c-1900-78-am17078\/","title":{"rendered":"Antique sideboard with gray patina (c.1900) #78"},"content":{"rendered":"<p><strong>Antique sideboard with gray patina<\/strong> (c.1900)<\/p>\n<ul>\n<li><strong>Dimensions: <\/strong>Width: 172 cm Depth: 40 cm Height: 89 cm<\/li>\n<li><strong>Style:<\/strong> Qing<\/li>\n<li><strong>Materials and techniques:<\/strong> Elm wood<\/li>\n<li><strong>Place of origin:<\/strong> Imperial China<\/li>\n<li><strong>Epoch:<\/strong> Early twentieth century<\/li>\n<li><strong>Date of manufacture:<\/strong> Around 1900<\/li>\n<li><strong>Condition:<\/strong> Good. Wear consistent with age and use.<\/li>\n<\/ul>\n<p>The state of conservation is optimal, except for the characteristic imperfections of any antique furniture due to the course of the years.<\/p>\n<p>Give a point of originality to your home with a unique piece, which merges with the contemporary style bringing personality to your home. This sideboard cabinet can be combined with one of our <a href=\"https:\/\/amaruantiques.com\/en\/categoria-producto\/antique-stools\/\">stools<\/a> or with our available <a href=\"https:\/\/amaruantiques.com\/en\/categoria-producto\/antique-kitchen-islands\/\">antique kitchen islands<\/a>.<\/p>\n<p><em>UNIQUE PIECE<\/em><\/p>\n","protected":false},"excerpt":{"rendered":"<p>Antique sideboard with gray patina (c.1900) Dimensions: Width: 172 cm Depth: 40 cm Height: 89 cm Style: Qing Materials and techniques: Elm wood Place of origin: Imperial China Epoch: Early twentieth century Date of manufacture: Around 1900 Condition: Good. Wear consistent with age and use. The state of conservation is optimal, except for the characteristic [&hellip;]<\/p>\n","protected":false},"featured_media":195884,"template":"","meta":[],"product_brand":[],"product_cat":[643],"product_tag":[],"class_list":{"0":"post-220157","1":"product","2":"type-product","3":"status-publish","4":"has-post-thumbnail","6":"product_cat-antique-sideboards","7":"product_shipping_class-gran-cargo-750","8":"pa_estilo-qing-dynasty","10":"first","11":"instock","12":"sold-individually","13":"taxable","14":"shipping-taxable","15":"purchasable","16":"product-type-simple"},"yoast_head":"<!-- This site is optimized with the Yoast SEO plugin v26.0 - https:\/\/yoast.com\/wordpress\/plugins\/seo\/ -->\n<title>Armario aparador | Aparador antiguo de madera | AMARU<\/title>\n<meta name=\"description\" content=\"Armario aparador antiguo con p\u00e1tina de color gris (c.1900). Ven a descubrir nuestra recopilaci\u00f3n m\u00e1s bella de piezas \u00fanicas y tesoros de todo el mundo\u2026\" \/>\n<meta name=\"robots\" content=\"index, follow, max-snippet:-1, max-image-preview:large, max-video-preview:-1\" \/>\n<link rel=\"canonical\" href=\"https:\/\/amaruoptim.stg.uzero.cat\/en\/antique-furniture\/antique-sideboards\/antique-sideboard-with-gray-patina-c-1900-78-am17078\/\" \/>\n<meta property=\"og:locale\" content=\"en_US\" \/>\n<meta property=\"og:type\" content=\"article\" \/>\n<meta property=\"og:title\" content=\"Armario aparador | Aparador antiguo de madera | AMARU\" \/>\n<meta property=\"og:description\" content=\"Armario aparador antiguo con p\u00e1tina de color gris (c.1900). Ven a descubrir nuestra recopilaci\u00f3n m\u00e1s bella de piezas \u00fanicas y tesoros de todo el mundo\u2026\" \/>\n<meta property=\"og:url\" content=\"https:\/\/amaruoptim.stg.uzero.cat\/en\/antique-furniture\/antique-sideboards\/antique-sideboard-with-gray-patina-c-1900-78-am17078\/\" \/>\n<meta property=\"og:site_name\" content=\"AMARU\" \/>\n<meta property=\"article:modified_time\" content=\"2025-06-30T14:57:59+00:00\" \/>\n<meta property=\"og:image\" content=\"https:\/\/amaruantiques.com\/wp-content\/uploads\/2025\/06\/Armario-aparador-antiguo-con-patina-de-color-gris-c.1900-78-AM17078-D-1-1.jpg\" \/>\n\t<meta property=\"og:image:width\" content=\"1600\" \/>\n\t<meta property=\"og:image:height\" content=\"1200\" \/>\n\t<meta property=\"og:image:type\" content=\"image\/jpeg\" \/>\n<meta name=\"twitter:card\" content=\"summary_large_image\" \/>\n<meta name=\"twitter:label1\" content=\"Est. reading time\" \/>\n\t<meta name=\"twitter:data1\" content=\"1 minute\" \/>\n<!-- \/ Yoast SEO plugin. -->","yoast_head_json":{"title":"Armario aparador | Aparador antiguo de madera | AMARU","description":"Armario aparador antiguo con p\u00e1tina de color gris (c.1900). Ven a descubrir nuestra recopilaci\u00f3n m\u00e1s bella de piezas \u00fanicas y tesoros de todo el mundo\u2026","robots":{"index":"index","follow":"follow","max-snippet":"max-snippet:-1","max-image-preview":"max-image-preview:large","max-video-preview":"max-video-preview:-1"},"canonical":"https:\/\/amaruoptim.stg.uzero.cat\/en\/antique-furniture\/antique-sideboards\/antique-sideboard-with-gray-patina-c-1900-78-am17078\/","og_locale":"en_US","og_type":"article","og_title":"Armario aparador | Aparador antiguo de madera | AMARU","og_description":"Armario aparador antiguo con p\u00e1tina de color gris (c.1900). Ven a descubrir nuestra recopilaci\u00f3n m\u00e1s bella de piezas \u00fanicas y tesoros de todo el mundo\u2026","og_url":"https:\/\/amaruoptim.stg.uzero.cat\/en\/antique-furniture\/antique-sideboards\/antique-sideboard-with-gray-patina-c-1900-78-am17078\/","og_site_name":"AMARU","article_modified_time":"2025-06-30T14:57:59+00:00","og_image":[{"width":1600,"height":1200,"url":"https:\/\/amaruantiques.com\/wp-content\/uploads\/2025\/06\/Armario-aparador-antiguo-con-patina-de-color-gris-c.1900-78-AM17078-D-1-1.jpg","type":"image\/jpeg"}],"twitter_card":"summary_large_image","twitter_misc":{"Est. reading time":"1 minute"},"schema":{"@context":"https:\/\/schema.org","@graph":[{"@type":"WebPage","@id":"https:\/\/amaruoptim.stg.uzero.cat\/en\/antique-furniture\/antique-sideboards\/antique-sideboard-with-gray-patina-c-1900-78-am17078\/","url":"https:\/\/amaruoptim.stg.uzero.cat\/en\/antique-furniture\/antique-sideboards\/antique-sideboard-with-gray-patina-c-1900-78-am17078\/","name":"Armario aparador | Aparador antiguo de madera | AMARU","isPartOf":{"@id":"https:\/\/amaruantiques.com\/#website"},"primaryImageOfPage":{"@id":"https:\/\/amaruoptim.stg.uzero.cat\/en\/antique-furniture\/antique-sideboards\/antique-sideboard-with-gray-patina-c-1900-78-am17078\/#primaryimage"},"image":{"@id":"https:\/\/amaruoptim.stg.uzero.cat\/en\/antique-furniture\/antique-sideboards\/antique-sideboard-with-gray-patina-c-1900-78-am17078\/#primaryimage"},"thumbnailUrl":"https:\/\/amaruoptim.stg.uzero.cat\/wp-content\/uploads\/2025\/06\/Armario-aparador-antiguo-con-patina-de-color-gris-c.1900-78-AM17078-D-1-1.jpg","datePublished":"2025-01-27T10:50:26+00:00","dateModified":"2025-06-30T14:57:59+00:00","description":"Armario aparador antiguo con p\u00e1tina de color gris (c.1900). Ven a descubrir nuestra recopilaci\u00f3n m\u00e1s bella de piezas \u00fanicas y tesoros de todo el mundo\u2026","breadcrumb":{"@id":"https:\/\/amaruoptim.stg.uzero.cat\/en\/antique-furniture\/antique-sideboards\/antique-sideboard-with-gray-patina-c-1900-78-am17078\/#breadcrumb"},"inLanguage":"en-US","potentialAction":[{"@type":"ReadAction","target":["https:\/\/amaruoptim.stg.uzero.cat\/en\/antique-furniture\/antique-sideboards\/antique-sideboard-with-gray-patina-c-1900-78-am17078\/"]}]},{"@type":"ImageObject","inLanguage":"en-US","@id":"https:\/\/amaruoptim.stg.uzero.cat\/en\/antique-furniture\/antique-sideboards\/antique-sideboard-with-gray-patina-c-1900-78-am17078\/#primaryimage","url":"https:\/\/amaruoptim.stg.uzero.cat\/wp-content\/uploads\/2025\/06\/Armario-aparador-antiguo-con-patina-de-color-gris-c.1900-78-AM17078-D-1-1.jpg","contentUrl":"https:\/\/amaruoptim.stg.uzero.cat\/wp-content\/uploads\/2025\/06\/Armario-aparador-antiguo-con-patina-de-color-gris-c.1900-78-AM17078-D-1-1.jpg","width":1600,"height":1200},{"@type":"BreadcrumbList","@id":"https:\/\/amaruoptim.stg.uzero.cat\/en\/antique-furniture\/antique-sideboards\/antique-sideboard-with-gray-patina-c-1900-78-am17078\/#breadcrumb","itemListElement":[{"@type":"ListItem","position":1,"name":"Home","item":"https:\/\/amaruantiques.com\/"},{"@type":"ListItem","position":2,"name":"Shop","item":"https:\/\/amaruantiques.com\/en\/shop\/"},{"@type":"ListItem","position":3,"name":"Antique sideboard with gray patina (c.1900) #78"}]},{"@type":"WebSite","@id":"https:\/\/amaruantiques.com\/#website","url":"https:\/\/amaruantiques.com\/","name":"AMARU - Timeless Antiques","description":"Timeless antiques","publisher":{"@id":"https:\/\/amaruantiques.com\/#organization"},"potentialAction":[{"@type":"SearchAction","target":{"@type":"EntryPoint","urlTemplate":"https:\/\/amaruantiques.com\/?s={search_term_string}"},"query-input":{"@type":"PropertyValueSpecification","valueRequired":true,"valueName":"search_term_string"}}],"inLanguage":"en-US"},{"@type":"Organization","@id":"https:\/\/amaruantiques.com\/#organization","name":"AMARU","url":"https:\/\/amaruantiques.com\/","logo":{"@type":"ImageObject","inLanguage":"en-US","@id":"https:\/\/amaruantiques.com\/#\/schema\/logo\/image\/","url":"https:\/\/amaruoptim.stg.uzero.cat\/wp-content\/uploads\/2025\/04\/logo-AMARU.svg","contentUrl":"https:\/\/amaruoptim.stg.uzero.cat\/wp-content\/uploads\/2025\/04\/logo-AMARU.svg","caption":"AMARU"},"image":{"@id":"https:\/\/amaruantiques.com\/#\/schema\/logo\/image\/"}}]}},"_links":{"self":[{"href":"https:\/\/amaruoptim.stg.uzero.cat\/en\/wp-json\/wp\/v2\/product\/220157","targetHints":{"allow":["GET"]}}],"collection":[{"href":"https:\/\/amaruoptim.stg.uzero.cat\/en\/wp-json\/wp\/v2\/product"}],"about":[{"href":"https:\/\/amaruoptim.stg.uzero.cat\/en\/wp-json\/wp\/v2\/types\/product"}],"wp:featuredmedia":[{"embeddable":true,"href":"https:\/\/amaruoptim.stg.uzero.cat\/en\/wp-json\/wp\/v2\/media\/195884"}],"wp:attachment":[{"href":"https:\/\/amaruoptim.stg.uzero.cat\/en\/wp-json\/wp\/v2\/media?parent=220157"}],"wp:term":[{"taxonomy":"product_brand","embeddable":true,"href":"https:\/\/amaruoptim.stg.uzero.cat\/en\/wp-json\/wp\/v2\/product_brand?post=220157"},{"taxonomy":"product_cat","embeddable":true,"href":"https:\/\/amaruoptim.stg.uzero.cat\/en\/wp-json\/wp\/v2\/product_cat?post=220157"},{"taxonomy":"product_tag","embeddable":true,"href":"https:\/\/amaruoptim.stg.uzero.cat\/en\/wp-json\/wp\/v2\/product_tag?post=220157"}],"curies":[{"name":"wp","href":"https:\/\/api.w.org\/{rel}","templated":true}]}}