{"id":243312,"date":"2025-06-26T09:23:48","date_gmt":"2025-06-26T09:23:48","guid":{"rendered":"https:\/\/amaruantiques.com\/?page_id=243312"},"modified":"2025-06-26T09:39:59","modified_gmt":"2025-06-26T09:39:59","slug":"accesibilidad","status":"publish","type":"page","link":"https:\/\/amaruoptim.stg.uzero.cat\/en\/accesibilidad\/","title":{"rendered":"Accesibilidad"},"content":{"rendered":"<h1>Declaraci\u00f3n de accesibilidad<br \/>\n<\/h1>\n<p><strong>Introducci\u00f3n<\/strong><br \/>Esta web se ha comprometido a hacer accesible contenido de conformidad con el criterio de accesibilidad del Programa Kit Digital, conforme a los anexos de la norma UNE-EN 301 549:2022.<\/p>\n<p><strong>Situaci\u00f3n de cumplimiento<\/strong><br \/>Las tecnolog\u00edas web en las que se basa la conformidad de la accesibilidad del presente sitio son <strong>HTML5 , CSS , WAI-ARIA , DOM as\u00ed como OTRAS tecnolog\u00edas <\/strong>de la plataforma <strong>WordPress<\/strong> url: <a href=\"https:\/\/wordpress.org\" target=\"_blank\" rel=\"noreferrer noopener\">https:\/\/wordpress.org<\/a><br \/>Con motivo de lo anterior, este sitio web es <strong>PARCIALMENTE CONFORME <\/strong>, siendo los aspectos de accesibilidad con los que es conforme la presente web los siguientes:<\/p>\n<p><strong>Requisitos web<\/strong>:<br \/>9.1.1.1 Contenido no textual (Condicional)<br \/>9.1.2.1 Solo audio y solo v\u00eddeo (grabado) (Condicional)<br \/>9.1.2.2 Subt\u00edtulos (grabados) (Condicional)<br \/>9.1.2.3 Audiodescripci\u00f3n o Medio Alternativo (grabado) (Condicional)<br \/>9.1.2.5 Audiodescripci\u00f3n (grabada) (Condicional)<br \/>9.1.3.2 Secuencia significativa (Condicional)<br \/>9.1.3.3 Caracter\u00edsticas sensoriales (Condicional)<br \/>9.1.3.4 Orientaci\u00f3n (Condicional)<br \/>9.1.4.1 Uso del Color (Condicional)<br \/>9.1.4.2 Control del audio (Condicional)<br \/>9.1.4.3 Contraste (m\u00ednimo) (Condicional)<br \/>9.1.4.4 Cambio de tama\u00f1o del texto (Condicional)<br \/>9.1.4.5 Im\u00e1genes de texto (Condicional)<br \/>9.1.4.10 Reajuste del texto (Condicional)<br \/>9.1.4.11 Contraste no textual (Condicional)<br \/>9.1.4.12 Espaciado del texto (Condicional)<br \/>9.1.4.13 Contenido se\u00f1alado con el puntero o que tiene el foco (Condicional)<br \/>9.2.1.1 Teclado (Condicional)<br \/>9.2.1.2 Sin trampas para el foco del teclado (Condicional)<br \/>9.2.1.4 Atajos del teclado (Condicional)<br \/>9.2.2.1 Tiempo ajustable (Condicional)<br \/>9.2.2.2 Poner en pausa, detener, ocultar (Condicional)<br \/>9.2.3.1 Umbral de tres destellos o menos (Condicional)<br \/>9.2.4.2 Titulado de p\u00e1ginas (Condicional)<br \/>9.2.4.3 Orden del foco (Condicional)<br \/>9.2.4.4 Prop\u00f3sito de los enlaces (en contexto) (Condicional)<br \/>9.2.4.5 M\u00faltiples v\u00edas (Condicional)<br \/>9.2.4.6 Encabezados y etiquetas (Condicional)<br \/>9.2.4.7 Foco visible (Condicional)<br \/>9.2.5.1 Gestos con el puntero (Condicional)<br \/>9.2.5.2 Cancelaci\u00f3n del puntero (Condicional)<\/p>\n<p>9.2.5.3 Inclusi\u00f3n de la etiqueta en el nombre (Condicional)<br \/>9.2.5.4. Activaci\u00f3n mediante movimiento (Condicional)<br \/>9.3.1.1 Idioma de la p\u00e1gina (Condicional)<br \/>9.3.1.2 Idioma de las partes (Condicional)<br \/>9.3.2.1 Al recibir el foco (Condicional)<br \/>9.3.2.2 Al recibir entradas (Condicional)<br \/>9.3.2.3 Navegaci\u00f3n coherente (Condicional)<br \/>9.3.2.4 Identificaci\u00f3n coherente (Condicional)<br \/>9.3.3.2 Etiquetas o instrucciones (Condicional)<br \/>9.3.3.3 Sugerencias ante errores (Condicional)<br \/>9.3.3.4 Prevenci\u00f3n de errores (legales, financieros, de datos) (Condicional)<br \/>9.4.1.1 Procesamiento (Condicional)<br \/>9.4.1.2 Nombre, funci\u00f3n, valor (Condicional)<br \/>9.4.1.3 Mensajes de estado (Condicional)<br \/>9.6 Requisitos de conformidad de las Pautas WCAG (Condicional)<\/p>\n<p><strong>Requisitos software<\/strong><br \/>11.7 Preferencias de usuario<br \/>11.8.1 Tecnolog\u00eda de gesti\u00f3n de contenidos (Condicional)<br \/>11.8.2 Creaci\u00f3n de contenidos accesibles (Condicional)<br \/>11.8.3 Preservaci\u00f3n de la informaci\u00f3n de accesibilidad durante las transformaciones (Condicional)<br \/>11.8.5 Plantillas (Condicional)<\/p>\n<p><strong>Requisitos de documentaci\u00f3n y Servicios de Apoyo<\/strong><br \/>12.1.1 Caracter\u00edsticas de accesibilidad y compatibilidad<br \/>12.1.2 Documentaci\u00f3n accesible<br \/>12.2.2 Informaci\u00f3n sobre las caracter\u00edsticas de accesibilidad y compatibilidad<br \/>12.2.4 Documentaci\u00f3n accesible<\/p>\n<p><strong>Contenido no accesible<\/strong><br \/>Por el contrario, el contenido de los puntos que se recogen a continuaci\u00f3n no son accesibles por los siguientes motivos:<\/p>\n<p><strong>9.1.3.1 Informaci\u00f3n y relaciones (Condicional)<\/strong><br \/>La informaci\u00f3n, estructura y relaciones comunicadas a trav\u00e9s de la presentaci\u00f3n pueden ser determinadas por software o est\u00e1n disponibles como texto.<br \/><a href=\"https:\/\/www.w3.org\/TR\/WCAG\/#info-and-relationships\" target=\"_blank\" rel=\"noopener\">https:\/\/www.w3.org\/TR\/WCAG\/#info-and-relationships<\/a><\/p>\n<p><strong>9.1.3.5 Identificaci\u00f3n del prop\u00f3sito de la entrada (Condicional)<\/strong><br \/>El prop\u00f3sito de cada campo de entrada que recoge la informaci\u00f3n sobre el usuario puede ser determinado program\u00e1ticamente cuando:<br \/>\u2013 El campo de entrada sirve a un prop\u00f3sito identificativo en los prop\u00f3sitos de entrada de los componentes de la interfaz de usuario, y<br \/>\u2013 El contenido se implementa usando tecnolog\u00edas con soporte para identificar el significado esperado de los datos de entrada en formularios.<br \/><a href=\"https:\/\/www.w3.org\/TR\/WCAG\/#identify-input-purpose\" target=\"_blank\" rel=\"noopener\">https:\/\/www.w3.org\/TR\/WCAG\/#identify-input-purpose<\/a><\/p>\n<p><strong>9.2.4.1 Evitar bloques (Condicional)<\/strong><br \/>Existe un mecanismo para evitar los bloques de contenido que se repiten en m\u00faltiples p\u00e1ginas web (Nivel A)<br \/><a href=\"https:\/\/www.w3.org\/TR\/WCAG\/#bypass-blocks\" target=\"_blank\" rel=\"noopener\">https:\/\/www.w3.org\/TR\/WCAG\/#bypass-blocks<\/a><\/p>\n<p><strong>9.3.3.1 Identificaci\u00f3n de errores (Condicional)<br \/><\/strong>Si se detecta autom\u00e1ticamente un error en la entrada de datos, el elemento err\u00f3neo es identificado y el error se describe al usuario mediante un texto (Nivel A)<br \/><a href=\"https:\/\/www.w3.org\/TR\/WCAG\/#error-identification\" target=\"_blank\" rel=\"noopener\">https:\/\/www.w3.org\/TR\/WCAG\/#error-identification<\/a><\/p>\n<p><strong>11.8.4 Servicio de reparaci\u00f3n (Condicional)<\/strong><br \/>Si la funcionalidad de verificaci\u00f3n de accesibilidad de una herramienta de autor puede detectar que el contenido de una p\u00e1gina web o documento electr\u00f3nico no cumple con los requisitos del cap\u00edtulo 9 o 10 respectivamente (es decir, el nivel AA de las WCAG 2.1) la herramienta de autor deber\u00e1 proporcionar sugerencias de reparaci\u00f3n. Esto no excluye la reparaci\u00f3n autom\u00e1tica y semi-automatizada, que es posible (y recomendada) para muchos tipos de problemas de accesibilidad del contenido.<\/p>\n<p><strong>12.2.3 Comunicaci\u00f3n efectiva<\/strong><br \/>El servicio de soporte deber\u00e1 satisfacer las necesidades de las personas con discapacidad, bien directamente, bien a trav\u00e9s de un punto de referencia.<\/p>\n<p><strong>Preparaci\u00f3n de la presente declaraci\u00f3n de accesibilidad<\/strong><br \/>La presente declaraci\u00f3n fue preparada el <strong>26 junio de 2025<\/strong><\/p>\n<p>El m\u00e9todo empleado para preparar la declaraci\u00f3n ha sido mediante autoan\u00e1lisis siguiendo la interpretaci\u00f3n de la gu\u00eda informativa proporcionada por las pautas WCAG 2.1 AA. En este esfuerzo continuo en la eliminaci\u00f3n de barreras y seguir\u00e1n mejorando este sitio hasta alcanzar una accesibilidad y usabilidad \u00f3ptimas para todos los usuarios<\/p>\n<p>\u00daltima revisi\u00f3n de la declaraci\u00f3n: <strong>26 junio de 2025<\/strong><\/p>\n<p><strong>Observaciones y datos de contacto<\/strong><br \/>Si encuentra barreras de acceso o problemas con alguna p\u00e1gina o funci\u00f3n de este sitio web que pueda suponer un obst\u00e1culo para los visitantes que quieran acceder a \u00e9l, puede ponerse en contacto en cualquier momento en la direcci\u00f3n de correo electr\u00f3nico oriolamaruantiques.com<\/p>\n<p>\t\t\t\t\t\t\t\t\t\t\t\t\t\t\t<img loading=\"lazy\" decoding=\"async\" width=\"1024\" height=\"99\" src=\"https:\/\/amaruantiques.com\/wp-content\/uploads\/2025\/06\/kit-digital-1-1024x99-1.jpg\" alt=\"\" srcset=\"https:\/\/amaruantiques.com\/wp-content\/uploads\/2025\/06\/kit-digital-1-1024x99-1.jpg 1024w, https:\/\/amaruantiques.com\/wp-content\/uploads\/2025\/06\/kit-digital-1-1024x99-1-300x29.jpg 300w\" sizes=\"auto, (max-width: 1024px) 100vw, 1024px\" \/><\/p>\n","protected":false},"excerpt":{"rendered":"<p>Declaraci\u00f3n de accesibilidad Introducci\u00f3nEsta web se ha comprometido a hacer accesible contenido de conformidad con el criterio de accesibilidad del Programa Kit Digital, conforme a los anexos de la norma UNE-EN 301 549:2022. Situaci\u00f3n de cumplimientoLas tecnolog\u00edas web en las que se basa la conformidad de la accesibilidad del presente sitio son HTML5 , CSS [&hellip;]<\/p>\n","protected":false},"author":1,"featured_media":0,"parent":0,"menu_order":0,"comment_status":"closed","ping_status":"closed","template":"","meta":{"footnotes":""},"class_list":["post-243312","page","type-page","status-publish","hentry"],"yoast_head":"<!-- This site is optimized with the Yoast SEO plugin v26.0 - https:\/\/yoast.com\/wordpress\/plugins\/seo\/ -->\n<title>Accesibilidad | AMARU<\/title>\n<meta name=\"robots\" content=\"index, follow, max-snippet:-1, max-image-preview:large, max-video-preview:-1\" \/>\n<link rel=\"canonical\" href=\"https:\/\/amaruoptim.stg.uzero.cat\/en\/accesibilidad\/\" \/>\n<meta property=\"og:locale\" content=\"en_US\" \/>\n<meta property=\"og:type\" content=\"article\" \/>\n<meta property=\"og:title\" content=\"Accesibilidad | AMARU\" \/>\n<meta property=\"og:description\" content=\"Declaraci\u00f3n de accesibilidad Introducci\u00f3nEsta web se ha comprometido a hacer accesible contenido de conformidad con el criterio de accesibilidad del Programa Kit Digital, conforme a los anexos de la norma UNE-EN 301 549:2022. Situaci\u00f3n de cumplimientoLas tecnolog\u00edas web en las que se basa la conformidad de la accesibilidad del presente sitio son HTML5 , CSS [&hellip;]\" \/>\n<meta property=\"og:url\" content=\"https:\/\/amaruoptim.stg.uzero.cat\/en\/accesibilidad\/\" \/>\n<meta property=\"og:site_name\" content=\"AMARU\" \/>\n<meta property=\"article:modified_time\" content=\"2025-06-26T09:39:59+00:00\" \/>\n<meta property=\"og:image\" content=\"https:\/\/amaruantiques.com\/wp-content\/uploads\/2025\/06\/kit-digital-1-1024x99-1.jpg\" \/>\n<meta name=\"twitter:card\" content=\"summary_large_image\" \/>\n<meta name=\"twitter:label1\" content=\"Est. reading time\" \/>\n\t<meta name=\"twitter:data1\" content=\"4 minutes\" \/>\n<!-- \/ Yoast SEO plugin. -->","yoast_head_json":{"title":"Accesibilidad | AMARU","robots":{"index":"index","follow":"follow","max-snippet":"max-snippet:-1","max-image-preview":"max-image-preview:large","max-video-preview":"max-video-preview:-1"},"canonical":"https:\/\/amaruoptim.stg.uzero.cat\/en\/accesibilidad\/","og_locale":"en_US","og_type":"article","og_title":"Accesibilidad | AMARU","og_description":"Declaraci\u00f3n de accesibilidad Introducci\u00f3nEsta web se ha comprometido a hacer accesible contenido de conformidad con el criterio de accesibilidad del Programa Kit Digital, conforme a los anexos de la norma UNE-EN 301 549:2022. Situaci\u00f3n de cumplimientoLas tecnolog\u00edas web en las que se basa la conformidad de la accesibilidad del presente sitio son HTML5 , CSS [&hellip;]","og_url":"https:\/\/amaruoptim.stg.uzero.cat\/en\/accesibilidad\/","og_site_name":"AMARU","article_modified_time":"2025-06-26T09:39:59+00:00","og_image":[{"url":"https:\/\/amaruantiques.com\/wp-content\/uploads\/2025\/06\/kit-digital-1-1024x99-1.jpg","type":"","width":"","height":""}],"twitter_card":"summary_large_image","twitter_misc":{"Est. reading time":"4 minutes"},"schema":{"@context":"https:\/\/schema.org","@graph":[{"@type":"WebPage","@id":"https:\/\/amaruoptim.stg.uzero.cat\/en\/accesibilidad\/","url":"https:\/\/amaruoptim.stg.uzero.cat\/en\/accesibilidad\/","name":"Accesibilidad | AMARU","isPartOf":{"@id":"https:\/\/amaruantiques.com\/#website"},"primaryImageOfPage":{"@id":"https:\/\/amaruoptim.stg.uzero.cat\/en\/accesibilidad\/#primaryimage"},"image":{"@id":"https:\/\/amaruoptim.stg.uzero.cat\/en\/accesibilidad\/#primaryimage"},"thumbnailUrl":"https:\/\/amaruantiques.com\/wp-content\/uploads\/2025\/06\/kit-digital-1-1024x99-1.jpg","datePublished":"2025-06-26T09:23:48+00:00","dateModified":"2025-06-26T09:39:59+00:00","breadcrumb":{"@id":"https:\/\/amaruoptim.stg.uzero.cat\/en\/accesibilidad\/#breadcrumb"},"inLanguage":"en-US","potentialAction":[{"@type":"ReadAction","target":["https:\/\/amaruoptim.stg.uzero.cat\/en\/accesibilidad\/"]}]},{"@type":"ImageObject","inLanguage":"en-US","@id":"https:\/\/amaruoptim.stg.uzero.cat\/en\/accesibilidad\/#primaryimage","url":"https:\/\/amaruantiques.com\/wp-content\/uploads\/2025\/06\/kit-digital-1-1024x99-1.jpg","contentUrl":"https:\/\/amaruantiques.com\/wp-content\/uploads\/2025\/06\/kit-digital-1-1024x99-1.jpg"},{"@type":"BreadcrumbList","@id":"https:\/\/amaruoptim.stg.uzero.cat\/en\/accesibilidad\/#breadcrumb","itemListElement":[{"@type":"ListItem","position":1,"name":"Home","item":"https:\/\/amaruantiques.com\/"},{"@type":"ListItem","position":2,"name":"Accesibilidad"}]},{"@type":"WebSite","@id":"https:\/\/amaruantiques.com\/#website","url":"https:\/\/amaruantiques.com\/","name":"AMARU - Timeless Antiques","description":"Timeless antiques","publisher":{"@id":"https:\/\/amaruantiques.com\/#organization"},"potentialAction":[{"@type":"SearchAction","target":{"@type":"EntryPoint","urlTemplate":"https:\/\/amaruantiques.com\/?s={search_term_string}"},"query-input":{"@type":"PropertyValueSpecification","valueRequired":true,"valueName":"search_term_string"}}],"inLanguage":"en-US"},{"@type":"Organization","@id":"https:\/\/amaruantiques.com\/#organization","name":"AMARU","url":"https:\/\/amaruantiques.com\/","logo":{"@type":"ImageObject","inLanguage":"en-US","@id":"https:\/\/amaruantiques.com\/#\/schema\/logo\/image\/","url":"https:\/\/amaruoptim.stg.uzero.cat\/wp-content\/uploads\/2025\/04\/logo-AMARU.svg","contentUrl":"https:\/\/amaruoptim.stg.uzero.cat\/wp-content\/uploads\/2025\/04\/logo-AMARU.svg","caption":"AMARU"},"image":{"@id":"https:\/\/amaruantiques.com\/#\/schema\/logo\/image\/"}}]}},"_links":{"self":[{"href":"https:\/\/amaruoptim.stg.uzero.cat\/en\/wp-json\/wp\/v2\/pages\/243312","targetHints":{"allow":["GET"]}}],"collection":[{"href":"https:\/\/amaruoptim.stg.uzero.cat\/en\/wp-json\/wp\/v2\/pages"}],"about":[{"href":"https:\/\/amaruoptim.stg.uzero.cat\/en\/wp-json\/wp\/v2\/types\/page"}],"author":[{"embeddable":true,"href":"https:\/\/amaruoptim.stg.uzero.cat\/en\/wp-json\/wp\/v2\/users\/1"}],"replies":[{"embeddable":true,"href":"https:\/\/amaruoptim.stg.uzero.cat\/en\/wp-json\/wp\/v2\/comments?post=243312"}],"version-history":[{"count":2,"href":"https:\/\/amaruoptim.stg.uzero.cat\/en\/wp-json\/wp\/v2\/pages\/243312\/revisions"}],"predecessor-version":[{"id":243340,"href":"https:\/\/amaruoptim.stg.uzero.cat\/en\/wp-json\/wp\/v2\/pages\/243312\/revisions\/243340"}],"wp:attachment":[{"href":"https:\/\/amaruoptim.stg.uzero.cat\/en\/wp-json\/wp\/v2\/media?parent=243312"}],"curies":[{"name":"wp","href":"https:\/\/api.w.org\/{rel}","templated":true}]}}